{"id":1515,"date":"2025-07-18T20:02:31","date_gmt":"2025-07-18T19:02:31","guid":{"rendered":"https:\/\/babylove.se\/produkt\/dockhus-hushylla\/"},"modified":"2026-04-08T07:42:37","modified_gmt":"2026-04-08T06:42:37","slug":"dockhus-hushylle","status":"publish","type":"product","link":"https:\/\/babylove.se\/no\/produkt\/dockhus-hushylle\/","title":{"rendered":"Dukkehus, hushylle"},"content":{"rendered":"<p>Et stort og fint dukkehus helt laget av furutre. Det kan brukes som dukkehus men ogs\u00e5 til \u00e5 oppbevare b\u00f8ker av ulike st\u00f8rrelser. Skorsteinen er utmerket til \u00e5 oppbevare penner i. Furutreet gj\u00f8r at huset er stabilt og solid og vil glede barnet ditt i mange \u00e5r.&nbsp;<\/p>\n<p>Baksiden av huset er bygget av trepaneler som er glatte p\u00e5 begge sider.&nbsp;<\/p>\n<p>Alle farger er sertifiserte for barn, og dermed helt trygge. Du bestemmer selv hvilke farger du vil ha p\u00e5 dukkehuset. Tilgjengelige farger sees p\u00e5 bildet.<\/p>\n<p><strong>M\u00e5l<\/strong>: H\u00f8yde, ca 90 cm. Bredde, ca 70 cm. Dybde ca 20 cm.<\/p>\n","protected":false},"excerpt":{"rendered":"<p>Et stort og fint dukkehus helt laget av furutre. Det kan brukes som dukkehus men ogs\u00e5 til \u00e5 oppbevare b\u00f8ker av ulike st\u00f8rrelser. Skorsteinen er utmerket til \u00e5 oppbevare penner i. Furutreet gj\u00f8r at huset er stabilt og solid og vil glede barnet ditt i mange \u00e5r.&nbsp; Baksiden av huset er bygget av trepaneler som [&hellip;]<\/p>\n","protected":false},"featured_media":1517,"comment_status":"closed","ping_status":"open","template":"","meta":{"_acf_changed":false},"product_brand":[78],"product_cat":[81,69,89,87,25,68,43],"product_tag":[1689],"class_list":{"0":"post-1515","1":"product","2":"type-product","3":"status-publish","4":"has-post-thumbnail","6":"product_brand-bambooko","7":"product_cat-bambooko","8":"product_cat-dukker-tilbehoer","9":"product_cat-dukkehus","10":"product_cat-hyller","11":"product_cat-ikke-bare-jenter","12":"product_cat-leker","13":"product_cat-oppbevaringskurver","14":"product_tag-bestillingsvaror","16":"first","17":"instock","18":"taxable","19":"shipping-taxable","20":"purchasable","21":"product-type-simple"},"acf":[],"yoast_head":"<!-- This site is optimized with the Yoast SEO Premium plugin v25.8 (Yoast SEO v27.2) - https:\/\/yoast.com\/product\/yoast-seo-premium-wordpress\/ -->\n<title>Dukkehus, hushylle - Babylove Norska<\/title>\n<meta name=\"robots\" content=\"noindex, follow, max-snippet:-1, max-image-preview:large, max-video-preview:-1\" \/>\n<meta property=\"og:locale\" content=\"nb_NO\" \/>\n<meta property=\"og:type\" content=\"article\" \/>\n<meta property=\"og:title\" content=\"Dukkehus, hushylle\" \/>\n<meta property=\"og:description\" content=\"Et stort og fint dukkehus helt laget av furutre. Det kan brukes som dukkehus men ogs\u00e5 til \u00e5 oppbevare b\u00f8ker av ulike st\u00f8rrelser. Skorsteinen er utmerket til \u00e5 oppbevare penner i. Furutreet gj\u00f8r at huset er stabilt og solid og vil glede barnet ditt i mange \u00e5r.&nbsp; Baksiden av huset er bygget av trepaneler som [&hellip;]\" \/>\n<meta property=\"og:url\" content=\"https:\/\/babylove.se\/no\/produkt\/dockhus-hushylle\/\" \/>\n<meta property=\"og:site_name\" content=\"Babylove Norska\" \/>\n<meta property=\"article:modified_time\" content=\"2026-04-08T06:42:37+00:00\" \/>\n<meta property=\"og:image\" content=\"https:\/\/babylove.se\/no\/wp-content\/uploads\/sites\/3\/2025\/07\/5d65149d26e56.jpeg\" \/>\n\t<meta property=\"og:image:width\" content=\"750\" \/>\n\t<meta property=\"og:image:height\" content=\"750\" \/>\n\t<meta property=\"og:image:type\" content=\"image\/jpeg\" \/>\n<meta name=\"twitter:card\" content=\"summary_large_image\" \/>\n<meta name=\"twitter:label1\" content=\"Price\" \/>\n\t<meta name=\"twitter:data1\" content=\"2 599,00&nbsp;&#107;&#114;\" \/>\n\t<meta name=\"twitter:label2\" content=\"Availability\" \/>\n\t<meta name=\"twitter:data2\" content=\"In stock\" \/>\n<script type=\"application\/ld+json\" class=\"yoast-schema-graph\">{\"@context\":\"https:\/\/schema.org\",\"@graph\":[{\"@type\":\"WebPage\",\"@id\":\"https:\/\/babylove.se\/no\/produkt\/dockhus-hushylle\/\",\"url\":\"https:\/\/babylove.se\/no\/produkt\/dockhus-hushylle\/\",\"name\":\"Dukkehus, hushylle - Babylove Norska\",\"isPartOf\":{\"@id\":\"https:\/\/babylove.se\/no\/#website\"},\"primaryImageOfPage\":{\"@id\":\"https:\/\/babylove.se\/no\/produkt\/dockhus-hushylle\/#primaryimage\"},\"image\":{\"@id\":\"https:\/\/babylove.se\/no\/produkt\/dockhus-hushylle\/#primaryimage\"},\"thumbnailUrl\":\"https:\/\/babylove.se\/no\/wp-content\/uploads\/sites\/3\/2025\/07\/5d65149d26e56.jpeg\",\"datePublished\":\"2025-07-18T19:02:31+00:00\",\"dateModified\":\"2026-04-08T06:42:37+00:00\",\"breadcrumb\":{\"@id\":\"https:\/\/babylove.se\/no\/produkt\/dockhus-hushylle\/#breadcrumb\"},\"inLanguage\":\"nb-NO\",\"potentialAction\":[{\"@type\":\"ReadAction\",\"target\":[\"https:\/\/babylove.se\/no\/produkt\/dockhus-hushylle\/\"]}]},{\"@type\":\"ImageObject\",\"inLanguage\":\"nb-NO\",\"@id\":\"https:\/\/babylove.se\/no\/produkt\/dockhus-hushylle\/#primaryimage\",\"url\":\"https:\/\/babylove.se\/no\/wp-content\/uploads\/sites\/3\/2025\/07\/5d65149d26e56.jpeg\",\"contentUrl\":\"https:\/\/babylove.se\/no\/wp-content\/uploads\/sites\/3\/2025\/07\/5d65149d26e56.jpeg\",\"width\":750,\"height\":750},{\"@type\":\"BreadcrumbList\",\"@id\":\"https:\/\/babylove.se\/no\/produkt\/dockhus-hushylle\/#breadcrumb\",\"itemListElement\":[{\"@type\":\"ListItem\",\"position\":1,\"name\":\"Hem\",\"item\":\"https:\/\/babylove.se\/no\/\"},{\"@type\":\"ListItem\",\"position\":2,\"name\":\"Butik\",\"item\":\"https:\/\/babylove.se\/no\/butik\/\"},{\"@type\":\"ListItem\",\"position\":3,\"name\":\"Dukkehus, hushylle\"}]},{\"@type\":\"WebSite\",\"@id\":\"https:\/\/babylove.se\/no\/#website\",\"url\":\"https:\/\/babylove.se\/no\/\",\"name\":\"Babylove Norska\",\"description\":\"\",\"potentialAction\":[{\"@type\":\"SearchAction\",\"target\":{\"@type\":\"EntryPoint\",\"urlTemplate\":\"https:\/\/babylove.se\/no\/?s={search_term_string}\"},\"query-input\":{\"@type\":\"PropertyValueSpecification\",\"valueRequired\":true,\"valueName\":\"search_term_string\"}}],\"inLanguage\":\"nb-NO\"}]}<\/script>\n<meta property=\"product:brand\" content=\"Bambooko\" \/>\n<meta property=\"product:price:amount\" content=\"2599.00\" \/>\n<meta property=\"product:price:currency\" content=\"SEK\" \/>\n<meta property=\"og:availability\" content=\"instock\" \/>\n<meta property=\"product:availability\" content=\"instock\" \/>\n<meta property=\"product:retailer_item_id\" content=\"664\" \/>\n<meta property=\"product:condition\" content=\"new\" \/>\n<!-- \/ Yoast SEO Premium plugin. -->","yoast_head_json":{"title":"Dukkehus, hushylle - Babylove Norska","robots":{"index":"noindex","follow":"follow","max-snippet":"max-snippet:-1","max-image-preview":"max-image-preview:large","max-video-preview":"max-video-preview:-1"},"og_locale":"nb_NO","og_type":"article","og_title":"Dukkehus, hushylle","og_description":"Et stort og fint dukkehus helt laget av furutre. Det kan brukes som dukkehus men ogs\u00e5 til \u00e5 oppbevare b\u00f8ker av ulike st\u00f8rrelser. Skorsteinen er utmerket til \u00e5 oppbevare penner i. Furutreet gj\u00f8r at huset er stabilt og solid og vil glede barnet ditt i mange \u00e5r.&nbsp; Baksiden av huset er bygget av trepaneler som [&hellip;]","og_url":"https:\/\/babylove.se\/no\/produkt\/dockhus-hushylle\/","og_site_name":"Babylove Norska","article_modified_time":"2026-04-08T06:42:37+00:00","og_image":[{"width":750,"height":750,"url":"https:\/\/babylove.se\/no\/wp-content\/uploads\/sites\/3\/2025\/07\/5d65149d26e56.jpeg","type":"image\/jpeg"}],"twitter_card":"summary_large_image","twitter_misc":{"Price":"2 599,00&nbsp;&#107;&#114;","Availability":"In stock"},"schema":{"@context":"https:\/\/schema.org","@graph":[{"@type":"WebPage","@id":"https:\/\/babylove.se\/no\/produkt\/dockhus-hushylle\/","url":"https:\/\/babylove.se\/no\/produkt\/dockhus-hushylle\/","name":"Dukkehus, hushylle - Babylove Norska","isPartOf":{"@id":"https:\/\/babylove.se\/no\/#website"},"primaryImageOfPage":{"@id":"https:\/\/babylove.se\/no\/produkt\/dockhus-hushylle\/#primaryimage"},"image":{"@id":"https:\/\/babylove.se\/no\/produkt\/dockhus-hushylle\/#primaryimage"},"thumbnailUrl":"https:\/\/babylove.se\/no\/wp-content\/uploads\/sites\/3\/2025\/07\/5d65149d26e56.jpeg","datePublished":"2025-07-18T19:02:31+00:00","dateModified":"2026-04-08T06:42:37+00:00","breadcrumb":{"@id":"https:\/\/babylove.se\/no\/produkt\/dockhus-hushylle\/#breadcrumb"},"inLanguage":"nb-NO","potentialAction":[{"@type":"ReadAction","target":["https:\/\/babylove.se\/no\/produkt\/dockhus-hushylle\/"]}]},{"@type":"ImageObject","inLanguage":"nb-NO","@id":"https:\/\/babylove.se\/no\/produkt\/dockhus-hushylle\/#primaryimage","url":"https:\/\/babylove.se\/no\/wp-content\/uploads\/sites\/3\/2025\/07\/5d65149d26e56.jpeg","contentUrl":"https:\/\/babylove.se\/no\/wp-content\/uploads\/sites\/3\/2025\/07\/5d65149d26e56.jpeg","width":750,"height":750},{"@type":"BreadcrumbList","@id":"https:\/\/babylove.se\/no\/produkt\/dockhus-hushylle\/#breadcrumb","itemListElement":[{"@type":"ListItem","position":1,"name":"Hem","item":"https:\/\/babylove.se\/no\/"},{"@type":"ListItem","position":2,"name":"Butik","item":"https:\/\/babylove.se\/no\/butik\/"},{"@type":"ListItem","position":3,"name":"Dukkehus, hushylle"}]},{"@type":"WebSite","@id":"https:\/\/babylove.se\/no\/#website","url":"https:\/\/babylove.se\/no\/","name":"Babylove Norska","description":"","potentialAction":[{"@type":"SearchAction","target":{"@type":"EntryPoint","urlTemplate":"https:\/\/babylove.se\/no\/?s={search_term_string}"},"query-input":{"@type":"PropertyValueSpecification","valueRequired":true,"valueName":"search_term_string"}}],"inLanguage":"nb-NO"}]},"product_brand":"Bambooko","product_price_amount":"2599.00","product_price_currency":"SEK","og_availability":"instock","product_availability":"instock","product_retailer_item_id":"664","product_condition":"new"},"_links":{"self":[{"href":"https:\/\/babylove.se\/no\/wp-json\/wp\/v2\/product\/1515","targetHints":{"allow":["GET"]}}],"collection":[{"href":"https:\/\/babylove.se\/no\/wp-json\/wp\/v2\/product"}],"about":[{"href":"https:\/\/babylove.se\/no\/wp-json\/wp\/v2\/types\/product"}],"replies":[{"embeddable":true,"href":"https:\/\/babylove.se\/no\/wp-json\/wp\/v2\/comments?post=1515"}],"wp:featuredmedia":[{"embeddable":true,"href":"https:\/\/babylove.se\/no\/wp-json\/wp\/v2\/media\/1517"}],"wp:attachment":[{"href":"https:\/\/babylove.se\/no\/wp-json\/wp\/v2\/media?parent=1515"}],"wp:term":[{"taxonomy":"product_brand","embeddable":true,"href":"https:\/\/babylove.se\/no\/wp-json\/wp\/v2\/product_brand?post=1515"},{"taxonomy":"product_cat","embeddable":true,"href":"https:\/\/babylove.se\/no\/wp-json\/wp\/v2\/product_cat?post=1515"},{"taxonomy":"product_tag","embeddable":true,"href":"https:\/\/babylove.se\/no\/wp-json\/wp\/v2\/product_tag?post=1515"}],"curies":[{"name":"wp","href":"https:\/\/api.w.org\/{rel}","templated":true}]}}