{"id":1539,"date":"2025-07-18T20:02:31","date_gmt":"2025-07-18T19:02:31","guid":{"rendered":"https:\/\/babylove.se\/produkt\/big-sackjack-sackosack-done-by-deer\/"},"modified":"2026-04-08T07:42:52","modified_gmt":"2026-04-08T06:42:52","slug":"big-sackjack-sackosack-done-by-deer","status":"publish","type":"product","link":"https:\/\/babylove.se\/no\/produkt\/big-sackjack-sackosack-done-by-deer\/","title":{"rendered":"Big Sackjack Oppbevaringspose , Done by Deer"},"content":{"rendered":"<p><strong>Big Sackjack Sittesekk fra Done by Deer<\/strong> .&nbsp;<\/p>\n<p>For en gangs skyld ligger Zebee stille! Hun er klar til \u00e5 omfavne alle barn og fungere som en ekstra sitteplass p\u00e5 gulvet. En fin sittesekk, med stilige sebrastriper. Perfekt for leken, spillingen, lesingen eller bare for \u00e5 dagdr\u00f8mme.&nbsp;<\/p>\n<p>Zebee er definitivt fin nok til \u00e5 v\u00e6re i stua. Overtrekk 100 % nylon med en sikkerhetslynl\u00e5s.&nbsp;<\/p>\n<p><strong>Fyll<\/strong>: Polyesterb\u00f8nner helt fri for farlige stoffer .&nbsp;<\/p>\n<p><strong>Vasker\u00e5d<\/strong>: Overtrekket kan vaskes p\u00e5 40 grader men skal ikke t\u00f8rketromles.&nbsp;<\/p>\n<p><strong>M\u00e5l<\/strong>: 100&#215;65 cm (55Liter)<\/p>\n","protected":false},"excerpt":{"rendered":"<p>Big Sackjack Sittesekk fra Done by Deer .&nbsp; For en gangs skyld ligger Zebee stille! Hun er klar til \u00e5 omfavne alle barn og fungere som en ekstra sitteplass p\u00e5 gulvet. En fin sittesekk, med stilige sebrastriper. Perfekt for leken, spillingen, lesingen eller bare for \u00e5 dagdr\u00f8mme.&nbsp; Zebee er definitivt fin nok til \u00e5 v\u00e6re [&hellip;]<\/p>\n","protected":false},"featured_media":1541,"comment_status":"closed","ping_status":"open","template":"","meta":{"_acf_changed":false},"product_brand":[54],"product_cat":[55,26,68,105,40],"product_tag":[1689],"class_list":{"0":"post-1539","1":"product","2":"type-product","3":"status-publish","4":"has-post-thumbnail","6":"product_brand-done-by-deer","7":"product_cat-done-by-deer","8":"product_cat-kjop-produkter-som-ikke-bare-er-for-gutter","9":"product_cat-leker","10":"product_cat-puter","11":"product_cat-soverom-barn","12":"product_tag-bestillingsvaror","14":"first","15":"outofstock","16":"taxable","17":"shipping-taxable","18":"purchasable","19":"product-type-simple"},"acf":[],"yoast_head":"<!-- This site is optimized with the Yoast SEO Premium plugin v25.8 (Yoast SEO v27.2) - https:\/\/yoast.com\/product\/yoast-seo-premium-wordpress\/ -->\n<title>Big Sackjack Oppbevaringspose , Done by Deer - Babylove Norska<\/title>\n<meta name=\"robots\" content=\"noindex, follow, max-snippet:-1, max-image-preview:large, max-video-preview:-1\" \/>\n<meta property=\"og:locale\" content=\"nb_NO\" \/>\n<meta property=\"og:type\" content=\"article\" \/>\n<meta property=\"og:title\" content=\"Big Sackjack Oppbevaringspose , Done by Deer\" \/>\n<meta property=\"og:description\" content=\"Big Sackjack Sittesekk fra Done by Deer .&nbsp; For en gangs skyld ligger Zebee stille! Hun er klar til \u00e5 omfavne alle barn og fungere som en ekstra sitteplass p\u00e5 gulvet. En fin sittesekk, med stilige sebrastriper. Perfekt for leken, spillingen, lesingen eller bare for \u00e5 dagdr\u00f8mme.&nbsp; Zebee er definitivt fin nok til \u00e5 v\u00e6re [&hellip;]\" \/>\n<meta property=\"og:url\" content=\"https:\/\/babylove.se\/no\/produkt\/big-sackjack-sackosack-done-by-deer\/\" \/>\n<meta property=\"og:site_name\" content=\"Babylove Norska\" \/>\n<meta property=\"article:modified_time\" content=\"2026-04-08T06:42:52+00:00\" \/>\n<meta property=\"og:image\" content=\"https:\/\/babylove.se\/no\/wp-content\/uploads\/sites\/3\/2025\/07\/57b456d10249e.jpeg\" \/>\n\t<meta property=\"og:image:width\" content=\"750\" \/>\n\t<meta property=\"og:image:height\" content=\"750\" \/>\n\t<meta property=\"og:image:type\" content=\"image\/jpeg\" \/>\n<meta name=\"twitter:card\" content=\"summary_large_image\" \/>\n<meta name=\"twitter:label1\" content=\"Price\" \/>\n\t<meta name=\"twitter:data1\" content=\"799,00&nbsp;&#107;&#114;\" \/>\n\t<meta name=\"twitter:label2\" content=\"Availability\" \/>\n\t<meta name=\"twitter:data2\" content=\"Out of stock\" \/>\n<script type=\"application\/ld+json\" class=\"yoast-schema-graph\">{\"@context\":\"https:\/\/schema.org\",\"@graph\":[{\"@type\":\"WebPage\",\"@id\":\"https:\/\/babylove.se\/no\/produkt\/big-sackjack-sackosack-done-by-deer\/\",\"url\":\"https:\/\/babylove.se\/no\/produkt\/big-sackjack-sackosack-done-by-deer\/\",\"name\":\"Big Sackjack Oppbevaringspose , Done by Deer - Babylove Norska\",\"isPartOf\":{\"@id\":\"https:\/\/babylove.se\/no\/#website\"},\"primaryImageOfPage\":{\"@id\":\"https:\/\/babylove.se\/no\/produkt\/big-sackjack-sackosack-done-by-deer\/#primaryimage\"},\"image\":{\"@id\":\"https:\/\/babylove.se\/no\/produkt\/big-sackjack-sackosack-done-by-deer\/#primaryimage\"},\"thumbnailUrl\":\"https:\/\/babylove.se\/no\/wp-content\/uploads\/sites\/3\/2025\/07\/57b456d10249e.jpeg\",\"datePublished\":\"2025-07-18T19:02:31+00:00\",\"dateModified\":\"2026-04-08T06:42:52+00:00\",\"breadcrumb\":{\"@id\":\"https:\/\/babylove.se\/no\/produkt\/big-sackjack-sackosack-done-by-deer\/#breadcrumb\"},\"inLanguage\":\"nb-NO\",\"potentialAction\":[{\"@type\":\"ReadAction\",\"target\":[\"https:\/\/babylove.se\/no\/produkt\/big-sackjack-sackosack-done-by-deer\/\"]}]},{\"@type\":\"ImageObject\",\"inLanguage\":\"nb-NO\",\"@id\":\"https:\/\/babylove.se\/no\/produkt\/big-sackjack-sackosack-done-by-deer\/#primaryimage\",\"url\":\"https:\/\/babylove.se\/no\/wp-content\/uploads\/sites\/3\/2025\/07\/57b456d10249e.jpeg\",\"contentUrl\":\"https:\/\/babylove.se\/no\/wp-content\/uploads\/sites\/3\/2025\/07\/57b456d10249e.jpeg\",\"width\":750,\"height\":750},{\"@type\":\"BreadcrumbList\",\"@id\":\"https:\/\/babylove.se\/no\/produkt\/big-sackjack-sackosack-done-by-deer\/#breadcrumb\",\"itemListElement\":[{\"@type\":\"ListItem\",\"position\":1,\"name\":\"Hem\",\"item\":\"https:\/\/babylove.se\/no\/\"},{\"@type\":\"ListItem\",\"position\":2,\"name\":\"Butik\",\"item\":\"https:\/\/babylove.se\/no\/butik\/\"},{\"@type\":\"ListItem\",\"position\":3,\"name\":\"Big Sackjack Oppbevaringspose , Done by Deer\"}]},{\"@type\":\"WebSite\",\"@id\":\"https:\/\/babylove.se\/no\/#website\",\"url\":\"https:\/\/babylove.se\/no\/\",\"name\":\"Babylove Norska\",\"description\":\"\",\"potentialAction\":[{\"@type\":\"SearchAction\",\"target\":{\"@type\":\"EntryPoint\",\"urlTemplate\":\"https:\/\/babylove.se\/no\/?s={search_term_string}\"},\"query-input\":{\"@type\":\"PropertyValueSpecification\",\"valueRequired\":true,\"valueName\":\"search_term_string\"}}],\"inLanguage\":\"nb-NO\"}]}<\/script>\n<meta property=\"product:brand\" content=\"Done by Deer\" \/>\n<meta property=\"product:price:amount\" content=\"799.00\" \/>\n<meta property=\"product:price:currency\" content=\"SEK\" \/>\n<meta property=\"og:availability\" content=\"out of stock\" \/>\n<meta property=\"product:availability\" content=\"out of stock\" \/>\n<meta property=\"product:retailer_item_id\" content=\"679\" \/>\n<meta property=\"product:condition\" content=\"new\" \/>\n<!-- \/ Yoast SEO Premium plugin. -->","yoast_head_json":{"title":"Big Sackjack Oppbevaringspose , Done by Deer - Babylove Norska","robots":{"index":"noindex","follow":"follow","max-snippet":"max-snippet:-1","max-image-preview":"max-image-preview:large","max-video-preview":"max-video-preview:-1"},"og_locale":"nb_NO","og_type":"article","og_title":"Big Sackjack Oppbevaringspose , Done by Deer","og_description":"Big Sackjack Sittesekk fra Done by Deer .&nbsp; For en gangs skyld ligger Zebee stille! Hun er klar til \u00e5 omfavne alle barn og fungere som en ekstra sitteplass p\u00e5 gulvet. En fin sittesekk, med stilige sebrastriper. Perfekt for leken, spillingen, lesingen eller bare for \u00e5 dagdr\u00f8mme.&nbsp; Zebee er definitivt fin nok til \u00e5 v\u00e6re [&hellip;]","og_url":"https:\/\/babylove.se\/no\/produkt\/big-sackjack-sackosack-done-by-deer\/","og_site_name":"Babylove Norska","article_modified_time":"2026-04-08T06:42:52+00:00","og_image":[{"width":750,"height":750,"url":"https:\/\/babylove.se\/no\/wp-content\/uploads\/sites\/3\/2025\/07\/57b456d10249e.jpeg","type":"image\/jpeg"}],"twitter_card":"summary_large_image","twitter_misc":{"Price":"799,00&nbsp;&#107;&#114;","Availability":"Out of stock"},"schema":{"@context":"https:\/\/schema.org","@graph":[{"@type":"WebPage","@id":"https:\/\/babylove.se\/no\/produkt\/big-sackjack-sackosack-done-by-deer\/","url":"https:\/\/babylove.se\/no\/produkt\/big-sackjack-sackosack-done-by-deer\/","name":"Big Sackjack Oppbevaringspose , Done by Deer - Babylove Norska","isPartOf":{"@id":"https:\/\/babylove.se\/no\/#website"},"primaryImageOfPage":{"@id":"https:\/\/babylove.se\/no\/produkt\/big-sackjack-sackosack-done-by-deer\/#primaryimage"},"image":{"@id":"https:\/\/babylove.se\/no\/produkt\/big-sackjack-sackosack-done-by-deer\/#primaryimage"},"thumbnailUrl":"https:\/\/babylove.se\/no\/wp-content\/uploads\/sites\/3\/2025\/07\/57b456d10249e.jpeg","datePublished":"2025-07-18T19:02:31+00:00","dateModified":"2026-04-08T06:42:52+00:00","breadcrumb":{"@id":"https:\/\/babylove.se\/no\/produkt\/big-sackjack-sackosack-done-by-deer\/#breadcrumb"},"inLanguage":"nb-NO","potentialAction":[{"@type":"ReadAction","target":["https:\/\/babylove.se\/no\/produkt\/big-sackjack-sackosack-done-by-deer\/"]}]},{"@type":"ImageObject","inLanguage":"nb-NO","@id":"https:\/\/babylove.se\/no\/produkt\/big-sackjack-sackosack-done-by-deer\/#primaryimage","url":"https:\/\/babylove.se\/no\/wp-content\/uploads\/sites\/3\/2025\/07\/57b456d10249e.jpeg","contentUrl":"https:\/\/babylove.se\/no\/wp-content\/uploads\/sites\/3\/2025\/07\/57b456d10249e.jpeg","width":750,"height":750},{"@type":"BreadcrumbList","@id":"https:\/\/babylove.se\/no\/produkt\/big-sackjack-sackosack-done-by-deer\/#breadcrumb","itemListElement":[{"@type":"ListItem","position":1,"name":"Hem","item":"https:\/\/babylove.se\/no\/"},{"@type":"ListItem","position":2,"name":"Butik","item":"https:\/\/babylove.se\/no\/butik\/"},{"@type":"ListItem","position":3,"name":"Big Sackjack Oppbevaringspose , Done by Deer"}]},{"@type":"WebSite","@id":"https:\/\/babylove.se\/no\/#website","url":"https:\/\/babylove.se\/no\/","name":"Babylove Norska","description":"","potentialAction":[{"@type":"SearchAction","target":{"@type":"EntryPoint","urlTemplate":"https:\/\/babylove.se\/no\/?s={search_term_string}"},"query-input":{"@type":"PropertyValueSpecification","valueRequired":true,"valueName":"search_term_string"}}],"inLanguage":"nb-NO"}]},"product_brand":"Done by Deer","product_price_amount":"799.00","product_price_currency":"SEK","og_availability":"out of stock","product_availability":"out of stock","product_retailer_item_id":"679","product_condition":"new"},"_links":{"self":[{"href":"https:\/\/babylove.se\/no\/wp-json\/wp\/v2\/product\/1539","targetHints":{"allow":["GET"]}}],"collection":[{"href":"https:\/\/babylove.se\/no\/wp-json\/wp\/v2\/product"}],"about":[{"href":"https:\/\/babylove.se\/no\/wp-json\/wp\/v2\/types\/product"}],"replies":[{"embeddable":true,"href":"https:\/\/babylove.se\/no\/wp-json\/wp\/v2\/comments?post=1539"}],"wp:featuredmedia":[{"embeddable":true,"href":"https:\/\/babylove.se\/no\/wp-json\/wp\/v2\/media\/1541"}],"wp:attachment":[{"href":"https:\/\/babylove.se\/no\/wp-json\/wp\/v2\/media?parent=1539"}],"wp:term":[{"taxonomy":"product_brand","embeddable":true,"href":"https:\/\/babylove.se\/no\/wp-json\/wp\/v2\/product_brand?post=1539"},{"taxonomy":"product_cat","embeddable":true,"href":"https:\/\/babylove.se\/no\/wp-json\/wp\/v2\/product_cat?post=1539"},{"taxonomy":"product_tag","embeddable":true,"href":"https:\/\/babylove.se\/no\/wp-json\/wp\/v2\/product_tag?post=1539"}],"curies":[{"name":"wp","href":"https:\/\/api.w.org\/{rel}","templated":true}]}}