{"id":1545,"date":"2025-07-18T20:02:31","date_gmt":"2025-07-18T19:02:31","guid":{"rendered":"https:\/\/babylove.se\/produkt\/spjalsangsskydd-ng-baby-woodsfairytales-misty-petrol\/"},"modified":"2026-04-08T07:42:55","modified_gmt":"2026-04-08T06:42:55","slug":"spjelsengbeskyttelse-ng-baby-woodsfairytales-misty-petrol","status":"publish","type":"product","link":"https:\/\/babylove.se\/no\/produkt\/spjelsengbeskyttelse-ng-baby-woodsfairytales-misty-petrol\/","title":{"rendered":"Spj\u00e4lskydd NG Baby, Woods&#038;Fairytales, misty petrol"},"content":{"rendered":"<p>NG sengeskj\u00f8rt<strong> <\/strong>fra nye kolleksjon Woods&amp;Fairytales. \\n \\nStoffet er 100% \u00f8kologisk og laget av bomullssatin. \\n \\nPerfekt hvis du vil innrede koselig for de minste. \\n \\nProdusert i Sverige &#8211; Emaljunga. \\n \\n<strong>Materiale<\/strong>: Ytterstoff: 100 % bomullssatin,  Knyteb\u00e5nd: 100 % sertifisert bomull , Fyll: Stoppemateriale av resirkulert materiale, 100 % polyester \\n \\n<strong>M\u00e5l<\/strong>: Finnes i to st\u00f8rrelser \\n \\n1. <u>Vugge <\/u>Lengde: 89 cm | Bredde: 40 cm | H\u00f8yde: 20 cm \\n \\n2. <u>Barneseng<\/u><strong> <\/strong>Lengde: 120 cm | Bredde: 60 cm | H\u00f8yde: 25 cm<strong> <\/strong> \\n \\nVaskes i maskin 40 grader. Strekkes i v\u00e5t tilstand<\/p>\n","protected":false},"excerpt":{"rendered":"<p>NG sengeskj\u00f8rt fra nye kolleksjon Woods&amp;Fairytales. \\n \\nStoffet er 100% \u00f8kologisk og laget av bomullssatin. \\n \\nPerfekt hvis du vil innrede koselig for de minste. \\n \\nProdusert i Sverige &#8211; Emaljunga. \\n \\nMateriale: Ytterstoff: 100 % bomullssatin, Knyteb\u00e5nd: 100 % sertifisert bomull , Fyll: Stoppemateriale av resirkulert materiale, 100 % polyester \\n \\nM\u00e5l: Finnes i [&hellip;]<\/p>\n","protected":false},"featured_media":1547,"comment_status":"open","ping_status":"closed","template":"","meta":{"_acf_changed":false},"product_brand":[107],"product_cat":[110,109,108],"product_tag":[1709],"class_list":{"0":"post-1545","1":"product","2":"type-product","3":"status-publish","4":"has-post-thumbnail","6":"product_brand-ng-baby","7":"product_cat-cyber-monday","8":"product_cat-ng-baby","9":"product_cat-barnesengbeskyttelse","10":"product_tag-utforsalg","11":"pa_storlek-spjalsang-120-sek","12":"pa_storlek-vagga","14":"first","15":"instock","16":"taxable","17":"shipping-taxable","18":"purchasable","19":"product-type-variable"},"acf":[],"yoast_head":"<!-- This site is optimized with the Yoast SEO Premium plugin v25.8 (Yoast SEO v27.2) - https:\/\/yoast.com\/product\/yoast-seo-premium-wordpress\/ -->\n<title>Spj\u00e4lskydd NG Baby, Woods&amp;Fairytales, misty petrol - Babylove Norska<\/title>\n<meta name=\"robots\" content=\"noindex, follow, max-snippet:-1, max-image-preview:large, max-video-preview:-1\" \/>\n<meta property=\"og:locale\" content=\"nb_NO\" \/>\n<meta property=\"og:type\" content=\"article\" \/>\n<meta property=\"og:title\" content=\"Spj\u00e4lskydd NG Baby, Woods&amp;Fairytales, misty petrol\" \/>\n<meta property=\"og:description\" content=\"NG sengeskj\u00f8rt fra nye kolleksjon Woods&amp;Fairytales. n nStoffet er 100% \u00f8kologisk og laget av bomullssatin. n nPerfekt hvis du vil innrede koselig for de minste. n nProdusert i Sverige &#8211; Emaljunga. n nMateriale: Ytterstoff: 100 % bomullssatin, Knyteb\u00e5nd: 100 % sertifisert bomull , Fyll: Stoppemateriale av resirkulert materiale, 100 % polyester n nM\u00e5l: Finnes i [&hellip;]\" \/>\n<meta property=\"og:url\" content=\"https:\/\/babylove.se\/no\/produkt\/spjelsengbeskyttelse-ng-baby-woodsfairytales-misty-petrol\/\" \/>\n<meta property=\"og:site_name\" content=\"Babylove Norska\" \/>\n<meta property=\"article:modified_time\" content=\"2026-04-08T06:42:55+00:00\" \/>\n<meta property=\"og:image\" content=\"https:\/\/babylove.se\/no\/wp-content\/uploads\/sites\/3\/2025\/07\/58833ce9d1cd4.jpeg\" \/>\n\t<meta property=\"og:image:width\" content=\"750\" \/>\n\t<meta property=\"og:image:height\" content=\"750\" \/>\n\t<meta property=\"og:image:type\" content=\"image\/jpeg\" \/>\n<meta name=\"twitter:card\" content=\"summary_large_image\" \/>\n<meta name=\"twitter:label1\" content=\"Availability\" \/>\n\t<meta name=\"twitter:data1\" content=\"In stock\" \/>\n<script type=\"application\/ld+json\" class=\"yoast-schema-graph\">{\"@context\":\"https:\/\/schema.org\",\"@graph\":[{\"@type\":\"WebPage\",\"@id\":\"https:\/\/babylove.se\/no\/produkt\/spjelsengbeskyttelse-ng-baby-woodsfairytales-misty-petrol\/\",\"url\":\"https:\/\/babylove.se\/no\/produkt\/spjelsengbeskyttelse-ng-baby-woodsfairytales-misty-petrol\/\",\"name\":\"Spj\u00e4lskydd NG Baby, Woods&Fairytales, misty petrol - Babylove Norska\",\"isPartOf\":{\"@id\":\"https:\/\/babylove.se\/no\/#website\"},\"primaryImageOfPage\":{\"@id\":\"https:\/\/babylove.se\/no\/produkt\/spjelsengbeskyttelse-ng-baby-woodsfairytales-misty-petrol\/#primaryimage\"},\"image\":{\"@id\":\"https:\/\/babylove.se\/no\/produkt\/spjelsengbeskyttelse-ng-baby-woodsfairytales-misty-petrol\/#primaryimage\"},\"thumbnailUrl\":\"https:\/\/babylove.se\/no\/wp-content\/uploads\/sites\/3\/2025\/07\/58833ce9d1cd4.jpeg\",\"datePublished\":\"2025-07-18T19:02:31+00:00\",\"dateModified\":\"2026-04-08T06:42:55+00:00\",\"breadcrumb\":{\"@id\":\"https:\/\/babylove.se\/no\/produkt\/spjelsengbeskyttelse-ng-baby-woodsfairytales-misty-petrol\/#breadcrumb\"},\"inLanguage\":\"nb-NO\",\"potentialAction\":[{\"@type\":\"ReadAction\",\"target\":[\"https:\/\/babylove.se\/no\/produkt\/spjelsengbeskyttelse-ng-baby-woodsfairytales-misty-petrol\/\"]}]},{\"@type\":\"ImageObject\",\"inLanguage\":\"nb-NO\",\"@id\":\"https:\/\/babylove.se\/no\/produkt\/spjelsengbeskyttelse-ng-baby-woodsfairytales-misty-petrol\/#primaryimage\",\"url\":\"https:\/\/babylove.se\/no\/wp-content\/uploads\/sites\/3\/2025\/07\/58833ce9d1cd4.jpeg\",\"contentUrl\":\"https:\/\/babylove.se\/no\/wp-content\/uploads\/sites\/3\/2025\/07\/58833ce9d1cd4.jpeg\",\"width\":750,\"height\":750},{\"@type\":\"BreadcrumbList\",\"@id\":\"https:\/\/babylove.se\/no\/produkt\/spjelsengbeskyttelse-ng-baby-woodsfairytales-misty-petrol\/#breadcrumb\",\"itemListElement\":[{\"@type\":\"ListItem\",\"position\":1,\"name\":\"Hem\",\"item\":\"https:\/\/babylove.se\/no\/\"},{\"@type\":\"ListItem\",\"position\":2,\"name\":\"Butik\",\"item\":\"https:\/\/babylove.se\/no\/butik\/\"},{\"@type\":\"ListItem\",\"position\":3,\"name\":\"Spj\u00e4lskydd NG Baby, Woods&#038;Fairytales, misty petrol\"}]},{\"@type\":\"WebSite\",\"@id\":\"https:\/\/babylove.se\/no\/#website\",\"url\":\"https:\/\/babylove.se\/no\/\",\"name\":\"Babylove Norska\",\"description\":\"\",\"potentialAction\":[{\"@type\":\"SearchAction\",\"target\":{\"@type\":\"EntryPoint\",\"urlTemplate\":\"https:\/\/babylove.se\/no\/?s={search_term_string}\"},\"query-input\":{\"@type\":\"PropertyValueSpecification\",\"valueRequired\":true,\"valueName\":\"search_term_string\"}}],\"inLanguage\":\"nb-NO\"}]}<\/script>\n<meta property=\"product:brand\" content=\"Ng Baby\" \/>\n<meta property=\"og:availability\" content=\"instock\" \/>\n<meta property=\"product:availability\" content=\"instock\" \/>\n<meta property=\"product:retailer_item_id\" content=\"90220526Vagga\" \/>\n<meta property=\"product:condition\" content=\"new\" \/>\n<!-- \/ Yoast SEO Premium plugin. -->","yoast_head_json":{"title":"Spj\u00e4lskydd NG Baby, Woods&Fairytales, misty petrol - Babylove Norska","robots":{"index":"noindex","follow":"follow","max-snippet":"max-snippet:-1","max-image-preview":"max-image-preview:large","max-video-preview":"max-video-preview:-1"},"og_locale":"nb_NO","og_type":"article","og_title":"Spj\u00e4lskydd NG Baby, Woods&Fairytales, misty petrol","og_description":"NG sengeskj\u00f8rt fra nye kolleksjon Woods&amp;Fairytales. n nStoffet er 100% \u00f8kologisk og laget av bomullssatin. n nPerfekt hvis du vil innrede koselig for de minste. n nProdusert i Sverige &#8211; Emaljunga. n nMateriale: Ytterstoff: 100 % bomullssatin, Knyteb\u00e5nd: 100 % sertifisert bomull , Fyll: Stoppemateriale av resirkulert materiale, 100 % polyester n nM\u00e5l: Finnes i [&hellip;]","og_url":"https:\/\/babylove.se\/no\/produkt\/spjelsengbeskyttelse-ng-baby-woodsfairytales-misty-petrol\/","og_site_name":"Babylove Norska","article_modified_time":"2026-04-08T06:42:55+00:00","og_image":[{"width":750,"height":750,"url":"https:\/\/babylove.se\/no\/wp-content\/uploads\/sites\/3\/2025\/07\/58833ce9d1cd4.jpeg","type":"image\/jpeg"}],"twitter_card":"summary_large_image","twitter_misc":{"Availability":"In stock"},"schema":{"@context":"https:\/\/schema.org","@graph":[{"@type":"WebPage","@id":"https:\/\/babylove.se\/no\/produkt\/spjelsengbeskyttelse-ng-baby-woodsfairytales-misty-petrol\/","url":"https:\/\/babylove.se\/no\/produkt\/spjelsengbeskyttelse-ng-baby-woodsfairytales-misty-petrol\/","name":"Spj\u00e4lskydd NG Baby, Woods&Fairytales, misty petrol - Babylove Norska","isPartOf":{"@id":"https:\/\/babylove.se\/no\/#website"},"primaryImageOfPage":{"@id":"https:\/\/babylove.se\/no\/produkt\/spjelsengbeskyttelse-ng-baby-woodsfairytales-misty-petrol\/#primaryimage"},"image":{"@id":"https:\/\/babylove.se\/no\/produkt\/spjelsengbeskyttelse-ng-baby-woodsfairytales-misty-petrol\/#primaryimage"},"thumbnailUrl":"https:\/\/babylove.se\/no\/wp-content\/uploads\/sites\/3\/2025\/07\/58833ce9d1cd4.jpeg","datePublished":"2025-07-18T19:02:31+00:00","dateModified":"2026-04-08T06:42:55+00:00","breadcrumb":{"@id":"https:\/\/babylove.se\/no\/produkt\/spjelsengbeskyttelse-ng-baby-woodsfairytales-misty-petrol\/#breadcrumb"},"inLanguage":"nb-NO","potentialAction":[{"@type":"ReadAction","target":["https:\/\/babylove.se\/no\/produkt\/spjelsengbeskyttelse-ng-baby-woodsfairytales-misty-petrol\/"]}]},{"@type":"ImageObject","inLanguage":"nb-NO","@id":"https:\/\/babylove.se\/no\/produkt\/spjelsengbeskyttelse-ng-baby-woodsfairytales-misty-petrol\/#primaryimage","url":"https:\/\/babylove.se\/no\/wp-content\/uploads\/sites\/3\/2025\/07\/58833ce9d1cd4.jpeg","contentUrl":"https:\/\/babylove.se\/no\/wp-content\/uploads\/sites\/3\/2025\/07\/58833ce9d1cd4.jpeg","width":750,"height":750},{"@type":"BreadcrumbList","@id":"https:\/\/babylove.se\/no\/produkt\/spjelsengbeskyttelse-ng-baby-woodsfairytales-misty-petrol\/#breadcrumb","itemListElement":[{"@type":"ListItem","position":1,"name":"Hem","item":"https:\/\/babylove.se\/no\/"},{"@type":"ListItem","position":2,"name":"Butik","item":"https:\/\/babylove.se\/no\/butik\/"},{"@type":"ListItem","position":3,"name":"Spj\u00e4lskydd NG Baby, Woods&#038;Fairytales, misty petrol"}]},{"@type":"WebSite","@id":"https:\/\/babylove.se\/no\/#website","url":"https:\/\/babylove.se\/no\/","name":"Babylove Norska","description":"","potentialAction":[{"@type":"SearchAction","target":{"@type":"EntryPoint","urlTemplate":"https:\/\/babylove.se\/no\/?s={search_term_string}"},"query-input":{"@type":"PropertyValueSpecification","valueRequired":true,"valueName":"search_term_string"}}],"inLanguage":"nb-NO"}]},"product_brand":"Ng Baby","og_availability":"instock","product_availability":"instock","product_retailer_item_id":"90220526Vagga","product_condition":"new"},"_links":{"self":[{"href":"https:\/\/babylove.se\/no\/wp-json\/wp\/v2\/product\/1545","targetHints":{"allow":["GET"]}}],"collection":[{"href":"https:\/\/babylove.se\/no\/wp-json\/wp\/v2\/product"}],"about":[{"href":"https:\/\/babylove.se\/no\/wp-json\/wp\/v2\/types\/product"}],"replies":[{"embeddable":true,"href":"https:\/\/babylove.se\/no\/wp-json\/wp\/v2\/comments?post=1545"}],"wp:featuredmedia":[{"embeddable":true,"href":"https:\/\/babylove.se\/no\/wp-json\/wp\/v2\/media\/1547"}],"wp:attachment":[{"href":"https:\/\/babylove.se\/no\/wp-json\/wp\/v2\/media?parent=1545"}],"wp:term":[{"taxonomy":"product_brand","embeddable":true,"href":"https:\/\/babylove.se\/no\/wp-json\/wp\/v2\/product_brand?post=1545"},{"taxonomy":"product_cat","embeddable":true,"href":"https:\/\/babylove.se\/no\/wp-json\/wp\/v2\/product_cat?post=1545"},{"taxonomy":"product_tag","embeddable":true,"href":"https:\/\/babylove.se\/no\/wp-json\/wp\/v2\/product_tag?post=1545"}],"curies":[{"name":"wp","href":"https:\/\/api.w.org\/{rel}","templated":true}]}}