{"id":1558,"date":"2025-07-18T20:02:50","date_gmt":"2025-07-18T19:02:50","guid":{"rendered":"https:\/\/babylove.se\/produkt\/done-by-deer-gungdjur-rocking-rhino\/"},"modified":"2026-04-08T07:43:03","modified_gmt":"2026-04-08T06:43:03","slug":"gjort-av-hjort-gyngedyr-gyngende-neshorn","status":"publish","type":"product","link":"https:\/\/babylove.se\/no\/produkt\/gjort-av-hjort-gyngedyr-gyngende-neshorn\/","title":{"rendered":"Done By Deer Gyngehest Rocking Rhino"},"content":{"rendered":"<p><strong>Done By Deer Gyngeleke Rocking Rhino<\/strong><strong>&nbsp;&nbsp;<\/strong><\/p>\n<p>Nozo den rockende nesehornet tar barnet med p\u00e5 en ridetur over savannen. Dette vakre gyngeleket garanterer timer med morsom lek for ditt barn samtidig som det utvikler barnets motorikk. Den myke f\u00f8lelsen og det fine utseendet blir enda bedre med det fine canvas-setet.&nbsp;<\/p>\n<p><strong>Materiale<\/strong>: Kryssfiner av bj\u00f8rk med milj\u00f8vennlig vannbasert beskyttelse. Puten: 100 % bomull med 100 % polyester.&nbsp;<\/p>\n<p><strong>Maksvekt p\u00e5 barn:<\/strong> 50 kg.&nbsp;<\/p>\n<p><strong>M\u00e5l<\/strong>: 32x62x75 cm.&nbsp;<\/p>\n<p>Anbefales fra 10 m\u00e5neder og oppover.<\/p>\n<p>Designer: <a href=\"https:\/\/babylove.se\/varumarken\/done-by-deer\"><u>Done by Deer<\/u><\/a><\/p>\n","protected":false},"excerpt":{"rendered":"<p>Done By Deer Gyngeleke Rocking Rhino&nbsp;&nbsp; Nozo den rockende nesehornet tar barnet med p\u00e5 en ridetur over savannen. Dette vakre gyngeleket garanterer timer med morsom lek for ditt barn samtidig som det utvikler barnets motorikk. Den myke f\u00f8lelsen og det fine utseendet blir enda bedre med det fine canvas-setet.&nbsp; Materiale: Kryssfiner av bj\u00f8rk med milj\u00f8vennlig [&hellip;]<\/p>\n","protected":false},"featured_media":1560,"comment_status":"closed","ping_status":"open","template":"","meta":{"_acf_changed":false},"product_brand":[54],"product_cat":[55,26,25,68,112],"product_tag":[1689],"class_list":{"0":"post-1558","1":"product","2":"type-product","3":"status-publish","4":"has-post-thumbnail","6":"product_brand-done-by-deer","7":"product_cat-done-by-deer","8":"product_cat-kjop-produkter-som-ikke-bare-er-for-gutter","9":"product_cat-ikke-bare-jenter","10":"product_cat-leker","11":"product_cat-treleker","12":"product_tag-bestillingsvaror","14":"first","15":"outofstock","16":"taxable","17":"shipping-taxable","18":"purchasable","19":"product-type-simple"},"acf":[],"yoast_head":"<!-- This site is optimized with the Yoast SEO Premium plugin v25.8 (Yoast SEO v27.2) - https:\/\/yoast.com\/product\/yoast-seo-premium-wordpress\/ -->\n<title>Done By Deer Gyngehest Rocking Rhino - Babylove Norska<\/title>\n<meta name=\"description\" content=\"Denna vackra gungleksak garanterar timmar av rolig lek f\u00f6r ditt barn samtidigt som den utvecklar ditt barns motorik - k\u00f6p den h\u00e4r -\" \/>\n<meta name=\"robots\" content=\"noindex, follow, max-snippet:-1, max-image-preview:large, max-video-preview:-1\" \/>\n<meta property=\"og:locale\" content=\"nb_NO\" \/>\n<meta property=\"og:type\" content=\"article\" \/>\n<meta property=\"og:title\" content=\"Done By Deer Gyngehest Rocking Rhino\" \/>\n<meta property=\"og:description\" content=\"Denna vackra gungleksak garanterar timmar av rolig lek f\u00f6r ditt barn samtidigt som den utvecklar ditt barns motorik - k\u00f6p den h\u00e4r -\" \/>\n<meta property=\"og:url\" content=\"https:\/\/babylove.se\/no\/produkt\/gjort-av-hjort-gyngedyr-gyngende-neshorn\/\" \/>\n<meta property=\"og:site_name\" content=\"Babylove Norska\" \/>\n<meta property=\"article:modified_time\" content=\"2026-04-08T06:43:03+00:00\" \/>\n<meta property=\"og:image\" content=\"https:\/\/babylove.se\/no\/wp-content\/uploads\/sites\/3\/2025\/07\/552-14942377876.jpeg\" \/>\n\t<meta property=\"og:image:width\" content=\"750\" \/>\n\t<meta property=\"og:image:height\" content=\"748\" \/>\n\t<meta property=\"og:image:type\" content=\"image\/jpeg\" \/>\n<meta name=\"twitter:card\" content=\"summary_large_image\" \/>\n<meta name=\"twitter:label1\" content=\"Price\" \/>\n\t<meta name=\"twitter:data1\" content=\"1 799,00&nbsp;&#107;&#114;\" \/>\n\t<meta name=\"twitter:label2\" content=\"Availability\" \/>\n\t<meta name=\"twitter:data2\" content=\"Out of stock\" \/>\n<script type=\"application\/ld+json\" class=\"yoast-schema-graph\">{\"@context\":\"https:\/\/schema.org\",\"@graph\":[{\"@type\":\"WebPage\",\"@id\":\"https:\/\/babylove.se\/no\/produkt\/gjort-av-hjort-gyngedyr-gyngende-neshorn\/\",\"url\":\"https:\/\/babylove.se\/no\/produkt\/gjort-av-hjort-gyngedyr-gyngende-neshorn\/\",\"name\":\"Done By Deer Gyngehest Rocking Rhino - Babylove Norska\",\"isPartOf\":{\"@id\":\"https:\/\/babylove.se\/no\/#website\"},\"primaryImageOfPage\":{\"@id\":\"https:\/\/babylove.se\/no\/produkt\/gjort-av-hjort-gyngedyr-gyngende-neshorn\/#primaryimage\"},\"image\":{\"@id\":\"https:\/\/babylove.se\/no\/produkt\/gjort-av-hjort-gyngedyr-gyngende-neshorn\/#primaryimage\"},\"thumbnailUrl\":\"https:\/\/babylove.se\/no\/wp-content\/uploads\/sites\/3\/2025\/07\/552-14942377876.jpeg\",\"datePublished\":\"2025-07-18T19:02:50+00:00\",\"dateModified\":\"2026-04-08T06:43:03+00:00\",\"description\":\"Denna vackra gungleksak garanterar timmar av rolig lek f\u00f6r ditt barn samtidigt som den utvecklar ditt barns motorik - k\u00f6p den h\u00e4r -\",\"breadcrumb\":{\"@id\":\"https:\/\/babylove.se\/no\/produkt\/gjort-av-hjort-gyngedyr-gyngende-neshorn\/#breadcrumb\"},\"inLanguage\":\"nb-NO\",\"potentialAction\":[{\"@type\":\"ReadAction\",\"target\":[\"https:\/\/babylove.se\/no\/produkt\/gjort-av-hjort-gyngedyr-gyngende-neshorn\/\"]}]},{\"@type\":\"ImageObject\",\"inLanguage\":\"nb-NO\",\"@id\":\"https:\/\/babylove.se\/no\/produkt\/gjort-av-hjort-gyngedyr-gyngende-neshorn\/#primaryimage\",\"url\":\"https:\/\/babylove.se\/no\/wp-content\/uploads\/sites\/3\/2025\/07\/552-14942377876.jpeg\",\"contentUrl\":\"https:\/\/babylove.se\/no\/wp-content\/uploads\/sites\/3\/2025\/07\/552-14942377876.jpeg\",\"width\":750,\"height\":748},{\"@type\":\"BreadcrumbList\",\"@id\":\"https:\/\/babylove.se\/no\/produkt\/gjort-av-hjort-gyngedyr-gyngende-neshorn\/#breadcrumb\",\"itemListElement\":[{\"@type\":\"ListItem\",\"position\":1,\"name\":\"Hem\",\"item\":\"https:\/\/babylove.se\/no\/\"},{\"@type\":\"ListItem\",\"position\":2,\"name\":\"Butik\",\"item\":\"https:\/\/babylove.se\/no\/butik\/\"},{\"@type\":\"ListItem\",\"position\":3,\"name\":\"Done By Deer Gyngehest Rocking Rhino\"}]},{\"@type\":\"WebSite\",\"@id\":\"https:\/\/babylove.se\/no\/#website\",\"url\":\"https:\/\/babylove.se\/no\/\",\"name\":\"Babylove Norska\",\"description\":\"\",\"potentialAction\":[{\"@type\":\"SearchAction\",\"target\":{\"@type\":\"EntryPoint\",\"urlTemplate\":\"https:\/\/babylove.se\/no\/?s={search_term_string}\"},\"query-input\":{\"@type\":\"PropertyValueSpecification\",\"valueRequired\":true,\"valueName\":\"search_term_string\"}}],\"inLanguage\":\"nb-NO\"}]}<\/script>\n<meta property=\"product:brand\" content=\"Done by Deer\" \/>\n<meta property=\"product:price:amount\" content=\"1799.00\" \/>\n<meta property=\"product:price:currency\" content=\"SEK\" \/>\n<meta property=\"og:availability\" content=\"out of stock\" \/>\n<meta property=\"product:availability\" content=\"out of stock\" \/>\n<meta property=\"product:retailer_item_id\" content=\"DD0034\" \/>\n<meta property=\"product:condition\" content=\"new\" \/>\n<!-- \/ Yoast SEO Premium plugin. -->","yoast_head_json":{"title":"Done By Deer Gyngehest Rocking Rhino - Babylove Norska","description":"Denna vackra gungleksak garanterar timmar av rolig lek f\u00f6r ditt barn samtidigt som den utvecklar ditt barns motorik - k\u00f6p den h\u00e4r -","robots":{"index":"noindex","follow":"follow","max-snippet":"max-snippet:-1","max-image-preview":"max-image-preview:large","max-video-preview":"max-video-preview:-1"},"og_locale":"nb_NO","og_type":"article","og_title":"Done By Deer Gyngehest Rocking Rhino","og_description":"Denna vackra gungleksak garanterar timmar av rolig lek f\u00f6r ditt barn samtidigt som den utvecklar ditt barns motorik - k\u00f6p den h\u00e4r -","og_url":"https:\/\/babylove.se\/no\/produkt\/gjort-av-hjort-gyngedyr-gyngende-neshorn\/","og_site_name":"Babylove Norska","article_modified_time":"2026-04-08T06:43:03+00:00","og_image":[{"width":750,"height":748,"url":"https:\/\/babylove.se\/no\/wp-content\/uploads\/sites\/3\/2025\/07\/552-14942377876.jpeg","type":"image\/jpeg"}],"twitter_card":"summary_large_image","twitter_misc":{"Price":"1 799,00&nbsp;&#107;&#114;","Availability":"Out of stock"},"schema":{"@context":"https:\/\/schema.org","@graph":[{"@type":"WebPage","@id":"https:\/\/babylove.se\/no\/produkt\/gjort-av-hjort-gyngedyr-gyngende-neshorn\/","url":"https:\/\/babylove.se\/no\/produkt\/gjort-av-hjort-gyngedyr-gyngende-neshorn\/","name":"Done By Deer Gyngehest Rocking Rhino - Babylove Norska","isPartOf":{"@id":"https:\/\/babylove.se\/no\/#website"},"primaryImageOfPage":{"@id":"https:\/\/babylove.se\/no\/produkt\/gjort-av-hjort-gyngedyr-gyngende-neshorn\/#primaryimage"},"image":{"@id":"https:\/\/babylove.se\/no\/produkt\/gjort-av-hjort-gyngedyr-gyngende-neshorn\/#primaryimage"},"thumbnailUrl":"https:\/\/babylove.se\/no\/wp-content\/uploads\/sites\/3\/2025\/07\/552-14942377876.jpeg","datePublished":"2025-07-18T19:02:50+00:00","dateModified":"2026-04-08T06:43:03+00:00","description":"Denna vackra gungleksak garanterar timmar av rolig lek f\u00f6r ditt barn samtidigt som den utvecklar ditt barns motorik - k\u00f6p den h\u00e4r -","breadcrumb":{"@id":"https:\/\/babylove.se\/no\/produkt\/gjort-av-hjort-gyngedyr-gyngende-neshorn\/#breadcrumb"},"inLanguage":"nb-NO","potentialAction":[{"@type":"ReadAction","target":["https:\/\/babylove.se\/no\/produkt\/gjort-av-hjort-gyngedyr-gyngende-neshorn\/"]}]},{"@type":"ImageObject","inLanguage":"nb-NO","@id":"https:\/\/babylove.se\/no\/produkt\/gjort-av-hjort-gyngedyr-gyngende-neshorn\/#primaryimage","url":"https:\/\/babylove.se\/no\/wp-content\/uploads\/sites\/3\/2025\/07\/552-14942377876.jpeg","contentUrl":"https:\/\/babylove.se\/no\/wp-content\/uploads\/sites\/3\/2025\/07\/552-14942377876.jpeg","width":750,"height":748},{"@type":"BreadcrumbList","@id":"https:\/\/babylove.se\/no\/produkt\/gjort-av-hjort-gyngedyr-gyngende-neshorn\/#breadcrumb","itemListElement":[{"@type":"ListItem","position":1,"name":"Hem","item":"https:\/\/babylove.se\/no\/"},{"@type":"ListItem","position":2,"name":"Butik","item":"https:\/\/babylove.se\/no\/butik\/"},{"@type":"ListItem","position":3,"name":"Done By Deer Gyngehest Rocking Rhino"}]},{"@type":"WebSite","@id":"https:\/\/babylove.se\/no\/#website","url":"https:\/\/babylove.se\/no\/","name":"Babylove Norska","description":"","potentialAction":[{"@type":"SearchAction","target":{"@type":"EntryPoint","urlTemplate":"https:\/\/babylove.se\/no\/?s={search_term_string}"},"query-input":{"@type":"PropertyValueSpecification","valueRequired":true,"valueName":"search_term_string"}}],"inLanguage":"nb-NO"}]},"product_brand":"Done by Deer","product_price_amount":"1799.00","product_price_currency":"SEK","og_availability":"out of stock","product_availability":"out of stock","product_retailer_item_id":"DD0034","product_condition":"new"},"_links":{"self":[{"href":"https:\/\/babylove.se\/no\/wp-json\/wp\/v2\/product\/1558","targetHints":{"allow":["GET"]}}],"collection":[{"href":"https:\/\/babylove.se\/no\/wp-json\/wp\/v2\/product"}],"about":[{"href":"https:\/\/babylove.se\/no\/wp-json\/wp\/v2\/types\/product"}],"replies":[{"embeddable":true,"href":"https:\/\/babylove.se\/no\/wp-json\/wp\/v2\/comments?post=1558"}],"wp:featuredmedia":[{"embeddable":true,"href":"https:\/\/babylove.se\/no\/wp-json\/wp\/v2\/media\/1560"}],"wp:attachment":[{"href":"https:\/\/babylove.se\/no\/wp-json\/wp\/v2\/media?parent=1558"}],"wp:term":[{"taxonomy":"product_brand","embeddable":true,"href":"https:\/\/babylove.se\/no\/wp-json\/wp\/v2\/product_brand?post=1558"},{"taxonomy":"product_cat","embeddable":true,"href":"https:\/\/babylove.se\/no\/wp-json\/wp\/v2\/product_cat?post=1558"},{"taxonomy":"product_tag","embeddable":true,"href":"https:\/\/babylove.se\/no\/wp-json\/wp\/v2\/product_tag?post=1558"}],"curies":[{"name":"wp","href":"https:\/\/api.w.org\/{rel}","templated":true}]}}