{"id":15836,"date":"2025-07-18T21:54:54","date_gmt":"2025-07-18T20:54:54","guid":{"rendered":"https:\/\/babylove.se\/produkt\/hussang-luna-d\/"},"modified":"2026-04-08T09:07:44","modified_gmt":"2026-04-08T08:07:44","slug":"hussang-luna-d","status":"publish","type":"product","link":"https:\/\/babylove.se\/no\/produkt\/hussang-luna-d\/","title":{"rendered":"Husseng Luna D"},"content":{"rendered":"<p>V\u00e5re vidunderlige Luna senger er like s\u00f8te alle sammen! \\nDet som skiller dem fra hverandre, er formen p\u00e5 inngangen. \\n \\nAlle Luna senger er helt h\u00e5ndlaget av sertifisert furutre. \\n \\nDet skr\u00e5 taket gir ikke bare en hytteliknende silhuett, det gj\u00f8r ogs\u00e5 at disse sengene er lette \u00e5 m\u00f8blere med selv i rom med skr\u00e5tak! \\n \\n<strong>Tilvalg:<\/strong> \\n<\/p>\n<ul> \\n \\t<\/p>\n<li>Uttrekkbar ekstraseng.<\/li>\n<p> \\n \\t<\/p>\n<li>Farge: velg mellom natur, hvit, gr\u00e5, antrasitt, rosa, olivengr\u00f8nn og bl\u00e5.<\/li>\n<p> \\n<\/ul>\n<p> \\n<strong>Info:<\/strong> \\n<\/p>\n<ul> \\n \\t<\/p>\n<li>Ribbbunn er inkludert<\/li>\n<p> \\n \\t<\/p>\n<li>Madrass er ikke inkludert, men ta gjerne en titt p\u00e5 v\u00e5rt store madrassutvalg. Vi anbefaler en skummadrass med tykkelse p\u00e5 ca 10-12 cm.<\/li>\n<p> \\n \\t<\/p>\n<li>Maks belastning: 90 kg<\/li>\n<p> \\n \\t<\/p>\n<li>P\u00e5 bildene ser du standardbein som er ca 5 cm.<\/li>\n<p> \\n<\/ul>\n<p> \\n<strong>M\u00e5l:<\/strong> \\n<\/p>\n<ul> \\n \\t<\/p>\n<li>Finnes i forskjellige st\u00f8rrelser. M\u00e5lene til venstre i listen gjelder dyne-\/senget\u00f8ym\u00e5l. M\u00e5lene i parentes (H\u00f8yde*Bredde*Lengde) gjelder den totale st\u00f8rrelsen p\u00e5 sengen.<\/li>\n<p> \\n<\/ul>\n<p> \\nSengene kommer fra v\u00e5r fabrikk i Europa som har h\u00f8ye kvalitetskrav og kontrollerer hvert trinn fra t\u00f8mmeret kommer inn p\u00e5 fabrikken til et ferdig produkt forlater den. \\n \\n<em><em><em>Sengen leveres umontert og b\u00f8r settes sammen i rommet den skal brukes i.<\/em><\/em><\/em> \\n \\n<em>For senger i farge er leveringstiden to uker lengre enn den oppgitte informasjonen.<\/em><\/p>\n","protected":false},"excerpt":{"rendered":"<p>V\u00e5re vidunderlige Luna senger er like s\u00f8te alle sammen! \\nDet som skiller dem fra hverandre, er formen p\u00e5 inngangen. \\n \\nAlle Luna senger er helt h\u00e5ndlaget av sertifisert furutre. \\n \\nDet skr\u00e5 taket gir ikke bare en hytteliknende silhuett, det gj\u00f8r ogs\u00e5 at disse sengene er lette \u00e5 m\u00f8blere med selv i rom med skr\u00e5tak! [&hellip;]<\/p>\n","protected":false},"featured_media":15838,"comment_status":"open","ping_status":"closed","template":"","meta":{"_acf_changed":false},"product_brand":[384],"product_cat":[386,217,269,40],"product_tag":[1689],"class_list":{"0":"post-15836","1":"product","2":"type-product","3":"status-publish","4":"has-post-thumbnail","6":"product_brand-adeko","7":"product_cat-ad","8":"product_cat-sengesanger","9":"product_cat-juniorsenger","10":"product_cat-soverom-barn","11":"product_tag-bestillingsvaror","12":"pa_farg-antracit","13":"pa_farg-bla","14":"pa_farg-gra","15":"pa_farg-natur","16":"pa_farg-olivgron","17":"pa_farg-rosa","18":"pa_farg-vit","19":"pa_storlek-100x140-h128-l153-b1065","20":"pa_storlek-100x150-h134-l163-b1065","21":"pa_storlek-100x160-h145-l173-b1065","22":"pa_storlek-100x170-h145-l183-b1065","23":"pa_storlek-100x180-h155-l193-b1065","24":"pa_storlek-100x190-h158-l203-b1065","25":"pa_storlek-100x200-h159-l213-b1065","26":"pa_storlek-70x140-h128-l153-b765","27":"pa_storlek-70x150-h134-l163-b765","28":"pa_storlek-70x160-h145-l173-b765","29":"pa_storlek-70x170-h145-l183-b765","30":"pa_storlek-70x180-h155-l193-b765","31":"pa_storlek-70x190-h158-l203-b765","32":"pa_storlek-70x200-h159-l213-b765","33":"pa_storlek-80x140-h128-l153-b865","34":"pa_storlek-80x150-h134-l163-b865","35":"pa_storlek-80x160-h145-l173-b865","36":"pa_storlek-80x170-h145-l183-b865","37":"pa_storlek-80x180-h155-l193-b865","38":"pa_storlek-80x190-h158-l203-b865","39":"pa_storlek-80x200-h159-l213-b865","40":"pa_storlek-90x140-h128-l153-b965","41":"pa_storlek-90x150-h134-l163-b965","42":"pa_storlek-90x160-h145-l173-b965","43":"pa_storlek-90x170-h145-l183-b965","44":"pa_storlek-90x180-h155-l193-b965","45":"pa_storlek-90x190-h158-l203-b965","46":"pa_storlek-90x200-h159-l213-b965","47":"pa_tillbehor-med","48":"pa_tillbehor-utan","50":"first","51":"instock","52":"taxable","53":"shipping-taxable","54":"purchasable","55":"product-type-variable"},"acf":[],"yoast_head":"<!-- This site is optimized with the Yoast SEO Premium plugin v25.8 (Yoast SEO v27.2) - https:\/\/yoast.com\/product\/yoast-seo-premium-wordpress\/ -->\n<title>Huss\u00e4ng Luna D - V\u00e4lkommen till Babylove.se<\/title>\n<meta name=\"description\" content=\"Superfin huss\u00e4ng f\u00f6r rum med snedtak eller f\u00f6r det vanliga rummet givetvis. Klarna faktura &amp; Fri frakt ! K\u00f6p den h\u00e4r !\" \/>\n<meta name=\"robots\" content=\"noindex, follow, max-snippet:-1, max-image-preview:large, max-video-preview:-1\" \/>\n<meta property=\"og:locale\" content=\"nb_NO\" \/>\n<meta property=\"og:type\" content=\"article\" \/>\n<meta property=\"og:title\" content=\"Husseng Luna D\" \/>\n<meta property=\"og:description\" content=\"Superfin huss\u00e4ng f\u00f6r rum med snedtak eller f\u00f6r det vanliga rummet givetvis. Klarna faktura &amp; Fri frakt ! K\u00f6p den h\u00e4r !\" \/>\n<meta property=\"og:url\" content=\"https:\/\/babylove.se\/no\/produkt\/hussang-luna-d\/\" \/>\n<meta property=\"og:site_name\" content=\"Babylove Norska\" \/>\n<meta property=\"article:modified_time\" content=\"2026-04-08T08:07:44+00:00\" \/>\n<meta property=\"og:image\" content=\"https:\/\/babylove.se\/no\/wp-content\/uploads\/sites\/3\/2025\/07\/5e14bfc7c921e.jpeg\" \/>\n\t<meta property=\"og:image:width\" content=\"750\" \/>\n\t<meta property=\"og:image:height\" content=\"750\" \/>\n\t<meta property=\"og:image:type\" content=\"image\/jpeg\" \/>\n<meta name=\"twitter:card\" content=\"summary_large_image\" \/>\n<meta name=\"twitter:label1\" content=\"Availability\" \/>\n\t<meta name=\"twitter:data1\" content=\"In stock\" \/>\n<script type=\"application\/ld+json\" class=\"yoast-schema-graph\">{\"@context\":\"https:\/\/schema.org\",\"@graph\":[{\"@type\":\"WebPage\",\"@id\":\"https:\/\/babylove.se\/no\/produkt\/hussang-luna-d\/\",\"url\":\"https:\/\/babylove.se\/no\/produkt\/hussang-luna-d\/\",\"name\":\"Huss\u00e4ng Luna D - V\u00e4lkommen till Babylove.se\",\"isPartOf\":{\"@id\":\"https:\/\/babylove.se\/no\/#website\"},\"primaryImageOfPage\":{\"@id\":\"https:\/\/babylove.se\/no\/produkt\/hussang-luna-d\/#primaryimage\"},\"image\":{\"@id\":\"https:\/\/babylove.se\/no\/produkt\/hussang-luna-d\/#primaryimage\"},\"thumbnailUrl\":\"https:\/\/babylove.se\/no\/wp-content\/uploads\/sites\/3\/2025\/07\/5e14bfc7c921e.jpeg\",\"datePublished\":\"2025-07-18T20:54:54+00:00\",\"dateModified\":\"2026-04-08T08:07:44+00:00\",\"description\":\"Superfin huss\u00e4ng f\u00f6r rum med snedtak eller f\u00f6r det vanliga rummet givetvis. Klarna faktura & Fri frakt ! K\u00f6p den h\u00e4r !\",\"breadcrumb\":{\"@id\":\"https:\/\/babylove.se\/no\/produkt\/hussang-luna-d\/#breadcrumb\"},\"inLanguage\":\"nb-NO\",\"potentialAction\":[{\"@type\":\"ReadAction\",\"target\":[\"https:\/\/babylove.se\/no\/produkt\/hussang-luna-d\/\"]}]},{\"@type\":\"ImageObject\",\"inLanguage\":\"nb-NO\",\"@id\":\"https:\/\/babylove.se\/no\/produkt\/hussang-luna-d\/#primaryimage\",\"url\":\"https:\/\/babylove.se\/no\/wp-content\/uploads\/sites\/3\/2025\/07\/5e14bfc7c921e.jpeg\",\"contentUrl\":\"https:\/\/babylove.se\/no\/wp-content\/uploads\/sites\/3\/2025\/07\/5e14bfc7c921e.jpeg\",\"width\":750,\"height\":750},{\"@type\":\"BreadcrumbList\",\"@id\":\"https:\/\/babylove.se\/no\/produkt\/hussang-luna-d\/#breadcrumb\",\"itemListElement\":[{\"@type\":\"ListItem\",\"position\":1,\"name\":\"Hem\",\"item\":\"https:\/\/babylove.se\/no\/\"},{\"@type\":\"ListItem\",\"position\":2,\"name\":\"Butik\",\"item\":\"https:\/\/babylove.se\/no\/butik\/\"},{\"@type\":\"ListItem\",\"position\":3,\"name\":\"Husseng Luna D\"}]},{\"@type\":\"WebSite\",\"@id\":\"https:\/\/babylove.se\/no\/#website\",\"url\":\"https:\/\/babylove.se\/no\/\",\"name\":\"Babylove Norska\",\"description\":\"\",\"potentialAction\":[{\"@type\":\"SearchAction\",\"target\":{\"@type\":\"EntryPoint\",\"urlTemplate\":\"https:\/\/babylove.se\/no\/?s={search_term_string}\"},\"query-input\":{\"@type\":\"PropertyValueSpecification\",\"valueRequired\":true,\"valueName\":\"search_term_string\"}}],\"inLanguage\":\"nb-NO\"}]}<\/script>\n<meta property=\"product:brand\" content=\"Adeko\" \/>\n<meta property=\"og:availability\" content=\"instock\" \/>\n<meta property=\"product:availability\" content=\"instock\" \/>\n<meta property=\"product:retailer_item_id\" content=\"Luna D-70x140-utan-natur\" \/>\n<meta property=\"product:condition\" content=\"new\" \/>\n<!-- \/ Yoast SEO Premium plugin. -->","yoast_head_json":{"title":"Huss\u00e4ng Luna D - V\u00e4lkommen till Babylove.se","description":"Superfin huss\u00e4ng f\u00f6r rum med snedtak eller f\u00f6r det vanliga rummet givetvis. Klarna faktura & Fri frakt ! K\u00f6p den h\u00e4r !","robots":{"index":"noindex","follow":"follow","max-snippet":"max-snippet:-1","max-image-preview":"max-image-preview:large","max-video-preview":"max-video-preview:-1"},"og_locale":"nb_NO","og_type":"article","og_title":"Husseng Luna D","og_description":"Superfin huss\u00e4ng f\u00f6r rum med snedtak eller f\u00f6r det vanliga rummet givetvis. Klarna faktura & Fri frakt ! K\u00f6p den h\u00e4r !","og_url":"https:\/\/babylove.se\/no\/produkt\/hussang-luna-d\/","og_site_name":"Babylove Norska","article_modified_time":"2026-04-08T08:07:44+00:00","og_image":[{"width":750,"height":750,"url":"https:\/\/babylove.se\/no\/wp-content\/uploads\/sites\/3\/2025\/07\/5e14bfc7c921e.jpeg","type":"image\/jpeg"}],"twitter_card":"summary_large_image","twitter_misc":{"Availability":"In stock"},"schema":{"@context":"https:\/\/schema.org","@graph":[{"@type":"WebPage","@id":"https:\/\/babylove.se\/no\/produkt\/hussang-luna-d\/","url":"https:\/\/babylove.se\/no\/produkt\/hussang-luna-d\/","name":"Huss\u00e4ng Luna D - V\u00e4lkommen till Babylove.se","isPartOf":{"@id":"https:\/\/babylove.se\/no\/#website"},"primaryImageOfPage":{"@id":"https:\/\/babylove.se\/no\/produkt\/hussang-luna-d\/#primaryimage"},"image":{"@id":"https:\/\/babylove.se\/no\/produkt\/hussang-luna-d\/#primaryimage"},"thumbnailUrl":"https:\/\/babylove.se\/no\/wp-content\/uploads\/sites\/3\/2025\/07\/5e14bfc7c921e.jpeg","datePublished":"2025-07-18T20:54:54+00:00","dateModified":"2026-04-08T08:07:44+00:00","description":"Superfin huss\u00e4ng f\u00f6r rum med snedtak eller f\u00f6r det vanliga rummet givetvis. Klarna faktura & Fri frakt ! K\u00f6p den h\u00e4r !","breadcrumb":{"@id":"https:\/\/babylove.se\/no\/produkt\/hussang-luna-d\/#breadcrumb"},"inLanguage":"nb-NO","potentialAction":[{"@type":"ReadAction","target":["https:\/\/babylove.se\/no\/produkt\/hussang-luna-d\/"]}]},{"@type":"ImageObject","inLanguage":"nb-NO","@id":"https:\/\/babylove.se\/no\/produkt\/hussang-luna-d\/#primaryimage","url":"https:\/\/babylove.se\/no\/wp-content\/uploads\/sites\/3\/2025\/07\/5e14bfc7c921e.jpeg","contentUrl":"https:\/\/babylove.se\/no\/wp-content\/uploads\/sites\/3\/2025\/07\/5e14bfc7c921e.jpeg","width":750,"height":750},{"@type":"BreadcrumbList","@id":"https:\/\/babylove.se\/no\/produkt\/hussang-luna-d\/#breadcrumb","itemListElement":[{"@type":"ListItem","position":1,"name":"Hem","item":"https:\/\/babylove.se\/no\/"},{"@type":"ListItem","position":2,"name":"Butik","item":"https:\/\/babylove.se\/no\/butik\/"},{"@type":"ListItem","position":3,"name":"Husseng Luna D"}]},{"@type":"WebSite","@id":"https:\/\/babylove.se\/no\/#website","url":"https:\/\/babylove.se\/no\/","name":"Babylove Norska","description":"","potentialAction":[{"@type":"SearchAction","target":{"@type":"EntryPoint","urlTemplate":"https:\/\/babylove.se\/no\/?s={search_term_string}"},"query-input":{"@type":"PropertyValueSpecification","valueRequired":true,"valueName":"search_term_string"}}],"inLanguage":"nb-NO"}]},"product_brand":"Adeko","og_availability":"instock","product_availability":"instock","product_retailer_item_id":"Luna D-70x140-utan-natur","product_condition":"new"},"_links":{"self":[{"href":"https:\/\/babylove.se\/no\/wp-json\/wp\/v2\/product\/15836","targetHints":{"allow":["GET"]}}],"collection":[{"href":"https:\/\/babylove.se\/no\/wp-json\/wp\/v2\/product"}],"about":[{"href":"https:\/\/babylove.se\/no\/wp-json\/wp\/v2\/types\/product"}],"replies":[{"embeddable":true,"href":"https:\/\/babylove.se\/no\/wp-json\/wp\/v2\/comments?post=15836"}],"wp:featuredmedia":[{"embeddable":true,"href":"https:\/\/babylove.se\/no\/wp-json\/wp\/v2\/media\/15838"}],"wp:attachment":[{"href":"https:\/\/babylove.se\/no\/wp-json\/wp\/v2\/media?parent=15836"}],"wp:term":[{"taxonomy":"product_brand","embeddable":true,"href":"https:\/\/babylove.se\/no\/wp-json\/wp\/v2\/product_brand?post=15836"},{"taxonomy":"product_cat","embeddable":true,"href":"https:\/\/babylove.se\/no\/wp-json\/wp\/v2\/product_cat?post=15836"},{"taxonomy":"product_tag","embeddable":true,"href":"https:\/\/babylove.se\/no\/wp-json\/wp\/v2\/product_tag?post=15836"}],"curies":[{"name":"wp","href":"https:\/\/api.w.org\/{rel}","templated":true}]}}