{"id":1626,"date":"2025-07-18T20:03:03","date_gmt":"2025-07-18T19:03:03","guid":{"rendered":"https:\/\/babylove.se\/produkt\/yosoy-vit-handduk-med-huva\/"},"modified":"2026-04-08T07:43:33","modified_gmt":"2026-04-08T06:43:33","slug":"yosoy-hvitt-handkle-med-hette","status":"publish","type":"product","link":"https:\/\/babylove.se\/no\/produkt\/yosoy-hvitt-handkle-med-hette\/","title":{"rendered":"Eksklusiv hvit h\u00e5ndkle med hette- badeh\u00e5ndkle for barn, YOSOY"},"content":{"rendered":"<p><strong>YOSOY hvitt badeh\u00e5ndkle for barn.&nbsp;<\/strong><\/p>\n<p>Dette fantastiske <strong>h\u00e5ndklet&nbsp;<\/strong>med hette er en god f\u00f8lgesvenn for barnet ditt i de f\u00f8rste 3-4 \u00e5rene av livet. Det er laget av tykk h\u00f8ykvalitets bomull som gj\u00f8r at det beholder b\u00e5de form og utseende \u00e5r etter \u00e5r.&nbsp;<\/p>\n<p>St\u00f8rrelsen (100&#215;100 cm) har blitt n\u00f8ye tilpasset det lille barnet. <strong>H\u00e5ndklet&nbsp;<\/strong>absorberer vann meget effektivt men er samtidig varmt og deilig. Hetten b\u00e5de t\u00f8rker og beskytter barnets hode noe som er bra uavhengig om det brukes hjemme p\u00e5 badet eller p\u00e5 stranden. H\u00e5ndklet er helt trygt for barnets hud og sertifisert med Oeko-tex Standard 100. Kan vaskes i opptil 40 grader.<\/p>\n<p><strong>St\u00f8rrelse<\/strong>: 100 x 100 cm<\/p>\n<p><strong>Materiale<\/strong>: frott\u00e8 100 % bomull med OEKO-TEX Certificate 100<\/p>\n","protected":false},"excerpt":{"rendered":"<p>YOSOY hvitt badeh\u00e5ndkle for barn.&nbsp; Dette fantastiske h\u00e5ndklet&nbsp;med hette er en god f\u00f8lgesvenn for barnet ditt i de f\u00f8rste 3-4 \u00e5rene av livet. Det er laget av tykk h\u00f8ykvalitets bomull som gj\u00f8r at det beholder b\u00e5de form og utseende \u00e5r etter \u00e5r.&nbsp; St\u00f8rrelsen (100&#215;100 cm) har blitt n\u00f8ye tilpasset det lille barnet. H\u00e5ndklet&nbsp;absorberer vann meget [&hellip;]<\/p>\n","protected":false},"featured_media":1628,"comment_status":"closed","ping_status":"open","template":"","meta":{"_acf_changed":false},"product_brand":[115],"product_cat":[117,41,116],"product_tag":[],"class_list":{"0":"post-1626","1":"product","2":"type-product","3":"status-publish","4":"has-post-thumbnail","6":"product_brand-yosoy","7":"product_cat-babybadhandkle-med-hette","8":"product_cat-babytilbehor","9":"product_cat-handkle-med-hette","11":"first","12":"outofstock","13":"taxable","14":"shipping-taxable","15":"purchasable","16":"product-type-simple"},"acf":[],"yoast_head":"<!-- This site is optimized with the Yoast SEO Premium plugin v25.8 (Yoast SEO v27.2) - https:\/\/yoast.com\/product\/yoast-seo-premium-wordpress\/ -->\n<title>Eksklusiv hvit h\u00e5ndkle med hette- badeh\u00e5ndkle for barn, YOSOY - Babylove Norska<\/title>\n<meta name=\"robots\" content=\"noindex, follow, max-snippet:-1, max-image-preview:large, max-video-preview:-1\" \/>\n<meta property=\"og:locale\" content=\"nb_NO\" \/>\n<meta property=\"og:type\" content=\"article\" \/>\n<meta property=\"og:title\" content=\"Eksklusiv hvit h\u00e5ndkle med hette- badeh\u00e5ndkle for barn, YOSOY\" \/>\n<meta property=\"og:description\" content=\"YOSOY hvitt badeh\u00e5ndkle for barn.&nbsp; Dette fantastiske h\u00e5ndklet&nbsp;med hette er en god f\u00f8lgesvenn for barnet ditt i de f\u00f8rste 3-4 \u00e5rene av livet. Det er laget av tykk h\u00f8ykvalitets bomull som gj\u00f8r at det beholder b\u00e5de form og utseende \u00e5r etter \u00e5r.&nbsp; St\u00f8rrelsen (100&#215;100 cm) har blitt n\u00f8ye tilpasset det lille barnet. H\u00e5ndklet&nbsp;absorberer vann meget [&hellip;]\" \/>\n<meta property=\"og:url\" content=\"https:\/\/babylove.se\/no\/produkt\/yosoy-hvitt-handkle-med-hette\/\" \/>\n<meta property=\"og:site_name\" content=\"Babylove Norska\" \/>\n<meta property=\"article:modified_time\" content=\"2026-04-08T06:43:33+00:00\" \/>\n<meta property=\"og:image\" content=\"https:\/\/babylove.se\/no\/wp-content\/uploads\/sites\/3\/2025\/07\/57c5722e652d7.jpeg\" \/>\n\t<meta property=\"og:image:width\" content=\"750\" \/>\n\t<meta property=\"og:image:height\" content=\"750\" \/>\n\t<meta property=\"og:image:type\" content=\"image\/jpeg\" \/>\n<meta name=\"twitter:card\" content=\"summary_large_image\" \/>\n<meta name=\"twitter:label1\" content=\"Price\" \/>\n\t<meta name=\"twitter:data1\" content=\"254,15&nbsp;&#107;&#114;\" \/>\n\t<meta name=\"twitter:label2\" content=\"Availability\" \/>\n\t<meta name=\"twitter:data2\" content=\"Out of stock\" \/>\n<script type=\"application\/ld+json\" class=\"yoast-schema-graph\">{\"@context\":\"https:\/\/schema.org\",\"@graph\":[{\"@type\":\"WebPage\",\"@id\":\"https:\/\/babylove.se\/no\/produkt\/yosoy-hvitt-handkle-med-hette\/\",\"url\":\"https:\/\/babylove.se\/no\/produkt\/yosoy-hvitt-handkle-med-hette\/\",\"name\":\"Eksklusiv hvit h\u00e5ndkle med hette- badeh\u00e5ndkle for barn, YOSOY - Babylove Norska\",\"isPartOf\":{\"@id\":\"https:\/\/babylove.se\/no\/#website\"},\"primaryImageOfPage\":{\"@id\":\"https:\/\/babylove.se\/no\/produkt\/yosoy-hvitt-handkle-med-hette\/#primaryimage\"},\"image\":{\"@id\":\"https:\/\/babylove.se\/no\/produkt\/yosoy-hvitt-handkle-med-hette\/#primaryimage\"},\"thumbnailUrl\":\"https:\/\/babylove.se\/no\/wp-content\/uploads\/sites\/3\/2025\/07\/57c5722e652d7.jpeg\",\"datePublished\":\"2025-07-18T19:03:03+00:00\",\"dateModified\":\"2026-04-08T06:43:33+00:00\",\"breadcrumb\":{\"@id\":\"https:\/\/babylove.se\/no\/produkt\/yosoy-hvitt-handkle-med-hette\/#breadcrumb\"},\"inLanguage\":\"nb-NO\",\"potentialAction\":[{\"@type\":\"ReadAction\",\"target\":[\"https:\/\/babylove.se\/no\/produkt\/yosoy-hvitt-handkle-med-hette\/\"]}]},{\"@type\":\"ImageObject\",\"inLanguage\":\"nb-NO\",\"@id\":\"https:\/\/babylove.se\/no\/produkt\/yosoy-hvitt-handkle-med-hette\/#primaryimage\",\"url\":\"https:\/\/babylove.se\/no\/wp-content\/uploads\/sites\/3\/2025\/07\/57c5722e652d7.jpeg\",\"contentUrl\":\"https:\/\/babylove.se\/no\/wp-content\/uploads\/sites\/3\/2025\/07\/57c5722e652d7.jpeg\",\"width\":750,\"height\":750},{\"@type\":\"BreadcrumbList\",\"@id\":\"https:\/\/babylove.se\/no\/produkt\/yosoy-hvitt-handkle-med-hette\/#breadcrumb\",\"itemListElement\":[{\"@type\":\"ListItem\",\"position\":1,\"name\":\"Hem\",\"item\":\"https:\/\/babylove.se\/no\/\"},{\"@type\":\"ListItem\",\"position\":2,\"name\":\"Butik\",\"item\":\"https:\/\/babylove.se\/no\/butik\/\"},{\"@type\":\"ListItem\",\"position\":3,\"name\":\"Eksklusiv hvit h\u00e5ndkle med hette- badeh\u00e5ndkle for barn, YOSOY\"}]},{\"@type\":\"WebSite\",\"@id\":\"https:\/\/babylove.se\/no\/#website\",\"url\":\"https:\/\/babylove.se\/no\/\",\"name\":\"Babylove Norska\",\"description\":\"\",\"potentialAction\":[{\"@type\":\"SearchAction\",\"target\":{\"@type\":\"EntryPoint\",\"urlTemplate\":\"https:\/\/babylove.se\/no\/?s={search_term_string}\"},\"query-input\":{\"@type\":\"PropertyValueSpecification\",\"valueRequired\":true,\"valueName\":\"search_term_string\"}}],\"inLanguage\":\"nb-NO\"}]}<\/script>\n<meta property=\"product:brand\" content=\"Yosoy\" \/>\n<meta property=\"product:price:amount\" content=\"254.15\" \/>\n<meta property=\"product:price:currency\" content=\"SEK\" \/>\n<meta property=\"og:availability\" content=\"out of stock\" \/>\n<meta property=\"product:availability\" content=\"out of stock\" \/>\n<meta property=\"product:retailer_item_id\" content=\"719\" \/>\n<meta property=\"product:condition\" content=\"new\" \/>\n<!-- \/ Yoast SEO Premium plugin. -->","yoast_head_json":{"title":"Eksklusiv hvit h\u00e5ndkle med hette- badeh\u00e5ndkle for barn, YOSOY - Babylove Norska","robots":{"index":"noindex","follow":"follow","max-snippet":"max-snippet:-1","max-image-preview":"max-image-preview:large","max-video-preview":"max-video-preview:-1"},"og_locale":"nb_NO","og_type":"article","og_title":"Eksklusiv hvit h\u00e5ndkle med hette- badeh\u00e5ndkle for barn, YOSOY","og_description":"YOSOY hvitt badeh\u00e5ndkle for barn.&nbsp; Dette fantastiske h\u00e5ndklet&nbsp;med hette er en god f\u00f8lgesvenn for barnet ditt i de f\u00f8rste 3-4 \u00e5rene av livet. Det er laget av tykk h\u00f8ykvalitets bomull som gj\u00f8r at det beholder b\u00e5de form og utseende \u00e5r etter \u00e5r.&nbsp; St\u00f8rrelsen (100&#215;100 cm) har blitt n\u00f8ye tilpasset det lille barnet. H\u00e5ndklet&nbsp;absorberer vann meget [&hellip;]","og_url":"https:\/\/babylove.se\/no\/produkt\/yosoy-hvitt-handkle-med-hette\/","og_site_name":"Babylove Norska","article_modified_time":"2026-04-08T06:43:33+00:00","og_image":[{"width":750,"height":750,"url":"https:\/\/babylove.se\/no\/wp-content\/uploads\/sites\/3\/2025\/07\/57c5722e652d7.jpeg","type":"image\/jpeg"}],"twitter_card":"summary_large_image","twitter_misc":{"Price":"254,15&nbsp;&#107;&#114;","Availability":"Out of stock"},"schema":{"@context":"https:\/\/schema.org","@graph":[{"@type":"WebPage","@id":"https:\/\/babylove.se\/no\/produkt\/yosoy-hvitt-handkle-med-hette\/","url":"https:\/\/babylove.se\/no\/produkt\/yosoy-hvitt-handkle-med-hette\/","name":"Eksklusiv hvit h\u00e5ndkle med hette- badeh\u00e5ndkle for barn, YOSOY - Babylove Norska","isPartOf":{"@id":"https:\/\/babylove.se\/no\/#website"},"primaryImageOfPage":{"@id":"https:\/\/babylove.se\/no\/produkt\/yosoy-hvitt-handkle-med-hette\/#primaryimage"},"image":{"@id":"https:\/\/babylove.se\/no\/produkt\/yosoy-hvitt-handkle-med-hette\/#primaryimage"},"thumbnailUrl":"https:\/\/babylove.se\/no\/wp-content\/uploads\/sites\/3\/2025\/07\/57c5722e652d7.jpeg","datePublished":"2025-07-18T19:03:03+00:00","dateModified":"2026-04-08T06:43:33+00:00","breadcrumb":{"@id":"https:\/\/babylove.se\/no\/produkt\/yosoy-hvitt-handkle-med-hette\/#breadcrumb"},"inLanguage":"nb-NO","potentialAction":[{"@type":"ReadAction","target":["https:\/\/babylove.se\/no\/produkt\/yosoy-hvitt-handkle-med-hette\/"]}]},{"@type":"ImageObject","inLanguage":"nb-NO","@id":"https:\/\/babylove.se\/no\/produkt\/yosoy-hvitt-handkle-med-hette\/#primaryimage","url":"https:\/\/babylove.se\/no\/wp-content\/uploads\/sites\/3\/2025\/07\/57c5722e652d7.jpeg","contentUrl":"https:\/\/babylove.se\/no\/wp-content\/uploads\/sites\/3\/2025\/07\/57c5722e652d7.jpeg","width":750,"height":750},{"@type":"BreadcrumbList","@id":"https:\/\/babylove.se\/no\/produkt\/yosoy-hvitt-handkle-med-hette\/#breadcrumb","itemListElement":[{"@type":"ListItem","position":1,"name":"Hem","item":"https:\/\/babylove.se\/no\/"},{"@type":"ListItem","position":2,"name":"Butik","item":"https:\/\/babylove.se\/no\/butik\/"},{"@type":"ListItem","position":3,"name":"Eksklusiv hvit h\u00e5ndkle med hette- badeh\u00e5ndkle for barn, YOSOY"}]},{"@type":"WebSite","@id":"https:\/\/babylove.se\/no\/#website","url":"https:\/\/babylove.se\/no\/","name":"Babylove Norska","description":"","potentialAction":[{"@type":"SearchAction","target":{"@type":"EntryPoint","urlTemplate":"https:\/\/babylove.se\/no\/?s={search_term_string}"},"query-input":{"@type":"PropertyValueSpecification","valueRequired":true,"valueName":"search_term_string"}}],"inLanguage":"nb-NO"}]},"product_brand":"Yosoy","product_price_amount":"254.15","product_price_currency":"SEK","og_availability":"out of stock","product_availability":"out of stock","product_retailer_item_id":"719","product_condition":"new"},"_links":{"self":[{"href":"https:\/\/babylove.se\/no\/wp-json\/wp\/v2\/product\/1626","targetHints":{"allow":["GET"]}}],"collection":[{"href":"https:\/\/babylove.se\/no\/wp-json\/wp\/v2\/product"}],"about":[{"href":"https:\/\/babylove.se\/no\/wp-json\/wp\/v2\/types\/product"}],"replies":[{"embeddable":true,"href":"https:\/\/babylove.se\/no\/wp-json\/wp\/v2\/comments?post=1626"}],"wp:featuredmedia":[{"embeddable":true,"href":"https:\/\/babylove.se\/no\/wp-json\/wp\/v2\/media\/1628"}],"wp:attachment":[{"href":"https:\/\/babylove.se\/no\/wp-json\/wp\/v2\/media?parent=1626"}],"wp:term":[{"taxonomy":"product_brand","embeddable":true,"href":"https:\/\/babylove.se\/no\/wp-json\/wp\/v2\/product_brand?post=1626"},{"taxonomy":"product_cat","embeddable":true,"href":"https:\/\/babylove.se\/no\/wp-json\/wp\/v2\/product_cat?post=1626"},{"taxonomy":"product_tag","embeddable":true,"href":"https:\/\/babylove.se\/no\/wp-json\/wp\/v2\/product_tag?post=1626"}],"curies":[{"name":"wp","href":"https:\/\/api.w.org\/{rel}","templated":true}]}}