{"id":16645,"date":"2025-07-18T22:03:12","date_gmt":"2025-07-18T21:03:12","guid":{"rendered":"https:\/\/babylove.se\/produkt\/maileg-kladstallning-guld-med-3-guldgalgar\/"},"modified":"2026-04-08T09:07:58","modified_gmt":"2026-04-08T08:07:58","slug":"maileg-klesstativ-gull-med-3-gullboyler","status":"publish","type":"product","link":"https:\/\/babylove.se\/no\/produkt\/maileg-klesstativ-gull-med-3-gullboyler\/","title":{"rendered":"Maileg, Klestativ Gull med 3 gullhenger\u0435"},"content":{"rendered":"<p>Selvf\u00f8lgelig vil man henge frem dagens antrekk allerede kvelden f\u00f8r, p\u00e5 dette flotte kleshengeret blir det raskt virkelighet. <\/p>\n<p>Utrolig detaljrik produkt som er helt h\u00e5ndlaget av det popul\u00e6re selskapet Maileg. <\/p>\n<p>M\u00e5l:  H\u00f8yde 34 cm<br \/>\nAlder: Fra 3 \u00e5r.<br \/>\nMateriale: Metall. <\/p>\n<p>Designer: <a href=\"https:\/\/babylove.se\/varumarken\/maileg\">Maileg<\/a><\/p>\n","protected":false},"excerpt":{"rendered":"<p>Selvf\u00f8lgelig vil man henge frem dagens antrekk allerede kvelden f\u00f8r, p\u00e5 dette flotte kleshengeret blir det raskt virkelighet. Utrolig detaljrik produkt som er helt h\u00e5ndlaget av det popul\u00e6re selskapet Maileg. M\u00e5l: H\u00f8yde 34 cm Alder: Fra 3 \u00e5r. Materiale: Metall. Designer: Maileg<\/p>\n","protected":false},"featured_media":16647,"comment_status":"closed","ping_status":"closed","template":"","meta":{"_acf_changed":false},"product_brand":[662],"product_cat":[182,68,663],"product_tag":[],"class_list":{"0":"post-16645","1":"product","2":"type-product","3":"status-publish","4":"has-post-thumbnail","6":"product_brand-maileg","7":"product_cat-dockhusmobler","8":"product_cat-leker","9":"product_cat-maileg","11":"first","12":"outofstock","13":"taxable","14":"shipping-taxable","15":"purchasable","16":"product-type-simple"},"acf":[],"yoast_head":"<!-- This site is optimized with the Yoast SEO Premium plugin v25.8 (Yoast SEO v27.2) - https:\/\/yoast.com\/product\/yoast-seo-premium-wordpress\/ -->\n<title>Maileg, Klestativ Gull med 3 gullhenger\u0435 - Babylove Norska<\/title>\n<meta name=\"robots\" content=\"noindex, follow, max-snippet:-1, max-image-preview:large, max-video-preview:-1\" \/>\n<meta property=\"og:locale\" content=\"nb_NO\" \/>\n<meta property=\"og:type\" content=\"article\" \/>\n<meta property=\"og:title\" content=\"Maileg, Klestativ Gull med 3 gullhenger\u0435\" \/>\n<meta property=\"og:description\" content=\"Selvf\u00f8lgelig vil man henge frem dagens antrekk allerede kvelden f\u00f8r, p\u00e5 dette flotte kleshengeret blir det raskt virkelighet. Utrolig detaljrik produkt som er helt h\u00e5ndlaget av det popul\u00e6re selskapet Maileg. M\u00e5l: H\u00f8yde 34 cm Alder: Fra 3 \u00e5r. Materiale: Metall. Designer: Maileg\" \/>\n<meta property=\"og:url\" content=\"https:\/\/babylove.se\/no\/produkt\/maileg-klesstativ-gull-med-3-gullboyler\/\" \/>\n<meta property=\"og:site_name\" content=\"Babylove Norska\" \/>\n<meta property=\"article:modified_time\" content=\"2026-04-08T08:07:58+00:00\" \/>\n<meta property=\"og:image\" content=\"https:\/\/babylove.se\/no\/wp-content\/uploads\/sites\/3\/2025\/07\/5e1ec6ce7860c.jpeg\" \/>\n\t<meta property=\"og:image:width\" content=\"750\" \/>\n\t<meta property=\"og:image:height\" content=\"625\" \/>\n\t<meta property=\"og:image:type\" content=\"image\/jpeg\" \/>\n<meta name=\"twitter:card\" content=\"summary_large_image\" \/>\n<meta name=\"twitter:label1\" content=\"Price\" \/>\n\t<meta name=\"twitter:data1\" content=\"349,00&nbsp;&#107;&#114;\" \/>\n\t<meta name=\"twitter:label2\" content=\"Availability\" \/>\n\t<meta name=\"twitter:data2\" content=\"Out of stock\" \/>\n<script type=\"application\/ld+json\" class=\"yoast-schema-graph\">{\"@context\":\"https:\/\/schema.org\",\"@graph\":[{\"@type\":\"WebPage\",\"@id\":\"https:\/\/babylove.se\/no\/produkt\/maileg-klesstativ-gull-med-3-gullboyler\/\",\"url\":\"https:\/\/babylove.se\/no\/produkt\/maileg-klesstativ-gull-med-3-gullboyler\/\",\"name\":\"Maileg, Klestativ Gull med 3 gullhenger\u0435 - Babylove Norska\",\"isPartOf\":{\"@id\":\"https:\/\/babylove.se\/no\/#website\"},\"primaryImageOfPage\":{\"@id\":\"https:\/\/babylove.se\/no\/produkt\/maileg-klesstativ-gull-med-3-gullboyler\/#primaryimage\"},\"image\":{\"@id\":\"https:\/\/babylove.se\/no\/produkt\/maileg-klesstativ-gull-med-3-gullboyler\/#primaryimage\"},\"thumbnailUrl\":\"https:\/\/babylove.se\/no\/wp-content\/uploads\/sites\/3\/2025\/07\/5e1ec6ce7860c.jpeg\",\"datePublished\":\"2025-07-18T21:03:12+00:00\",\"dateModified\":\"2026-04-08T08:07:58+00:00\",\"breadcrumb\":{\"@id\":\"https:\/\/babylove.se\/no\/produkt\/maileg-klesstativ-gull-med-3-gullboyler\/#breadcrumb\"},\"inLanguage\":\"nb-NO\",\"potentialAction\":[{\"@type\":\"ReadAction\",\"target\":[\"https:\/\/babylove.se\/no\/produkt\/maileg-klesstativ-gull-med-3-gullboyler\/\"]}]},{\"@type\":\"ImageObject\",\"inLanguage\":\"nb-NO\",\"@id\":\"https:\/\/babylove.se\/no\/produkt\/maileg-klesstativ-gull-med-3-gullboyler\/#primaryimage\",\"url\":\"https:\/\/babylove.se\/no\/wp-content\/uploads\/sites\/3\/2025\/07\/5e1ec6ce7860c.jpeg\",\"contentUrl\":\"https:\/\/babylove.se\/no\/wp-content\/uploads\/sites\/3\/2025\/07\/5e1ec6ce7860c.jpeg\",\"width\":750,\"height\":625},{\"@type\":\"BreadcrumbList\",\"@id\":\"https:\/\/babylove.se\/no\/produkt\/maileg-klesstativ-gull-med-3-gullboyler\/#breadcrumb\",\"itemListElement\":[{\"@type\":\"ListItem\",\"position\":1,\"name\":\"Hem\",\"item\":\"https:\/\/babylove.se\/no\/\"},{\"@type\":\"ListItem\",\"position\":2,\"name\":\"Butik\",\"item\":\"https:\/\/babylove.se\/no\/butik\/\"},{\"@type\":\"ListItem\",\"position\":3,\"name\":\"Maileg, Klestativ Gull med 3 gullhenger\u0435\"}]},{\"@type\":\"WebSite\",\"@id\":\"https:\/\/babylove.se\/no\/#website\",\"url\":\"https:\/\/babylove.se\/no\/\",\"name\":\"Babylove Norska\",\"description\":\"\",\"potentialAction\":[{\"@type\":\"SearchAction\",\"target\":{\"@type\":\"EntryPoint\",\"urlTemplate\":\"https:\/\/babylove.se\/no\/?s={search_term_string}\"},\"query-input\":{\"@type\":\"PropertyValueSpecification\",\"valueRequired\":true,\"valueName\":\"search_term_string\"}}],\"inLanguage\":\"nb-NO\"}]}<\/script>\n<meta property=\"product:brand\" content=\"Maileg\" \/>\n<meta property=\"product:price:amount\" content=\"349.00\" \/>\n<meta property=\"product:price:currency\" content=\"SEK\" \/>\n<meta property=\"og:availability\" content=\"out of stock\" \/>\n<meta property=\"product:availability\" content=\"out of stock\" \/>\n<meta property=\"product:retailer_item_id\" content=\"11-7211-05\" \/>\n<meta property=\"product:condition\" content=\"new\" \/>\n<!-- \/ Yoast SEO Premium plugin. -->","yoast_head_json":{"title":"Maileg, Klestativ Gull med 3 gullhenger\u0435 - Babylove Norska","robots":{"index":"noindex","follow":"follow","max-snippet":"max-snippet:-1","max-image-preview":"max-image-preview:large","max-video-preview":"max-video-preview:-1"},"og_locale":"nb_NO","og_type":"article","og_title":"Maileg, Klestativ Gull med 3 gullhenger\u0435","og_description":"Selvf\u00f8lgelig vil man henge frem dagens antrekk allerede kvelden f\u00f8r, p\u00e5 dette flotte kleshengeret blir det raskt virkelighet. Utrolig detaljrik produkt som er helt h\u00e5ndlaget av det popul\u00e6re selskapet Maileg. M\u00e5l: H\u00f8yde 34 cm Alder: Fra 3 \u00e5r. Materiale: Metall. Designer: Maileg","og_url":"https:\/\/babylove.se\/no\/produkt\/maileg-klesstativ-gull-med-3-gullboyler\/","og_site_name":"Babylove Norska","article_modified_time":"2026-04-08T08:07:58+00:00","og_image":[{"width":750,"height":625,"url":"https:\/\/babylove.se\/no\/wp-content\/uploads\/sites\/3\/2025\/07\/5e1ec6ce7860c.jpeg","type":"image\/jpeg"}],"twitter_card":"summary_large_image","twitter_misc":{"Price":"349,00&nbsp;&#107;&#114;","Availability":"Out of stock"},"schema":{"@context":"https:\/\/schema.org","@graph":[{"@type":"WebPage","@id":"https:\/\/babylove.se\/no\/produkt\/maileg-klesstativ-gull-med-3-gullboyler\/","url":"https:\/\/babylove.se\/no\/produkt\/maileg-klesstativ-gull-med-3-gullboyler\/","name":"Maileg, Klestativ Gull med 3 gullhenger\u0435 - Babylove Norska","isPartOf":{"@id":"https:\/\/babylove.se\/no\/#website"},"primaryImageOfPage":{"@id":"https:\/\/babylove.se\/no\/produkt\/maileg-klesstativ-gull-med-3-gullboyler\/#primaryimage"},"image":{"@id":"https:\/\/babylove.se\/no\/produkt\/maileg-klesstativ-gull-med-3-gullboyler\/#primaryimage"},"thumbnailUrl":"https:\/\/babylove.se\/no\/wp-content\/uploads\/sites\/3\/2025\/07\/5e1ec6ce7860c.jpeg","datePublished":"2025-07-18T21:03:12+00:00","dateModified":"2026-04-08T08:07:58+00:00","breadcrumb":{"@id":"https:\/\/babylove.se\/no\/produkt\/maileg-klesstativ-gull-med-3-gullboyler\/#breadcrumb"},"inLanguage":"nb-NO","potentialAction":[{"@type":"ReadAction","target":["https:\/\/babylove.se\/no\/produkt\/maileg-klesstativ-gull-med-3-gullboyler\/"]}]},{"@type":"ImageObject","inLanguage":"nb-NO","@id":"https:\/\/babylove.se\/no\/produkt\/maileg-klesstativ-gull-med-3-gullboyler\/#primaryimage","url":"https:\/\/babylove.se\/no\/wp-content\/uploads\/sites\/3\/2025\/07\/5e1ec6ce7860c.jpeg","contentUrl":"https:\/\/babylove.se\/no\/wp-content\/uploads\/sites\/3\/2025\/07\/5e1ec6ce7860c.jpeg","width":750,"height":625},{"@type":"BreadcrumbList","@id":"https:\/\/babylove.se\/no\/produkt\/maileg-klesstativ-gull-med-3-gullboyler\/#breadcrumb","itemListElement":[{"@type":"ListItem","position":1,"name":"Hem","item":"https:\/\/babylove.se\/no\/"},{"@type":"ListItem","position":2,"name":"Butik","item":"https:\/\/babylove.se\/no\/butik\/"},{"@type":"ListItem","position":3,"name":"Maileg, Klestativ Gull med 3 gullhenger\u0435"}]},{"@type":"WebSite","@id":"https:\/\/babylove.se\/no\/#website","url":"https:\/\/babylove.se\/no\/","name":"Babylove Norska","description":"","potentialAction":[{"@type":"SearchAction","target":{"@type":"EntryPoint","urlTemplate":"https:\/\/babylove.se\/no\/?s={search_term_string}"},"query-input":{"@type":"PropertyValueSpecification","valueRequired":true,"valueName":"search_term_string"}}],"inLanguage":"nb-NO"}]},"product_brand":"Maileg","product_price_amount":"349.00","product_price_currency":"SEK","og_availability":"out of stock","product_availability":"out of stock","product_retailer_item_id":"11-7211-05","product_condition":"new"},"_links":{"self":[{"href":"https:\/\/babylove.se\/no\/wp-json\/wp\/v2\/product\/16645","targetHints":{"allow":["GET"]}}],"collection":[{"href":"https:\/\/babylove.se\/no\/wp-json\/wp\/v2\/product"}],"about":[{"href":"https:\/\/babylove.se\/no\/wp-json\/wp\/v2\/types\/product"}],"replies":[{"embeddable":true,"href":"https:\/\/babylove.se\/no\/wp-json\/wp\/v2\/comments?post=16645"}],"wp:featuredmedia":[{"embeddable":true,"href":"https:\/\/babylove.se\/no\/wp-json\/wp\/v2\/media\/16647"}],"wp:attachment":[{"href":"https:\/\/babylove.se\/no\/wp-json\/wp\/v2\/media?parent=16645"}],"wp:term":[{"taxonomy":"product_brand","embeddable":true,"href":"https:\/\/babylove.se\/no\/wp-json\/wp\/v2\/product_brand?post=16645"},{"taxonomy":"product_cat","embeddable":true,"href":"https:\/\/babylove.se\/no\/wp-json\/wp\/v2\/product_cat?post=16645"},{"taxonomy":"product_tag","embeddable":true,"href":"https:\/\/babylove.se\/no\/wp-json\/wp\/v2\/product_tag?post=16645"}],"curies":[{"name":"wp","href":"https:\/\/api.w.org\/{rel}","templated":true}]}}