{"id":1665,"date":"2025-07-18T20:03:37","date_gmt":"2025-07-18T19:03:37","guid":{"rendered":"https:\/\/babylove.se\/produkt\/mint-velour-kudde-till-barnrummet-yosoy\/"},"modified":"2026-04-08T07:43:47","modified_gmt":"2026-04-08T06:43:47","slug":"mint-floyel-pute-til-barnerommet-yosoy","status":"publish","type":"product","link":"https:\/\/babylove.se\/no\/produkt\/mint-floyel-pute-til-barnerommet-yosoy\/","title":{"rendered":"Mint fl\u00f8yel pute til barnerommet, YOSOY"},"content":{"rendered":"<p>Vakre og stilrene <strong>puter&nbsp;<\/strong>som gir en fantastisk karakter til barnerommet eller til finrommet.&nbsp;<\/p>\n<p><strong>Puten&nbsp;<\/strong>passer perfekt p\u00e5 en seng eller sofa. <strong>Putene&nbsp;<\/strong>er utformet i en glamor\u00f8s og luksuri\u00f8s stil.&nbsp;<\/p>\n<p>Med dekorasjoner som &#8220;Tassels&#8221; i hvert hj\u00f8rne og gj\u00f8r at puten passer og er popul\u00e6r hos b\u00e5de barn og voksne.&nbsp;<\/p>\n<p>Puten finnes i tre forskjellige farger: gr\u00e5, mint eller rosa.<\/p>\n<p>&nbsp;Foruten den fine utformingen, har puten ogs\u00e5 fordelen av \u00e5 v\u00e6re multifunksjonell. Den er meget behagelig da mengden fyll er n\u00f8ye avveiet for beste komfort. Det gj\u00f8r at puten b\u00e5de har en vakker form samtidig som den garanterer en deilig hvile. Selv de yngste kan sove p\u00e5 den uten problemer. &nbsp;Vi vet at puten tiltaler b\u00e5de <strong>barn&nbsp;<\/strong>og deres foreldre, siden den er b\u00e5de sv\u00e6rt myk og fluffy. Fyllet best\u00e5r av silikon-kuler som gir puten en perfekt ventilasjon. Dessuten er puten selvf\u00f8lgelig anti-allergen.&nbsp;<\/p>\n<p>En perfekt <strong>gave&nbsp;<\/strong>til mange forskjellige anledninger.&nbsp;<\/p>\n<p><strong>M\u00e5l<\/strong>: H\u00f8yde 35 cm og bredde 35 cm.&nbsp;<\/p>\n<p><strong>Materiale<\/strong>: 80% myk bomullsvelour og 20 % polyester. OEKO-TEX 10<\/p>\n","protected":false},"excerpt":{"rendered":"<p>Vakre og stilrene puter&nbsp;som gir en fantastisk karakter til barnerommet eller til finrommet.&nbsp; Puten&nbsp;passer perfekt p\u00e5 en seng eller sofa. Putene&nbsp;er utformet i en glamor\u00f8s og luksuri\u00f8s stil.&nbsp; Med dekorasjoner som &#8220;Tassels&#8221; i hvert hj\u00f8rne og gj\u00f8r at puten passer og er popul\u00e6r hos b\u00e5de barn og voksne.&nbsp; Puten finnes i tre forskjellige farger: gr\u00e5, [&hellip;]<\/p>\n","protected":false},"featured_media":1667,"comment_status":"closed","ping_status":"open","template":"","meta":{"_acf_changed":false},"product_brand":[115],"product_cat":[105,40,293],"product_tag":[],"class_list":{"0":"post-1665","1":"product","2":"type-product","3":"status-publish","4":"has-post-thumbnail","6":"product_brand-yosoy","7":"product_cat-puter","8":"product_cat-soverom-barn","9":"product_cat-tekstiler","11":"first","12":"outofstock","13":"taxable","14":"shipping-taxable","15":"purchasable","16":"product-type-simple"},"acf":[],"yoast_head":"<!-- This site is optimized with the Yoast SEO Premium plugin v25.8 (Yoast SEO v27.2) - https:\/\/yoast.com\/product\/yoast-seo-premium-wordpress\/ -->\n<title>Mint fl\u00f8yel pute til barnerommet, YOSOY - Babylove Norska<\/title>\n<meta name=\"robots\" content=\"noindex, follow, max-snippet:-1, max-image-preview:large, max-video-preview:-1\" \/>\n<meta property=\"og:locale\" content=\"nb_NO\" \/>\n<meta property=\"og:type\" content=\"article\" \/>\n<meta property=\"og:title\" content=\"Mint fl\u00f8yel pute til barnerommet, YOSOY\" \/>\n<meta property=\"og:description\" content=\"Vakre og stilrene puter&nbsp;som gir en fantastisk karakter til barnerommet eller til finrommet.&nbsp; Puten&nbsp;passer perfekt p\u00e5 en seng eller sofa. Putene&nbsp;er utformet i en glamor\u00f8s og luksuri\u00f8s stil.&nbsp; Med dekorasjoner som &#8220;Tassels&#8221; i hvert hj\u00f8rne og gj\u00f8r at puten passer og er popul\u00e6r hos b\u00e5de barn og voksne.&nbsp; Puten finnes i tre forskjellige farger: gr\u00e5, [&hellip;]\" \/>\n<meta property=\"og:url\" content=\"https:\/\/babylove.se\/no\/produkt\/mint-floyel-pute-til-barnerommet-yosoy\/\" \/>\n<meta property=\"og:site_name\" content=\"Babylove Norska\" \/>\n<meta property=\"article:modified_time\" content=\"2026-04-08T06:43:47+00:00\" \/>\n<meta property=\"og:image\" content=\"https:\/\/babylove.se\/no\/wp-content\/uploads\/sites\/3\/2025\/07\/147500405257eac4f0d4779.jpeg\" \/>\n\t<meta property=\"og:image:width\" content=\"750\" \/>\n\t<meta property=\"og:image:height\" content=\"750\" \/>\n\t<meta property=\"og:image:type\" content=\"image\/jpeg\" \/>\n<meta name=\"twitter:card\" content=\"summary_large_image\" \/>\n<meta name=\"twitter:label1\" content=\"Price\" \/>\n\t<meta name=\"twitter:data1\" content=\"199,00&nbsp;&#107;&#114;\" \/>\n\t<meta name=\"twitter:label2\" content=\"Availability\" \/>\n\t<meta name=\"twitter:data2\" content=\"Out of stock\" \/>\n<script type=\"application\/ld+json\" class=\"yoast-schema-graph\">{\"@context\":\"https:\/\/schema.org\",\"@graph\":[{\"@type\":\"WebPage\",\"@id\":\"https:\/\/babylove.se\/no\/produkt\/mint-floyel-pute-til-barnerommet-yosoy\/\",\"url\":\"https:\/\/babylove.se\/no\/produkt\/mint-floyel-pute-til-barnerommet-yosoy\/\",\"name\":\"Mint fl\u00f8yel pute til barnerommet, YOSOY - Babylove Norska\",\"isPartOf\":{\"@id\":\"https:\/\/babylove.se\/no\/#website\"},\"primaryImageOfPage\":{\"@id\":\"https:\/\/babylove.se\/no\/produkt\/mint-floyel-pute-til-barnerommet-yosoy\/#primaryimage\"},\"image\":{\"@id\":\"https:\/\/babylove.se\/no\/produkt\/mint-floyel-pute-til-barnerommet-yosoy\/#primaryimage\"},\"thumbnailUrl\":\"https:\/\/babylove.se\/no\/wp-content\/uploads\/sites\/3\/2025\/07\/147500405257eac4f0d4779.jpeg\",\"datePublished\":\"2025-07-18T19:03:37+00:00\",\"dateModified\":\"2026-04-08T06:43:47+00:00\",\"breadcrumb\":{\"@id\":\"https:\/\/babylove.se\/no\/produkt\/mint-floyel-pute-til-barnerommet-yosoy\/#breadcrumb\"},\"inLanguage\":\"nb-NO\",\"potentialAction\":[{\"@type\":\"ReadAction\",\"target\":[\"https:\/\/babylove.se\/no\/produkt\/mint-floyel-pute-til-barnerommet-yosoy\/\"]}]},{\"@type\":\"ImageObject\",\"inLanguage\":\"nb-NO\",\"@id\":\"https:\/\/babylove.se\/no\/produkt\/mint-floyel-pute-til-barnerommet-yosoy\/#primaryimage\",\"url\":\"https:\/\/babylove.se\/no\/wp-content\/uploads\/sites\/3\/2025\/07\/147500405257eac4f0d4779.jpeg\",\"contentUrl\":\"https:\/\/babylove.se\/no\/wp-content\/uploads\/sites\/3\/2025\/07\/147500405257eac4f0d4779.jpeg\",\"width\":750,\"height\":750},{\"@type\":\"BreadcrumbList\",\"@id\":\"https:\/\/babylove.se\/no\/produkt\/mint-floyel-pute-til-barnerommet-yosoy\/#breadcrumb\",\"itemListElement\":[{\"@type\":\"ListItem\",\"position\":1,\"name\":\"Hem\",\"item\":\"https:\/\/babylove.se\/no\/\"},{\"@type\":\"ListItem\",\"position\":2,\"name\":\"Butik\",\"item\":\"https:\/\/babylove.se\/no\/butik\/\"},{\"@type\":\"ListItem\",\"position\":3,\"name\":\"Mint fl\u00f8yel pute til barnerommet, YOSOY\"}]},{\"@type\":\"WebSite\",\"@id\":\"https:\/\/babylove.se\/no\/#website\",\"url\":\"https:\/\/babylove.se\/no\/\",\"name\":\"Babylove Norska\",\"description\":\"\",\"potentialAction\":[{\"@type\":\"SearchAction\",\"target\":{\"@type\":\"EntryPoint\",\"urlTemplate\":\"https:\/\/babylove.se\/no\/?s={search_term_string}\"},\"query-input\":{\"@type\":\"PropertyValueSpecification\",\"valueRequired\":true,\"valueName\":\"search_term_string\"}}],\"inLanguage\":\"nb-NO\"}]}<\/script>\n<meta property=\"product:brand\" content=\"Yosoy\" \/>\n<meta property=\"product:price:amount\" content=\"199.00\" \/>\n<meta property=\"product:price:currency\" content=\"SEK\" \/>\n<meta property=\"og:availability\" content=\"out of stock\" \/>\n<meta property=\"product:availability\" content=\"out of stock\" \/>\n<meta property=\"product:retailer_item_id\" content=\"YO009\" \/>\n<meta property=\"product:condition\" content=\"new\" \/>\n<!-- \/ Yoast SEO Premium plugin. -->","yoast_head_json":{"title":"Mint fl\u00f8yel pute til barnerommet, YOSOY - Babylove Norska","robots":{"index":"noindex","follow":"follow","max-snippet":"max-snippet:-1","max-image-preview":"max-image-preview:large","max-video-preview":"max-video-preview:-1"},"og_locale":"nb_NO","og_type":"article","og_title":"Mint fl\u00f8yel pute til barnerommet, YOSOY","og_description":"Vakre og stilrene puter&nbsp;som gir en fantastisk karakter til barnerommet eller til finrommet.&nbsp; Puten&nbsp;passer perfekt p\u00e5 en seng eller sofa. Putene&nbsp;er utformet i en glamor\u00f8s og luksuri\u00f8s stil.&nbsp; Med dekorasjoner som &#8220;Tassels&#8221; i hvert hj\u00f8rne og gj\u00f8r at puten passer og er popul\u00e6r hos b\u00e5de barn og voksne.&nbsp; Puten finnes i tre forskjellige farger: gr\u00e5, [&hellip;]","og_url":"https:\/\/babylove.se\/no\/produkt\/mint-floyel-pute-til-barnerommet-yosoy\/","og_site_name":"Babylove Norska","article_modified_time":"2026-04-08T06:43:47+00:00","og_image":[{"width":750,"height":750,"url":"https:\/\/babylove.se\/no\/wp-content\/uploads\/sites\/3\/2025\/07\/147500405257eac4f0d4779.jpeg","type":"image\/jpeg"}],"twitter_card":"summary_large_image","twitter_misc":{"Price":"199,00&nbsp;&#107;&#114;","Availability":"Out of stock"},"schema":{"@context":"https:\/\/schema.org","@graph":[{"@type":"WebPage","@id":"https:\/\/babylove.se\/no\/produkt\/mint-floyel-pute-til-barnerommet-yosoy\/","url":"https:\/\/babylove.se\/no\/produkt\/mint-floyel-pute-til-barnerommet-yosoy\/","name":"Mint fl\u00f8yel pute til barnerommet, YOSOY - Babylove Norska","isPartOf":{"@id":"https:\/\/babylove.se\/no\/#website"},"primaryImageOfPage":{"@id":"https:\/\/babylove.se\/no\/produkt\/mint-floyel-pute-til-barnerommet-yosoy\/#primaryimage"},"image":{"@id":"https:\/\/babylove.se\/no\/produkt\/mint-floyel-pute-til-barnerommet-yosoy\/#primaryimage"},"thumbnailUrl":"https:\/\/babylove.se\/no\/wp-content\/uploads\/sites\/3\/2025\/07\/147500405257eac4f0d4779.jpeg","datePublished":"2025-07-18T19:03:37+00:00","dateModified":"2026-04-08T06:43:47+00:00","breadcrumb":{"@id":"https:\/\/babylove.se\/no\/produkt\/mint-floyel-pute-til-barnerommet-yosoy\/#breadcrumb"},"inLanguage":"nb-NO","potentialAction":[{"@type":"ReadAction","target":["https:\/\/babylove.se\/no\/produkt\/mint-floyel-pute-til-barnerommet-yosoy\/"]}]},{"@type":"ImageObject","inLanguage":"nb-NO","@id":"https:\/\/babylove.se\/no\/produkt\/mint-floyel-pute-til-barnerommet-yosoy\/#primaryimage","url":"https:\/\/babylove.se\/no\/wp-content\/uploads\/sites\/3\/2025\/07\/147500405257eac4f0d4779.jpeg","contentUrl":"https:\/\/babylove.se\/no\/wp-content\/uploads\/sites\/3\/2025\/07\/147500405257eac4f0d4779.jpeg","width":750,"height":750},{"@type":"BreadcrumbList","@id":"https:\/\/babylove.se\/no\/produkt\/mint-floyel-pute-til-barnerommet-yosoy\/#breadcrumb","itemListElement":[{"@type":"ListItem","position":1,"name":"Hem","item":"https:\/\/babylove.se\/no\/"},{"@type":"ListItem","position":2,"name":"Butik","item":"https:\/\/babylove.se\/no\/butik\/"},{"@type":"ListItem","position":3,"name":"Mint fl\u00f8yel pute til barnerommet, YOSOY"}]},{"@type":"WebSite","@id":"https:\/\/babylove.se\/no\/#website","url":"https:\/\/babylove.se\/no\/","name":"Babylove Norska","description":"","potentialAction":[{"@type":"SearchAction","target":{"@type":"EntryPoint","urlTemplate":"https:\/\/babylove.se\/no\/?s={search_term_string}"},"query-input":{"@type":"PropertyValueSpecification","valueRequired":true,"valueName":"search_term_string"}}],"inLanguage":"nb-NO"}]},"product_brand":"Yosoy","product_price_amount":"199.00","product_price_currency":"SEK","og_availability":"out of stock","product_availability":"out of stock","product_retailer_item_id":"YO009","product_condition":"new"},"_links":{"self":[{"href":"https:\/\/babylove.se\/no\/wp-json\/wp\/v2\/product\/1665","targetHints":{"allow":["GET"]}}],"collection":[{"href":"https:\/\/babylove.se\/no\/wp-json\/wp\/v2\/product"}],"about":[{"href":"https:\/\/babylove.se\/no\/wp-json\/wp\/v2\/types\/product"}],"replies":[{"embeddable":true,"href":"https:\/\/babylove.se\/no\/wp-json\/wp\/v2\/comments?post=1665"}],"wp:featuredmedia":[{"embeddable":true,"href":"https:\/\/babylove.se\/no\/wp-json\/wp\/v2\/media\/1667"}],"wp:attachment":[{"href":"https:\/\/babylove.se\/no\/wp-json\/wp\/v2\/media?parent=1665"}],"wp:term":[{"taxonomy":"product_brand","embeddable":true,"href":"https:\/\/babylove.se\/no\/wp-json\/wp\/v2\/product_brand?post=1665"},{"taxonomy":"product_cat","embeddable":true,"href":"https:\/\/babylove.se\/no\/wp-json\/wp\/v2\/product_cat?post=1665"},{"taxonomy":"product_tag","embeddable":true,"href":"https:\/\/babylove.se\/no\/wp-json\/wp\/v2\/product_tag?post=1665"}],"curies":[{"name":"wp","href":"https:\/\/api.w.org\/{rel}","templated":true}]}}