{"id":16656,"date":"2025-07-18T22:03:12","date_gmt":"2025-07-18T21:03:12","guid":{"rendered":"https:\/\/babylove.se\/produkt\/natur-loftsang-med-skrivbord-90x200\/"},"modified":"2026-04-08T09:08:07","modified_gmt":"2026-04-08T08:08:07","slug":"natur-loftseng-med-skrivebord-90x200","status":"publish","type":"product","link":"https:\/\/babylove.se\/no\/produkt\/natur-loftseng-med-skrivebord-90x200\/","title":{"rendered":"Natur h\u00f8yseng med skrivebord, 90&#215;200"},"content":{"rendered":"<p>Denne fantastiske loftsengen laget av furutre, er b\u00e5de praktisk og vidunderlig vakker p\u00e5 barnerommet. Loftssengenes design er laget p\u00e5 en slik m\u00e5te at den passer inn i de aller fleste typer rom og stiler. Uansett om du har et stilrent rom eller bruker forskjellige lekne farger. De avrundede beina og kantene gir loftssengen en unik karakter.&nbsp;<\/p>\n<p>P\u00e5 nedre del finner du et smart skrivebord som gj\u00f8r at du kan utnytte plassen p\u00e5 barnerommet p\u00e5 en meget praktisk m\u00e5te. Sengen er enkel \u00e5 montere sammen, men er likevel stabil takket v\u00e6re beina i massivt tre. Loftssengen kommer lakket i naturfarge.<\/p>\n<p><span data-mce-mark=\"1\"><strong><span data-mce-mark=\"1\">Materiale<\/span><\/strong><\/span><\/p>\n<ul>\n<li>Furutre&nbsp;<\/li>\n<\/ul>\n<p><strong>M\u00e5l<\/strong><\/p>\n<ul>\n<li>Sengem\u00e5l: 90 x 200 cm. Madrass inng\u00e5r ikke, men ta gjerne en titt i v\u00e5rt store madrassutvalg. Vi anbefaler en skummadrass med tykkelse p\u00e5 ca 10-12 cm.<\/li>\n<li>Ytterm\u00e5l (B x L x H): 96 x 206 x 174,5 cm<\/li>\n<li>H\u00f8yde under sengen: Lekeh\u00f8yde 139 cm<\/li>\n<li>Stige kan monteres p\u00e5 en valgfri side<\/li>\n<\/ul>\n<p><em><em><em><em><em>Obs! Sengen leveres umontert og b\u00f8r settes sammen i rommet den skal brukes i.<\/em><\/em><\/em><\/em><\/em><\/p>\n","protected":false},"excerpt":{"rendered":"<p>Denne fantastiske loftsengen laget av furutre, er b\u00e5de praktisk og vidunderlig vakker p\u00e5 barnerommet. Loftssengenes design er laget p\u00e5 en slik m\u00e5te at den passer inn i de aller fleste typer rom og stiler. Uansett om du har et stilrent rom eller bruker forskjellige lekne farger. De avrundede beina og kantene gir loftssengen en unik [&hellip;]<\/p>\n","protected":false},"featured_media":16658,"comment_status":"closed","ping_status":"open","template":"","meta":{"_acf_changed":false},"product_brand":[671],"product_cat":[672,385,280,40],"product_tag":[1689],"class_list":{"0":"post-16656","1":"product","2":"type-product","3":"status-publish","4":"has-post-thumbnail","6":"product_brand-homestyle4u","7":"product_cat-hm","8":"product_cat-koyesenger-loftsenger","9":"product_cat-senger-med-rask-levering","10":"product_cat-soverom-barn","11":"product_tag-bestillingsvaror","13":"first","14":"instock","15":"taxable","16":"shipping-taxable","17":"purchasable","18":"product-type-simple"},"acf":[],"yoast_head":"<!-- This site is optimized with the Yoast SEO Premium plugin v25.8 (Yoast SEO v27.2) - https:\/\/yoast.com\/product\/yoast-seo-premium-wordpress\/ -->\n<title>Natur h\u00f8yseng med skrivebord, 90x200 - Babylove Norska<\/title>\n<meta name=\"robots\" content=\"noindex, follow, max-snippet:-1, max-image-preview:large, max-video-preview:-1\" \/>\n<meta property=\"og:locale\" content=\"nb_NO\" \/>\n<meta property=\"og:type\" content=\"article\" \/>\n<meta property=\"og:title\" content=\"Natur h\u00f8yseng med skrivebord, 90x200\" \/>\n<meta property=\"og:description\" content=\"Denne fantastiske loftsengen laget av furutre, er b\u00e5de praktisk og vidunderlig vakker p\u00e5 barnerommet. Loftssengenes design er laget p\u00e5 en slik m\u00e5te at den passer inn i de aller fleste typer rom og stiler. Uansett om du har et stilrent rom eller bruker forskjellige lekne farger. De avrundede beina og kantene gir loftssengen en unik [&hellip;]\" \/>\n<meta property=\"og:url\" content=\"https:\/\/babylove.se\/no\/produkt\/natur-loftseng-med-skrivebord-90x200\/\" \/>\n<meta property=\"og:site_name\" content=\"Babylove Norska\" \/>\n<meta property=\"article:modified_time\" content=\"2026-04-08T08:08:07+00:00\" \/>\n<meta property=\"og:image\" content=\"https:\/\/babylove.se\/no\/wp-content\/uploads\/sites\/3\/2025\/07\/5e1f78e3592e1.jpeg\" \/>\n\t<meta property=\"og:image:width\" content=\"750\" \/>\n\t<meta property=\"og:image:height\" content=\"750\" \/>\n\t<meta property=\"og:image:type\" content=\"image\/jpeg\" \/>\n<meta name=\"twitter:card\" content=\"summary_large_image\" \/>\n<meta name=\"twitter:label1\" content=\"Price\" \/>\n\t<meta name=\"twitter:data1\" content=\"3 999,00&nbsp;&#107;&#114;\" \/>\n\t<meta name=\"twitter:label2\" content=\"Availability\" \/>\n\t<meta name=\"twitter:data2\" content=\"In stock\" \/>\n<script type=\"application\/ld+json\" class=\"yoast-schema-graph\">{\"@context\":\"https:\/\/schema.org\",\"@graph\":[{\"@type\":\"WebPage\",\"@id\":\"https:\/\/babylove.se\/no\/produkt\/natur-loftseng-med-skrivebord-90x200\/\",\"url\":\"https:\/\/babylove.se\/no\/produkt\/natur-loftseng-med-skrivebord-90x200\/\",\"name\":\"Natur h\u00f8yseng med skrivebord, 90x200 - Babylove Norska\",\"isPartOf\":{\"@id\":\"https:\/\/babylove.se\/no\/#website\"},\"primaryImageOfPage\":{\"@id\":\"https:\/\/babylove.se\/no\/produkt\/natur-loftseng-med-skrivebord-90x200\/#primaryimage\"},\"image\":{\"@id\":\"https:\/\/babylove.se\/no\/produkt\/natur-loftseng-med-skrivebord-90x200\/#primaryimage\"},\"thumbnailUrl\":\"https:\/\/babylove.se\/no\/wp-content\/uploads\/sites\/3\/2025\/07\/5e1f78e3592e1.jpeg\",\"datePublished\":\"2025-07-18T21:03:12+00:00\",\"dateModified\":\"2026-04-08T08:08:07+00:00\",\"breadcrumb\":{\"@id\":\"https:\/\/babylove.se\/no\/produkt\/natur-loftseng-med-skrivebord-90x200\/#breadcrumb\"},\"inLanguage\":\"nb-NO\",\"potentialAction\":[{\"@type\":\"ReadAction\",\"target\":[\"https:\/\/babylove.se\/no\/produkt\/natur-loftseng-med-skrivebord-90x200\/\"]}]},{\"@type\":\"ImageObject\",\"inLanguage\":\"nb-NO\",\"@id\":\"https:\/\/babylove.se\/no\/produkt\/natur-loftseng-med-skrivebord-90x200\/#primaryimage\",\"url\":\"https:\/\/babylove.se\/no\/wp-content\/uploads\/sites\/3\/2025\/07\/5e1f78e3592e1.jpeg\",\"contentUrl\":\"https:\/\/babylove.se\/no\/wp-content\/uploads\/sites\/3\/2025\/07\/5e1f78e3592e1.jpeg\",\"width\":750,\"height\":750},{\"@type\":\"BreadcrumbList\",\"@id\":\"https:\/\/babylove.se\/no\/produkt\/natur-loftseng-med-skrivebord-90x200\/#breadcrumb\",\"itemListElement\":[{\"@type\":\"ListItem\",\"position\":1,\"name\":\"Hem\",\"item\":\"https:\/\/babylove.se\/no\/\"},{\"@type\":\"ListItem\",\"position\":2,\"name\":\"Butik\",\"item\":\"https:\/\/babylove.se\/no\/butik\/\"},{\"@type\":\"ListItem\",\"position\":3,\"name\":\"Natur h\u00f8yseng med skrivebord, 90&#215;200\"}]},{\"@type\":\"WebSite\",\"@id\":\"https:\/\/babylove.se\/no\/#website\",\"url\":\"https:\/\/babylove.se\/no\/\",\"name\":\"Babylove Norska\",\"description\":\"\",\"potentialAction\":[{\"@type\":\"SearchAction\",\"target\":{\"@type\":\"EntryPoint\",\"urlTemplate\":\"https:\/\/babylove.se\/no\/?s={search_term_string}\"},\"query-input\":{\"@type\":\"PropertyValueSpecification\",\"valueRequired\":true,\"valueName\":\"search_term_string\"}}],\"inLanguage\":\"nb-NO\"}]}<\/script>\n<meta property=\"product:brand\" content=\"Homestyle4u\" \/>\n<meta property=\"product:price:amount\" content=\"3999.00\" \/>\n<meta property=\"product:price:currency\" content=\"SEK\" \/>\n<meta property=\"og:availability\" content=\"instock\" \/>\n<meta property=\"product:availability\" content=\"instock\" \/>\n<meta property=\"product:retailer_item_id\" content=\"1930\" \/>\n<meta property=\"product:condition\" content=\"new\" \/>\n<!-- \/ Yoast SEO Premium plugin. -->","yoast_head_json":{"title":"Natur h\u00f8yseng med skrivebord, 90x200 - Babylove Norska","robots":{"index":"noindex","follow":"follow","max-snippet":"max-snippet:-1","max-image-preview":"max-image-preview:large","max-video-preview":"max-video-preview:-1"},"og_locale":"nb_NO","og_type":"article","og_title":"Natur h\u00f8yseng med skrivebord, 90x200","og_description":"Denne fantastiske loftsengen laget av furutre, er b\u00e5de praktisk og vidunderlig vakker p\u00e5 barnerommet. Loftssengenes design er laget p\u00e5 en slik m\u00e5te at den passer inn i de aller fleste typer rom og stiler. Uansett om du har et stilrent rom eller bruker forskjellige lekne farger. De avrundede beina og kantene gir loftssengen en unik [&hellip;]","og_url":"https:\/\/babylove.se\/no\/produkt\/natur-loftseng-med-skrivebord-90x200\/","og_site_name":"Babylove Norska","article_modified_time":"2026-04-08T08:08:07+00:00","og_image":[{"width":750,"height":750,"url":"https:\/\/babylove.se\/no\/wp-content\/uploads\/sites\/3\/2025\/07\/5e1f78e3592e1.jpeg","type":"image\/jpeg"}],"twitter_card":"summary_large_image","twitter_misc":{"Price":"3 999,00&nbsp;&#107;&#114;","Availability":"In stock"},"schema":{"@context":"https:\/\/schema.org","@graph":[{"@type":"WebPage","@id":"https:\/\/babylove.se\/no\/produkt\/natur-loftseng-med-skrivebord-90x200\/","url":"https:\/\/babylove.se\/no\/produkt\/natur-loftseng-med-skrivebord-90x200\/","name":"Natur h\u00f8yseng med skrivebord, 90x200 - Babylove Norska","isPartOf":{"@id":"https:\/\/babylove.se\/no\/#website"},"primaryImageOfPage":{"@id":"https:\/\/babylove.se\/no\/produkt\/natur-loftseng-med-skrivebord-90x200\/#primaryimage"},"image":{"@id":"https:\/\/babylove.se\/no\/produkt\/natur-loftseng-med-skrivebord-90x200\/#primaryimage"},"thumbnailUrl":"https:\/\/babylove.se\/no\/wp-content\/uploads\/sites\/3\/2025\/07\/5e1f78e3592e1.jpeg","datePublished":"2025-07-18T21:03:12+00:00","dateModified":"2026-04-08T08:08:07+00:00","breadcrumb":{"@id":"https:\/\/babylove.se\/no\/produkt\/natur-loftseng-med-skrivebord-90x200\/#breadcrumb"},"inLanguage":"nb-NO","potentialAction":[{"@type":"ReadAction","target":["https:\/\/babylove.se\/no\/produkt\/natur-loftseng-med-skrivebord-90x200\/"]}]},{"@type":"ImageObject","inLanguage":"nb-NO","@id":"https:\/\/babylove.se\/no\/produkt\/natur-loftseng-med-skrivebord-90x200\/#primaryimage","url":"https:\/\/babylove.se\/no\/wp-content\/uploads\/sites\/3\/2025\/07\/5e1f78e3592e1.jpeg","contentUrl":"https:\/\/babylove.se\/no\/wp-content\/uploads\/sites\/3\/2025\/07\/5e1f78e3592e1.jpeg","width":750,"height":750},{"@type":"BreadcrumbList","@id":"https:\/\/babylove.se\/no\/produkt\/natur-loftseng-med-skrivebord-90x200\/#breadcrumb","itemListElement":[{"@type":"ListItem","position":1,"name":"Hem","item":"https:\/\/babylove.se\/no\/"},{"@type":"ListItem","position":2,"name":"Butik","item":"https:\/\/babylove.se\/no\/butik\/"},{"@type":"ListItem","position":3,"name":"Natur h\u00f8yseng med skrivebord, 90&#215;200"}]},{"@type":"WebSite","@id":"https:\/\/babylove.se\/no\/#website","url":"https:\/\/babylove.se\/no\/","name":"Babylove Norska","description":"","potentialAction":[{"@type":"SearchAction","target":{"@type":"EntryPoint","urlTemplate":"https:\/\/babylove.se\/no\/?s={search_term_string}"},"query-input":{"@type":"PropertyValueSpecification","valueRequired":true,"valueName":"search_term_string"}}],"inLanguage":"nb-NO"}]},"product_brand":"Homestyle4u","product_price_amount":"3999.00","product_price_currency":"SEK","og_availability":"instock","product_availability":"instock","product_retailer_item_id":"1930","product_condition":"new"},"_links":{"self":[{"href":"https:\/\/babylove.se\/no\/wp-json\/wp\/v2\/product\/16656","targetHints":{"allow":["GET"]}}],"collection":[{"href":"https:\/\/babylove.se\/no\/wp-json\/wp\/v2\/product"}],"about":[{"href":"https:\/\/babylove.se\/no\/wp-json\/wp\/v2\/types\/product"}],"replies":[{"embeddable":true,"href":"https:\/\/babylove.se\/no\/wp-json\/wp\/v2\/comments?post=16656"}],"wp:featuredmedia":[{"embeddable":true,"href":"https:\/\/babylove.se\/no\/wp-json\/wp\/v2\/media\/16658"}],"wp:attachment":[{"href":"https:\/\/babylove.se\/no\/wp-json\/wp\/v2\/media?parent=16656"}],"wp:term":[{"taxonomy":"product_brand","embeddable":true,"href":"https:\/\/babylove.se\/no\/wp-json\/wp\/v2\/product_brand?post=16656"},{"taxonomy":"product_cat","embeddable":true,"href":"https:\/\/babylove.se\/no\/wp-json\/wp\/v2\/product_cat?post=16656"},{"taxonomy":"product_tag","embeddable":true,"href":"https:\/\/babylove.se\/no\/wp-json\/wp\/v2\/product_tag?post=16656"}],"curies":[{"name":"wp","href":"https:\/\/api.w.org\/{rel}","templated":true}]}}