{"id":16681,"date":"2025-07-18T22:03:31","date_gmt":"2025-07-18T21:03:31","guid":{"rendered":"https:\/\/babylove.se\/produkt\/kids-concept-byggbar-bilbana-aiden\/"},"modified":"2026-04-08T09:08:18","modified_gmt":"2026-04-08T08:08:18","slug":"kids-concept-byggbar-bilbane-aiden","status":"publish","type":"product","link":"https:\/\/babylove.se\/no\/produkt\/kids-concept-byggbar-bilbane-aiden\/","title":{"rendered":"Kid&#8217;s Concept byggbar bilbane AIDEN"},"content":{"rendered":"<p>En fantastisk, byggbar tre bilbane bilbane fra Kids Concept. Med denne bilbanen kommer du til \u00e5 skape et t\u00f8ft og inspirerende milj\u00f8 for barnerommet ditt. Barnet ditt setter enkelt sammen delene selv, og kan dermed skape sine egne og unike bilbaner. Dette er tanken med denne bilbanen, \u00e5 stimulere og oppmuntre barnas kreativitet og lek. Samt dermed stimulere barnets utvikling p\u00e5 lang sikt. \u00c5 leke med denne bilbanen hjelper barnet med koordinasjon, samspill mellom h\u00e5nd-\u00f8ye og \u00e5 utvikle den logiske tenkningen. Kort sagt, en bilbane med masse form\u00e5l. Pakken inneholder rette veier, svinger og avkj\u00f8ringsveier og &nbsp;en bro som kan klappes opp og ned<\/p>\n<p><strong>Materiale<\/strong>: 100 % Kryssfiner<\/p>\n<p><strong>M\u00e5l&nbsp;<\/strong>(sammenbygd) 112 x 68 cm<\/p>\n<p>Designer:<span>&nbsp;<\/span><a href=\"https:\/\/babylove.se\/varumarken\/kids-concept\">Kids Concept<\/a><\/p>\n","protected":false},"excerpt":{"rendered":"<p>En fantastisk, byggbar tre bilbane bilbane fra Kids Concept. Med denne bilbanen kommer du til \u00e5 skape et t\u00f8ft og inspirerende milj\u00f8 for barnerommet ditt. Barnet ditt setter enkelt sammen delene selv, og kan dermed skape sine egne og unike bilbaner. Dette er tanken med denne bilbanen, \u00e5 stimulere og oppmuntre barnas kreativitet og lek. [&hellip;]<\/p>\n","protected":false},"featured_media":16683,"comment_status":"closed","ping_status":"open","template":"","meta":{"_acf_changed":false},"product_brand":[320],"product_cat":[137,72,321,68,112],"product_tag":[],"class_list":{"0":"post-16681","1":"product","2":"type-product","3":"status-publish","4":"has-post-thumbnail","6":"product_brand-kids-concept","7":"product_cat-bilverden","8":"product_cat-julegaver","9":"product_cat-kids-concept","10":"product_cat-leker","11":"product_cat-treleker","13":"first","14":"instock","15":"taxable","16":"shipping-taxable","17":"purchasable","18":"product-type-simple"},"acf":[],"yoast_head":"<!-- This site is optimized with the Yoast SEO Premium plugin v25.8 (Yoast SEO v27.2) - https:\/\/yoast.com\/product\/yoast-seo-premium-wordpress\/ -->\n<title>Kid&#039;s Concept byggbar bilbane AIDEN - Babylove Norska<\/title>\n<meta name=\"robots\" content=\"noindex, follow, max-snippet:-1, max-image-preview:large, max-video-preview:-1\" \/>\n<meta property=\"og:locale\" content=\"nb_NO\" \/>\n<meta property=\"og:type\" content=\"article\" \/>\n<meta property=\"og:title\" content=\"Kid&#039;s Concept byggbar bilbane AIDEN\" \/>\n<meta property=\"og:description\" content=\"En fantastisk, byggbar tre bilbane bilbane fra Kids Concept. Med denne bilbanen kommer du til \u00e5 skape et t\u00f8ft og inspirerende milj\u00f8 for barnerommet ditt. Barnet ditt setter enkelt sammen delene selv, og kan dermed skape sine egne og unike bilbaner. Dette er tanken med denne bilbanen, \u00e5 stimulere og oppmuntre barnas kreativitet og lek. [&hellip;]\" \/>\n<meta property=\"og:url\" content=\"https:\/\/babylove.se\/no\/produkt\/kids-concept-byggbar-bilbane-aiden\/\" \/>\n<meta property=\"og:site_name\" content=\"Babylove Norska\" \/>\n<meta property=\"article:modified_time\" content=\"2026-04-08T08:08:18+00:00\" \/>\n<meta property=\"og:image\" content=\"https:\/\/babylove.se\/no\/wp-content\/uploads\/sites\/3\/2025\/07\/5e275ae547c98.jpeg\" \/>\n\t<meta property=\"og:image:width\" content=\"750\" \/>\n\t<meta property=\"og:image:height\" content=\"750\" \/>\n\t<meta property=\"og:image:type\" content=\"image\/jpeg\" \/>\n<meta name=\"twitter:card\" content=\"summary_large_image\" \/>\n<meta name=\"twitter:label1\" content=\"Price\" \/>\n\t<meta name=\"twitter:data1\" content=\"599,00&nbsp;&#107;&#114;\" \/>\n\t<meta name=\"twitter:label2\" content=\"Availability\" \/>\n\t<meta name=\"twitter:data2\" content=\"In stock\" \/>\n<script type=\"application\/ld+json\" class=\"yoast-schema-graph\">{\"@context\":\"https:\/\/schema.org\",\"@graph\":[{\"@type\":\"WebPage\",\"@id\":\"https:\/\/babylove.se\/no\/produkt\/kids-concept-byggbar-bilbane-aiden\/\",\"url\":\"https:\/\/babylove.se\/no\/produkt\/kids-concept-byggbar-bilbane-aiden\/\",\"name\":\"Kid's Concept byggbar bilbane AIDEN - Babylove Norska\",\"isPartOf\":{\"@id\":\"https:\/\/babylove.se\/no\/#website\"},\"primaryImageOfPage\":{\"@id\":\"https:\/\/babylove.se\/no\/produkt\/kids-concept-byggbar-bilbane-aiden\/#primaryimage\"},\"image\":{\"@id\":\"https:\/\/babylove.se\/no\/produkt\/kids-concept-byggbar-bilbane-aiden\/#primaryimage\"},\"thumbnailUrl\":\"https:\/\/babylove.se\/no\/wp-content\/uploads\/sites\/3\/2025\/07\/5e275ae547c98.jpeg\",\"datePublished\":\"2025-07-18T21:03:31+00:00\",\"dateModified\":\"2026-04-08T08:08:18+00:00\",\"breadcrumb\":{\"@id\":\"https:\/\/babylove.se\/no\/produkt\/kids-concept-byggbar-bilbane-aiden\/#breadcrumb\"},\"inLanguage\":\"nb-NO\",\"potentialAction\":[{\"@type\":\"ReadAction\",\"target\":[\"https:\/\/babylove.se\/no\/produkt\/kids-concept-byggbar-bilbane-aiden\/\"]}]},{\"@type\":\"ImageObject\",\"inLanguage\":\"nb-NO\",\"@id\":\"https:\/\/babylove.se\/no\/produkt\/kids-concept-byggbar-bilbane-aiden\/#primaryimage\",\"url\":\"https:\/\/babylove.se\/no\/wp-content\/uploads\/sites\/3\/2025\/07\/5e275ae547c98.jpeg\",\"contentUrl\":\"https:\/\/babylove.se\/no\/wp-content\/uploads\/sites\/3\/2025\/07\/5e275ae547c98.jpeg\",\"width\":750,\"height\":750},{\"@type\":\"BreadcrumbList\",\"@id\":\"https:\/\/babylove.se\/no\/produkt\/kids-concept-byggbar-bilbane-aiden\/#breadcrumb\",\"itemListElement\":[{\"@type\":\"ListItem\",\"position\":1,\"name\":\"Hem\",\"item\":\"https:\/\/babylove.se\/no\/\"},{\"@type\":\"ListItem\",\"position\":2,\"name\":\"Butik\",\"item\":\"https:\/\/babylove.se\/no\/butik\/\"},{\"@type\":\"ListItem\",\"position\":3,\"name\":\"Kid&#8217;s Concept byggbar bilbane AIDEN\"}]},{\"@type\":\"WebSite\",\"@id\":\"https:\/\/babylove.se\/no\/#website\",\"url\":\"https:\/\/babylove.se\/no\/\",\"name\":\"Babylove Norska\",\"description\":\"\",\"potentialAction\":[{\"@type\":\"SearchAction\",\"target\":{\"@type\":\"EntryPoint\",\"urlTemplate\":\"https:\/\/babylove.se\/no\/?s={search_term_string}\"},\"query-input\":{\"@type\":\"PropertyValueSpecification\",\"valueRequired\":true,\"valueName\":\"search_term_string\"}}],\"inLanguage\":\"nb-NO\"}]}<\/script>\n<meta property=\"product:brand\" content=\"Kids Concept\" \/>\n<meta property=\"product:price:amount\" content=\"599.00\" \/>\n<meta property=\"product:price:currency\" content=\"SEK\" \/>\n<meta property=\"og:availability\" content=\"instock\" \/>\n<meta property=\"product:availability\" content=\"instock\" \/>\n<meta property=\"product:retailer_item_id\" content=\"1000425\" \/>\n<meta property=\"product:condition\" content=\"new\" \/>\n<!-- \/ Yoast SEO Premium plugin. -->","yoast_head_json":{"title":"Kid's Concept byggbar bilbane AIDEN - Babylove Norska","robots":{"index":"noindex","follow":"follow","max-snippet":"max-snippet:-1","max-image-preview":"max-image-preview:large","max-video-preview":"max-video-preview:-1"},"og_locale":"nb_NO","og_type":"article","og_title":"Kid's Concept byggbar bilbane AIDEN","og_description":"En fantastisk, byggbar tre bilbane bilbane fra Kids Concept. Med denne bilbanen kommer du til \u00e5 skape et t\u00f8ft og inspirerende milj\u00f8 for barnerommet ditt. Barnet ditt setter enkelt sammen delene selv, og kan dermed skape sine egne og unike bilbaner. Dette er tanken med denne bilbanen, \u00e5 stimulere og oppmuntre barnas kreativitet og lek. [&hellip;]","og_url":"https:\/\/babylove.se\/no\/produkt\/kids-concept-byggbar-bilbane-aiden\/","og_site_name":"Babylove Norska","article_modified_time":"2026-04-08T08:08:18+00:00","og_image":[{"width":750,"height":750,"url":"https:\/\/babylove.se\/no\/wp-content\/uploads\/sites\/3\/2025\/07\/5e275ae547c98.jpeg","type":"image\/jpeg"}],"twitter_card":"summary_large_image","twitter_misc":{"Price":"599,00&nbsp;&#107;&#114;","Availability":"In stock"},"schema":{"@context":"https:\/\/schema.org","@graph":[{"@type":"WebPage","@id":"https:\/\/babylove.se\/no\/produkt\/kids-concept-byggbar-bilbane-aiden\/","url":"https:\/\/babylove.se\/no\/produkt\/kids-concept-byggbar-bilbane-aiden\/","name":"Kid's Concept byggbar bilbane AIDEN - Babylove Norska","isPartOf":{"@id":"https:\/\/babylove.se\/no\/#website"},"primaryImageOfPage":{"@id":"https:\/\/babylove.se\/no\/produkt\/kids-concept-byggbar-bilbane-aiden\/#primaryimage"},"image":{"@id":"https:\/\/babylove.se\/no\/produkt\/kids-concept-byggbar-bilbane-aiden\/#primaryimage"},"thumbnailUrl":"https:\/\/babylove.se\/no\/wp-content\/uploads\/sites\/3\/2025\/07\/5e275ae547c98.jpeg","datePublished":"2025-07-18T21:03:31+00:00","dateModified":"2026-04-08T08:08:18+00:00","breadcrumb":{"@id":"https:\/\/babylove.se\/no\/produkt\/kids-concept-byggbar-bilbane-aiden\/#breadcrumb"},"inLanguage":"nb-NO","potentialAction":[{"@type":"ReadAction","target":["https:\/\/babylove.se\/no\/produkt\/kids-concept-byggbar-bilbane-aiden\/"]}]},{"@type":"ImageObject","inLanguage":"nb-NO","@id":"https:\/\/babylove.se\/no\/produkt\/kids-concept-byggbar-bilbane-aiden\/#primaryimage","url":"https:\/\/babylove.se\/no\/wp-content\/uploads\/sites\/3\/2025\/07\/5e275ae547c98.jpeg","contentUrl":"https:\/\/babylove.se\/no\/wp-content\/uploads\/sites\/3\/2025\/07\/5e275ae547c98.jpeg","width":750,"height":750},{"@type":"BreadcrumbList","@id":"https:\/\/babylove.se\/no\/produkt\/kids-concept-byggbar-bilbane-aiden\/#breadcrumb","itemListElement":[{"@type":"ListItem","position":1,"name":"Hem","item":"https:\/\/babylove.se\/no\/"},{"@type":"ListItem","position":2,"name":"Butik","item":"https:\/\/babylove.se\/no\/butik\/"},{"@type":"ListItem","position":3,"name":"Kid&#8217;s Concept byggbar bilbane AIDEN"}]},{"@type":"WebSite","@id":"https:\/\/babylove.se\/no\/#website","url":"https:\/\/babylove.se\/no\/","name":"Babylove Norska","description":"","potentialAction":[{"@type":"SearchAction","target":{"@type":"EntryPoint","urlTemplate":"https:\/\/babylove.se\/no\/?s={search_term_string}"},"query-input":{"@type":"PropertyValueSpecification","valueRequired":true,"valueName":"search_term_string"}}],"inLanguage":"nb-NO"}]},"product_brand":"Kids Concept","product_price_amount":"599.00","product_price_currency":"SEK","og_availability":"instock","product_availability":"instock","product_retailer_item_id":"1000425","product_condition":"new"},"_links":{"self":[{"href":"https:\/\/babylove.se\/no\/wp-json\/wp\/v2\/product\/16681","targetHints":{"allow":["GET"]}}],"collection":[{"href":"https:\/\/babylove.se\/no\/wp-json\/wp\/v2\/product"}],"about":[{"href":"https:\/\/babylove.se\/no\/wp-json\/wp\/v2\/types\/product"}],"replies":[{"embeddable":true,"href":"https:\/\/babylove.se\/no\/wp-json\/wp\/v2\/comments?post=16681"}],"wp:featuredmedia":[{"embeddable":true,"href":"https:\/\/babylove.se\/no\/wp-json\/wp\/v2\/media\/16683"}],"wp:attachment":[{"href":"https:\/\/babylove.se\/no\/wp-json\/wp\/v2\/media?parent=16681"}],"wp:term":[{"taxonomy":"product_brand","embeddable":true,"href":"https:\/\/babylove.se\/no\/wp-json\/wp\/v2\/product_brand?post=16681"},{"taxonomy":"product_cat","embeddable":true,"href":"https:\/\/babylove.se\/no\/wp-json\/wp\/v2\/product_cat?post=16681"},{"taxonomy":"product_tag","embeddable":true,"href":"https:\/\/babylove.se\/no\/wp-json\/wp\/v2\/product_tag?post=16681"}],"curies":[{"name":"wp","href":"https:\/\/api.w.org\/{rel}","templated":true}]}}