{"id":16696,"date":"2025-07-18T22:03:31","date_gmt":"2025-07-18T21:03:31","guid":{"rendered":"https:\/\/babylove.se\/produkt\/ng-baby-vit-handuk-med-huva-med-volang-badcape\/"},"modified":"2026-04-08T09:08:25","modified_gmt":"2026-04-08T08:08:25","slug":"ng-baby-hvit-handkle-med-hette-med-volang-badkappe","status":"publish","type":"product","link":"https:\/\/babylove.se\/no\/produkt\/ng-baby-hvit-handkle-med-hette-med-volang-badkappe\/","title":{"rendered":"Ng Baby, Hvit h\u00e5ndkle med hette med volang, badecape"},"content":{"rendered":"<p>En fantastisk fin og vakker badek\u00e5pe med hette fra det svenske selskapet Ng Baby. Dette myke og koselige badeh\u00e5ndkleet vil bli ditt barns nye favoritt. Perfekt etter badet for \u00e5 holde barnet varmt samtidig som barnet blir t\u00f8rt. Badek\u00e5pen er laget av utvalgt \u00f8kologisk frott\u00e9 av h\u00f8yeste kvalitet. Kan med fordel matches med andre produkter fra samme kolleksjon. <\/p>\n<p>St\u00f8rrelse: 75 x 75 cm <\/p>\n<p>Materiale: 100 % bomullsfrott\u00e9. Lue med volang av 100 % \u00f8kologisk GOTS-sertifisert bomull. <\/p>\n<p>Designer: <a href=\"https:\/\/babylove.se\/varumarken\/ng-baby\">Ng Baby<\/a><\/p>\n","protected":false},"excerpt":{"rendered":"<p>En fantastisk fin og vakker badek\u00e5pe med hette fra det svenske selskapet Ng Baby. Dette myke og koselige badeh\u00e5ndkleet vil bli ditt barns nye favoritt. Perfekt etter badet for \u00e5 holde barnet varmt samtidig som barnet blir t\u00f8rt. Badek\u00e5pen er laget av utvalgt \u00f8kologisk frott\u00e9 av h\u00f8yeste kvalitet. Kan med fordel matches med andre produkter [&hellip;]<\/p>\n","protected":false},"featured_media":16698,"comment_status":"closed","ping_status":"closed","template":"","meta":{"_acf_changed":false},"product_brand":[107],"product_cat":[116,109],"product_tag":[],"class_list":{"0":"post-16696","1":"product","2":"type-product","3":"status-publish","4":"has-post-thumbnail","6":"product_brand-ng-baby","7":"product_cat-handkle-med-hette","8":"product_cat-ng-baby","10":"first","11":"outofstock","12":"taxable","13":"shipping-taxable","14":"purchasable","15":"product-type-simple"},"acf":[],"yoast_head":"<!-- This site is optimized with the Yoast SEO Premium plugin v25.8 (Yoast SEO v27.2) - https:\/\/yoast.com\/product\/yoast-seo-premium-wordpress\/ -->\n<title>Ng Baby, Hvit h\u00e5ndkle med hette med volang, badecape - Babylove Norska<\/title>\n<meta name=\"robots\" content=\"noindex, follow, max-snippet:-1, max-image-preview:large, max-video-preview:-1\" \/>\n<meta property=\"og:locale\" content=\"nb_NO\" \/>\n<meta property=\"og:type\" content=\"article\" \/>\n<meta property=\"og:title\" content=\"Ng Baby, Hvit h\u00e5ndkle med hette med volang, badecape\" \/>\n<meta property=\"og:description\" content=\"En fantastisk fin og vakker badek\u00e5pe med hette fra det svenske selskapet Ng Baby. Dette myke og koselige badeh\u00e5ndkleet vil bli ditt barns nye favoritt. Perfekt etter badet for \u00e5 holde barnet varmt samtidig som barnet blir t\u00f8rt. Badek\u00e5pen er laget av utvalgt \u00f8kologisk frott\u00e9 av h\u00f8yeste kvalitet. Kan med fordel matches med andre produkter [&hellip;]\" \/>\n<meta property=\"og:url\" content=\"https:\/\/babylove.se\/no\/produkt\/ng-baby-hvit-handkle-med-hette-med-volang-badkappe\/\" \/>\n<meta property=\"og:site_name\" content=\"Babylove Norska\" \/>\n<meta property=\"article:modified_time\" content=\"2026-04-08T08:08:25+00:00\" \/>\n<meta property=\"og:image\" content=\"https:\/\/babylove.se\/no\/wp-content\/uploads\/sites\/3\/2025\/07\/5e2977c9596e8.jpeg\" \/>\n\t<meta property=\"og:image:width\" content=\"706\" \/>\n\t<meta property=\"og:image:height\" content=\"750\" \/>\n\t<meta property=\"og:image:type\" content=\"image\/jpeg\" \/>\n<meta name=\"twitter:card\" content=\"summary_large_image\" \/>\n<meta name=\"twitter:label1\" content=\"Price\" \/>\n\t<meta name=\"twitter:data1\" content=\"249,00&nbsp;&#107;&#114;\" \/>\n\t<meta name=\"twitter:label2\" content=\"Availability\" \/>\n\t<meta name=\"twitter:data2\" content=\"Out of stock\" \/>\n<script type=\"application\/ld+json\" class=\"yoast-schema-graph\">{\"@context\":\"https:\/\/schema.org\",\"@graph\":[{\"@type\":\"WebPage\",\"@id\":\"https:\/\/babylove.se\/no\/produkt\/ng-baby-hvit-handkle-med-hette-med-volang-badkappe\/\",\"url\":\"https:\/\/babylove.se\/no\/produkt\/ng-baby-hvit-handkle-med-hette-med-volang-badkappe\/\",\"name\":\"Ng Baby, Hvit h\u00e5ndkle med hette med volang, badecape - Babylove Norska\",\"isPartOf\":{\"@id\":\"https:\/\/babylove.se\/no\/#website\"},\"primaryImageOfPage\":{\"@id\":\"https:\/\/babylove.se\/no\/produkt\/ng-baby-hvit-handkle-med-hette-med-volang-badkappe\/#primaryimage\"},\"image\":{\"@id\":\"https:\/\/babylove.se\/no\/produkt\/ng-baby-hvit-handkle-med-hette-med-volang-badkappe\/#primaryimage\"},\"thumbnailUrl\":\"https:\/\/babylove.se\/no\/wp-content\/uploads\/sites\/3\/2025\/07\/5e2977c9596e8.jpeg\",\"datePublished\":\"2025-07-18T21:03:31+00:00\",\"dateModified\":\"2026-04-08T08:08:25+00:00\",\"breadcrumb\":{\"@id\":\"https:\/\/babylove.se\/no\/produkt\/ng-baby-hvit-handkle-med-hette-med-volang-badkappe\/#breadcrumb\"},\"inLanguage\":\"nb-NO\",\"potentialAction\":[{\"@type\":\"ReadAction\",\"target\":[\"https:\/\/babylove.se\/no\/produkt\/ng-baby-hvit-handkle-med-hette-med-volang-badkappe\/\"]}]},{\"@type\":\"ImageObject\",\"inLanguage\":\"nb-NO\",\"@id\":\"https:\/\/babylove.se\/no\/produkt\/ng-baby-hvit-handkle-med-hette-med-volang-badkappe\/#primaryimage\",\"url\":\"https:\/\/babylove.se\/no\/wp-content\/uploads\/sites\/3\/2025\/07\/5e2977c9596e8.jpeg\",\"contentUrl\":\"https:\/\/babylove.se\/no\/wp-content\/uploads\/sites\/3\/2025\/07\/5e2977c9596e8.jpeg\",\"width\":706,\"height\":750},{\"@type\":\"BreadcrumbList\",\"@id\":\"https:\/\/babylove.se\/no\/produkt\/ng-baby-hvit-handkle-med-hette-med-volang-badkappe\/#breadcrumb\",\"itemListElement\":[{\"@type\":\"ListItem\",\"position\":1,\"name\":\"Hem\",\"item\":\"https:\/\/babylove.se\/no\/\"},{\"@type\":\"ListItem\",\"position\":2,\"name\":\"Butik\",\"item\":\"https:\/\/babylove.se\/no\/butik\/\"},{\"@type\":\"ListItem\",\"position\":3,\"name\":\"Ng Baby, Hvit h\u00e5ndkle med hette med volang, badecape\"}]},{\"@type\":\"WebSite\",\"@id\":\"https:\/\/babylove.se\/no\/#website\",\"url\":\"https:\/\/babylove.se\/no\/\",\"name\":\"Babylove Norska\",\"description\":\"\",\"potentialAction\":[{\"@type\":\"SearchAction\",\"target\":{\"@type\":\"EntryPoint\",\"urlTemplate\":\"https:\/\/babylove.se\/no\/?s={search_term_string}\"},\"query-input\":{\"@type\":\"PropertyValueSpecification\",\"valueRequired\":true,\"valueName\":\"search_term_string\"}}],\"inLanguage\":\"nb-NO\"}]}<\/script>\n<meta property=\"product:brand\" content=\"Ng Baby\" \/>\n<meta property=\"product:price:amount\" content=\"249.00\" \/>\n<meta property=\"product:price:currency\" content=\"SEK\" \/>\n<meta property=\"og:availability\" content=\"out of stock\" \/>\n<meta property=\"product:availability\" content=\"out of stock\" \/>\n<meta property=\"product:retailer_item_id\" content=\"1814-005\" \/>\n<meta property=\"product:condition\" content=\"new\" \/>\n<!-- \/ Yoast SEO Premium plugin. -->","yoast_head_json":{"title":"Ng Baby, Hvit h\u00e5ndkle med hette med volang, badecape - Babylove Norska","robots":{"index":"noindex","follow":"follow","max-snippet":"max-snippet:-1","max-image-preview":"max-image-preview:large","max-video-preview":"max-video-preview:-1"},"og_locale":"nb_NO","og_type":"article","og_title":"Ng Baby, Hvit h\u00e5ndkle med hette med volang, badecape","og_description":"En fantastisk fin og vakker badek\u00e5pe med hette fra det svenske selskapet Ng Baby. Dette myke og koselige badeh\u00e5ndkleet vil bli ditt barns nye favoritt. Perfekt etter badet for \u00e5 holde barnet varmt samtidig som barnet blir t\u00f8rt. Badek\u00e5pen er laget av utvalgt \u00f8kologisk frott\u00e9 av h\u00f8yeste kvalitet. Kan med fordel matches med andre produkter [&hellip;]","og_url":"https:\/\/babylove.se\/no\/produkt\/ng-baby-hvit-handkle-med-hette-med-volang-badkappe\/","og_site_name":"Babylove Norska","article_modified_time":"2026-04-08T08:08:25+00:00","og_image":[{"width":706,"height":750,"url":"https:\/\/babylove.se\/no\/wp-content\/uploads\/sites\/3\/2025\/07\/5e2977c9596e8.jpeg","type":"image\/jpeg"}],"twitter_card":"summary_large_image","twitter_misc":{"Price":"249,00&nbsp;&#107;&#114;","Availability":"Out of stock"},"schema":{"@context":"https:\/\/schema.org","@graph":[{"@type":"WebPage","@id":"https:\/\/babylove.se\/no\/produkt\/ng-baby-hvit-handkle-med-hette-med-volang-badkappe\/","url":"https:\/\/babylove.se\/no\/produkt\/ng-baby-hvit-handkle-med-hette-med-volang-badkappe\/","name":"Ng Baby, Hvit h\u00e5ndkle med hette med volang, badecape - Babylove Norska","isPartOf":{"@id":"https:\/\/babylove.se\/no\/#website"},"primaryImageOfPage":{"@id":"https:\/\/babylove.se\/no\/produkt\/ng-baby-hvit-handkle-med-hette-med-volang-badkappe\/#primaryimage"},"image":{"@id":"https:\/\/babylove.se\/no\/produkt\/ng-baby-hvit-handkle-med-hette-med-volang-badkappe\/#primaryimage"},"thumbnailUrl":"https:\/\/babylove.se\/no\/wp-content\/uploads\/sites\/3\/2025\/07\/5e2977c9596e8.jpeg","datePublished":"2025-07-18T21:03:31+00:00","dateModified":"2026-04-08T08:08:25+00:00","breadcrumb":{"@id":"https:\/\/babylove.se\/no\/produkt\/ng-baby-hvit-handkle-med-hette-med-volang-badkappe\/#breadcrumb"},"inLanguage":"nb-NO","potentialAction":[{"@type":"ReadAction","target":["https:\/\/babylove.se\/no\/produkt\/ng-baby-hvit-handkle-med-hette-med-volang-badkappe\/"]}]},{"@type":"ImageObject","inLanguage":"nb-NO","@id":"https:\/\/babylove.se\/no\/produkt\/ng-baby-hvit-handkle-med-hette-med-volang-badkappe\/#primaryimage","url":"https:\/\/babylove.se\/no\/wp-content\/uploads\/sites\/3\/2025\/07\/5e2977c9596e8.jpeg","contentUrl":"https:\/\/babylove.se\/no\/wp-content\/uploads\/sites\/3\/2025\/07\/5e2977c9596e8.jpeg","width":706,"height":750},{"@type":"BreadcrumbList","@id":"https:\/\/babylove.se\/no\/produkt\/ng-baby-hvit-handkle-med-hette-med-volang-badkappe\/#breadcrumb","itemListElement":[{"@type":"ListItem","position":1,"name":"Hem","item":"https:\/\/babylove.se\/no\/"},{"@type":"ListItem","position":2,"name":"Butik","item":"https:\/\/babylove.se\/no\/butik\/"},{"@type":"ListItem","position":3,"name":"Ng Baby, Hvit h\u00e5ndkle med hette med volang, badecape"}]},{"@type":"WebSite","@id":"https:\/\/babylove.se\/no\/#website","url":"https:\/\/babylove.se\/no\/","name":"Babylove Norska","description":"","potentialAction":[{"@type":"SearchAction","target":{"@type":"EntryPoint","urlTemplate":"https:\/\/babylove.se\/no\/?s={search_term_string}"},"query-input":{"@type":"PropertyValueSpecification","valueRequired":true,"valueName":"search_term_string"}}],"inLanguage":"nb-NO"}]},"product_brand":"Ng Baby","product_price_amount":"249.00","product_price_currency":"SEK","og_availability":"out of stock","product_availability":"out of stock","product_retailer_item_id":"1814-005","product_condition":"new"},"_links":{"self":[{"href":"https:\/\/babylove.se\/no\/wp-json\/wp\/v2\/product\/16696","targetHints":{"allow":["GET"]}}],"collection":[{"href":"https:\/\/babylove.se\/no\/wp-json\/wp\/v2\/product"}],"about":[{"href":"https:\/\/babylove.se\/no\/wp-json\/wp\/v2\/types\/product"}],"replies":[{"embeddable":true,"href":"https:\/\/babylove.se\/no\/wp-json\/wp\/v2\/comments?post=16696"}],"wp:featuredmedia":[{"embeddable":true,"href":"https:\/\/babylove.se\/no\/wp-json\/wp\/v2\/media\/16698"}],"wp:attachment":[{"href":"https:\/\/babylove.se\/no\/wp-json\/wp\/v2\/media?parent=16696"}],"wp:term":[{"taxonomy":"product_brand","embeddable":true,"href":"https:\/\/babylove.se\/no\/wp-json\/wp\/v2\/product_brand?post=16696"},{"taxonomy":"product_cat","embeddable":true,"href":"https:\/\/babylove.se\/no\/wp-json\/wp\/v2\/product_cat?post=16696"},{"taxonomy":"product_tag","embeddable":true,"href":"https:\/\/babylove.se\/no\/wp-json\/wp\/v2\/product_tag?post=16696"}],"curies":[{"name":"wp","href":"https:\/\/api.w.org\/{rel}","templated":true}]}}