{"id":16802,"date":"2025-07-18T22:03:57","date_gmt":"2025-07-18T21:03:57","guid":{"rendered":"https:\/\/babylove.se\/produkt\/bini-saccosack-b-boy\/"},"modified":"2026-04-08T09:08:58","modified_gmt":"2026-04-08T08:08:58","slug":"bini-saccosekk-b-boy","status":"publish","type":"product","link":"https:\/\/babylove.se\/no\/produkt\/bini-saccosekk-b-boy\/","title":{"rendered":"Bini sovepose B-Boy"},"content":{"rendered":"<p>Bini er en sv\u00e6rt deilig saccosekk som har blitt designet med stor omtanke, slik at barnet ditt kan sitte p\u00e5 den, ligge p\u00e5 den eller til og med leke p\u00e5 den. Den er laget av organisk f\u00f8yelig bomull, som er sv\u00e6rt behagelig og deilig. Den lages for h\u00e5nd i Europa og materialet har ikke v\u00e6rt utsatt for noen kjemiske prosesser og inneholder ikke silikon. Trykket er vannbasert med en spesiell screen-trykk metode.&nbsp;<\/p>\n<p>Innerposen inneholder en fylling av polypropen som er et perfekt materiale for en sitteputt, da den enkelt former seg etter kroppen og kroppens posisjon.<\/p>\n<p>Bini saccosekk har et motiv av et s\u00f8tt pandamotiv p\u00e5 forsiden og B-Boy p\u00e5 baksiden. Kan velges \u00e5 f\u00e5 med enten bl\u00e5 eller svarte h\u00e5ndtak.&nbsp;<\/p>\n<p><strong>M\u00e5l<\/strong>: 80 x 80 x 110 cm<\/p>\n<p><strong>Materiale<\/strong>: 100 % OEKO-TEX-sertifisert r\u00e5 bomull. Overtrekket kan vaskes i 30 grader.<\/p>\n<p>Designer: <a href=\"https:\/\/babylove.se\/varumarken\/bini\">Bini<\/a><\/p>\n","protected":false},"excerpt":{"rendered":"<p>Bini er en sv\u00e6rt deilig saccosekk som har blitt designet med stor omtanke, slik at barnet ditt kan sitte p\u00e5 den, ligge p\u00e5 den eller til og med leke p\u00e5 den. Den er laget av organisk f\u00f8yelig bomull, som er sv\u00e6rt behagelig og deilig. Den lages for h\u00e5nd i Europa og materialet har ikke v\u00e6rt [&hellip;]<\/p>\n","protected":false},"featured_media":16804,"comment_status":"closed","ping_status":"open","template":"","meta":{"_acf_changed":false},"product_brand":[734],"product_cat":[735,44,80],"product_tag":[1689],"class_list":{"0":"post-16802","1":"product","2":"type-product","3":"status-publish","4":"has-post-thumbnail","6":"product_brand-bini","7":"product_cat-bini","8":"product_cat-sitteputfer-saccosekker","9":"product_cat-stoler","10":"product_tag-bestillingsvaror","12":"first","13":"instock","14":"taxable","15":"shipping-taxable","16":"purchasable","17":"product-type-simple"},"acf":[],"yoast_head":"<!-- This site is optimized with the Yoast SEO Premium plugin v25.8 (Yoast SEO v27.2) - https:\/\/yoast.com\/product\/yoast-seo-premium-wordpress\/ -->\n<title>BINI | Stort utbud av saccos\u00e4ckar- Fri Frakt | Babylove<\/title>\n<meta name=\"description\" content=\"P\u00e5 Babylove hittar du fina saccos\u00e4ckar och sittpuffar till barnrummet. Kolla in v\u00e5ra saccos\u00e4ckar fr\u00e5n popul\u00e4ra varum\u00e4rken som Fayne eller Bini !\" \/>\n<meta name=\"robots\" content=\"noindex, follow, max-snippet:-1, max-image-preview:large, max-video-preview:-1\" \/>\n<meta property=\"og:locale\" content=\"nb_NO\" \/>\n<meta property=\"og:type\" content=\"article\" \/>\n<meta property=\"og:title\" content=\"Bini sovepose B-Boy\" \/>\n<meta property=\"og:description\" content=\"P\u00e5 Babylove hittar du fina saccos\u00e4ckar och sittpuffar till barnrummet. Kolla in v\u00e5ra saccos\u00e4ckar fr\u00e5n popul\u00e4ra varum\u00e4rken som Fayne eller Bini !\" \/>\n<meta property=\"og:url\" content=\"https:\/\/babylove.se\/no\/produkt\/bini-saccosekk-b-boy\/\" \/>\n<meta property=\"og:site_name\" content=\"Babylove Norska\" \/>\n<meta property=\"article:modified_time\" content=\"2026-04-08T08:08:58+00:00\" \/>\n<meta property=\"og:image\" content=\"https:\/\/babylove.se\/no\/wp-content\/uploads\/sites\/3\/2025\/07\/634f970fea66b.jpeg\" \/>\n\t<meta property=\"og:image:width\" content=\"1945\" \/>\n\t<meta property=\"og:image:height\" content=\"903\" \/>\n\t<meta property=\"og:image:type\" content=\"image\/jpeg\" \/>\n<meta name=\"twitter:card\" content=\"summary_large_image\" \/>\n<meta name=\"twitter:label1\" content=\"Price\" \/>\n\t<meta name=\"twitter:data1\" content=\"2 599,00&nbsp;&#107;&#114;\" \/>\n\t<meta name=\"twitter:label2\" content=\"Availability\" \/>\n\t<meta name=\"twitter:data2\" content=\"In stock\" \/>\n<script type=\"application\/ld+json\" class=\"yoast-schema-graph\">{\"@context\":\"https:\/\/schema.org\",\"@graph\":[{\"@type\":\"WebPage\",\"@id\":\"https:\/\/babylove.se\/no\/produkt\/bini-saccosekk-b-boy\/\",\"url\":\"https:\/\/babylove.se\/no\/produkt\/bini-saccosekk-b-boy\/\",\"name\":\"BINI | Stort utbud av saccos\u00e4ckar- Fri Frakt | Babylove\",\"isPartOf\":{\"@id\":\"https:\/\/babylove.se\/no\/#website\"},\"primaryImageOfPage\":{\"@id\":\"https:\/\/babylove.se\/no\/produkt\/bini-saccosekk-b-boy\/#primaryimage\"},\"image\":{\"@id\":\"https:\/\/babylove.se\/no\/produkt\/bini-saccosekk-b-boy\/#primaryimage\"},\"thumbnailUrl\":\"https:\/\/babylove.se\/no\/wp-content\/uploads\/sites\/3\/2025\/07\/634f970fea66b.jpeg\",\"datePublished\":\"2025-07-18T21:03:57+00:00\",\"dateModified\":\"2026-04-08T08:08:58+00:00\",\"description\":\"P\u00e5 Babylove hittar du fina saccos\u00e4ckar och sittpuffar till barnrummet. Kolla in v\u00e5ra saccos\u00e4ckar fr\u00e5n popul\u00e4ra varum\u00e4rken som Fayne eller Bini !\",\"breadcrumb\":{\"@id\":\"https:\/\/babylove.se\/no\/produkt\/bini-saccosekk-b-boy\/#breadcrumb\"},\"inLanguage\":\"nb-NO\",\"potentialAction\":[{\"@type\":\"ReadAction\",\"target\":[\"https:\/\/babylove.se\/no\/produkt\/bini-saccosekk-b-boy\/\"]}]},{\"@type\":\"ImageObject\",\"inLanguage\":\"nb-NO\",\"@id\":\"https:\/\/babylove.se\/no\/produkt\/bini-saccosekk-b-boy\/#primaryimage\",\"url\":\"https:\/\/babylove.se\/no\/wp-content\/uploads\/sites\/3\/2025\/07\/634f970fea66b.jpeg\",\"contentUrl\":\"https:\/\/babylove.se\/no\/wp-content\/uploads\/sites\/3\/2025\/07\/634f970fea66b.jpeg\",\"width\":1945,\"height\":903},{\"@type\":\"BreadcrumbList\",\"@id\":\"https:\/\/babylove.se\/no\/produkt\/bini-saccosekk-b-boy\/#breadcrumb\",\"itemListElement\":[{\"@type\":\"ListItem\",\"position\":1,\"name\":\"Hem\",\"item\":\"https:\/\/babylove.se\/no\/\"},{\"@type\":\"ListItem\",\"position\":2,\"name\":\"Butik\",\"item\":\"https:\/\/babylove.se\/no\/butik\/\"},{\"@type\":\"ListItem\",\"position\":3,\"name\":\"Bini sovepose B-Boy\"}]},{\"@type\":\"WebSite\",\"@id\":\"https:\/\/babylove.se\/no\/#website\",\"url\":\"https:\/\/babylove.se\/no\/\",\"name\":\"Babylove Norska\",\"description\":\"\",\"potentialAction\":[{\"@type\":\"SearchAction\",\"target\":{\"@type\":\"EntryPoint\",\"urlTemplate\":\"https:\/\/babylove.se\/no\/?s={search_term_string}\"},\"query-input\":{\"@type\":\"PropertyValueSpecification\",\"valueRequired\":true,\"valueName\":\"search_term_string\"}}],\"inLanguage\":\"nb-NO\"}]}<\/script>\n<meta property=\"product:brand\" content=\"Bini\" \/>\n<meta property=\"product:price:amount\" content=\"2599.00\" \/>\n<meta property=\"product:price:currency\" content=\"SEK\" \/>\n<meta property=\"og:availability\" content=\"instock\" \/>\n<meta property=\"product:availability\" content=\"instock\" \/>\n<meta property=\"product:retailer_item_id\" content=\"11031\" \/>\n<meta property=\"product:condition\" content=\"new\" \/>\n<!-- \/ Yoast SEO Premium plugin. -->","yoast_head_json":{"title":"BINI | Stort utbud av saccos\u00e4ckar- Fri Frakt | Babylove","description":"P\u00e5 Babylove hittar du fina saccos\u00e4ckar och sittpuffar till barnrummet. Kolla in v\u00e5ra saccos\u00e4ckar fr\u00e5n popul\u00e4ra varum\u00e4rken som Fayne eller Bini !","robots":{"index":"noindex","follow":"follow","max-snippet":"max-snippet:-1","max-image-preview":"max-image-preview:large","max-video-preview":"max-video-preview:-1"},"og_locale":"nb_NO","og_type":"article","og_title":"Bini sovepose B-Boy","og_description":"P\u00e5 Babylove hittar du fina saccos\u00e4ckar och sittpuffar till barnrummet. Kolla in v\u00e5ra saccos\u00e4ckar fr\u00e5n popul\u00e4ra varum\u00e4rken som Fayne eller Bini !","og_url":"https:\/\/babylove.se\/no\/produkt\/bini-saccosekk-b-boy\/","og_site_name":"Babylove Norska","article_modified_time":"2026-04-08T08:08:58+00:00","og_image":[{"width":1945,"height":903,"url":"https:\/\/babylove.se\/no\/wp-content\/uploads\/sites\/3\/2025\/07\/634f970fea66b.jpeg","type":"image\/jpeg"}],"twitter_card":"summary_large_image","twitter_misc":{"Price":"2 599,00&nbsp;&#107;&#114;","Availability":"In stock"},"schema":{"@context":"https:\/\/schema.org","@graph":[{"@type":"WebPage","@id":"https:\/\/babylove.se\/no\/produkt\/bini-saccosekk-b-boy\/","url":"https:\/\/babylove.se\/no\/produkt\/bini-saccosekk-b-boy\/","name":"BINI | Stort utbud av saccos\u00e4ckar- Fri Frakt | Babylove","isPartOf":{"@id":"https:\/\/babylove.se\/no\/#website"},"primaryImageOfPage":{"@id":"https:\/\/babylove.se\/no\/produkt\/bini-saccosekk-b-boy\/#primaryimage"},"image":{"@id":"https:\/\/babylove.se\/no\/produkt\/bini-saccosekk-b-boy\/#primaryimage"},"thumbnailUrl":"https:\/\/babylove.se\/no\/wp-content\/uploads\/sites\/3\/2025\/07\/634f970fea66b.jpeg","datePublished":"2025-07-18T21:03:57+00:00","dateModified":"2026-04-08T08:08:58+00:00","description":"P\u00e5 Babylove hittar du fina saccos\u00e4ckar och sittpuffar till barnrummet. Kolla in v\u00e5ra saccos\u00e4ckar fr\u00e5n popul\u00e4ra varum\u00e4rken som Fayne eller Bini !","breadcrumb":{"@id":"https:\/\/babylove.se\/no\/produkt\/bini-saccosekk-b-boy\/#breadcrumb"},"inLanguage":"nb-NO","potentialAction":[{"@type":"ReadAction","target":["https:\/\/babylove.se\/no\/produkt\/bini-saccosekk-b-boy\/"]}]},{"@type":"ImageObject","inLanguage":"nb-NO","@id":"https:\/\/babylove.se\/no\/produkt\/bini-saccosekk-b-boy\/#primaryimage","url":"https:\/\/babylove.se\/no\/wp-content\/uploads\/sites\/3\/2025\/07\/634f970fea66b.jpeg","contentUrl":"https:\/\/babylove.se\/no\/wp-content\/uploads\/sites\/3\/2025\/07\/634f970fea66b.jpeg","width":1945,"height":903},{"@type":"BreadcrumbList","@id":"https:\/\/babylove.se\/no\/produkt\/bini-saccosekk-b-boy\/#breadcrumb","itemListElement":[{"@type":"ListItem","position":1,"name":"Hem","item":"https:\/\/babylove.se\/no\/"},{"@type":"ListItem","position":2,"name":"Butik","item":"https:\/\/babylove.se\/no\/butik\/"},{"@type":"ListItem","position":3,"name":"Bini sovepose B-Boy"}]},{"@type":"WebSite","@id":"https:\/\/babylove.se\/no\/#website","url":"https:\/\/babylove.se\/no\/","name":"Babylove Norska","description":"","potentialAction":[{"@type":"SearchAction","target":{"@type":"EntryPoint","urlTemplate":"https:\/\/babylove.se\/no\/?s={search_term_string}"},"query-input":{"@type":"PropertyValueSpecification","valueRequired":true,"valueName":"search_term_string"}}],"inLanguage":"nb-NO"}]},"product_brand":"Bini","product_price_amount":"2599.00","product_price_currency":"SEK","og_availability":"instock","product_availability":"instock","product_retailer_item_id":"11031","product_condition":"new"},"_links":{"self":[{"href":"https:\/\/babylove.se\/no\/wp-json\/wp\/v2\/product\/16802","targetHints":{"allow":["GET"]}}],"collection":[{"href":"https:\/\/babylove.se\/no\/wp-json\/wp\/v2\/product"}],"about":[{"href":"https:\/\/babylove.se\/no\/wp-json\/wp\/v2\/types\/product"}],"replies":[{"embeddable":true,"href":"https:\/\/babylove.se\/no\/wp-json\/wp\/v2\/comments?post=16802"}],"wp:featuredmedia":[{"embeddable":true,"href":"https:\/\/babylove.se\/no\/wp-json\/wp\/v2\/media\/16804"}],"wp:attachment":[{"href":"https:\/\/babylove.se\/no\/wp-json\/wp\/v2\/media?parent=16802"}],"wp:term":[{"taxonomy":"product_brand","embeddable":true,"href":"https:\/\/babylove.se\/no\/wp-json\/wp\/v2\/product_brand?post=16802"},{"taxonomy":"product_cat","embeddable":true,"href":"https:\/\/babylove.se\/no\/wp-json\/wp\/v2\/product_cat?post=16802"},{"taxonomy":"product_tag","embeddable":true,"href":"https:\/\/babylove.se\/no\/wp-json\/wp\/v2\/product_tag?post=16802"}],"curies":[{"name":"wp","href":"https:\/\/api.w.org\/{rel}","templated":true}]}}