{"id":16863,"date":"2025-07-18T22:05:02","date_gmt":"2025-07-18T21:05:02","guid":{"rendered":"https:\/\/babylove.se\/produkt\/stol-ko-med-sittdyna\/"},"modified":"2026-04-08T09:09:40","modified_gmt":"2026-04-08T08:09:40","slug":"stol-ku-med-sitteputte","status":"publish","type":"product","link":"https:\/\/babylove.se\/no\/produkt\/stol-ku-med-sitteputte\/","title":{"rendered":"Stol ku med sitteputt"},"content":{"rendered":"<p>En meget fin barnestol med ryggst\u00f8tte i form av Kuhorn som vil pynte barnerommet ditt p\u00e5 en fantastisk m\u00e5te. Ben og ryggst\u00f8tte er laget i et vakkert tre, mens sitteflaten er laget i polyester med en myk og deilig fylling og et m\u00f8nster av kuskinn. Hvorfor ikke skaffe flere stoler og la barnet ditt invitere sine s\u00f8sken eller venner p\u00e5 en koselig stund sammen.&nbsp;<\/p>\n<p>En perfekt bursdagsgave eller gave til d\u00e5psdagen.<\/p>\n<p>M\u00e5l: 30&#215;45 cm<\/p>\n<p>Materiale: Tre, Polyester&nbsp;<\/p>\n","protected":false},"excerpt":{"rendered":"<p>En meget fin barnestol med ryggst\u00f8tte i form av Kuhorn som vil pynte barnerommet ditt p\u00e5 en fantastisk m\u00e5te. Ben og ryggst\u00f8tte er laget i et vakkert tre, mens sitteflaten er laget i polyester med en myk og deilig fylling og et m\u00f8nster av kuskinn. Hvorfor ikke skaffe flere stoler og la barnet ditt invitere [&hellip;]<\/p>\n","protected":false},"featured_media":16865,"comment_status":"closed","ping_status":"open","template":"","meta":{"_acf_changed":false},"product_brand":[736],"product_cat":[80],"product_tag":[],"class_list":{"0":"post-16863","1":"product","2":"type-product","3":"status-publish","4":"has-post-thumbnail","6":"product_brand-anteba","7":"product_cat-stoler","9":"first","10":"outofstock","11":"taxable","12":"shipping-taxable","13":"purchasable","14":"product-type-simple"},"acf":[],"yoast_head":"<!-- This site is optimized with the Yoast SEO Premium plugin v25.8 (Yoast SEO v27.2) - https:\/\/yoast.com\/product\/yoast-seo-premium-wordpress\/ -->\n<title>K\u00f6p stol ko med sittdyna | Babylove.se<\/title>\n<meta name=\"description\" content=\"Supers\u00f6t stol i form av en ko till barnrummet. Stolen \u00e4r i naturligt tr\u00e4 och har en mjuk sittdyna - K\u00f6p den h\u00e4r - Betala med Klarna - Babylove.se\" \/>\n<meta name=\"robots\" content=\"noindex, follow, max-snippet:-1, max-image-preview:large, max-video-preview:-1\" \/>\n<meta property=\"og:locale\" content=\"nb_NO\" \/>\n<meta property=\"og:type\" content=\"article\" \/>\n<meta property=\"og:title\" content=\"Stol ku med sitteputt\" \/>\n<meta property=\"og:description\" content=\"Supers\u00f6t stol i form av en ko till barnrummet. Stolen \u00e4r i naturligt tr\u00e4 och har en mjuk sittdyna - K\u00f6p den h\u00e4r - Betala med Klarna - Babylove.se\" \/>\n<meta property=\"og:url\" content=\"https:\/\/babylove.se\/no\/produkt\/stol-ku-med-sitteputte\/\" \/>\n<meta property=\"og:site_name\" content=\"Babylove Norska\" \/>\n<meta property=\"article:modified_time\" content=\"2026-04-08T08:09:40+00:00\" \/>\n<meta property=\"og:image\" content=\"https:\/\/babylove.se\/no\/wp-content\/uploads\/sites\/3\/2025\/07\/5e340836f2790.jpeg\" \/>\n\t<meta property=\"og:image:width\" content=\"750\" \/>\n\t<meta property=\"og:image:height\" content=\"750\" \/>\n\t<meta property=\"og:image:type\" content=\"image\/jpeg\" \/>\n<meta name=\"twitter:card\" content=\"summary_large_image\" \/>\n<meta name=\"twitter:label1\" content=\"Price\" \/>\n\t<meta name=\"twitter:data1\" content=\"399,00&nbsp;&#107;&#114;\" \/>\n\t<meta name=\"twitter:label2\" content=\"Availability\" \/>\n\t<meta name=\"twitter:data2\" content=\"Out of stock\" \/>\n<script type=\"application\/ld+json\" class=\"yoast-schema-graph\">{\"@context\":\"https:\/\/schema.org\",\"@graph\":[{\"@type\":\"WebPage\",\"@id\":\"https:\/\/babylove.se\/no\/produkt\/stol-ku-med-sitteputte\/\",\"url\":\"https:\/\/babylove.se\/no\/produkt\/stol-ku-med-sitteputte\/\",\"name\":\"K\u00f6p stol ko med sittdyna | Babylove.se\",\"isPartOf\":{\"@id\":\"https:\/\/babylove.se\/no\/#website\"},\"primaryImageOfPage\":{\"@id\":\"https:\/\/babylove.se\/no\/produkt\/stol-ku-med-sitteputte\/#primaryimage\"},\"image\":{\"@id\":\"https:\/\/babylove.se\/no\/produkt\/stol-ku-med-sitteputte\/#primaryimage\"},\"thumbnailUrl\":\"https:\/\/babylove.se\/no\/wp-content\/uploads\/sites\/3\/2025\/07\/5e340836f2790.jpeg\",\"datePublished\":\"2025-07-18T21:05:02+00:00\",\"dateModified\":\"2026-04-08T08:09:40+00:00\",\"description\":\"Supers\u00f6t stol i form av en ko till barnrummet. Stolen \u00e4r i naturligt tr\u00e4 och har en mjuk sittdyna - K\u00f6p den h\u00e4r - Betala med Klarna - Babylove.se\",\"breadcrumb\":{\"@id\":\"https:\/\/babylove.se\/no\/produkt\/stol-ku-med-sitteputte\/#breadcrumb\"},\"inLanguage\":\"nb-NO\",\"potentialAction\":[{\"@type\":\"ReadAction\",\"target\":[\"https:\/\/babylove.se\/no\/produkt\/stol-ku-med-sitteputte\/\"]}]},{\"@type\":\"ImageObject\",\"inLanguage\":\"nb-NO\",\"@id\":\"https:\/\/babylove.se\/no\/produkt\/stol-ku-med-sitteputte\/#primaryimage\",\"url\":\"https:\/\/babylove.se\/no\/wp-content\/uploads\/sites\/3\/2025\/07\/5e340836f2790.jpeg\",\"contentUrl\":\"https:\/\/babylove.se\/no\/wp-content\/uploads\/sites\/3\/2025\/07\/5e340836f2790.jpeg\",\"width\":750,\"height\":750},{\"@type\":\"BreadcrumbList\",\"@id\":\"https:\/\/babylove.se\/no\/produkt\/stol-ku-med-sitteputte\/#breadcrumb\",\"itemListElement\":[{\"@type\":\"ListItem\",\"position\":1,\"name\":\"Hem\",\"item\":\"https:\/\/babylove.se\/no\/\"},{\"@type\":\"ListItem\",\"position\":2,\"name\":\"Butik\",\"item\":\"https:\/\/babylove.se\/no\/butik\/\"},{\"@type\":\"ListItem\",\"position\":3,\"name\":\"Stol ku med sitteputt\"}]},{\"@type\":\"WebSite\",\"@id\":\"https:\/\/babylove.se\/no\/#website\",\"url\":\"https:\/\/babylove.se\/no\/\",\"name\":\"Babylove Norska\",\"description\":\"\",\"potentialAction\":[{\"@type\":\"SearchAction\",\"target\":{\"@type\":\"EntryPoint\",\"urlTemplate\":\"https:\/\/babylove.se\/no\/?s={search_term_string}\"},\"query-input\":{\"@type\":\"PropertyValueSpecification\",\"valueRequired\":true,\"valueName\":\"search_term_string\"}}],\"inLanguage\":\"nb-NO\"}]}<\/script>\n<meta property=\"product:brand\" content=\"Anteba\" \/>\n<meta property=\"product:price:amount\" content=\"399.00\" \/>\n<meta property=\"product:price:currency\" content=\"SEK\" \/>\n<meta property=\"og:availability\" content=\"out of stock\" \/>\n<meta property=\"product:availability\" content=\"out of stock\" \/>\n<meta property=\"product:retailer_item_id\" content=\"87331\" \/>\n<meta property=\"product:condition\" content=\"new\" \/>\n<!-- \/ Yoast SEO Premium plugin. -->","yoast_head_json":{"title":"K\u00f6p stol ko med sittdyna | Babylove.se","description":"Supers\u00f6t stol i form av en ko till barnrummet. Stolen \u00e4r i naturligt tr\u00e4 och har en mjuk sittdyna - K\u00f6p den h\u00e4r - Betala med Klarna - Babylove.se","robots":{"index":"noindex","follow":"follow","max-snippet":"max-snippet:-1","max-image-preview":"max-image-preview:large","max-video-preview":"max-video-preview:-1"},"og_locale":"nb_NO","og_type":"article","og_title":"Stol ku med sitteputt","og_description":"Supers\u00f6t stol i form av en ko till barnrummet. Stolen \u00e4r i naturligt tr\u00e4 och har en mjuk sittdyna - K\u00f6p den h\u00e4r - Betala med Klarna - Babylove.se","og_url":"https:\/\/babylove.se\/no\/produkt\/stol-ku-med-sitteputte\/","og_site_name":"Babylove Norska","article_modified_time":"2026-04-08T08:09:40+00:00","og_image":[{"width":750,"height":750,"url":"https:\/\/babylove.se\/no\/wp-content\/uploads\/sites\/3\/2025\/07\/5e340836f2790.jpeg","type":"image\/jpeg"}],"twitter_card":"summary_large_image","twitter_misc":{"Price":"399,00&nbsp;&#107;&#114;","Availability":"Out of stock"},"schema":{"@context":"https:\/\/schema.org","@graph":[{"@type":"WebPage","@id":"https:\/\/babylove.se\/no\/produkt\/stol-ku-med-sitteputte\/","url":"https:\/\/babylove.se\/no\/produkt\/stol-ku-med-sitteputte\/","name":"K\u00f6p stol ko med sittdyna | Babylove.se","isPartOf":{"@id":"https:\/\/babylove.se\/no\/#website"},"primaryImageOfPage":{"@id":"https:\/\/babylove.se\/no\/produkt\/stol-ku-med-sitteputte\/#primaryimage"},"image":{"@id":"https:\/\/babylove.se\/no\/produkt\/stol-ku-med-sitteputte\/#primaryimage"},"thumbnailUrl":"https:\/\/babylove.se\/no\/wp-content\/uploads\/sites\/3\/2025\/07\/5e340836f2790.jpeg","datePublished":"2025-07-18T21:05:02+00:00","dateModified":"2026-04-08T08:09:40+00:00","description":"Supers\u00f6t stol i form av en ko till barnrummet. Stolen \u00e4r i naturligt tr\u00e4 och har en mjuk sittdyna - K\u00f6p den h\u00e4r - Betala med Klarna - Babylove.se","breadcrumb":{"@id":"https:\/\/babylove.se\/no\/produkt\/stol-ku-med-sitteputte\/#breadcrumb"},"inLanguage":"nb-NO","potentialAction":[{"@type":"ReadAction","target":["https:\/\/babylove.se\/no\/produkt\/stol-ku-med-sitteputte\/"]}]},{"@type":"ImageObject","inLanguage":"nb-NO","@id":"https:\/\/babylove.se\/no\/produkt\/stol-ku-med-sitteputte\/#primaryimage","url":"https:\/\/babylove.se\/no\/wp-content\/uploads\/sites\/3\/2025\/07\/5e340836f2790.jpeg","contentUrl":"https:\/\/babylove.se\/no\/wp-content\/uploads\/sites\/3\/2025\/07\/5e340836f2790.jpeg","width":750,"height":750},{"@type":"BreadcrumbList","@id":"https:\/\/babylove.se\/no\/produkt\/stol-ku-med-sitteputte\/#breadcrumb","itemListElement":[{"@type":"ListItem","position":1,"name":"Hem","item":"https:\/\/babylove.se\/no\/"},{"@type":"ListItem","position":2,"name":"Butik","item":"https:\/\/babylove.se\/no\/butik\/"},{"@type":"ListItem","position":3,"name":"Stol ku med sitteputt"}]},{"@type":"WebSite","@id":"https:\/\/babylove.se\/no\/#website","url":"https:\/\/babylove.se\/no\/","name":"Babylove Norska","description":"","potentialAction":[{"@type":"SearchAction","target":{"@type":"EntryPoint","urlTemplate":"https:\/\/babylove.se\/no\/?s={search_term_string}"},"query-input":{"@type":"PropertyValueSpecification","valueRequired":true,"valueName":"search_term_string"}}],"inLanguage":"nb-NO"}]},"product_brand":"Anteba","product_price_amount":"399.00","product_price_currency":"SEK","og_availability":"out of stock","product_availability":"out of stock","product_retailer_item_id":"87331","product_condition":"new"},"_links":{"self":[{"href":"https:\/\/babylove.se\/no\/wp-json\/wp\/v2\/product\/16863","targetHints":{"allow":["GET"]}}],"collection":[{"href":"https:\/\/babylove.se\/no\/wp-json\/wp\/v2\/product"}],"about":[{"href":"https:\/\/babylove.se\/no\/wp-json\/wp\/v2\/types\/product"}],"replies":[{"embeddable":true,"href":"https:\/\/babylove.se\/no\/wp-json\/wp\/v2\/comments?post=16863"}],"wp:featuredmedia":[{"embeddable":true,"href":"https:\/\/babylove.se\/no\/wp-json\/wp\/v2\/media\/16865"}],"wp:attachment":[{"href":"https:\/\/babylove.se\/no\/wp-json\/wp\/v2\/media?parent=16863"}],"wp:term":[{"taxonomy":"product_brand","embeddable":true,"href":"https:\/\/babylove.se\/no\/wp-json\/wp\/v2\/product_brand?post=16863"},{"taxonomy":"product_cat","embeddable":true,"href":"https:\/\/babylove.se\/no\/wp-json\/wp\/v2\/product_cat?post=16863"},{"taxonomy":"product_tag","embeddable":true,"href":"https:\/\/babylove.se\/no\/wp-json\/wp\/v2\/product_tag?post=16863"}],"curies":[{"name":"wp","href":"https:\/\/api.w.org\/{rel}","templated":true}]}}