{"id":1691,"date":"2025-07-18T20:03:37","date_gmt":"2025-07-18T19:03:37","guid":{"rendered":"https:\/\/babylove.se\/produkt\/glamour-beige-bordslampa-yosoy\/"},"modified":"2026-04-08T07:43:59","modified_gmt":"2026-04-08T06:43:59","slug":"glamour-beige-bordlampe-yosoy","status":"publish","type":"product","link":"https:\/\/babylove.se\/no\/produkt\/glamour-beige-bordlampe-yosoy\/","title":{"rendered":"Glamour beige bordlampe\/senglampe til barnerommet, YOSOY"},"content":{"rendered":"<p><strong>Lampen&nbsp;<\/strong>er h\u00e5ndlaget av naturlig b\u00f8ketre og er malt med barnesikker farge. Et riktig &#8220;need to have&#8221; produkt, som fyller flere gode funksjoner som f.eks. som leselampe eller som nattlampe, <strong>senglampe<\/strong>.&nbsp;<\/p>\n<p>Lampen er en riktig fin <strong>dekorasjon&nbsp;<\/strong>i <strong>barnerommet&nbsp;<\/strong>og dens spennende design skaper karakter. Lampen er perfekt som gave. Lampen kan ogs\u00e5 kombineres med andre YOSOY produkter i samme fargeserie. For eksempel med <strong>senget\u00f8y<\/strong>, puter eller tepper. Lampeskjermene finnes i pastellfargene rosa, mint eller gr\u00e5. Av naturlige og lette materialer sys skjermene og avgir et vakkert og diffust lys. Selvf\u00f8lgelig er YOSOYs vakre logotype brodert p\u00e5 skjermen noe som bidrar til \u00e5 skape en unik lampe.&nbsp;<\/p>\n<p><strong>M\u00e5l<\/strong>: H\u00f8yde 35 cm, diameter p\u00e5 lampens bunn er 16 cm. Lampeskjermen er 25 x 20 cm.&nbsp;<\/p>\n<p><strong>Materiale<\/strong>: 100 % bomull, OEKO-TEX sertifisert.<\/p>\n","protected":false},"excerpt":{"rendered":"<p>Lampen&nbsp;er h\u00e5ndlaget av naturlig b\u00f8ketre og er malt med barnesikker farge. Et riktig &#8220;need to have&#8221; produkt, som fyller flere gode funksjoner som f.eks. som leselampe eller som nattlampe, senglampe.&nbsp; Lampen er en riktig fin dekorasjon&nbsp;i barnerommet&nbsp;og dens spennende design skaper karakter. Lampen er perfekt som gave. Lampen kan ogs\u00e5 kombineres med andre YOSOY produkter [&hellip;]<\/p>\n","protected":false},"featured_media":1693,"comment_status":"closed","ping_status":"open","template":"","meta":{"_acf_changed":false},"product_brand":[115],"product_cat":[32,35],"product_tag":[],"class_list":{"0":"post-1691","1":"product","2":"type-product","3":"status-publish","4":"has-post-thumbnail","6":"product_brand-yosoy","7":"product_cat-bordlamper","8":"product_cat-sengelamper","10":"first","11":"outofstock","12":"taxable","13":"shipping-taxable","14":"purchasable","15":"product-type-simple"},"acf":[],"yoast_head":"<!-- This site is optimized with the Yoast SEO Premium plugin v25.8 (Yoast SEO v27.2) - https:\/\/yoast.com\/product\/yoast-seo-premium-wordpress\/ -->\n<title>Glamour beige bordlampe\/senglampe til barnerommet, YOSOY - Babylove Norska<\/title>\n<meta name=\"robots\" content=\"noindex, follow, max-snippet:-1, max-image-preview:large, max-video-preview:-1\" \/>\n<meta property=\"og:locale\" content=\"nb_NO\" \/>\n<meta property=\"og:type\" content=\"article\" \/>\n<meta property=\"og:title\" content=\"Glamour beige bordlampe\/senglampe til barnerommet, YOSOY\" \/>\n<meta property=\"og:description\" content=\"Lampen&nbsp;er h\u00e5ndlaget av naturlig b\u00f8ketre og er malt med barnesikker farge. Et riktig &#8220;need to have&#8221; produkt, som fyller flere gode funksjoner som f.eks. som leselampe eller som nattlampe, senglampe.&nbsp; Lampen er en riktig fin dekorasjon&nbsp;i barnerommet&nbsp;og dens spennende design skaper karakter. Lampen er perfekt som gave. Lampen kan ogs\u00e5 kombineres med andre YOSOY produkter [&hellip;]\" \/>\n<meta property=\"og:url\" content=\"https:\/\/babylove.se\/no\/produkt\/glamour-beige-bordlampe-yosoy\/\" \/>\n<meta property=\"og:site_name\" content=\"Babylove Norska\" \/>\n<meta property=\"article:modified_time\" content=\"2026-04-08T06:43:59+00:00\" \/>\n<meta property=\"og:image\" content=\"https:\/\/babylove.se\/no\/wp-content\/uploads\/sites\/3\/2025\/07\/57eacc203e125.jpeg\" \/>\n\t<meta property=\"og:image:width\" content=\"750\" \/>\n\t<meta property=\"og:image:height\" content=\"750\" \/>\n\t<meta property=\"og:image:type\" content=\"image\/jpeg\" \/>\n<meta name=\"twitter:card\" content=\"summary_large_image\" \/>\n<meta name=\"twitter:label1\" content=\"Price\" \/>\n\t<meta name=\"twitter:data1\" content=\"799,00&nbsp;&#107;&#114;\" \/>\n\t<meta name=\"twitter:label2\" content=\"Availability\" \/>\n\t<meta name=\"twitter:data2\" content=\"Out of stock\" \/>\n<script type=\"application\/ld+json\" class=\"yoast-schema-graph\">{\"@context\":\"https:\/\/schema.org\",\"@graph\":[{\"@type\":\"WebPage\",\"@id\":\"https:\/\/babylove.se\/no\/produkt\/glamour-beige-bordlampe-yosoy\/\",\"url\":\"https:\/\/babylove.se\/no\/produkt\/glamour-beige-bordlampe-yosoy\/\",\"name\":\"Glamour beige bordlampe\/senglampe til barnerommet, YOSOY - Babylove Norska\",\"isPartOf\":{\"@id\":\"https:\/\/babylove.se\/no\/#website\"},\"primaryImageOfPage\":{\"@id\":\"https:\/\/babylove.se\/no\/produkt\/glamour-beige-bordlampe-yosoy\/#primaryimage\"},\"image\":{\"@id\":\"https:\/\/babylove.se\/no\/produkt\/glamour-beige-bordlampe-yosoy\/#primaryimage\"},\"thumbnailUrl\":\"https:\/\/babylove.se\/no\/wp-content\/uploads\/sites\/3\/2025\/07\/57eacc203e125.jpeg\",\"datePublished\":\"2025-07-18T19:03:37+00:00\",\"dateModified\":\"2026-04-08T06:43:59+00:00\",\"breadcrumb\":{\"@id\":\"https:\/\/babylove.se\/no\/produkt\/glamour-beige-bordlampe-yosoy\/#breadcrumb\"},\"inLanguage\":\"nb-NO\",\"potentialAction\":[{\"@type\":\"ReadAction\",\"target\":[\"https:\/\/babylove.se\/no\/produkt\/glamour-beige-bordlampe-yosoy\/\"]}]},{\"@type\":\"ImageObject\",\"inLanguage\":\"nb-NO\",\"@id\":\"https:\/\/babylove.se\/no\/produkt\/glamour-beige-bordlampe-yosoy\/#primaryimage\",\"url\":\"https:\/\/babylove.se\/no\/wp-content\/uploads\/sites\/3\/2025\/07\/57eacc203e125.jpeg\",\"contentUrl\":\"https:\/\/babylove.se\/no\/wp-content\/uploads\/sites\/3\/2025\/07\/57eacc203e125.jpeg\",\"width\":750,\"height\":750},{\"@type\":\"BreadcrumbList\",\"@id\":\"https:\/\/babylove.se\/no\/produkt\/glamour-beige-bordlampe-yosoy\/#breadcrumb\",\"itemListElement\":[{\"@type\":\"ListItem\",\"position\":1,\"name\":\"Hem\",\"item\":\"https:\/\/babylove.se\/no\/\"},{\"@type\":\"ListItem\",\"position\":2,\"name\":\"Butik\",\"item\":\"https:\/\/babylove.se\/no\/butik\/\"},{\"@type\":\"ListItem\",\"position\":3,\"name\":\"Glamour beige bordlampe\/senglampe til barnerommet, YOSOY\"}]},{\"@type\":\"WebSite\",\"@id\":\"https:\/\/babylove.se\/no\/#website\",\"url\":\"https:\/\/babylove.se\/no\/\",\"name\":\"Babylove Norska\",\"description\":\"\",\"potentialAction\":[{\"@type\":\"SearchAction\",\"target\":{\"@type\":\"EntryPoint\",\"urlTemplate\":\"https:\/\/babylove.se\/no\/?s={search_term_string}\"},\"query-input\":{\"@type\":\"PropertyValueSpecification\",\"valueRequired\":true,\"valueName\":\"search_term_string\"}}],\"inLanguage\":\"nb-NO\"}]}<\/script>\n<meta property=\"product:brand\" content=\"Yosoy\" \/>\n<meta property=\"product:price:amount\" content=\"799.00\" \/>\n<meta property=\"product:price:currency\" content=\"SEK\" \/>\n<meta property=\"og:availability\" content=\"out of stock\" \/>\n<meta property=\"product:availability\" content=\"out of stock\" \/>\n<meta property=\"product:retailer_item_id\" content=\"YO0013\" \/>\n<meta property=\"product:condition\" content=\"new\" \/>\n<!-- \/ Yoast SEO Premium plugin. -->","yoast_head_json":{"title":"Glamour beige bordlampe\/senglampe til barnerommet, YOSOY - Babylove Norska","robots":{"index":"noindex","follow":"follow","max-snippet":"max-snippet:-1","max-image-preview":"max-image-preview:large","max-video-preview":"max-video-preview:-1"},"og_locale":"nb_NO","og_type":"article","og_title":"Glamour beige bordlampe\/senglampe til barnerommet, YOSOY","og_description":"Lampen&nbsp;er h\u00e5ndlaget av naturlig b\u00f8ketre og er malt med barnesikker farge. Et riktig &#8220;need to have&#8221; produkt, som fyller flere gode funksjoner som f.eks. som leselampe eller som nattlampe, senglampe.&nbsp; Lampen er en riktig fin dekorasjon&nbsp;i barnerommet&nbsp;og dens spennende design skaper karakter. Lampen er perfekt som gave. Lampen kan ogs\u00e5 kombineres med andre YOSOY produkter [&hellip;]","og_url":"https:\/\/babylove.se\/no\/produkt\/glamour-beige-bordlampe-yosoy\/","og_site_name":"Babylove Norska","article_modified_time":"2026-04-08T06:43:59+00:00","og_image":[{"width":750,"height":750,"url":"https:\/\/babylove.se\/no\/wp-content\/uploads\/sites\/3\/2025\/07\/57eacc203e125.jpeg","type":"image\/jpeg"}],"twitter_card":"summary_large_image","twitter_misc":{"Price":"799,00&nbsp;&#107;&#114;","Availability":"Out of stock"},"schema":{"@context":"https:\/\/schema.org","@graph":[{"@type":"WebPage","@id":"https:\/\/babylove.se\/no\/produkt\/glamour-beige-bordlampe-yosoy\/","url":"https:\/\/babylove.se\/no\/produkt\/glamour-beige-bordlampe-yosoy\/","name":"Glamour beige bordlampe\/senglampe til barnerommet, YOSOY - Babylove Norska","isPartOf":{"@id":"https:\/\/babylove.se\/no\/#website"},"primaryImageOfPage":{"@id":"https:\/\/babylove.se\/no\/produkt\/glamour-beige-bordlampe-yosoy\/#primaryimage"},"image":{"@id":"https:\/\/babylove.se\/no\/produkt\/glamour-beige-bordlampe-yosoy\/#primaryimage"},"thumbnailUrl":"https:\/\/babylove.se\/no\/wp-content\/uploads\/sites\/3\/2025\/07\/57eacc203e125.jpeg","datePublished":"2025-07-18T19:03:37+00:00","dateModified":"2026-04-08T06:43:59+00:00","breadcrumb":{"@id":"https:\/\/babylove.se\/no\/produkt\/glamour-beige-bordlampe-yosoy\/#breadcrumb"},"inLanguage":"nb-NO","potentialAction":[{"@type":"ReadAction","target":["https:\/\/babylove.se\/no\/produkt\/glamour-beige-bordlampe-yosoy\/"]}]},{"@type":"ImageObject","inLanguage":"nb-NO","@id":"https:\/\/babylove.se\/no\/produkt\/glamour-beige-bordlampe-yosoy\/#primaryimage","url":"https:\/\/babylove.se\/no\/wp-content\/uploads\/sites\/3\/2025\/07\/57eacc203e125.jpeg","contentUrl":"https:\/\/babylove.se\/no\/wp-content\/uploads\/sites\/3\/2025\/07\/57eacc203e125.jpeg","width":750,"height":750},{"@type":"BreadcrumbList","@id":"https:\/\/babylove.se\/no\/produkt\/glamour-beige-bordlampe-yosoy\/#breadcrumb","itemListElement":[{"@type":"ListItem","position":1,"name":"Hem","item":"https:\/\/babylove.se\/no\/"},{"@type":"ListItem","position":2,"name":"Butik","item":"https:\/\/babylove.se\/no\/butik\/"},{"@type":"ListItem","position":3,"name":"Glamour beige bordlampe\/senglampe til barnerommet, YOSOY"}]},{"@type":"WebSite","@id":"https:\/\/babylove.se\/no\/#website","url":"https:\/\/babylove.se\/no\/","name":"Babylove Norska","description":"","potentialAction":[{"@type":"SearchAction","target":{"@type":"EntryPoint","urlTemplate":"https:\/\/babylove.se\/no\/?s={search_term_string}"},"query-input":{"@type":"PropertyValueSpecification","valueRequired":true,"valueName":"search_term_string"}}],"inLanguage":"nb-NO"}]},"product_brand":"Yosoy","product_price_amount":"799.00","product_price_currency":"SEK","og_availability":"out of stock","product_availability":"out of stock","product_retailer_item_id":"YO0013","product_condition":"new"},"_links":{"self":[{"href":"https:\/\/babylove.se\/no\/wp-json\/wp\/v2\/product\/1691","targetHints":{"allow":["GET"]}}],"collection":[{"href":"https:\/\/babylove.se\/no\/wp-json\/wp\/v2\/product"}],"about":[{"href":"https:\/\/babylove.se\/no\/wp-json\/wp\/v2\/types\/product"}],"replies":[{"embeddable":true,"href":"https:\/\/babylove.se\/no\/wp-json\/wp\/v2\/comments?post=1691"}],"wp:featuredmedia":[{"embeddable":true,"href":"https:\/\/babylove.se\/no\/wp-json\/wp\/v2\/media\/1693"}],"wp:attachment":[{"href":"https:\/\/babylove.se\/no\/wp-json\/wp\/v2\/media?parent=1691"}],"wp:term":[{"taxonomy":"product_brand","embeddable":true,"href":"https:\/\/babylove.se\/no\/wp-json\/wp\/v2\/product_brand?post=1691"},{"taxonomy":"product_cat","embeddable":true,"href":"https:\/\/babylove.se\/no\/wp-json\/wp\/v2\/product_cat?post=1691"},{"taxonomy":"product_tag","embeddable":true,"href":"https:\/\/babylove.se\/no\/wp-json\/wp\/v2\/product_tag?post=1691"}],"curies":[{"name":"wp","href":"https:\/\/api.w.org\/{rel}","templated":true}]}}