{"id":16912,"date":"2025-07-18T22:05:19","date_gmt":"2025-07-18T21:05:19","guid":{"rendered":"https:\/\/babylove.se\/produkt\/pioner-klistermarke-till-ikea-lack-sidobord\/"},"modified":"2026-04-08T09:10:14","modified_gmt":"2026-04-08T08:10:14","slug":"pioner-klistremerke-til-ikea-lack-sidebord","status":"publish","type":"product","link":"https:\/\/babylove.se\/no\/produkt\/pioner-klistremerke-til-ikea-lack-sidebord\/","title":{"rendered":"Pioner klistremerke til Ikea Lack sidobord"},"content":{"rendered":"<p>Supersmart klistremerke med deilige pioner som passer perfekt til for eksempel Ikea Lack sidebord.<\/p>\n<p>Ikeas Lack er en klassiker som finnes i mange barnerom rundt omkring. Dette klistremerket vil gj\u00f8re lekestundene enda morsommere, p\u00e5 en smart og rimelig m\u00e5te!<\/p>\n<p><strong>M\u00e5l<\/strong>: 54 x 54 cm. Helt tilpasset til Ikea Lack sidebord.<\/p>\n<p><strong>Material<\/strong>: Vinyl<\/p>\n<p><em>OBS! S\u00f8rg for at overflaten er t\u00f8rr og avfettet f\u00f8r du setter opp veggklistremerket. Fungerer ikke p\u00e5 ujevne vegger\/overflater. Klistremerkene er heller ikke egnet for vegger med en grov overflate eller hvis de er malt med lateksfarger eller tapetserte. Veggklistremerkene m\u00e5 v\u00e6re flate og ofte ligge og rettes ut minst 24 timer etter at man har tatt dem ut fra emballasjen f\u00f8r man kan sette dem opp p\u00e5 veggen.<\/em><\/p>\n<p>Designer: <a href=\"https:\/\/babylove.se\/varumarken\/babylove\">Babylove<\/a><\/p>\n","protected":false},"excerpt":{"rendered":"<p>Supersmart klistremerke med deilige pioner som passer perfekt til for eksempel Ikea Lack sidebord. Ikeas Lack er en klassiker som finnes i mange barnerom rundt omkring. Dette klistremerket vil gj\u00f8re lekestundene enda morsommere, p\u00e5 en smart og rimelig m\u00e5te! M\u00e5l: 54 x 54 cm. Helt tilpasset til Ikea Lack sidebord. Material: Vinyl OBS! S\u00f8rg for [&hellip;]<\/p>\n","protected":false},"featured_media":16914,"comment_status":"closed","ping_status":"open","template":"","meta":{"_acf_changed":false},"product_brand":[22],"product_cat":[84,199,24],"product_tag":[1709],"class_list":{"0":"post-16912","1":"product","2":"type-product","3":"status-publish","4":"has-post-thumbnail","6":"product_brand-babylove","7":"product_cat-babylove","8":"product_cat-blomstrete","9":"product_cat-veggklistremerker","10":"product_tag-utforsalg","12":"first","13":"instock","14":"taxable","15":"shipping-taxable","16":"purchasable","17":"product-type-simple"},"acf":[],"yoast_head":"<!-- This site is optimized with the Yoast SEO Premium plugin v25.8 (Yoast SEO v27.2) - https:\/\/yoast.com\/product\/yoast-seo-premium-wordpress\/ -->\n<title>Pioner klistremerke til Ikea Lack sidobord - Babylove Norska<\/title>\n<meta name=\"robots\" content=\"noindex, follow, max-snippet:-1, max-image-preview:large, max-video-preview:-1\" \/>\n<meta property=\"og:locale\" content=\"nb_NO\" \/>\n<meta property=\"og:type\" content=\"article\" \/>\n<meta property=\"og:title\" content=\"Pioner klistremerke til Ikea Lack sidobord\" \/>\n<meta property=\"og:description\" content=\"Supersmart klistremerke med deilige pioner som passer perfekt til for eksempel Ikea Lack sidebord. Ikeas Lack er en klassiker som finnes i mange barnerom rundt omkring. Dette klistremerket vil gj\u00f8re lekestundene enda morsommere, p\u00e5 en smart og rimelig m\u00e5te! M\u00e5l: 54 x 54 cm. Helt tilpasset til Ikea Lack sidebord. Material: Vinyl OBS! S\u00f8rg for [&hellip;]\" \/>\n<meta property=\"og:url\" content=\"https:\/\/babylove.se\/no\/produkt\/pioner-klistremerke-til-ikea-lack-sidebord\/\" \/>\n<meta property=\"og:site_name\" content=\"Babylove Norska\" \/>\n<meta property=\"article:modified_time\" content=\"2026-04-08T08:10:14+00:00\" \/>\n<meta property=\"og:image\" content=\"https:\/\/babylove.se\/no\/wp-content\/uploads\/sites\/3\/2025\/07\/5e3a96ae1b853.jpeg\" \/>\n\t<meta property=\"og:image:width\" content=\"500\" \/>\n\t<meta property=\"og:image:height\" content=\"500\" \/>\n\t<meta property=\"og:image:type\" content=\"image\/jpeg\" \/>\n<meta name=\"twitter:card\" content=\"summary_large_image\" \/>\n<meta name=\"twitter:label1\" content=\"Price\" \/>\n\t<meta name=\"twitter:data1\" content=\"149,00&nbsp;&#107;&#114;\" \/>\n\t<meta name=\"twitter:label2\" content=\"Availability\" \/>\n\t<meta name=\"twitter:data2\" content=\"In stock\" \/>\n<script type=\"application\/ld+json\" class=\"yoast-schema-graph\">{\"@context\":\"https:\/\/schema.org\",\"@graph\":[{\"@type\":\"WebPage\",\"@id\":\"https:\/\/babylove.se\/no\/produkt\/pioner-klistremerke-til-ikea-lack-sidebord\/\",\"url\":\"https:\/\/babylove.se\/no\/produkt\/pioner-klistremerke-til-ikea-lack-sidebord\/\",\"name\":\"Pioner klistremerke til Ikea Lack sidobord - Babylove Norska\",\"isPartOf\":{\"@id\":\"https:\/\/babylove.se\/no\/#website\"},\"primaryImageOfPage\":{\"@id\":\"https:\/\/babylove.se\/no\/produkt\/pioner-klistremerke-til-ikea-lack-sidebord\/#primaryimage\"},\"image\":{\"@id\":\"https:\/\/babylove.se\/no\/produkt\/pioner-klistremerke-til-ikea-lack-sidebord\/#primaryimage\"},\"thumbnailUrl\":\"https:\/\/babylove.se\/no\/wp-content\/uploads\/sites\/3\/2025\/07\/5e3a96ae1b853.jpeg\",\"datePublished\":\"2025-07-18T21:05:19+00:00\",\"dateModified\":\"2026-04-08T08:10:14+00:00\",\"breadcrumb\":{\"@id\":\"https:\/\/babylove.se\/no\/produkt\/pioner-klistremerke-til-ikea-lack-sidebord\/#breadcrumb\"},\"inLanguage\":\"nb-NO\",\"potentialAction\":[{\"@type\":\"ReadAction\",\"target\":[\"https:\/\/babylove.se\/no\/produkt\/pioner-klistremerke-til-ikea-lack-sidebord\/\"]}]},{\"@type\":\"ImageObject\",\"inLanguage\":\"nb-NO\",\"@id\":\"https:\/\/babylove.se\/no\/produkt\/pioner-klistremerke-til-ikea-lack-sidebord\/#primaryimage\",\"url\":\"https:\/\/babylove.se\/no\/wp-content\/uploads\/sites\/3\/2025\/07\/5e3a96ae1b853.jpeg\",\"contentUrl\":\"https:\/\/babylove.se\/no\/wp-content\/uploads\/sites\/3\/2025\/07\/5e3a96ae1b853.jpeg\",\"width\":500,\"height\":500},{\"@type\":\"BreadcrumbList\",\"@id\":\"https:\/\/babylove.se\/no\/produkt\/pioner-klistremerke-til-ikea-lack-sidebord\/#breadcrumb\",\"itemListElement\":[{\"@type\":\"ListItem\",\"position\":1,\"name\":\"Hem\",\"item\":\"https:\/\/babylove.se\/no\/\"},{\"@type\":\"ListItem\",\"position\":2,\"name\":\"Butik\",\"item\":\"https:\/\/babylove.se\/no\/butik\/\"},{\"@type\":\"ListItem\",\"position\":3,\"name\":\"Pioner klistremerke til Ikea Lack sidobord\"}]},{\"@type\":\"WebSite\",\"@id\":\"https:\/\/babylove.se\/no\/#website\",\"url\":\"https:\/\/babylove.se\/no\/\",\"name\":\"Babylove Norska\",\"description\":\"\",\"potentialAction\":[{\"@type\":\"SearchAction\",\"target\":{\"@type\":\"EntryPoint\",\"urlTemplate\":\"https:\/\/babylove.se\/no\/?s={search_term_string}\"},\"query-input\":{\"@type\":\"PropertyValueSpecification\",\"valueRequired\":true,\"valueName\":\"search_term_string\"}}],\"inLanguage\":\"nb-NO\"}]}<\/script>\n<meta property=\"product:brand\" content=\"Babylove\" \/>\n<meta property=\"product:price:amount\" content=\"149.00\" \/>\n<meta property=\"product:price:currency\" content=\"SEK\" \/>\n<meta property=\"og:availability\" content=\"instock\" \/>\n<meta property=\"product:availability\" content=\"instock\" \/>\n<meta property=\"product:retailer_item_id\" content=\"DD00001949\" \/>\n<meta property=\"product:condition\" content=\"new\" \/>\n<!-- \/ Yoast SEO Premium plugin. -->","yoast_head_json":{"title":"Pioner klistremerke til Ikea Lack sidobord - Babylove Norska","robots":{"index":"noindex","follow":"follow","max-snippet":"max-snippet:-1","max-image-preview":"max-image-preview:large","max-video-preview":"max-video-preview:-1"},"og_locale":"nb_NO","og_type":"article","og_title":"Pioner klistremerke til Ikea Lack sidobord","og_description":"Supersmart klistremerke med deilige pioner som passer perfekt til for eksempel Ikea Lack sidebord. Ikeas Lack er en klassiker som finnes i mange barnerom rundt omkring. Dette klistremerket vil gj\u00f8re lekestundene enda morsommere, p\u00e5 en smart og rimelig m\u00e5te! M\u00e5l: 54 x 54 cm. Helt tilpasset til Ikea Lack sidebord. Material: Vinyl OBS! S\u00f8rg for [&hellip;]","og_url":"https:\/\/babylove.se\/no\/produkt\/pioner-klistremerke-til-ikea-lack-sidebord\/","og_site_name":"Babylove Norska","article_modified_time":"2026-04-08T08:10:14+00:00","og_image":[{"width":500,"height":500,"url":"https:\/\/babylove.se\/no\/wp-content\/uploads\/sites\/3\/2025\/07\/5e3a96ae1b853.jpeg","type":"image\/jpeg"}],"twitter_card":"summary_large_image","twitter_misc":{"Price":"149,00&nbsp;&#107;&#114;","Availability":"In stock"},"schema":{"@context":"https:\/\/schema.org","@graph":[{"@type":"WebPage","@id":"https:\/\/babylove.se\/no\/produkt\/pioner-klistremerke-til-ikea-lack-sidebord\/","url":"https:\/\/babylove.se\/no\/produkt\/pioner-klistremerke-til-ikea-lack-sidebord\/","name":"Pioner klistremerke til Ikea Lack sidobord - Babylove Norska","isPartOf":{"@id":"https:\/\/babylove.se\/no\/#website"},"primaryImageOfPage":{"@id":"https:\/\/babylove.se\/no\/produkt\/pioner-klistremerke-til-ikea-lack-sidebord\/#primaryimage"},"image":{"@id":"https:\/\/babylove.se\/no\/produkt\/pioner-klistremerke-til-ikea-lack-sidebord\/#primaryimage"},"thumbnailUrl":"https:\/\/babylove.se\/no\/wp-content\/uploads\/sites\/3\/2025\/07\/5e3a96ae1b853.jpeg","datePublished":"2025-07-18T21:05:19+00:00","dateModified":"2026-04-08T08:10:14+00:00","breadcrumb":{"@id":"https:\/\/babylove.se\/no\/produkt\/pioner-klistremerke-til-ikea-lack-sidebord\/#breadcrumb"},"inLanguage":"nb-NO","potentialAction":[{"@type":"ReadAction","target":["https:\/\/babylove.se\/no\/produkt\/pioner-klistremerke-til-ikea-lack-sidebord\/"]}]},{"@type":"ImageObject","inLanguage":"nb-NO","@id":"https:\/\/babylove.se\/no\/produkt\/pioner-klistremerke-til-ikea-lack-sidebord\/#primaryimage","url":"https:\/\/babylove.se\/no\/wp-content\/uploads\/sites\/3\/2025\/07\/5e3a96ae1b853.jpeg","contentUrl":"https:\/\/babylove.se\/no\/wp-content\/uploads\/sites\/3\/2025\/07\/5e3a96ae1b853.jpeg","width":500,"height":500},{"@type":"BreadcrumbList","@id":"https:\/\/babylove.se\/no\/produkt\/pioner-klistremerke-til-ikea-lack-sidebord\/#breadcrumb","itemListElement":[{"@type":"ListItem","position":1,"name":"Hem","item":"https:\/\/babylove.se\/no\/"},{"@type":"ListItem","position":2,"name":"Butik","item":"https:\/\/babylove.se\/no\/butik\/"},{"@type":"ListItem","position":3,"name":"Pioner klistremerke til Ikea Lack sidobord"}]},{"@type":"WebSite","@id":"https:\/\/babylove.se\/no\/#website","url":"https:\/\/babylove.se\/no\/","name":"Babylove Norska","description":"","potentialAction":[{"@type":"SearchAction","target":{"@type":"EntryPoint","urlTemplate":"https:\/\/babylove.se\/no\/?s={search_term_string}"},"query-input":{"@type":"PropertyValueSpecification","valueRequired":true,"valueName":"search_term_string"}}],"inLanguage":"nb-NO"}]},"product_brand":"Babylove","product_price_amount":"149.00","product_price_currency":"SEK","og_availability":"instock","product_availability":"instock","product_retailer_item_id":"DD00001949","product_condition":"new"},"_links":{"self":[{"href":"https:\/\/babylove.se\/no\/wp-json\/wp\/v2\/product\/16912","targetHints":{"allow":["GET"]}}],"collection":[{"href":"https:\/\/babylove.se\/no\/wp-json\/wp\/v2\/product"}],"about":[{"href":"https:\/\/babylove.se\/no\/wp-json\/wp\/v2\/types\/product"}],"replies":[{"embeddable":true,"href":"https:\/\/babylove.se\/no\/wp-json\/wp\/v2\/comments?post=16912"}],"wp:featuredmedia":[{"embeddable":true,"href":"https:\/\/babylove.se\/no\/wp-json\/wp\/v2\/media\/16914"}],"wp:attachment":[{"href":"https:\/\/babylove.se\/no\/wp-json\/wp\/v2\/media?parent=16912"}],"wp:term":[{"taxonomy":"product_brand","embeddable":true,"href":"https:\/\/babylove.se\/no\/wp-json\/wp\/v2\/product_brand?post=16912"},{"taxonomy":"product_cat","embeddable":true,"href":"https:\/\/babylove.se\/no\/wp-json\/wp\/v2\/product_cat?post=16912"},{"taxonomy":"product_tag","embeddable":true,"href":"https:\/\/babylove.se\/no\/wp-json\/wp\/v2\/product_tag?post=16912"}],"curies":[{"name":"wp","href":"https:\/\/api.w.org\/{rel}","templated":true}]}}