{"id":16920,"date":"2025-07-18T22:05:19","date_gmt":"2025-07-18T21:05:19","guid":{"rendered":"https:\/\/babylove.se\/produkt\/gra-stor-mane-klistermarke-till-barnrum\/"},"modified":"2026-04-08T09:10:20","modified_gmt":"2026-04-08T08:10:20","slug":"gra-stor-mane-klistremerke-til-barnerom","status":"publish","type":"product","link":"https:\/\/babylove.se\/no\/produkt\/gra-stor-mane-klistremerke-til-barnerom\/","title":{"rendered":"Gr\u00e5 stor m\u00e5ne klistremerke til barnerom"},"content":{"rendered":"<p>Skap barneromatmosf\u00e6re med denne store gr\u00e5 m\u00e5nen. M\u00e5nen finnes i to st\u00f8rrelser, en stor og en litt mindre.<\/p>\n<p>Veggklistremerket er laget av materiale av h\u00f8yeste kvalitet og kan enkelt festes p\u00e5 alle typer malte vegger eller tapeter. Dette gj\u00f8r at det holder lenge, uansett om du flytter ofte p\u00e5 den eller ikke.&nbsp;<\/p>\n<p><strong>St\u00f8rrelse<\/strong>: Diameter 71 cm&nbsp;<\/p>\n<p><strong>Farge<\/strong>: Gr\u00e5<\/p>\n<p><strong>Material<\/strong>: Vinylplast&nbsp;<\/p>\n<p><em>OBS! S\u00f8rg for at overflaten er t\u00f8rr og avfettet f\u00f8r du setter opp veggklistremerket. Fungerer ikke p\u00e5 ujevne vegger\/overflater. Klistremerkene er heller ikke egnet for vegger med en grov overflate eller hvis de er malt med lateksfarger eller tapetsert. Veggklistremerkene m\u00e5 v\u00e6re flate og ofte ligge og rettes ut minst 24 timer etter man har tatt dem ut fra emballasjen f\u00f8r man kan sette dem opp p\u00e5 veggen.<\/em><\/p>\n<p>Designer: <a href=\"https:\/\/babylove.se\/varumarken\/babylove\">Babylove<\/a><\/p>\n","protected":false},"excerpt":{"rendered":"<p>Skap barneromatmosf\u00e6re med denne store gr\u00e5 m\u00e5nen. M\u00e5nen finnes i to st\u00f8rrelser, en stor og en litt mindre. Veggklistremerket er laget av materiale av h\u00f8yeste kvalitet og kan enkelt festes p\u00e5 alle typer malte vegger eller tapeter. Dette gj\u00f8r at det holder lenge, uansett om du flytter ofte p\u00e5 den eller ikke.&nbsp; St\u00f8rrelse: Diameter 71 [&hellip;]<\/p>\n","protected":false},"featured_media":16922,"comment_status":"closed","ping_status":"open","template":"","meta":{"_acf_changed":false},"product_brand":[],"product_cat":[84,238,24],"product_tag":[1709],"class_list":{"0":"post-16920","1":"product","2":"type-product","3":"status-publish","4":"has-post-thumbnail","6":"product_cat-babylove","7":"product_cat-rommet","8":"product_cat-veggklistremerker","9":"product_tag-utforsalg","11":"first","12":"instock","13":"taxable","14":"shipping-taxable","15":"purchasable","16":"product-type-simple"},"acf":[],"yoast_head":"<!-- This site is optimized with the Yoast SEO Premium plugin v25.8 (Yoast SEO v27.2) - https:\/\/yoast.com\/product\/yoast-seo-premium-wordpress\/ -->\n<title>Gr\u00e5 stor m\u00e5ne klistremerke til barnerom - Babylove Norska<\/title>\n<meta name=\"robots\" content=\"noindex, follow, max-snippet:-1, max-image-preview:large, max-video-preview:-1\" \/>\n<meta property=\"og:locale\" content=\"nb_NO\" \/>\n<meta property=\"og:type\" content=\"article\" \/>\n<meta property=\"og:title\" content=\"Gr\u00e5 stor m\u00e5ne klistremerke til barnerom\" \/>\n<meta property=\"og:description\" content=\"Skap barneromatmosf\u00e6re med denne store gr\u00e5 m\u00e5nen. M\u00e5nen finnes i to st\u00f8rrelser, en stor og en litt mindre. Veggklistremerket er laget av materiale av h\u00f8yeste kvalitet og kan enkelt festes p\u00e5 alle typer malte vegger eller tapeter. Dette gj\u00f8r at det holder lenge, uansett om du flytter ofte p\u00e5 den eller ikke.&nbsp; St\u00f8rrelse: Diameter 71 [&hellip;]\" \/>\n<meta property=\"og:url\" content=\"https:\/\/babylove.se\/no\/produkt\/gra-stor-mane-klistremerke-til-barnerom\/\" \/>\n<meta property=\"og:site_name\" content=\"Babylove Norska\" \/>\n<meta property=\"article:modified_time\" content=\"2026-04-08T08:10:20+00:00\" \/>\n<meta property=\"og:image\" content=\"https:\/\/babylove.se\/no\/wp-content\/uploads\/sites\/3\/2025\/07\/5e3a97d259b2f.jpeg\" \/>\n\t<meta property=\"og:image:width\" content=\"589\" \/>\n\t<meta property=\"og:image:height\" content=\"750\" \/>\n\t<meta property=\"og:image:type\" content=\"image\/jpeg\" \/>\n<meta name=\"twitter:card\" content=\"summary_large_image\" \/>\n<meta name=\"twitter:label1\" content=\"Price\" \/>\n\t<meta name=\"twitter:data1\" content=\"399,00&nbsp;&#107;&#114;\" \/>\n\t<meta name=\"twitter:label2\" content=\"Availability\" \/>\n\t<meta name=\"twitter:data2\" content=\"In stock\" \/>\n<script type=\"application\/ld+json\" class=\"yoast-schema-graph\">{\"@context\":\"https:\/\/schema.org\",\"@graph\":[{\"@type\":\"WebPage\",\"@id\":\"https:\/\/babylove.se\/no\/produkt\/gra-stor-mane-klistremerke-til-barnerom\/\",\"url\":\"https:\/\/babylove.se\/no\/produkt\/gra-stor-mane-klistremerke-til-barnerom\/\",\"name\":\"Gr\u00e5 stor m\u00e5ne klistremerke til barnerom - Babylove Norska\",\"isPartOf\":{\"@id\":\"https:\/\/babylove.se\/no\/#website\"},\"primaryImageOfPage\":{\"@id\":\"https:\/\/babylove.se\/no\/produkt\/gra-stor-mane-klistremerke-til-barnerom\/#primaryimage\"},\"image\":{\"@id\":\"https:\/\/babylove.se\/no\/produkt\/gra-stor-mane-klistremerke-til-barnerom\/#primaryimage\"},\"thumbnailUrl\":\"https:\/\/babylove.se\/no\/wp-content\/uploads\/sites\/3\/2025\/07\/5e3a97d259b2f.jpeg\",\"datePublished\":\"2025-07-18T21:05:19+00:00\",\"dateModified\":\"2026-04-08T08:10:20+00:00\",\"breadcrumb\":{\"@id\":\"https:\/\/babylove.se\/no\/produkt\/gra-stor-mane-klistremerke-til-barnerom\/#breadcrumb\"},\"inLanguage\":\"nb-NO\",\"potentialAction\":[{\"@type\":\"ReadAction\",\"target\":[\"https:\/\/babylove.se\/no\/produkt\/gra-stor-mane-klistremerke-til-barnerom\/\"]}]},{\"@type\":\"ImageObject\",\"inLanguage\":\"nb-NO\",\"@id\":\"https:\/\/babylove.se\/no\/produkt\/gra-stor-mane-klistremerke-til-barnerom\/#primaryimage\",\"url\":\"https:\/\/babylove.se\/no\/wp-content\/uploads\/sites\/3\/2025\/07\/5e3a97d259b2f.jpeg\",\"contentUrl\":\"https:\/\/babylove.se\/no\/wp-content\/uploads\/sites\/3\/2025\/07\/5e3a97d259b2f.jpeg\",\"width\":589,\"height\":750},{\"@type\":\"BreadcrumbList\",\"@id\":\"https:\/\/babylove.se\/no\/produkt\/gra-stor-mane-klistremerke-til-barnerom\/#breadcrumb\",\"itemListElement\":[{\"@type\":\"ListItem\",\"position\":1,\"name\":\"Hem\",\"item\":\"https:\/\/babylove.se\/no\/\"},{\"@type\":\"ListItem\",\"position\":2,\"name\":\"Butik\",\"item\":\"https:\/\/babylove.se\/no\/butik\/\"},{\"@type\":\"ListItem\",\"position\":3,\"name\":\"Gr\u00e5 stor m\u00e5ne klistremerke til barnerom\"}]},{\"@type\":\"WebSite\",\"@id\":\"https:\/\/babylove.se\/no\/#website\",\"url\":\"https:\/\/babylove.se\/no\/\",\"name\":\"Babylove Norska\",\"description\":\"\",\"potentialAction\":[{\"@type\":\"SearchAction\",\"target\":{\"@type\":\"EntryPoint\",\"urlTemplate\":\"https:\/\/babylove.se\/no\/?s={search_term_string}\"},\"query-input\":{\"@type\":\"PropertyValueSpecification\",\"valueRequired\":true,\"valueName\":\"search_term_string\"}}],\"inLanguage\":\"nb-NO\"}]}<\/script>\n<meta property=\"product:price:amount\" content=\"399.00\" \/>\n<meta property=\"product:price:currency\" content=\"SEK\" \/>\n<meta property=\"og:availability\" content=\"instock\" \/>\n<meta property=\"product:availability\" content=\"instock\" \/>\n<meta property=\"product:retailer_item_id\" content=\"DD00001981L\" \/>\n<meta property=\"product:condition\" content=\"new\" \/>\n<!-- \/ Yoast SEO Premium plugin. -->","yoast_head_json":{"title":"Gr\u00e5 stor m\u00e5ne klistremerke til barnerom - Babylove Norska","robots":{"index":"noindex","follow":"follow","max-snippet":"max-snippet:-1","max-image-preview":"max-image-preview:large","max-video-preview":"max-video-preview:-1"},"og_locale":"nb_NO","og_type":"article","og_title":"Gr\u00e5 stor m\u00e5ne klistremerke til barnerom","og_description":"Skap barneromatmosf\u00e6re med denne store gr\u00e5 m\u00e5nen. M\u00e5nen finnes i to st\u00f8rrelser, en stor og en litt mindre. Veggklistremerket er laget av materiale av h\u00f8yeste kvalitet og kan enkelt festes p\u00e5 alle typer malte vegger eller tapeter. Dette gj\u00f8r at det holder lenge, uansett om du flytter ofte p\u00e5 den eller ikke.&nbsp; St\u00f8rrelse: Diameter 71 [&hellip;]","og_url":"https:\/\/babylove.se\/no\/produkt\/gra-stor-mane-klistremerke-til-barnerom\/","og_site_name":"Babylove Norska","article_modified_time":"2026-04-08T08:10:20+00:00","og_image":[{"width":589,"height":750,"url":"https:\/\/babylove.se\/no\/wp-content\/uploads\/sites\/3\/2025\/07\/5e3a97d259b2f.jpeg","type":"image\/jpeg"}],"twitter_card":"summary_large_image","twitter_misc":{"Price":"399,00&nbsp;&#107;&#114;","Availability":"In stock"},"schema":{"@context":"https:\/\/schema.org","@graph":[{"@type":"WebPage","@id":"https:\/\/babylove.se\/no\/produkt\/gra-stor-mane-klistremerke-til-barnerom\/","url":"https:\/\/babylove.se\/no\/produkt\/gra-stor-mane-klistremerke-til-barnerom\/","name":"Gr\u00e5 stor m\u00e5ne klistremerke til barnerom - Babylove Norska","isPartOf":{"@id":"https:\/\/babylove.se\/no\/#website"},"primaryImageOfPage":{"@id":"https:\/\/babylove.se\/no\/produkt\/gra-stor-mane-klistremerke-til-barnerom\/#primaryimage"},"image":{"@id":"https:\/\/babylove.se\/no\/produkt\/gra-stor-mane-klistremerke-til-barnerom\/#primaryimage"},"thumbnailUrl":"https:\/\/babylove.se\/no\/wp-content\/uploads\/sites\/3\/2025\/07\/5e3a97d259b2f.jpeg","datePublished":"2025-07-18T21:05:19+00:00","dateModified":"2026-04-08T08:10:20+00:00","breadcrumb":{"@id":"https:\/\/babylove.se\/no\/produkt\/gra-stor-mane-klistremerke-til-barnerom\/#breadcrumb"},"inLanguage":"nb-NO","potentialAction":[{"@type":"ReadAction","target":["https:\/\/babylove.se\/no\/produkt\/gra-stor-mane-klistremerke-til-barnerom\/"]}]},{"@type":"ImageObject","inLanguage":"nb-NO","@id":"https:\/\/babylove.se\/no\/produkt\/gra-stor-mane-klistremerke-til-barnerom\/#primaryimage","url":"https:\/\/babylove.se\/no\/wp-content\/uploads\/sites\/3\/2025\/07\/5e3a97d259b2f.jpeg","contentUrl":"https:\/\/babylove.se\/no\/wp-content\/uploads\/sites\/3\/2025\/07\/5e3a97d259b2f.jpeg","width":589,"height":750},{"@type":"BreadcrumbList","@id":"https:\/\/babylove.se\/no\/produkt\/gra-stor-mane-klistremerke-til-barnerom\/#breadcrumb","itemListElement":[{"@type":"ListItem","position":1,"name":"Hem","item":"https:\/\/babylove.se\/no\/"},{"@type":"ListItem","position":2,"name":"Butik","item":"https:\/\/babylove.se\/no\/butik\/"},{"@type":"ListItem","position":3,"name":"Gr\u00e5 stor m\u00e5ne klistremerke til barnerom"}]},{"@type":"WebSite","@id":"https:\/\/babylove.se\/no\/#website","url":"https:\/\/babylove.se\/no\/","name":"Babylove Norska","description":"","potentialAction":[{"@type":"SearchAction","target":{"@type":"EntryPoint","urlTemplate":"https:\/\/babylove.se\/no\/?s={search_term_string}"},"query-input":{"@type":"PropertyValueSpecification","valueRequired":true,"valueName":"search_term_string"}}],"inLanguage":"nb-NO"}]},"product_price_amount":"399.00","product_price_currency":"SEK","og_availability":"instock","product_availability":"instock","product_retailer_item_id":"DD00001981L","product_condition":"new"},"_links":{"self":[{"href":"https:\/\/babylove.se\/no\/wp-json\/wp\/v2\/product\/16920","targetHints":{"allow":["GET"]}}],"collection":[{"href":"https:\/\/babylove.se\/no\/wp-json\/wp\/v2\/product"}],"about":[{"href":"https:\/\/babylove.se\/no\/wp-json\/wp\/v2\/types\/product"}],"replies":[{"embeddable":true,"href":"https:\/\/babylove.se\/no\/wp-json\/wp\/v2\/comments?post=16920"}],"wp:featuredmedia":[{"embeddable":true,"href":"https:\/\/babylove.se\/no\/wp-json\/wp\/v2\/media\/16922"}],"wp:attachment":[{"href":"https:\/\/babylove.se\/no\/wp-json\/wp\/v2\/media?parent=16920"}],"wp:term":[{"taxonomy":"product_brand","embeddable":true,"href":"https:\/\/babylove.se\/no\/wp-json\/wp\/v2\/product_brand?post=16920"},{"taxonomy":"product_cat","embeddable":true,"href":"https:\/\/babylove.se\/no\/wp-json\/wp\/v2\/product_cat?post=16920"},{"taxonomy":"product_tag","embeddable":true,"href":"https:\/\/babylove.se\/no\/wp-json\/wp\/v2\/product_tag?post=16920"}],"curies":[{"name":"wp","href":"https:\/\/api.w.org\/{rel}","templated":true}]}}