{"id":16932,"date":"2025-07-18T22:05:19","date_gmt":"2025-07-18T21:05:19","guid":{"rendered":"https:\/\/babylove.se\/produkt\/dekornik-vaggklistermarke-magisk-hast\/"},"modified":"2026-04-08T09:10:26","modified_gmt":"2026-04-08T08:10:26","slug":"dekornik-veggklistremerke-magisk-hest","status":"publish","type":"product","link":"https:\/\/babylove.se\/no\/produkt\/dekornik-veggklistremerke-magisk-hest\/","title":{"rendered":"Dekornik, veggklistremerke Magisk hest"},"content":{"rendered":"<p>En fantastisk veggdekorasjon i form av en magisk hest fra en ny kolleksjon &#8220;Magic is everywhere&#8221;. &nbsp;Dette er en fantastisk m\u00e5te \u00e5 innrede barnerommet ditt p\u00e5, da den passer like godt ved sengen som ved skrivebordet eller p\u00e5 en tom helvegg i stedet for tapet.<\/p>\n<p>Veggklistremerker er utformet for \u00e5 se fantastiske ut p\u00e5 b\u00e5de lyse og m\u00f8rke vegger og har en fin struktur som knapt er merkbar. Materialet er spesielt utvalgt for \u00e5 v\u00e6re sterkt og gi en perfekt farggjengivelse.<\/p>\n<p><strong>M\u00e5l<\/strong>: Finnes i tre st\u00f8rrelser:&nbsp;<\/p>\n<ul>\n<li>S: 75&#215;70 cm&nbsp;<\/li>\n<li>M: 105&#215;100 cm &nbsp;<\/li>\n<li>L: 127&#215;115 cm &nbsp;<\/li>\n<\/ul>\n<p><u>Obs! Klistremerkene er ikke egnet for vegger med en grov overflate eller hvis de er malt med lateksmaling eller tapetsert.<\/u><\/p>\n<p>Designer: <a href=\"https:\/\/babylove.se\/varumarken\/dekornik\">Dekornik<\/a><\/p>\n","protected":false},"excerpt":{"rendered":"<p>En fantastisk veggdekorasjon i form av en magisk hest fra en ny kolleksjon &#8220;Magic is everywhere&#8221;. &nbsp;Dette er en fantastisk m\u00e5te \u00e5 innrede barnerommet ditt p\u00e5, da den passer like godt ved sengen som ved skrivebordet eller p\u00e5 en tom helvegg i stedet for tapet. Veggklistremerker er utformet for \u00e5 se fantastiske ut p\u00e5 b\u00e5de [&hellip;]<\/p>\n","protected":false},"featured_media":16934,"comment_status":"closed","ping_status":"open","template":"","meta":{"_acf_changed":false},"product_brand":[190],"product_cat":[191,270,24],"product_tag":[1689],"class_list":{"0":"post-16932","1":"product","2":"type-product","3":"status-publish","4":"has-post-thumbnail","6":"product_brand-dekornik","7":"product_cat-dekornik","8":"product_cat-sirkus","9":"product_cat-veggklistremerker","10":"product_tag-bestillingsvaror","11":"pa_storlek-l","12":"pa_storlek-m","13":"pa_storlek-s","15":"first","16":"instock","17":"taxable","18":"shipping-taxable","19":"purchasable","20":"product-type-variable"},"acf":[],"yoast_head":"<!-- This site is optimized with the Yoast SEO Premium plugin v25.8 (Yoast SEO v27.2) - https:\/\/yoast.com\/product\/yoast-seo-premium-wordpress\/ -->\n<title>Dekornik, veggklistremerke Magisk hest - Babylove Norska<\/title>\n<meta name=\"robots\" content=\"noindex, follow, max-snippet:-1, max-image-preview:large, max-video-preview:-1\" \/>\n<meta property=\"og:locale\" content=\"nb_NO\" \/>\n<meta property=\"og:type\" content=\"article\" \/>\n<meta property=\"og:title\" content=\"Dekornik, veggklistremerke Magisk hest\" \/>\n<meta property=\"og:description\" content=\"En fantastisk veggdekorasjon i form av en magisk hest fra en ny kolleksjon &#8220;Magic is everywhere&#8221;. &nbsp;Dette er en fantastisk m\u00e5te \u00e5 innrede barnerommet ditt p\u00e5, da den passer like godt ved sengen som ved skrivebordet eller p\u00e5 en tom helvegg i stedet for tapet. Veggklistremerker er utformet for \u00e5 se fantastiske ut p\u00e5 b\u00e5de [&hellip;]\" \/>\n<meta property=\"og:url\" content=\"https:\/\/babylove.se\/no\/produkt\/dekornik-veggklistremerke-magisk-hest\/\" \/>\n<meta property=\"og:site_name\" content=\"Babylove Norska\" \/>\n<meta property=\"article:modified_time\" content=\"2026-04-08T08:10:26+00:00\" \/>\n<meta property=\"og:image\" content=\"https:\/\/babylove.se\/no\/wp-content\/uploads\/sites\/3\/2025\/07\/63e0d9923d1ce.jpeg\" \/>\n\t<meta property=\"og:image:width\" content=\"661\" \/>\n\t<meta property=\"og:image:height\" content=\"593\" \/>\n\t<meta property=\"og:image:type\" content=\"image\/jpeg\" \/>\n<meta name=\"twitter:card\" content=\"summary_large_image\" \/>\n<meta name=\"twitter:label1\" content=\"Availability\" \/>\n\t<meta name=\"twitter:data1\" content=\"In stock\" \/>\n<script type=\"application\/ld+json\" class=\"yoast-schema-graph\">{\"@context\":\"https:\/\/schema.org\",\"@graph\":[{\"@type\":\"WebPage\",\"@id\":\"https:\/\/babylove.se\/no\/produkt\/dekornik-veggklistremerke-magisk-hest\/\",\"url\":\"https:\/\/babylove.se\/no\/produkt\/dekornik-veggklistremerke-magisk-hest\/\",\"name\":\"Dekornik, veggklistremerke Magisk hest - Babylove Norska\",\"isPartOf\":{\"@id\":\"https:\/\/babylove.se\/no\/#website\"},\"primaryImageOfPage\":{\"@id\":\"https:\/\/babylove.se\/no\/produkt\/dekornik-veggklistremerke-magisk-hest\/#primaryimage\"},\"image\":{\"@id\":\"https:\/\/babylove.se\/no\/produkt\/dekornik-veggklistremerke-magisk-hest\/#primaryimage\"},\"thumbnailUrl\":\"https:\/\/babylove.se\/no\/wp-content\/uploads\/sites\/3\/2025\/07\/63e0d9923d1ce.jpeg\",\"datePublished\":\"2025-07-18T21:05:19+00:00\",\"dateModified\":\"2026-04-08T08:10:26+00:00\",\"breadcrumb\":{\"@id\":\"https:\/\/babylove.se\/no\/produkt\/dekornik-veggklistremerke-magisk-hest\/#breadcrumb\"},\"inLanguage\":\"nb-NO\",\"potentialAction\":[{\"@type\":\"ReadAction\",\"target\":[\"https:\/\/babylove.se\/no\/produkt\/dekornik-veggklistremerke-magisk-hest\/\"]}]},{\"@type\":\"ImageObject\",\"inLanguage\":\"nb-NO\",\"@id\":\"https:\/\/babylove.se\/no\/produkt\/dekornik-veggklistremerke-magisk-hest\/#primaryimage\",\"url\":\"https:\/\/babylove.se\/no\/wp-content\/uploads\/sites\/3\/2025\/07\/63e0d9923d1ce.jpeg\",\"contentUrl\":\"https:\/\/babylove.se\/no\/wp-content\/uploads\/sites\/3\/2025\/07\/63e0d9923d1ce.jpeg\",\"width\":661,\"height\":593},{\"@type\":\"BreadcrumbList\",\"@id\":\"https:\/\/babylove.se\/no\/produkt\/dekornik-veggklistremerke-magisk-hest\/#breadcrumb\",\"itemListElement\":[{\"@type\":\"ListItem\",\"position\":1,\"name\":\"Hem\",\"item\":\"https:\/\/babylove.se\/no\/\"},{\"@type\":\"ListItem\",\"position\":2,\"name\":\"Butik\",\"item\":\"https:\/\/babylove.se\/no\/butik\/\"},{\"@type\":\"ListItem\",\"position\":3,\"name\":\"Dekornik, veggklistremerke Magisk hest\"}]},{\"@type\":\"WebSite\",\"@id\":\"https:\/\/babylove.se\/no\/#website\",\"url\":\"https:\/\/babylove.se\/no\/\",\"name\":\"Babylove Norska\",\"description\":\"\",\"potentialAction\":[{\"@type\":\"SearchAction\",\"target\":{\"@type\":\"EntryPoint\",\"urlTemplate\":\"https:\/\/babylove.se\/no\/?s={search_term_string}\"},\"query-input\":{\"@type\":\"PropertyValueSpecification\",\"valueRequired\":true,\"valueName\":\"search_term_string\"}}],\"inLanguage\":\"nb-NO\"}]}<\/script>\n<meta property=\"product:brand\" content=\"Dekornik\" \/>\n<meta property=\"og:availability\" content=\"instock\" \/>\n<meta property=\"product:availability\" content=\"instock\" \/>\n<meta property=\"product:retailer_item_id\" content=\"DEKO.N.NNM.070_S\" \/>\n<meta property=\"product:condition\" content=\"new\" \/>\n<!-- \/ Yoast SEO Premium plugin. -->","yoast_head_json":{"title":"Dekornik, veggklistremerke Magisk hest - Babylove Norska","robots":{"index":"noindex","follow":"follow","max-snippet":"max-snippet:-1","max-image-preview":"max-image-preview:large","max-video-preview":"max-video-preview:-1"},"og_locale":"nb_NO","og_type":"article","og_title":"Dekornik, veggklistremerke Magisk hest","og_description":"En fantastisk veggdekorasjon i form av en magisk hest fra en ny kolleksjon &#8220;Magic is everywhere&#8221;. &nbsp;Dette er en fantastisk m\u00e5te \u00e5 innrede barnerommet ditt p\u00e5, da den passer like godt ved sengen som ved skrivebordet eller p\u00e5 en tom helvegg i stedet for tapet. Veggklistremerker er utformet for \u00e5 se fantastiske ut p\u00e5 b\u00e5de [&hellip;]","og_url":"https:\/\/babylove.se\/no\/produkt\/dekornik-veggklistremerke-magisk-hest\/","og_site_name":"Babylove Norska","article_modified_time":"2026-04-08T08:10:26+00:00","og_image":[{"width":661,"height":593,"url":"https:\/\/babylove.se\/no\/wp-content\/uploads\/sites\/3\/2025\/07\/63e0d9923d1ce.jpeg","type":"image\/jpeg"}],"twitter_card":"summary_large_image","twitter_misc":{"Availability":"In stock"},"schema":{"@context":"https:\/\/schema.org","@graph":[{"@type":"WebPage","@id":"https:\/\/babylove.se\/no\/produkt\/dekornik-veggklistremerke-magisk-hest\/","url":"https:\/\/babylove.se\/no\/produkt\/dekornik-veggklistremerke-magisk-hest\/","name":"Dekornik, veggklistremerke Magisk hest - Babylove Norska","isPartOf":{"@id":"https:\/\/babylove.se\/no\/#website"},"primaryImageOfPage":{"@id":"https:\/\/babylove.se\/no\/produkt\/dekornik-veggklistremerke-magisk-hest\/#primaryimage"},"image":{"@id":"https:\/\/babylove.se\/no\/produkt\/dekornik-veggklistremerke-magisk-hest\/#primaryimage"},"thumbnailUrl":"https:\/\/babylove.se\/no\/wp-content\/uploads\/sites\/3\/2025\/07\/63e0d9923d1ce.jpeg","datePublished":"2025-07-18T21:05:19+00:00","dateModified":"2026-04-08T08:10:26+00:00","breadcrumb":{"@id":"https:\/\/babylove.se\/no\/produkt\/dekornik-veggklistremerke-magisk-hest\/#breadcrumb"},"inLanguage":"nb-NO","potentialAction":[{"@type":"ReadAction","target":["https:\/\/babylove.se\/no\/produkt\/dekornik-veggklistremerke-magisk-hest\/"]}]},{"@type":"ImageObject","inLanguage":"nb-NO","@id":"https:\/\/babylove.se\/no\/produkt\/dekornik-veggklistremerke-magisk-hest\/#primaryimage","url":"https:\/\/babylove.se\/no\/wp-content\/uploads\/sites\/3\/2025\/07\/63e0d9923d1ce.jpeg","contentUrl":"https:\/\/babylove.se\/no\/wp-content\/uploads\/sites\/3\/2025\/07\/63e0d9923d1ce.jpeg","width":661,"height":593},{"@type":"BreadcrumbList","@id":"https:\/\/babylove.se\/no\/produkt\/dekornik-veggklistremerke-magisk-hest\/#breadcrumb","itemListElement":[{"@type":"ListItem","position":1,"name":"Hem","item":"https:\/\/babylove.se\/no\/"},{"@type":"ListItem","position":2,"name":"Butik","item":"https:\/\/babylove.se\/no\/butik\/"},{"@type":"ListItem","position":3,"name":"Dekornik, veggklistremerke Magisk hest"}]},{"@type":"WebSite","@id":"https:\/\/babylove.se\/no\/#website","url":"https:\/\/babylove.se\/no\/","name":"Babylove Norska","description":"","potentialAction":[{"@type":"SearchAction","target":{"@type":"EntryPoint","urlTemplate":"https:\/\/babylove.se\/no\/?s={search_term_string}"},"query-input":{"@type":"PropertyValueSpecification","valueRequired":true,"valueName":"search_term_string"}}],"inLanguage":"nb-NO"}]},"product_brand":"Dekornik","og_availability":"instock","product_availability":"instock","product_retailer_item_id":"DEKO.N.NNM.070_S","product_condition":"new"},"_links":{"self":[{"href":"https:\/\/babylove.se\/no\/wp-json\/wp\/v2\/product\/16932","targetHints":{"allow":["GET"]}}],"collection":[{"href":"https:\/\/babylove.se\/no\/wp-json\/wp\/v2\/product"}],"about":[{"href":"https:\/\/babylove.se\/no\/wp-json\/wp\/v2\/types\/product"}],"replies":[{"embeddable":true,"href":"https:\/\/babylove.se\/no\/wp-json\/wp\/v2\/comments?post=16932"}],"wp:featuredmedia":[{"embeddable":true,"href":"https:\/\/babylove.se\/no\/wp-json\/wp\/v2\/media\/16934"}],"wp:attachment":[{"href":"https:\/\/babylove.se\/no\/wp-json\/wp\/v2\/media?parent=16932"}],"wp:term":[{"taxonomy":"product_brand","embeddable":true,"href":"https:\/\/babylove.se\/no\/wp-json\/wp\/v2\/product_brand?post=16932"},{"taxonomy":"product_cat","embeddable":true,"href":"https:\/\/babylove.se\/no\/wp-json\/wp\/v2\/product_cat?post=16932"},{"taxonomy":"product_tag","embeddable":true,"href":"https:\/\/babylove.se\/no\/wp-json\/wp\/v2\/product_tag?post=16932"}],"curies":[{"name":"wp","href":"https:\/\/api.w.org\/{rel}","templated":true}]}}