{"id":1695,"date":"2025-07-18T20:03:37","date_gmt":"2025-07-18T19:03:37","guid":{"rendered":"https:\/\/babylove.se\/produkt\/bolhylla-stjarnor-till-barnrummet\/"},"modified":"2026-04-08T07:44:01","modified_gmt":"2026-04-08T06:44:01","slug":"bokhylle-stjerner-til-barnerommet","status":"publish","type":"product","link":"https:\/\/babylove.se\/no\/produkt\/bokhylle-stjerner-til-barnerommet\/","title":{"rendered":"Bokhylle i metall til barnerommet, stars"},"content":{"rendered":"<p><strong>Bokhylle i metall til barnerommet, stjerner&nbsp;<\/strong><\/p>\n<p><strong>Bokhylle&nbsp;<\/strong>med vakre stjerner. Denne bokhyllen med stjerner er en fantastisk dekorasjon for ditt <strong>barnerom&nbsp;<\/strong>og en perfekt for \u00e5 stille opp favorittleksaken eller favorittgosedyret p\u00e5.&nbsp;<\/p>\n<p>Hyllen er veldig enkel \u00e5 feste p\u00e5 veggen og er dessuten veldig stabil. Siden den er laget i metall, kan den brukes i mange \u00e5r fremover.&nbsp;<\/p>\n<p><strong>M\u00e5l<\/strong>: Lengde 55 cm, bredde 12 cm og h\u00f8yde 13 cm.<\/p>\n","protected":false},"excerpt":{"rendered":"<p>Bokhylle i metall til barnerommet, stjerner&nbsp; Bokhylle&nbsp;med vakre stjerner. Denne bokhyllen med stjerner er en fantastisk dekorasjon for ditt barnerom&nbsp;og en perfekt for \u00e5 stille opp favorittleksaken eller favorittgosedyret p\u00e5.&nbsp; Hyllen er veldig enkel \u00e5 feste p\u00e5 veggen og er dessuten veldig stabil. Siden den er laget i metall, kan den brukes i mange \u00e5r [&hellip;]<\/p>\n","protected":false},"featured_media":1697,"comment_status":"closed","ping_status":"open","template":"","meta":{"_acf_changed":false},"product_brand":[97],"product_cat":[87],"product_tag":[],"class_list":{"0":"post-1695","1":"product","2":"type-product","3":"status-publish","4":"has-post-thumbnail","6":"product_brand-metallove","7":"product_cat-hyller","9":"first","10":"outofstock","11":"taxable","12":"shipping-taxable","13":"purchasable","14":"product-type-simple"},"acf":[],"yoast_head":"<!-- This site is optimized with the Yoast SEO Premium plugin v25.8 (Yoast SEO v27.2) - https:\/\/yoast.com\/product\/yoast-seo-premium-wordpress\/ -->\n<title>Bokhylle i metall til barnerommet, stars - Babylove Norska<\/title>\n<meta name=\"description\" content=\"Denna bokhylla med stj\u00e4rnor \u00e4r ett fantastisk dekoration f\u00f6r ditt barnrum och en perfekt f\u00f6r att st\u00e4lla upp favorileksaken p\u00e5 - Frakt inom 24 timmar\" \/>\n<meta name=\"robots\" content=\"noindex, follow, max-snippet:-1, max-image-preview:large, max-video-preview:-1\" \/>\n<meta property=\"og:locale\" content=\"nb_NO\" \/>\n<meta property=\"og:type\" content=\"article\" \/>\n<meta property=\"og:title\" content=\"Bokhylle i metall til barnerommet, stars\" \/>\n<meta property=\"og:description\" content=\"Denna bokhylla med stj\u00e4rnor \u00e4r ett fantastisk dekoration f\u00f6r ditt barnrum och en perfekt f\u00f6r att st\u00e4lla upp favorileksaken p\u00e5 - Frakt inom 24 timmar\" \/>\n<meta property=\"og:url\" content=\"https:\/\/babylove.se\/no\/produkt\/bokhylle-stjerner-til-barnerommet\/\" \/>\n<meta property=\"og:site_name\" content=\"Babylove Norska\" \/>\n<meta property=\"article:modified_time\" content=\"2026-04-08T06:44:01+00:00\" \/>\n<meta property=\"og:image\" content=\"https:\/\/babylove.se\/no\/wp-content\/uploads\/sites\/3\/2025\/07\/57eada2d9b595.jpeg\" \/>\n\t<meta property=\"og:image:width\" content=\"750\" \/>\n\t<meta property=\"og:image:height\" content=\"500\" \/>\n\t<meta property=\"og:image:type\" content=\"image\/jpeg\" \/>\n<meta name=\"twitter:card\" content=\"summary_large_image\" \/>\n<meta name=\"twitter:label1\" content=\"Price\" \/>\n\t<meta name=\"twitter:data1\" content=\"399,00&nbsp;&#107;&#114;\" \/>\n\t<meta name=\"twitter:label2\" content=\"Availability\" \/>\n\t<meta name=\"twitter:data2\" content=\"Out of stock\" \/>\n<script type=\"application\/ld+json\" class=\"yoast-schema-graph\">{\"@context\":\"https:\/\/schema.org\",\"@graph\":[{\"@type\":\"WebPage\",\"@id\":\"https:\/\/babylove.se\/no\/produkt\/bokhylle-stjerner-til-barnerommet\/\",\"url\":\"https:\/\/babylove.se\/no\/produkt\/bokhylle-stjerner-til-barnerommet\/\",\"name\":\"Bokhylle i metall til barnerommet, stars - Babylove Norska\",\"isPartOf\":{\"@id\":\"https:\/\/babylove.se\/no\/#website\"},\"primaryImageOfPage\":{\"@id\":\"https:\/\/babylove.se\/no\/produkt\/bokhylle-stjerner-til-barnerommet\/#primaryimage\"},\"image\":{\"@id\":\"https:\/\/babylove.se\/no\/produkt\/bokhylle-stjerner-til-barnerommet\/#primaryimage\"},\"thumbnailUrl\":\"https:\/\/babylove.se\/no\/wp-content\/uploads\/sites\/3\/2025\/07\/57eada2d9b595.jpeg\",\"datePublished\":\"2025-07-18T19:03:37+00:00\",\"dateModified\":\"2026-04-08T06:44:01+00:00\",\"description\":\"Denna bokhylla med stj\u00e4rnor \u00e4r ett fantastisk dekoration f\u00f6r ditt barnrum och en perfekt f\u00f6r att st\u00e4lla upp favorileksaken p\u00e5 - Frakt inom 24 timmar\",\"breadcrumb\":{\"@id\":\"https:\/\/babylove.se\/no\/produkt\/bokhylle-stjerner-til-barnerommet\/#breadcrumb\"},\"inLanguage\":\"nb-NO\",\"potentialAction\":[{\"@type\":\"ReadAction\",\"target\":[\"https:\/\/babylove.se\/no\/produkt\/bokhylle-stjerner-til-barnerommet\/\"]}]},{\"@type\":\"ImageObject\",\"inLanguage\":\"nb-NO\",\"@id\":\"https:\/\/babylove.se\/no\/produkt\/bokhylle-stjerner-til-barnerommet\/#primaryimage\",\"url\":\"https:\/\/babylove.se\/no\/wp-content\/uploads\/sites\/3\/2025\/07\/57eada2d9b595.jpeg\",\"contentUrl\":\"https:\/\/babylove.se\/no\/wp-content\/uploads\/sites\/3\/2025\/07\/57eada2d9b595.jpeg\",\"width\":750,\"height\":500},{\"@type\":\"BreadcrumbList\",\"@id\":\"https:\/\/babylove.se\/no\/produkt\/bokhylle-stjerner-til-barnerommet\/#breadcrumb\",\"itemListElement\":[{\"@type\":\"ListItem\",\"position\":1,\"name\":\"Hem\",\"item\":\"https:\/\/babylove.se\/no\/\"},{\"@type\":\"ListItem\",\"position\":2,\"name\":\"Butik\",\"item\":\"https:\/\/babylove.se\/no\/butik\/\"},{\"@type\":\"ListItem\",\"position\":3,\"name\":\"Bokhylle i metall til barnerommet, stars\"}]},{\"@type\":\"WebSite\",\"@id\":\"https:\/\/babylove.se\/no\/#website\",\"url\":\"https:\/\/babylove.se\/no\/\",\"name\":\"Babylove Norska\",\"description\":\"\",\"potentialAction\":[{\"@type\":\"SearchAction\",\"target\":{\"@type\":\"EntryPoint\",\"urlTemplate\":\"https:\/\/babylove.se\/no\/?s={search_term_string}\"},\"query-input\":{\"@type\":\"PropertyValueSpecification\",\"valueRequired\":true,\"valueName\":\"search_term_string\"}}],\"inLanguage\":\"nb-NO\"}]}<\/script>\n<meta property=\"product:brand\" content=\"Metallove\" \/>\n<meta property=\"product:price:amount\" content=\"399.00\" \/>\n<meta property=\"product:price:currency\" content=\"SEK\" \/>\n<meta property=\"og:availability\" content=\"out of stock\" \/>\n<meta property=\"product:availability\" content=\"out of stock\" \/>\n<meta property=\"product:retailer_item_id\" content=\"ML0006stars\" \/>\n<meta property=\"product:condition\" content=\"new\" \/>\n<!-- \/ Yoast SEO Premium plugin. -->","yoast_head_json":{"title":"Bokhylle i metall til barnerommet, stars - Babylove Norska","description":"Denna bokhylla med stj\u00e4rnor \u00e4r ett fantastisk dekoration f\u00f6r ditt barnrum och en perfekt f\u00f6r att st\u00e4lla upp favorileksaken p\u00e5 - Frakt inom 24 timmar","robots":{"index":"noindex","follow":"follow","max-snippet":"max-snippet:-1","max-image-preview":"max-image-preview:large","max-video-preview":"max-video-preview:-1"},"og_locale":"nb_NO","og_type":"article","og_title":"Bokhylle i metall til barnerommet, stars","og_description":"Denna bokhylla med stj\u00e4rnor \u00e4r ett fantastisk dekoration f\u00f6r ditt barnrum och en perfekt f\u00f6r att st\u00e4lla upp favorileksaken p\u00e5 - Frakt inom 24 timmar","og_url":"https:\/\/babylove.se\/no\/produkt\/bokhylle-stjerner-til-barnerommet\/","og_site_name":"Babylove Norska","article_modified_time":"2026-04-08T06:44:01+00:00","og_image":[{"width":750,"height":500,"url":"https:\/\/babylove.se\/no\/wp-content\/uploads\/sites\/3\/2025\/07\/57eada2d9b595.jpeg","type":"image\/jpeg"}],"twitter_card":"summary_large_image","twitter_misc":{"Price":"399,00&nbsp;&#107;&#114;","Availability":"Out of stock"},"schema":{"@context":"https:\/\/schema.org","@graph":[{"@type":"WebPage","@id":"https:\/\/babylove.se\/no\/produkt\/bokhylle-stjerner-til-barnerommet\/","url":"https:\/\/babylove.se\/no\/produkt\/bokhylle-stjerner-til-barnerommet\/","name":"Bokhylle i metall til barnerommet, stars - Babylove Norska","isPartOf":{"@id":"https:\/\/babylove.se\/no\/#website"},"primaryImageOfPage":{"@id":"https:\/\/babylove.se\/no\/produkt\/bokhylle-stjerner-til-barnerommet\/#primaryimage"},"image":{"@id":"https:\/\/babylove.se\/no\/produkt\/bokhylle-stjerner-til-barnerommet\/#primaryimage"},"thumbnailUrl":"https:\/\/babylove.se\/no\/wp-content\/uploads\/sites\/3\/2025\/07\/57eada2d9b595.jpeg","datePublished":"2025-07-18T19:03:37+00:00","dateModified":"2026-04-08T06:44:01+00:00","description":"Denna bokhylla med stj\u00e4rnor \u00e4r ett fantastisk dekoration f\u00f6r ditt barnrum och en perfekt f\u00f6r att st\u00e4lla upp favorileksaken p\u00e5 - Frakt inom 24 timmar","breadcrumb":{"@id":"https:\/\/babylove.se\/no\/produkt\/bokhylle-stjerner-til-barnerommet\/#breadcrumb"},"inLanguage":"nb-NO","potentialAction":[{"@type":"ReadAction","target":["https:\/\/babylove.se\/no\/produkt\/bokhylle-stjerner-til-barnerommet\/"]}]},{"@type":"ImageObject","inLanguage":"nb-NO","@id":"https:\/\/babylove.se\/no\/produkt\/bokhylle-stjerner-til-barnerommet\/#primaryimage","url":"https:\/\/babylove.se\/no\/wp-content\/uploads\/sites\/3\/2025\/07\/57eada2d9b595.jpeg","contentUrl":"https:\/\/babylove.se\/no\/wp-content\/uploads\/sites\/3\/2025\/07\/57eada2d9b595.jpeg","width":750,"height":500},{"@type":"BreadcrumbList","@id":"https:\/\/babylove.se\/no\/produkt\/bokhylle-stjerner-til-barnerommet\/#breadcrumb","itemListElement":[{"@type":"ListItem","position":1,"name":"Hem","item":"https:\/\/babylove.se\/no\/"},{"@type":"ListItem","position":2,"name":"Butik","item":"https:\/\/babylove.se\/no\/butik\/"},{"@type":"ListItem","position":3,"name":"Bokhylle i metall til barnerommet, stars"}]},{"@type":"WebSite","@id":"https:\/\/babylove.se\/no\/#website","url":"https:\/\/babylove.se\/no\/","name":"Babylove Norska","description":"","potentialAction":[{"@type":"SearchAction","target":{"@type":"EntryPoint","urlTemplate":"https:\/\/babylove.se\/no\/?s={search_term_string}"},"query-input":{"@type":"PropertyValueSpecification","valueRequired":true,"valueName":"search_term_string"}}],"inLanguage":"nb-NO"}]},"product_brand":"Metallove","product_price_amount":"399.00","product_price_currency":"SEK","og_availability":"out of stock","product_availability":"out of stock","product_retailer_item_id":"ML0006stars","product_condition":"new"},"_links":{"self":[{"href":"https:\/\/babylove.se\/no\/wp-json\/wp\/v2\/product\/1695","targetHints":{"allow":["GET"]}}],"collection":[{"href":"https:\/\/babylove.se\/no\/wp-json\/wp\/v2\/product"}],"about":[{"href":"https:\/\/babylove.se\/no\/wp-json\/wp\/v2\/types\/product"}],"replies":[{"embeddable":true,"href":"https:\/\/babylove.se\/no\/wp-json\/wp\/v2\/comments?post=1695"}],"wp:featuredmedia":[{"embeddable":true,"href":"https:\/\/babylove.se\/no\/wp-json\/wp\/v2\/media\/1697"}],"wp:attachment":[{"href":"https:\/\/babylove.se\/no\/wp-json\/wp\/v2\/media?parent=1695"}],"wp:term":[{"taxonomy":"product_brand","embeddable":true,"href":"https:\/\/babylove.se\/no\/wp-json\/wp\/v2\/product_brand?post=1695"},{"taxonomy":"product_cat","embeddable":true,"href":"https:\/\/babylove.se\/no\/wp-json\/wp\/v2\/product_cat?post=1695"},{"taxonomy":"product_tag","embeddable":true,"href":"https:\/\/babylove.se\/no\/wp-json\/wp\/v2\/product_tag?post=1695"}],"curies":[{"name":"wp","href":"https:\/\/api.w.org\/{rel}","templated":true}]}}