{"id":1699,"date":"2025-07-18T20:03:37","date_gmt":"2025-07-18T19:03:37","guid":{"rendered":"https:\/\/babylove.se\/produkt\/skotdyna-skotunderlagg-done-by-deer\/"},"modified":"2026-04-08T07:44:05","modified_gmt":"2026-04-08T06:44:05","slug":"skuddpute-skuddunderlag-done-by-deer","status":"publish","type":"product","link":"https:\/\/babylove.se\/no\/produkt\/skuddpute-skuddunderlag-done-by-deer\/","title":{"rendered":"Stelleunderlag, stellemadrass, Done by Deer"},"content":{"rendered":"<p>La Elphee, den gledelige elefanten holde deg selskap mens mamma eller pappa skifter bleien din. Denne portable stellematta er dekket med akryl for st\u00f8rst mulig komfort og den er enkel \u00e5 ta med seg for bleieskift utenfor hjemmet.&nbsp;<\/p>\n<p>Inkludert tilbeh\u00f8r er det fine v\u00e5tservettdekselet.&nbsp;<\/p>\n<p><strong>Materiale<\/strong>: stellesengen 100 % bomull, dekket med akryl (fri for PVC). V\u00e5tservettdekselet 100 % akryldekket bomull (fri for PVC).<\/p>\n<p>Vaskbar i 40 grader men skal ikke t\u00f8rketromles.&nbsp;<\/p>\n<p><strong>M\u00e5l<\/strong>: 52 x 70 cm.<\/p>\n<p>Designer: Done by Deer<\/p>\n","protected":false},"excerpt":{"rendered":"<p>La Elphee, den gledelige elefanten holde deg selskap mens mamma eller pappa skifter bleien din. Denne portable stellematta er dekket med akryl for st\u00f8rst mulig komfort og den er enkel \u00e5 ta med seg for bleieskift utenfor hjemmet.&nbsp; Inkludert tilbeh\u00f8r er det fine v\u00e5tservettdekselet.&nbsp; Materiale: stellesengen 100 % bomull, dekket med akryl (fri for PVC). [&hellip;]<\/p>\n","protected":false},"featured_media":1701,"comment_status":"closed","ping_status":"open","template":"","meta":{"_acf_changed":false},"product_brand":[54],"product_cat":[55],"product_tag":[1689],"class_list":{"0":"post-1699","1":"product","2":"type-product","3":"status-publish","4":"has-post-thumbnail","6":"product_brand-done-by-deer","7":"product_cat-done-by-deer","8":"product_tag-bestillingsvaror","10":"first","11":"outofstock","12":"taxable","13":"shipping-taxable","14":"purchasable","15":"product-type-simple"},"acf":[],"yoast_head":"<!-- This site is optimized with the Yoast SEO Premium plugin v25.8 (Yoast SEO v27.2) - https:\/\/yoast.com\/product\/yoast-seo-premium-wordpress\/ -->\n<title>Stelleunderlag, stellemadrass, Done by Deer - Babylove Norska<\/title>\n<meta name=\"robots\" content=\"noindex, follow, max-snippet:-1, max-image-preview:large, max-video-preview:-1\" \/>\n<meta property=\"og:locale\" content=\"nb_NO\" \/>\n<meta property=\"og:type\" content=\"article\" \/>\n<meta property=\"og:title\" content=\"Stelleunderlag, stellemadrass, Done by Deer\" \/>\n<meta property=\"og:description\" content=\"La Elphee, den gledelige elefanten holde deg selskap mens mamma eller pappa skifter bleien din. Denne portable stellematta er dekket med akryl for st\u00f8rst mulig komfort og den er enkel \u00e5 ta med seg for bleieskift utenfor hjemmet.&nbsp; Inkludert tilbeh\u00f8r er det fine v\u00e5tservettdekselet.&nbsp; Materiale: stellesengen 100 % bomull, dekket med akryl (fri for PVC). [&hellip;]\" \/>\n<meta property=\"og:url\" content=\"https:\/\/babylove.se\/no\/produkt\/skuddpute-skuddunderlag-done-by-deer\/\" \/>\n<meta property=\"og:site_name\" content=\"Babylove Norska\" \/>\n<meta property=\"article:modified_time\" content=\"2026-04-08T06:44:05+00:00\" \/>\n<meta property=\"og:image\" content=\"https:\/\/babylove.se\/no\/wp-content\/uploads\/sites\/3\/2025\/07\/57fe5266ed8a1.jpeg\" \/>\n\t<meta property=\"og:image:width\" content=\"750\" \/>\n\t<meta property=\"og:image:height\" content=\"750\" \/>\n\t<meta property=\"og:image:type\" content=\"image\/jpeg\" \/>\n<meta name=\"twitter:card\" content=\"summary_large_image\" \/>\n<meta name=\"twitter:label1\" content=\"Price\" \/>\n\t<meta name=\"twitter:data1\" content=\"349,00&nbsp;&#107;&#114;\" \/>\n\t<meta name=\"twitter:label2\" content=\"Availability\" \/>\n\t<meta name=\"twitter:data2\" content=\"Out of stock\" \/>\n<script type=\"application\/ld+json\" class=\"yoast-schema-graph\">{\"@context\":\"https:\/\/schema.org\",\"@graph\":[{\"@type\":\"WebPage\",\"@id\":\"https:\/\/babylove.se\/no\/produkt\/skuddpute-skuddunderlag-done-by-deer\/\",\"url\":\"https:\/\/babylove.se\/no\/produkt\/skuddpute-skuddunderlag-done-by-deer\/\",\"name\":\"Stelleunderlag, stellemadrass, Done by Deer - Babylove Norska\",\"isPartOf\":{\"@id\":\"https:\/\/babylove.se\/no\/#website\"},\"primaryImageOfPage\":{\"@id\":\"https:\/\/babylove.se\/no\/produkt\/skuddpute-skuddunderlag-done-by-deer\/#primaryimage\"},\"image\":{\"@id\":\"https:\/\/babylove.se\/no\/produkt\/skuddpute-skuddunderlag-done-by-deer\/#primaryimage\"},\"thumbnailUrl\":\"https:\/\/babylove.se\/no\/wp-content\/uploads\/sites\/3\/2025\/07\/57fe5266ed8a1.jpeg\",\"datePublished\":\"2025-07-18T19:03:37+00:00\",\"dateModified\":\"2026-04-08T06:44:05+00:00\",\"breadcrumb\":{\"@id\":\"https:\/\/babylove.se\/no\/produkt\/skuddpute-skuddunderlag-done-by-deer\/#breadcrumb\"},\"inLanguage\":\"nb-NO\",\"potentialAction\":[{\"@type\":\"ReadAction\",\"target\":[\"https:\/\/babylove.se\/no\/produkt\/skuddpute-skuddunderlag-done-by-deer\/\"]}]},{\"@type\":\"ImageObject\",\"inLanguage\":\"nb-NO\",\"@id\":\"https:\/\/babylove.se\/no\/produkt\/skuddpute-skuddunderlag-done-by-deer\/#primaryimage\",\"url\":\"https:\/\/babylove.se\/no\/wp-content\/uploads\/sites\/3\/2025\/07\/57fe5266ed8a1.jpeg\",\"contentUrl\":\"https:\/\/babylove.se\/no\/wp-content\/uploads\/sites\/3\/2025\/07\/57fe5266ed8a1.jpeg\",\"width\":750,\"height\":750},{\"@type\":\"BreadcrumbList\",\"@id\":\"https:\/\/babylove.se\/no\/produkt\/skuddpute-skuddunderlag-done-by-deer\/#breadcrumb\",\"itemListElement\":[{\"@type\":\"ListItem\",\"position\":1,\"name\":\"Hem\",\"item\":\"https:\/\/babylove.se\/no\/\"},{\"@type\":\"ListItem\",\"position\":2,\"name\":\"Butik\",\"item\":\"https:\/\/babylove.se\/no\/butik\/\"},{\"@type\":\"ListItem\",\"position\":3,\"name\":\"Stelleunderlag, stellemadrass, Done by Deer\"}]},{\"@type\":\"WebSite\",\"@id\":\"https:\/\/babylove.se\/no\/#website\",\"url\":\"https:\/\/babylove.se\/no\/\",\"name\":\"Babylove Norska\",\"description\":\"\",\"potentialAction\":[{\"@type\":\"SearchAction\",\"target\":{\"@type\":\"EntryPoint\",\"urlTemplate\":\"https:\/\/babylove.se\/no\/?s={search_term_string}\"},\"query-input\":{\"@type\":\"PropertyValueSpecification\",\"valueRequired\":true,\"valueName\":\"search_term_string\"}}],\"inLanguage\":\"nb-NO\"}]}<\/script>\n<meta property=\"product:brand\" content=\"Done by Deer\" \/>\n<meta property=\"product:price:amount\" content=\"349.00\" \/>\n<meta property=\"product:price:currency\" content=\"SEK\" \/>\n<meta property=\"og:availability\" content=\"out of stock\" \/>\n<meta property=\"product:availability\" content=\"out of stock\" \/>\n<meta property=\"product:retailer_item_id\" content=\"738\" \/>\n<meta property=\"product:condition\" content=\"new\" \/>\n<!-- \/ Yoast SEO Premium plugin. -->","yoast_head_json":{"title":"Stelleunderlag, stellemadrass, Done by Deer - Babylove Norska","robots":{"index":"noindex","follow":"follow","max-snippet":"max-snippet:-1","max-image-preview":"max-image-preview:large","max-video-preview":"max-video-preview:-1"},"og_locale":"nb_NO","og_type":"article","og_title":"Stelleunderlag, stellemadrass, Done by Deer","og_description":"La Elphee, den gledelige elefanten holde deg selskap mens mamma eller pappa skifter bleien din. Denne portable stellematta er dekket med akryl for st\u00f8rst mulig komfort og den er enkel \u00e5 ta med seg for bleieskift utenfor hjemmet.&nbsp; Inkludert tilbeh\u00f8r er det fine v\u00e5tservettdekselet.&nbsp; Materiale: stellesengen 100 % bomull, dekket med akryl (fri for PVC). [&hellip;]","og_url":"https:\/\/babylove.se\/no\/produkt\/skuddpute-skuddunderlag-done-by-deer\/","og_site_name":"Babylove Norska","article_modified_time":"2026-04-08T06:44:05+00:00","og_image":[{"width":750,"height":750,"url":"https:\/\/babylove.se\/no\/wp-content\/uploads\/sites\/3\/2025\/07\/57fe5266ed8a1.jpeg","type":"image\/jpeg"}],"twitter_card":"summary_large_image","twitter_misc":{"Price":"349,00&nbsp;&#107;&#114;","Availability":"Out of stock"},"schema":{"@context":"https:\/\/schema.org","@graph":[{"@type":"WebPage","@id":"https:\/\/babylove.se\/no\/produkt\/skuddpute-skuddunderlag-done-by-deer\/","url":"https:\/\/babylove.se\/no\/produkt\/skuddpute-skuddunderlag-done-by-deer\/","name":"Stelleunderlag, stellemadrass, Done by Deer - Babylove Norska","isPartOf":{"@id":"https:\/\/babylove.se\/no\/#website"},"primaryImageOfPage":{"@id":"https:\/\/babylove.se\/no\/produkt\/skuddpute-skuddunderlag-done-by-deer\/#primaryimage"},"image":{"@id":"https:\/\/babylove.se\/no\/produkt\/skuddpute-skuddunderlag-done-by-deer\/#primaryimage"},"thumbnailUrl":"https:\/\/babylove.se\/no\/wp-content\/uploads\/sites\/3\/2025\/07\/57fe5266ed8a1.jpeg","datePublished":"2025-07-18T19:03:37+00:00","dateModified":"2026-04-08T06:44:05+00:00","breadcrumb":{"@id":"https:\/\/babylove.se\/no\/produkt\/skuddpute-skuddunderlag-done-by-deer\/#breadcrumb"},"inLanguage":"nb-NO","potentialAction":[{"@type":"ReadAction","target":["https:\/\/babylove.se\/no\/produkt\/skuddpute-skuddunderlag-done-by-deer\/"]}]},{"@type":"ImageObject","inLanguage":"nb-NO","@id":"https:\/\/babylove.se\/no\/produkt\/skuddpute-skuddunderlag-done-by-deer\/#primaryimage","url":"https:\/\/babylove.se\/no\/wp-content\/uploads\/sites\/3\/2025\/07\/57fe5266ed8a1.jpeg","contentUrl":"https:\/\/babylove.se\/no\/wp-content\/uploads\/sites\/3\/2025\/07\/57fe5266ed8a1.jpeg","width":750,"height":750},{"@type":"BreadcrumbList","@id":"https:\/\/babylove.se\/no\/produkt\/skuddpute-skuddunderlag-done-by-deer\/#breadcrumb","itemListElement":[{"@type":"ListItem","position":1,"name":"Hem","item":"https:\/\/babylove.se\/no\/"},{"@type":"ListItem","position":2,"name":"Butik","item":"https:\/\/babylove.se\/no\/butik\/"},{"@type":"ListItem","position":3,"name":"Stelleunderlag, stellemadrass, Done by Deer"}]},{"@type":"WebSite","@id":"https:\/\/babylove.se\/no\/#website","url":"https:\/\/babylove.se\/no\/","name":"Babylove Norska","description":"","potentialAction":[{"@type":"SearchAction","target":{"@type":"EntryPoint","urlTemplate":"https:\/\/babylove.se\/no\/?s={search_term_string}"},"query-input":{"@type":"PropertyValueSpecification","valueRequired":true,"valueName":"search_term_string"}}],"inLanguage":"nb-NO"}]},"product_brand":"Done by Deer","product_price_amount":"349.00","product_price_currency":"SEK","og_availability":"out of stock","product_availability":"out of stock","product_retailer_item_id":"738","product_condition":"new"},"_links":{"self":[{"href":"https:\/\/babylove.se\/no\/wp-json\/wp\/v2\/product\/1699","targetHints":{"allow":["GET"]}}],"collection":[{"href":"https:\/\/babylove.se\/no\/wp-json\/wp\/v2\/product"}],"about":[{"href":"https:\/\/babylove.se\/no\/wp-json\/wp\/v2\/types\/product"}],"replies":[{"embeddable":true,"href":"https:\/\/babylove.se\/no\/wp-json\/wp\/v2\/comments?post=1699"}],"wp:featuredmedia":[{"embeddable":true,"href":"https:\/\/babylove.se\/no\/wp-json\/wp\/v2\/media\/1701"}],"wp:attachment":[{"href":"https:\/\/babylove.se\/no\/wp-json\/wp\/v2\/media?parent=1699"}],"wp:term":[{"taxonomy":"product_brand","embeddable":true,"href":"https:\/\/babylove.se\/no\/wp-json\/wp\/v2\/product_brand?post=1699"},{"taxonomy":"product_cat","embeddable":true,"href":"https:\/\/babylove.se\/no\/wp-json\/wp\/v2\/product_cat?post=1699"},{"taxonomy":"product_tag","embeddable":true,"href":"https:\/\/babylove.se\/no\/wp-json\/wp\/v2\/product_tag?post=1699"}],"curies":[{"name":"wp","href":"https:\/\/api.w.org\/{rel}","templated":true}]}}