{"id":17024,"date":"2025-07-18T22:05:58","date_gmt":"2025-07-18T21:05:58","guid":{"rendered":"https:\/\/babylove.se\/produkt\/vit-hussang-90x200-med-forvaringslador\/"},"modified":"2026-04-08T09:10:53","modified_gmt":"2026-04-08T08:10:53","slug":"hvit-seng-90x200-med-oppbevaringsskuffer","status":"publish","type":"product","link":"https:\/\/babylove.se\/no\/produkt\/hvit-seng-90x200-med-oppbevaringsskuffer\/","title":{"rendered":"Hvit husseng 90&#215;200 med oppbevaringsskuffer"},"content":{"rendered":"<p>En superfin hvit husseng til barnerommet som ogs\u00e5 fungerer \u00e5 bruke som en k\u00f8ye, og n\u00e5r det er tid \u00e5 sove er det den ultimate soveplassen for ditt barn. <span style=\"background-color: initial; text-align: initial;\">Til huss<\/span><span style=\"background-color: initial; text-align: initial;\">engen f\u00f8lger med 2 oppbevaringsbokser p\u00e5 hjul. Perfekte \u00e5 oppbevare leker eller kanskje senget\u00f8y i.&nbsp;<\/span><\/p>\n<p>Vil du ha en st\u00f8ttefj\u00f8l? For eksempel Ikeas st\u00f8ttefj\u00f8l &#8220;VIKARE&#8221; fungerer utmerket til denne modellen.<\/p>\n<p>Hussengen kommer umontert med en enkel instruksjon og kan ogs\u00e5 f\u00e5s i hvit farge, madrass f\u00f8lger ikke med men du kan kj\u00f8pe den hos oss.<\/p>\n<p><span style=\"background-color: initial; font-weight: 700; text-align: initial;\">Info:&nbsp;<\/span><\/p>\n<ul>\n<li>Sengbunn f\u00f8lger med&nbsp;<\/li>\n<li>To oppbevaringsbokser p\u00e5 hjul f\u00f8lger med.<\/li>\n<li>Madrass f\u00f8lger ikke med, men ta gjerne en titt i v\u00e5rt store madrassutvalg. Vi anbefaler en skummadrass med tykkelse p\u00e5 ca 10-12 cm.<\/li>\n<li>Maksvekt: 120 kg<\/li>\n<li>Materiale: Furu, malt med \u00f8kologisk og giftfri maling<\/li>\n<li>Finnes i tre utf\u00f8relser: natur, gr\u00e5 eller hvit<\/li>\n<li>Produsert i EU<\/li>\n<\/ul>\n<p><strong>M\u00e5l:<\/strong><\/p>\n<ul>\n<li>Total h\u00f8yde: 160 cm&nbsp;<\/li>\n<li>Total dybde: 96 cm<\/li>\n<li>Total lengde: 208 cm&nbsp;<\/li>\n<li>H\u00f8yde p\u00e5 sengekarm: 30 cm&nbsp;<\/li>\n<li>Sengem\u00e5l: 90&#215;200&nbsp;<\/li>\n<\/ul>\n<p><em>Obs!&nbsp;<\/em><em>Sengen leveres umontert og b\u00f8r settes sammen i rommet den skal brukes i.&nbsp;<\/em><\/p>\n","protected":false},"excerpt":{"rendered":"<p>En superfin hvit husseng til barnerommet som ogs\u00e5 fungerer \u00e5 bruke som en k\u00f8ye, og n\u00e5r det er tid \u00e5 sove er det den ultimate soveplassen for ditt barn. Til hussengen f\u00f8lger med 2 oppbevaringsbokser p\u00e5 hjul. Perfekte \u00e5 oppbevare leker eller kanskje senget\u00f8y i.&nbsp; Vil du ha en st\u00f8ttefj\u00f8l? For eksempel Ikeas st\u00f8ttefj\u00f8l &#8220;VIKARE&#8221; [&hellip;]<\/p>\n","protected":false},"featured_media":17026,"comment_status":"closed","ping_status":"open","template":"","meta":{"_acf_changed":false},"product_brand":[671],"product_cat":[672,217,280],"product_tag":[1689],"class_list":{"0":"post-17024","1":"product","2":"type-product","3":"status-publish","4":"has-post-thumbnail","6":"product_brand-homestyle4u","7":"product_cat-hm","8":"product_cat-sengesanger","9":"product_cat-senger-med-rask-levering","10":"product_tag-bestillingsvaror","12":"first","13":"instock","14":"taxable","15":"shipping-taxable","16":"purchasable","17":"product-type-simple"},"acf":[],"yoast_head":"<!-- This site is optimized with the Yoast SEO Premium plugin v25.8 (Yoast SEO v27.2) - https:\/\/yoast.com\/product\/yoast-seo-premium-wordpress\/ -->\n<title>Hvit husseng 90x200 med oppbevaringsskuffer - Babylove Norska<\/title>\n<meta name=\"robots\" content=\"noindex, follow, max-snippet:-1, max-image-preview:large, max-video-preview:-1\" \/>\n<meta property=\"og:locale\" content=\"nb_NO\" \/>\n<meta property=\"og:type\" content=\"article\" \/>\n<meta property=\"og:title\" content=\"Hvit husseng 90x200 med oppbevaringsskuffer\" \/>\n<meta property=\"og:description\" content=\"En superfin hvit husseng til barnerommet som ogs\u00e5 fungerer \u00e5 bruke som en k\u00f8ye, og n\u00e5r det er tid \u00e5 sove er det den ultimate soveplassen for ditt barn. Til hussengen f\u00f8lger med 2 oppbevaringsbokser p\u00e5 hjul. Perfekte \u00e5 oppbevare leker eller kanskje senget\u00f8y i.&nbsp; Vil du ha en st\u00f8ttefj\u00f8l? For eksempel Ikeas st\u00f8ttefj\u00f8l &#8220;VIKARE&#8221; [&hellip;]\" \/>\n<meta property=\"og:url\" content=\"https:\/\/babylove.se\/no\/produkt\/hvit-seng-90x200-med-oppbevaringsskuffer\/\" \/>\n<meta property=\"og:site_name\" content=\"Babylove Norska\" \/>\n<meta property=\"article:modified_time\" content=\"2026-04-08T08:10:53+00:00\" \/>\n<meta property=\"og:image\" content=\"https:\/\/babylove.se\/no\/wp-content\/uploads\/sites\/3\/2025\/07\/5e3c761fc7655.jpeg\" \/>\n\t<meta property=\"og:image:width\" content=\"750\" \/>\n\t<meta property=\"og:image:height\" content=\"750\" \/>\n\t<meta property=\"og:image:type\" content=\"image\/jpeg\" \/>\n<meta name=\"twitter:card\" content=\"summary_large_image\" \/>\n<meta name=\"twitter:label1\" content=\"Price\" \/>\n\t<meta name=\"twitter:data1\" content=\"3 599,00&nbsp;&#107;&#114;\" \/>\n\t<meta name=\"twitter:label2\" content=\"Availability\" \/>\n\t<meta name=\"twitter:data2\" content=\"In stock\" \/>\n<script type=\"application\/ld+json\" class=\"yoast-schema-graph\">{\"@context\":\"https:\/\/schema.org\",\"@graph\":[{\"@type\":\"WebPage\",\"@id\":\"https:\/\/babylove.se\/no\/produkt\/hvit-seng-90x200-med-oppbevaringsskuffer\/\",\"url\":\"https:\/\/babylove.se\/no\/produkt\/hvit-seng-90x200-med-oppbevaringsskuffer\/\",\"name\":\"Hvit husseng 90x200 med oppbevaringsskuffer - Babylove Norska\",\"isPartOf\":{\"@id\":\"https:\/\/babylove.se\/no\/#website\"},\"primaryImageOfPage\":{\"@id\":\"https:\/\/babylove.se\/no\/produkt\/hvit-seng-90x200-med-oppbevaringsskuffer\/#primaryimage\"},\"image\":{\"@id\":\"https:\/\/babylove.se\/no\/produkt\/hvit-seng-90x200-med-oppbevaringsskuffer\/#primaryimage\"},\"thumbnailUrl\":\"https:\/\/babylove.se\/no\/wp-content\/uploads\/sites\/3\/2025\/07\/5e3c761fc7655.jpeg\",\"datePublished\":\"2025-07-18T21:05:58+00:00\",\"dateModified\":\"2026-04-08T08:10:53+00:00\",\"breadcrumb\":{\"@id\":\"https:\/\/babylove.se\/no\/produkt\/hvit-seng-90x200-med-oppbevaringsskuffer\/#breadcrumb\"},\"inLanguage\":\"nb-NO\",\"potentialAction\":[{\"@type\":\"ReadAction\",\"target\":[\"https:\/\/babylove.se\/no\/produkt\/hvit-seng-90x200-med-oppbevaringsskuffer\/\"]}]},{\"@type\":\"ImageObject\",\"inLanguage\":\"nb-NO\",\"@id\":\"https:\/\/babylove.se\/no\/produkt\/hvit-seng-90x200-med-oppbevaringsskuffer\/#primaryimage\",\"url\":\"https:\/\/babylove.se\/no\/wp-content\/uploads\/sites\/3\/2025\/07\/5e3c761fc7655.jpeg\",\"contentUrl\":\"https:\/\/babylove.se\/no\/wp-content\/uploads\/sites\/3\/2025\/07\/5e3c761fc7655.jpeg\",\"width\":750,\"height\":750},{\"@type\":\"BreadcrumbList\",\"@id\":\"https:\/\/babylove.se\/no\/produkt\/hvit-seng-90x200-med-oppbevaringsskuffer\/#breadcrumb\",\"itemListElement\":[{\"@type\":\"ListItem\",\"position\":1,\"name\":\"Hem\",\"item\":\"https:\/\/babylove.se\/no\/\"},{\"@type\":\"ListItem\",\"position\":2,\"name\":\"Butik\",\"item\":\"https:\/\/babylove.se\/no\/butik\/\"},{\"@type\":\"ListItem\",\"position\":3,\"name\":\"Hvit husseng 90&#215;200 med oppbevaringsskuffer\"}]},{\"@type\":\"WebSite\",\"@id\":\"https:\/\/babylove.se\/no\/#website\",\"url\":\"https:\/\/babylove.se\/no\/\",\"name\":\"Babylove Norska\",\"description\":\"\",\"potentialAction\":[{\"@type\":\"SearchAction\",\"target\":{\"@type\":\"EntryPoint\",\"urlTemplate\":\"https:\/\/babylove.se\/no\/?s={search_term_string}\"},\"query-input\":{\"@type\":\"PropertyValueSpecification\",\"valueRequired\":true,\"valueName\":\"search_term_string\"}}],\"inLanguage\":\"nb-NO\"}]}<\/script>\n<meta property=\"product:brand\" content=\"Homestyle4u\" \/>\n<meta property=\"product:price:amount\" content=\"3599.00\" \/>\n<meta property=\"product:price:currency\" content=\"SEK\" \/>\n<meta property=\"og:availability\" content=\"instock\" \/>\n<meta property=\"product:availability\" content=\"instock\" \/>\n<meta property=\"product:retailer_item_id\" content=\"1922\" \/>\n<meta property=\"product:condition\" content=\"new\" \/>\n<!-- \/ Yoast SEO Premium plugin. -->","yoast_head_json":{"title":"Hvit husseng 90x200 med oppbevaringsskuffer - Babylove Norska","robots":{"index":"noindex","follow":"follow","max-snippet":"max-snippet:-1","max-image-preview":"max-image-preview:large","max-video-preview":"max-video-preview:-1"},"og_locale":"nb_NO","og_type":"article","og_title":"Hvit husseng 90x200 med oppbevaringsskuffer","og_description":"En superfin hvit husseng til barnerommet som ogs\u00e5 fungerer \u00e5 bruke som en k\u00f8ye, og n\u00e5r det er tid \u00e5 sove er det den ultimate soveplassen for ditt barn. Til hussengen f\u00f8lger med 2 oppbevaringsbokser p\u00e5 hjul. Perfekte \u00e5 oppbevare leker eller kanskje senget\u00f8y i.&nbsp; Vil du ha en st\u00f8ttefj\u00f8l? For eksempel Ikeas st\u00f8ttefj\u00f8l &#8220;VIKARE&#8221; [&hellip;]","og_url":"https:\/\/babylove.se\/no\/produkt\/hvit-seng-90x200-med-oppbevaringsskuffer\/","og_site_name":"Babylove Norska","article_modified_time":"2026-04-08T08:10:53+00:00","og_image":[{"width":750,"height":750,"url":"https:\/\/babylove.se\/no\/wp-content\/uploads\/sites\/3\/2025\/07\/5e3c761fc7655.jpeg","type":"image\/jpeg"}],"twitter_card":"summary_large_image","twitter_misc":{"Price":"3 599,00&nbsp;&#107;&#114;","Availability":"In stock"},"schema":{"@context":"https:\/\/schema.org","@graph":[{"@type":"WebPage","@id":"https:\/\/babylove.se\/no\/produkt\/hvit-seng-90x200-med-oppbevaringsskuffer\/","url":"https:\/\/babylove.se\/no\/produkt\/hvit-seng-90x200-med-oppbevaringsskuffer\/","name":"Hvit husseng 90x200 med oppbevaringsskuffer - Babylove Norska","isPartOf":{"@id":"https:\/\/babylove.se\/no\/#website"},"primaryImageOfPage":{"@id":"https:\/\/babylove.se\/no\/produkt\/hvit-seng-90x200-med-oppbevaringsskuffer\/#primaryimage"},"image":{"@id":"https:\/\/babylove.se\/no\/produkt\/hvit-seng-90x200-med-oppbevaringsskuffer\/#primaryimage"},"thumbnailUrl":"https:\/\/babylove.se\/no\/wp-content\/uploads\/sites\/3\/2025\/07\/5e3c761fc7655.jpeg","datePublished":"2025-07-18T21:05:58+00:00","dateModified":"2026-04-08T08:10:53+00:00","breadcrumb":{"@id":"https:\/\/babylove.se\/no\/produkt\/hvit-seng-90x200-med-oppbevaringsskuffer\/#breadcrumb"},"inLanguage":"nb-NO","potentialAction":[{"@type":"ReadAction","target":["https:\/\/babylove.se\/no\/produkt\/hvit-seng-90x200-med-oppbevaringsskuffer\/"]}]},{"@type":"ImageObject","inLanguage":"nb-NO","@id":"https:\/\/babylove.se\/no\/produkt\/hvit-seng-90x200-med-oppbevaringsskuffer\/#primaryimage","url":"https:\/\/babylove.se\/no\/wp-content\/uploads\/sites\/3\/2025\/07\/5e3c761fc7655.jpeg","contentUrl":"https:\/\/babylove.se\/no\/wp-content\/uploads\/sites\/3\/2025\/07\/5e3c761fc7655.jpeg","width":750,"height":750},{"@type":"BreadcrumbList","@id":"https:\/\/babylove.se\/no\/produkt\/hvit-seng-90x200-med-oppbevaringsskuffer\/#breadcrumb","itemListElement":[{"@type":"ListItem","position":1,"name":"Hem","item":"https:\/\/babylove.se\/no\/"},{"@type":"ListItem","position":2,"name":"Butik","item":"https:\/\/babylove.se\/no\/butik\/"},{"@type":"ListItem","position":3,"name":"Hvit husseng 90&#215;200 med oppbevaringsskuffer"}]},{"@type":"WebSite","@id":"https:\/\/babylove.se\/no\/#website","url":"https:\/\/babylove.se\/no\/","name":"Babylove Norska","description":"","potentialAction":[{"@type":"SearchAction","target":{"@type":"EntryPoint","urlTemplate":"https:\/\/babylove.se\/no\/?s={search_term_string}"},"query-input":{"@type":"PropertyValueSpecification","valueRequired":true,"valueName":"search_term_string"}}],"inLanguage":"nb-NO"}]},"product_brand":"Homestyle4u","product_price_amount":"3599.00","product_price_currency":"SEK","og_availability":"instock","product_availability":"instock","product_retailer_item_id":"1922","product_condition":"new"},"_links":{"self":[{"href":"https:\/\/babylove.se\/no\/wp-json\/wp\/v2\/product\/17024","targetHints":{"allow":["GET"]}}],"collection":[{"href":"https:\/\/babylove.se\/no\/wp-json\/wp\/v2\/product"}],"about":[{"href":"https:\/\/babylove.se\/no\/wp-json\/wp\/v2\/types\/product"}],"replies":[{"embeddable":true,"href":"https:\/\/babylove.se\/no\/wp-json\/wp\/v2\/comments?post=17024"}],"wp:featuredmedia":[{"embeddable":true,"href":"https:\/\/babylove.se\/no\/wp-json\/wp\/v2\/media\/17026"}],"wp:attachment":[{"href":"https:\/\/babylove.se\/no\/wp-json\/wp\/v2\/media?parent=17024"}],"wp:term":[{"taxonomy":"product_brand","embeddable":true,"href":"https:\/\/babylove.se\/no\/wp-json\/wp\/v2\/product_brand?post=17024"},{"taxonomy":"product_cat","embeddable":true,"href":"https:\/\/babylove.se\/no\/wp-json\/wp\/v2\/product_cat?post=17024"},{"taxonomy":"product_tag","embeddable":true,"href":"https:\/\/babylove.se\/no\/wp-json\/wp\/v2\/product_tag?post=17024"}],"curies":[{"name":"wp","href":"https:\/\/api.w.org\/{rel}","templated":true}]}}