{"id":17051,"date":"2025-07-18T22:06:30","date_gmt":"2025-07-18T21:06:30","guid":{"rendered":"https:\/\/babylove.se\/produkt\/kids-concept-lekhus-talt-naturvit\/"},"modified":"2026-04-08T09:11:06","modified_gmt":"2026-04-08T08:11:06","slug":"kids-concept-lekhus-telt-naturhvit","status":"publish","type":"product","link":"https:\/\/babylove.se\/no\/produkt\/kids-concept-lekhus-telt-naturhvit\/","title":{"rendered":"Kid&#8217;s Concept, lekehus telt naturhvit"},"content":{"rendered":"<p>Kids Concept sitt meget verdsatte og popul\u00e6re lekhus-telt i fin naturhvit farge, kommer til \u00e5 bli ditt barns nye favorittsted. Den optimale lekekroken eller kojen som dessuten kommer til \u00e5 passe perfekt i din \u00f8vrige barneroms-innredning. Laget av bomull og teltstengene av fint furutre.<\/p>\n<p>Du kan enkelt ta ned teltet og like enkelt kan du deretter sette det opp igjen. Gj\u00f8r det enda morsommere med den sammenbrettbare lekematta som er tilpasset lekhus-teltet.<\/p>\n<p><strong>M\u00e5l<\/strong>: H\u00f8yde 124 cm x Bredde 84 cm x Lengde 110 cm<\/p>\n<p><strong>Materiale<\/strong>: 100% GOTS-sertifisert bomull og furu<\/p>\n<p>Flekkbehandles. Fjern st\u00f8v ved lufting eller lett st\u00f8vsuging.<\/p>\n<p>Designer: <a href=\"https:\/\/babylove.se\/varumarken\/kids-concept\">Kid&#8217;s Concept<\/a><\/p>\n","protected":false},"excerpt":{"rendered":"<p>Kids Concept sitt meget verdsatte og popul\u00e6re lekhus-telt i fin naturhvit farge, kommer til \u00e5 bli ditt barns nye favorittsted. Den optimale lekekroken eller kojen som dessuten kommer til \u00e5 passe perfekt i din \u00f8vrige barneroms-innredning. Laget av bomull og teltstengene av fint furutre. Du kan enkelt ta ned teltet og like enkelt kan du [&hellip;]<\/p>\n","protected":false},"featured_media":17053,"comment_status":"closed","ping_status":"open","template":"","meta":{"_acf_changed":false},"product_brand":[320],"product_cat":[72,321,275,276],"product_tag":[],"class_list":{"0":"post-17051","1":"product","2":"type-product","3":"status-publish","4":"has-post-thumbnail","6":"product_brand-kids-concept","7":"product_cat-julegaver","8":"product_cat-kids-concept","9":"product_cat-tipitalt-lektalt","10":"product_cat-tipi-telt-barnerom","12":"first","13":"outofstock","14":"taxable","15":"shipping-taxable","16":"purchasable","17":"product-type-simple"},"acf":[],"yoast_head":"<!-- This site is optimized with the Yoast SEO Premium plugin v25.8 (Yoast SEO v27.2) - https:\/\/yoast.com\/product\/yoast-seo-premium-wordpress\/ -->\n<title>Kid&#039;s Concept, lekehus telt naturhvit - Babylove Norska<\/title>\n<meta name=\"robots\" content=\"noindex, follow, max-snippet:-1, max-image-preview:large, max-video-preview:-1\" \/>\n<meta property=\"og:locale\" content=\"nb_NO\" \/>\n<meta property=\"og:type\" content=\"article\" \/>\n<meta property=\"og:title\" content=\"Kid&#039;s Concept, lekehus telt naturhvit\" \/>\n<meta property=\"og:description\" content=\"Kids Concept sitt meget verdsatte og popul\u00e6re lekhus-telt i fin naturhvit farge, kommer til \u00e5 bli ditt barns nye favorittsted. Den optimale lekekroken eller kojen som dessuten kommer til \u00e5 passe perfekt i din \u00f8vrige barneroms-innredning. Laget av bomull og teltstengene av fint furutre. Du kan enkelt ta ned teltet og like enkelt kan du [&hellip;]\" \/>\n<meta property=\"og:url\" content=\"https:\/\/babylove.se\/no\/produkt\/kids-concept-lekhus-telt-naturhvit\/\" \/>\n<meta property=\"og:site_name\" content=\"Babylove Norska\" \/>\n<meta property=\"article:modified_time\" content=\"2026-04-08T08:11:06+00:00\" \/>\n<meta property=\"og:image\" content=\"https:\/\/babylove.se\/no\/wp-content\/uploads\/sites\/3\/2025\/07\/5e418be7dae6e.jpeg\" \/>\n\t<meta property=\"og:image:width\" content=\"750\" \/>\n\t<meta property=\"og:image:height\" content=\"750\" \/>\n\t<meta property=\"og:image:type\" content=\"image\/jpeg\" \/>\n<meta name=\"twitter:card\" content=\"summary_large_image\" \/>\n<meta name=\"twitter:label1\" content=\"Price\" \/>\n\t<meta name=\"twitter:data1\" content=\"1 699,00&nbsp;&#107;&#114;\" \/>\n\t<meta name=\"twitter:label2\" content=\"Availability\" \/>\n\t<meta name=\"twitter:data2\" content=\"Out of stock\" \/>\n<script type=\"application\/ld+json\" class=\"yoast-schema-graph\">{\"@context\":\"https:\/\/schema.org\",\"@graph\":[{\"@type\":\"WebPage\",\"@id\":\"https:\/\/babylove.se\/no\/produkt\/kids-concept-lekhus-telt-naturhvit\/\",\"url\":\"https:\/\/babylove.se\/no\/produkt\/kids-concept-lekhus-telt-naturhvit\/\",\"name\":\"Kid's Concept, lekehus telt naturhvit - Babylove Norska\",\"isPartOf\":{\"@id\":\"https:\/\/babylove.se\/no\/#website\"},\"primaryImageOfPage\":{\"@id\":\"https:\/\/babylove.se\/no\/produkt\/kids-concept-lekhus-telt-naturhvit\/#primaryimage\"},\"image\":{\"@id\":\"https:\/\/babylove.se\/no\/produkt\/kids-concept-lekhus-telt-naturhvit\/#primaryimage\"},\"thumbnailUrl\":\"https:\/\/babylove.se\/no\/wp-content\/uploads\/sites\/3\/2025\/07\/5e418be7dae6e.jpeg\",\"datePublished\":\"2025-07-18T21:06:30+00:00\",\"dateModified\":\"2026-04-08T08:11:06+00:00\",\"breadcrumb\":{\"@id\":\"https:\/\/babylove.se\/no\/produkt\/kids-concept-lekhus-telt-naturhvit\/#breadcrumb\"},\"inLanguage\":\"nb-NO\",\"potentialAction\":[{\"@type\":\"ReadAction\",\"target\":[\"https:\/\/babylove.se\/no\/produkt\/kids-concept-lekhus-telt-naturhvit\/\"]}]},{\"@type\":\"ImageObject\",\"inLanguage\":\"nb-NO\",\"@id\":\"https:\/\/babylove.se\/no\/produkt\/kids-concept-lekhus-telt-naturhvit\/#primaryimage\",\"url\":\"https:\/\/babylove.se\/no\/wp-content\/uploads\/sites\/3\/2025\/07\/5e418be7dae6e.jpeg\",\"contentUrl\":\"https:\/\/babylove.se\/no\/wp-content\/uploads\/sites\/3\/2025\/07\/5e418be7dae6e.jpeg\",\"width\":750,\"height\":750},{\"@type\":\"BreadcrumbList\",\"@id\":\"https:\/\/babylove.se\/no\/produkt\/kids-concept-lekhus-telt-naturhvit\/#breadcrumb\",\"itemListElement\":[{\"@type\":\"ListItem\",\"position\":1,\"name\":\"Hem\",\"item\":\"https:\/\/babylove.se\/no\/\"},{\"@type\":\"ListItem\",\"position\":2,\"name\":\"Butik\",\"item\":\"https:\/\/babylove.se\/no\/butik\/\"},{\"@type\":\"ListItem\",\"position\":3,\"name\":\"Kid&#8217;s Concept, lekehus telt naturhvit\"}]},{\"@type\":\"WebSite\",\"@id\":\"https:\/\/babylove.se\/no\/#website\",\"url\":\"https:\/\/babylove.se\/no\/\",\"name\":\"Babylove Norska\",\"description\":\"\",\"potentialAction\":[{\"@type\":\"SearchAction\",\"target\":{\"@type\":\"EntryPoint\",\"urlTemplate\":\"https:\/\/babylove.se\/no\/?s={search_term_string}\"},\"query-input\":{\"@type\":\"PropertyValueSpecification\",\"valueRequired\":true,\"valueName\":\"search_term_string\"}}],\"inLanguage\":\"nb-NO\"}]}<\/script>\n<meta property=\"product:brand\" content=\"Kids Concept\" \/>\n<meta property=\"product:price:amount\" content=\"1699.00\" \/>\n<meta property=\"product:price:currency\" content=\"SEK\" \/>\n<meta property=\"og:availability\" content=\"out of stock\" \/>\n<meta property=\"product:availability\" content=\"out of stock\" \/>\n<meta property=\"product:retailer_item_id\" content=\"1000473\" \/>\n<meta property=\"product:condition\" content=\"new\" \/>\n<!-- \/ Yoast SEO Premium plugin. -->","yoast_head_json":{"title":"Kid's Concept, lekehus telt naturhvit - Babylove Norska","robots":{"index":"noindex","follow":"follow","max-snippet":"max-snippet:-1","max-image-preview":"max-image-preview:large","max-video-preview":"max-video-preview:-1"},"og_locale":"nb_NO","og_type":"article","og_title":"Kid's Concept, lekehus telt naturhvit","og_description":"Kids Concept sitt meget verdsatte og popul\u00e6re lekhus-telt i fin naturhvit farge, kommer til \u00e5 bli ditt barns nye favorittsted. Den optimale lekekroken eller kojen som dessuten kommer til \u00e5 passe perfekt i din \u00f8vrige barneroms-innredning. Laget av bomull og teltstengene av fint furutre. Du kan enkelt ta ned teltet og like enkelt kan du [&hellip;]","og_url":"https:\/\/babylove.se\/no\/produkt\/kids-concept-lekhus-telt-naturhvit\/","og_site_name":"Babylove Norska","article_modified_time":"2026-04-08T08:11:06+00:00","og_image":[{"width":750,"height":750,"url":"https:\/\/babylove.se\/no\/wp-content\/uploads\/sites\/3\/2025\/07\/5e418be7dae6e.jpeg","type":"image\/jpeg"}],"twitter_card":"summary_large_image","twitter_misc":{"Price":"1 699,00&nbsp;&#107;&#114;","Availability":"Out of stock"},"schema":{"@context":"https:\/\/schema.org","@graph":[{"@type":"WebPage","@id":"https:\/\/babylove.se\/no\/produkt\/kids-concept-lekhus-telt-naturhvit\/","url":"https:\/\/babylove.se\/no\/produkt\/kids-concept-lekhus-telt-naturhvit\/","name":"Kid's Concept, lekehus telt naturhvit - Babylove Norska","isPartOf":{"@id":"https:\/\/babylove.se\/no\/#website"},"primaryImageOfPage":{"@id":"https:\/\/babylove.se\/no\/produkt\/kids-concept-lekhus-telt-naturhvit\/#primaryimage"},"image":{"@id":"https:\/\/babylove.se\/no\/produkt\/kids-concept-lekhus-telt-naturhvit\/#primaryimage"},"thumbnailUrl":"https:\/\/babylove.se\/no\/wp-content\/uploads\/sites\/3\/2025\/07\/5e418be7dae6e.jpeg","datePublished":"2025-07-18T21:06:30+00:00","dateModified":"2026-04-08T08:11:06+00:00","breadcrumb":{"@id":"https:\/\/babylove.se\/no\/produkt\/kids-concept-lekhus-telt-naturhvit\/#breadcrumb"},"inLanguage":"nb-NO","potentialAction":[{"@type":"ReadAction","target":["https:\/\/babylove.se\/no\/produkt\/kids-concept-lekhus-telt-naturhvit\/"]}]},{"@type":"ImageObject","inLanguage":"nb-NO","@id":"https:\/\/babylove.se\/no\/produkt\/kids-concept-lekhus-telt-naturhvit\/#primaryimage","url":"https:\/\/babylove.se\/no\/wp-content\/uploads\/sites\/3\/2025\/07\/5e418be7dae6e.jpeg","contentUrl":"https:\/\/babylove.se\/no\/wp-content\/uploads\/sites\/3\/2025\/07\/5e418be7dae6e.jpeg","width":750,"height":750},{"@type":"BreadcrumbList","@id":"https:\/\/babylove.se\/no\/produkt\/kids-concept-lekhus-telt-naturhvit\/#breadcrumb","itemListElement":[{"@type":"ListItem","position":1,"name":"Hem","item":"https:\/\/babylove.se\/no\/"},{"@type":"ListItem","position":2,"name":"Butik","item":"https:\/\/babylove.se\/no\/butik\/"},{"@type":"ListItem","position":3,"name":"Kid&#8217;s Concept, lekehus telt naturhvit"}]},{"@type":"WebSite","@id":"https:\/\/babylove.se\/no\/#website","url":"https:\/\/babylove.se\/no\/","name":"Babylove Norska","description":"","potentialAction":[{"@type":"SearchAction","target":{"@type":"EntryPoint","urlTemplate":"https:\/\/babylove.se\/no\/?s={search_term_string}"},"query-input":{"@type":"PropertyValueSpecification","valueRequired":true,"valueName":"search_term_string"}}],"inLanguage":"nb-NO"}]},"product_brand":"Kids Concept","product_price_amount":"1699.00","product_price_currency":"SEK","og_availability":"out of stock","product_availability":"out of stock","product_retailer_item_id":"1000473","product_condition":"new"},"_links":{"self":[{"href":"https:\/\/babylove.se\/no\/wp-json\/wp\/v2\/product\/17051","targetHints":{"allow":["GET"]}}],"collection":[{"href":"https:\/\/babylove.se\/no\/wp-json\/wp\/v2\/product"}],"about":[{"href":"https:\/\/babylove.se\/no\/wp-json\/wp\/v2\/types\/product"}],"replies":[{"embeddable":true,"href":"https:\/\/babylove.se\/no\/wp-json\/wp\/v2\/comments?post=17051"}],"wp:featuredmedia":[{"embeddable":true,"href":"https:\/\/babylove.se\/no\/wp-json\/wp\/v2\/media\/17053"}],"wp:attachment":[{"href":"https:\/\/babylove.se\/no\/wp-json\/wp\/v2\/media?parent=17051"}],"wp:term":[{"taxonomy":"product_brand","embeddable":true,"href":"https:\/\/babylove.se\/no\/wp-json\/wp\/v2\/product_brand?post=17051"},{"taxonomy":"product_cat","embeddable":true,"href":"https:\/\/babylove.se\/no\/wp-json\/wp\/v2\/product_cat?post=17051"},{"taxonomy":"product_tag","embeddable":true,"href":"https:\/\/babylove.se\/no\/wp-json\/wp\/v2\/product_tag?post=17051"}],"curies":[{"name":"wp","href":"https:\/\/api.w.org\/{rel}","templated":true}]}}