{"id":17075,"date":"2025-07-18T22:06:30","date_gmt":"2025-07-18T21:06:30","guid":{"rendered":"https:\/\/babylove.se\/produkt\/kids-concept-vikbar-lekmatta-naturvit\/"},"modified":"2026-04-08T09:11:12","modified_gmt":"2026-04-08T08:11:12","slug":"kids-concept-sammenleggbar-lekematte-naturhvit","status":"publish","type":"product","link":"https:\/\/babylove.se\/no\/produkt\/kids-concept-sammenleggbar-lekematte-naturhvit\/","title":{"rendered":"Kids Concept , sammenleggbar lekematte naturhvit"},"content":{"rendered":"<p>En praktisk og sammenleggbar lekematte i bomull fra Kids Concept. Tilpasset leketelthusen (p\u00e5 bildet) ogs\u00e5 det fra Kids Koncept. Lekematta kan selvsagt brukes separat ogs\u00e5 og beskytter barnet mot et hardt gulv. Overtrekket er selvsagt avtakbart s\u00e5 du kan vaske det og holde det rent og friskt.&nbsp;<\/p>\n<p>M\u00e5l: 105&#215;75, h\u00f8yde: 5 cm<br \/>Vasker\u00e5d: kan vaskes i maskin i maks 30<\/p>\n<p>Designer: <a href=\"https:\/\/babylove.se\/varumarken\/kids-concept\"><u>Kids Concept<\/u><\/a><\/p>\n","protected":false},"excerpt":{"rendered":"<p>En praktisk og sammenleggbar lekematte i bomull fra Kids Concept. Tilpasset leketelthusen (p\u00e5 bildet) ogs\u00e5 det fra Kids Koncept. Lekematta kan selvsagt brukes separat ogs\u00e5 og beskytter barnet mot et hardt gulv. Overtrekket er selvsagt avtakbart s\u00e5 du kan vaske det og holde det rent og friskt.&nbsp; M\u00e5l: 105&#215;75, h\u00f8yde: 5 cmVasker\u00e5d: kan vaskes i [&hellip;]<\/p>\n","protected":false},"featured_media":17077,"comment_status":"closed","ping_status":"open","template":"","meta":{"_acf_changed":false},"product_brand":[320],"product_cat":[321,52],"product_tag":[],"class_list":{"0":"post-17075","1":"product","2":"type-product","3":"status-publish","4":"has-post-thumbnail","6":"product_brand-kids-concept","7":"product_cat-kids-concept","8":"product_cat-lekematter","10":"first","11":"outofstock","12":"taxable","13":"shipping-taxable","14":"purchasable","15":"product-type-simple"},"acf":[],"yoast_head":"<!-- This site is optimized with the Yoast SEO Premium plugin v25.8 (Yoast SEO v27.2) - https:\/\/yoast.com\/product\/yoast-seo-premium-wordpress\/ -->\n<title>Kids Concept , sammenleggbar lekematte naturhvit - Babylove Norska<\/title>\n<meta name=\"robots\" content=\"noindex, follow, max-snippet:-1, max-image-preview:large, max-video-preview:-1\" \/>\n<meta property=\"og:locale\" content=\"nb_NO\" \/>\n<meta property=\"og:type\" content=\"article\" \/>\n<meta property=\"og:title\" content=\"Kids Concept , sammenleggbar lekematte naturhvit\" \/>\n<meta property=\"og:description\" content=\"En praktisk og sammenleggbar lekematte i bomull fra Kids Concept. Tilpasset leketelthusen (p\u00e5 bildet) ogs\u00e5 det fra Kids Koncept. Lekematta kan selvsagt brukes separat ogs\u00e5 og beskytter barnet mot et hardt gulv. Overtrekket er selvsagt avtakbart s\u00e5 du kan vaske det og holde det rent og friskt.&nbsp; M\u00e5l: 105&#215;75, h\u00f8yde: 5 cmVasker\u00e5d: kan vaskes i [&hellip;]\" \/>\n<meta property=\"og:url\" content=\"https:\/\/babylove.se\/no\/produkt\/kids-concept-sammenleggbar-lekematte-naturhvit\/\" \/>\n<meta property=\"og:site_name\" content=\"Babylove Norska\" \/>\n<meta property=\"article:modified_time\" content=\"2026-04-08T08:11:12+00:00\" \/>\n<meta property=\"og:image\" content=\"https:\/\/babylove.se\/no\/wp-content\/uploads\/sites\/3\/2025\/07\/5e418e856dcf2.jpeg\" \/>\n\t<meta property=\"og:image:width\" content=\"750\" \/>\n\t<meta property=\"og:image:height\" content=\"750\" \/>\n\t<meta property=\"og:image:type\" content=\"image\/jpeg\" \/>\n<meta name=\"twitter:card\" content=\"summary_large_image\" \/>\n<meta name=\"twitter:label1\" content=\"Price\" \/>\n\t<meta name=\"twitter:data1\" content=\"499,00&nbsp;&#107;&#114;\" \/>\n\t<meta name=\"twitter:label2\" content=\"Availability\" \/>\n\t<meta name=\"twitter:data2\" content=\"Out of stock\" \/>\n<script type=\"application\/ld+json\" class=\"yoast-schema-graph\">{\"@context\":\"https:\/\/schema.org\",\"@graph\":[{\"@type\":\"WebPage\",\"@id\":\"https:\/\/babylove.se\/no\/produkt\/kids-concept-sammenleggbar-lekematte-naturhvit\/\",\"url\":\"https:\/\/babylove.se\/no\/produkt\/kids-concept-sammenleggbar-lekematte-naturhvit\/\",\"name\":\"Kids Concept , sammenleggbar lekematte naturhvit - Babylove Norska\",\"isPartOf\":{\"@id\":\"https:\/\/babylove.se\/no\/#website\"},\"primaryImageOfPage\":{\"@id\":\"https:\/\/babylove.se\/no\/produkt\/kids-concept-sammenleggbar-lekematte-naturhvit\/#primaryimage\"},\"image\":{\"@id\":\"https:\/\/babylove.se\/no\/produkt\/kids-concept-sammenleggbar-lekematte-naturhvit\/#primaryimage\"},\"thumbnailUrl\":\"https:\/\/babylove.se\/no\/wp-content\/uploads\/sites\/3\/2025\/07\/5e418e856dcf2.jpeg\",\"datePublished\":\"2025-07-18T21:06:30+00:00\",\"dateModified\":\"2026-04-08T08:11:12+00:00\",\"breadcrumb\":{\"@id\":\"https:\/\/babylove.se\/no\/produkt\/kids-concept-sammenleggbar-lekematte-naturhvit\/#breadcrumb\"},\"inLanguage\":\"nb-NO\",\"potentialAction\":[{\"@type\":\"ReadAction\",\"target\":[\"https:\/\/babylove.se\/no\/produkt\/kids-concept-sammenleggbar-lekematte-naturhvit\/\"]}]},{\"@type\":\"ImageObject\",\"inLanguage\":\"nb-NO\",\"@id\":\"https:\/\/babylove.se\/no\/produkt\/kids-concept-sammenleggbar-lekematte-naturhvit\/#primaryimage\",\"url\":\"https:\/\/babylove.se\/no\/wp-content\/uploads\/sites\/3\/2025\/07\/5e418e856dcf2.jpeg\",\"contentUrl\":\"https:\/\/babylove.se\/no\/wp-content\/uploads\/sites\/3\/2025\/07\/5e418e856dcf2.jpeg\",\"width\":750,\"height\":750},{\"@type\":\"BreadcrumbList\",\"@id\":\"https:\/\/babylove.se\/no\/produkt\/kids-concept-sammenleggbar-lekematte-naturhvit\/#breadcrumb\",\"itemListElement\":[{\"@type\":\"ListItem\",\"position\":1,\"name\":\"Hem\",\"item\":\"https:\/\/babylove.se\/no\/\"},{\"@type\":\"ListItem\",\"position\":2,\"name\":\"Butik\",\"item\":\"https:\/\/babylove.se\/no\/butik\/\"},{\"@type\":\"ListItem\",\"position\":3,\"name\":\"Kids Concept , sammenleggbar lekematte naturhvit\"}]},{\"@type\":\"WebSite\",\"@id\":\"https:\/\/babylove.se\/no\/#website\",\"url\":\"https:\/\/babylove.se\/no\/\",\"name\":\"Babylove Norska\",\"description\":\"\",\"potentialAction\":[{\"@type\":\"SearchAction\",\"target\":{\"@type\":\"EntryPoint\",\"urlTemplate\":\"https:\/\/babylove.se\/no\/?s={search_term_string}\"},\"query-input\":{\"@type\":\"PropertyValueSpecification\",\"valueRequired\":true,\"valueName\":\"search_term_string\"}}],\"inLanguage\":\"nb-NO\"}]}<\/script>\n<meta property=\"product:brand\" content=\"Kids Concept\" \/>\n<meta property=\"product:price:amount\" content=\"499.00\" \/>\n<meta property=\"product:price:currency\" content=\"SEK\" \/>\n<meta property=\"og:availability\" content=\"out of stock\" \/>\n<meta property=\"product:availability\" content=\"out of stock\" \/>\n<meta property=\"product:retailer_item_id\" content=\"1000475\" \/>\n<meta property=\"product:condition\" content=\"new\" \/>\n<!-- \/ Yoast SEO Premium plugin. -->","yoast_head_json":{"title":"Kids Concept , sammenleggbar lekematte naturhvit - Babylove Norska","robots":{"index":"noindex","follow":"follow","max-snippet":"max-snippet:-1","max-image-preview":"max-image-preview:large","max-video-preview":"max-video-preview:-1"},"og_locale":"nb_NO","og_type":"article","og_title":"Kids Concept , sammenleggbar lekematte naturhvit","og_description":"En praktisk og sammenleggbar lekematte i bomull fra Kids Concept. Tilpasset leketelthusen (p\u00e5 bildet) ogs\u00e5 det fra Kids Koncept. Lekematta kan selvsagt brukes separat ogs\u00e5 og beskytter barnet mot et hardt gulv. Overtrekket er selvsagt avtakbart s\u00e5 du kan vaske det og holde det rent og friskt.&nbsp; M\u00e5l: 105&#215;75, h\u00f8yde: 5 cmVasker\u00e5d: kan vaskes i [&hellip;]","og_url":"https:\/\/babylove.se\/no\/produkt\/kids-concept-sammenleggbar-lekematte-naturhvit\/","og_site_name":"Babylove Norska","article_modified_time":"2026-04-08T08:11:12+00:00","og_image":[{"width":750,"height":750,"url":"https:\/\/babylove.se\/no\/wp-content\/uploads\/sites\/3\/2025\/07\/5e418e856dcf2.jpeg","type":"image\/jpeg"}],"twitter_card":"summary_large_image","twitter_misc":{"Price":"499,00&nbsp;&#107;&#114;","Availability":"Out of stock"},"schema":{"@context":"https:\/\/schema.org","@graph":[{"@type":"WebPage","@id":"https:\/\/babylove.se\/no\/produkt\/kids-concept-sammenleggbar-lekematte-naturhvit\/","url":"https:\/\/babylove.se\/no\/produkt\/kids-concept-sammenleggbar-lekematte-naturhvit\/","name":"Kids Concept , sammenleggbar lekematte naturhvit - Babylove Norska","isPartOf":{"@id":"https:\/\/babylove.se\/no\/#website"},"primaryImageOfPage":{"@id":"https:\/\/babylove.se\/no\/produkt\/kids-concept-sammenleggbar-lekematte-naturhvit\/#primaryimage"},"image":{"@id":"https:\/\/babylove.se\/no\/produkt\/kids-concept-sammenleggbar-lekematte-naturhvit\/#primaryimage"},"thumbnailUrl":"https:\/\/babylove.se\/no\/wp-content\/uploads\/sites\/3\/2025\/07\/5e418e856dcf2.jpeg","datePublished":"2025-07-18T21:06:30+00:00","dateModified":"2026-04-08T08:11:12+00:00","breadcrumb":{"@id":"https:\/\/babylove.se\/no\/produkt\/kids-concept-sammenleggbar-lekematte-naturhvit\/#breadcrumb"},"inLanguage":"nb-NO","potentialAction":[{"@type":"ReadAction","target":["https:\/\/babylove.se\/no\/produkt\/kids-concept-sammenleggbar-lekematte-naturhvit\/"]}]},{"@type":"ImageObject","inLanguage":"nb-NO","@id":"https:\/\/babylove.se\/no\/produkt\/kids-concept-sammenleggbar-lekematte-naturhvit\/#primaryimage","url":"https:\/\/babylove.se\/no\/wp-content\/uploads\/sites\/3\/2025\/07\/5e418e856dcf2.jpeg","contentUrl":"https:\/\/babylove.se\/no\/wp-content\/uploads\/sites\/3\/2025\/07\/5e418e856dcf2.jpeg","width":750,"height":750},{"@type":"BreadcrumbList","@id":"https:\/\/babylove.se\/no\/produkt\/kids-concept-sammenleggbar-lekematte-naturhvit\/#breadcrumb","itemListElement":[{"@type":"ListItem","position":1,"name":"Hem","item":"https:\/\/babylove.se\/no\/"},{"@type":"ListItem","position":2,"name":"Butik","item":"https:\/\/babylove.se\/no\/butik\/"},{"@type":"ListItem","position":3,"name":"Kids Concept , sammenleggbar lekematte naturhvit"}]},{"@type":"WebSite","@id":"https:\/\/babylove.se\/no\/#website","url":"https:\/\/babylove.se\/no\/","name":"Babylove Norska","description":"","potentialAction":[{"@type":"SearchAction","target":{"@type":"EntryPoint","urlTemplate":"https:\/\/babylove.se\/no\/?s={search_term_string}"},"query-input":{"@type":"PropertyValueSpecification","valueRequired":true,"valueName":"search_term_string"}}],"inLanguage":"nb-NO"}]},"product_brand":"Kids Concept","product_price_amount":"499.00","product_price_currency":"SEK","og_availability":"out of stock","product_availability":"out of stock","product_retailer_item_id":"1000475","product_condition":"new"},"_links":{"self":[{"href":"https:\/\/babylove.se\/no\/wp-json\/wp\/v2\/product\/17075","targetHints":{"allow":["GET"]}}],"collection":[{"href":"https:\/\/babylove.se\/no\/wp-json\/wp\/v2\/product"}],"about":[{"href":"https:\/\/babylove.se\/no\/wp-json\/wp\/v2\/types\/product"}],"replies":[{"embeddable":true,"href":"https:\/\/babylove.se\/no\/wp-json\/wp\/v2\/comments?post=17075"}],"wp:featuredmedia":[{"embeddable":true,"href":"https:\/\/babylove.se\/no\/wp-json\/wp\/v2\/media\/17077"}],"wp:attachment":[{"href":"https:\/\/babylove.se\/no\/wp-json\/wp\/v2\/media?parent=17075"}],"wp:term":[{"taxonomy":"product_brand","embeddable":true,"href":"https:\/\/babylove.se\/no\/wp-json\/wp\/v2\/product_brand?post=17075"},{"taxonomy":"product_cat","embeddable":true,"href":"https:\/\/babylove.se\/no\/wp-json\/wp\/v2\/product_cat?post=17075"},{"taxonomy":"product_tag","embeddable":true,"href":"https:\/\/babylove.se\/no\/wp-json\/wp\/v2\/product_tag?post=17075"}],"curies":[{"name":"wp","href":"https:\/\/api.w.org\/{rel}","templated":true}]}}