{"id":17086,"date":"2025-07-18T22:06:30","date_gmt":"2025-07-18T21:06:30","guid":{"rendered":"https:\/\/babylove.se\/produkt\/hangstol\/"},"modified":"2026-04-08T09:11:17","modified_gmt":"2026-04-08T08:11:17","slug":"hengestol","status":"publish","type":"product","link":"https:\/\/babylove.se\/no\/produkt\/hengestol\/","title":{"rendered":"Huske, Hengestol til barnerommet"},"content":{"rendered":"<p>En riktig dr\u00f8m til barnerommet, denne fine og koselige hengestolen som fungerer for b\u00e5de barn og voksne. Like popul\u00e6r innend\u00f8rs som utend\u00f8rs, og vi garanterer at dette blir et av hjemmets favorittplasser. Hvem vil ikke sitte i en slik hengestol og lese en bok eller hvorfor ikke bare \u00e5 chille litt.&nbsp;<\/p>\n<p>Dessuten f\u00f8lger det med to passende puter p\u00e5 50 x 50 cm n\u00e5r du bestiller hengestolen.<\/p>\n<p>For \u00e5 feste stolen trenger du en skikkelig krok i taket eller en kabinhake, s\u00f8rg for at du har noe skikkelig \u00e5 feste den i da, s\u00e5 den holder ordentlig.&nbsp;<\/p>\n<p>M\u00e5l:<\/p>\n<ul>\n<li>H\u00f8yde- 140 cm<\/li>\n<li>Setet- 130 cm x 100 cm &nbsp;<\/li>\n<li>Trepinne- 100 cm<\/li>\n<li>Puter &#8211; 50 cm x 50 cm<\/li>\n<li>Maks vekt &#8211; 100 kg<\/li>\n<\/ul>\n<p>Materiale: Canvas<\/p>\n","protected":false},"excerpt":{"rendered":"<p>En riktig dr\u00f8m til barnerommet, denne fine og koselige hengestolen som fungerer for b\u00e5de barn og voksne. Like popul\u00e6r innend\u00f8rs som utend\u00f8rs, og vi garanterer at dette blir et av hjemmets favorittplasser. Hvem vil ikke sitte i en slik hengestol og lese en bok eller hvorfor ikke bare \u00e5 chille litt.&nbsp; Dessuten f\u00f8lger det med [&hellip;]<\/p>\n","protected":false},"featured_media":17088,"comment_status":"closed","ping_status":"open","template":"","meta":{"_acf_changed":false},"product_brand":[739],"product_cat":[153],"product_tag":[],"class_list":{"0":"post-17086","1":"product","2":"type-product","3":"status-publish","4":"has-post-thumbnail","6":"product_brand-dekostar","7":"product_cat-gungor","9":"first","10":"outofstock","11":"taxable","12":"shipping-taxable","13":"purchasable","14":"product-type-simple"},"acf":[],"yoast_head":"<!-- This site is optimized with the Yoast SEO Premium plugin v25.8 (Yoast SEO v27.2) - https:\/\/yoast.com\/product\/yoast-seo-premium-wordpress\/ -->\n<title>Huske, Hengestol til barnerommet - Babylove Norska<\/title>\n<meta name=\"robots\" content=\"noindex, follow, max-snippet:-1, max-image-preview:large, max-video-preview:-1\" \/>\n<meta property=\"og:locale\" content=\"nb_NO\" \/>\n<meta property=\"og:type\" content=\"article\" \/>\n<meta property=\"og:title\" content=\"Huske, Hengestol til barnerommet\" \/>\n<meta property=\"og:description\" content=\"En riktig dr\u00f8m til barnerommet, denne fine og koselige hengestolen som fungerer for b\u00e5de barn og voksne. Like popul\u00e6r innend\u00f8rs som utend\u00f8rs, og vi garanterer at dette blir et av hjemmets favorittplasser. Hvem vil ikke sitte i en slik hengestol og lese en bok eller hvorfor ikke bare \u00e5 chille litt.&nbsp; Dessuten f\u00f8lger det med [&hellip;]\" \/>\n<meta property=\"og:url\" content=\"https:\/\/babylove.se\/no\/produkt\/hengestol\/\" \/>\n<meta property=\"og:site_name\" content=\"Babylove Norska\" \/>\n<meta property=\"article:modified_time\" content=\"2026-04-08T08:11:17+00:00\" \/>\n<meta property=\"og:image\" content=\"https:\/\/babylove.se\/no\/wp-content\/uploads\/sites\/3\/2025\/07\/5e429243615b5.jpeg\" \/>\n\t<meta property=\"og:image:width\" content=\"750\" \/>\n\t<meta property=\"og:image:height\" content=\"629\" \/>\n\t<meta property=\"og:image:type\" content=\"image\/jpeg\" \/>\n<meta name=\"twitter:card\" content=\"summary_large_image\" \/>\n<meta name=\"twitter:label1\" content=\"Price\" \/>\n\t<meta name=\"twitter:data1\" content=\"499,00&nbsp;&#107;&#114;\" \/>\n\t<meta name=\"twitter:label2\" content=\"Availability\" \/>\n\t<meta name=\"twitter:data2\" content=\"Out of stock\" \/>\n<script type=\"application\/ld+json\" class=\"yoast-schema-graph\">{\"@context\":\"https:\/\/schema.org\",\"@graph\":[{\"@type\":\"WebPage\",\"@id\":\"https:\/\/babylove.se\/no\/produkt\/hengestol\/\",\"url\":\"https:\/\/babylove.se\/no\/produkt\/hengestol\/\",\"name\":\"Huske, Hengestol til barnerommet - Babylove Norska\",\"isPartOf\":{\"@id\":\"https:\/\/babylove.se\/no\/#website\"},\"primaryImageOfPage\":{\"@id\":\"https:\/\/babylove.se\/no\/produkt\/hengestol\/#primaryimage\"},\"image\":{\"@id\":\"https:\/\/babylove.se\/no\/produkt\/hengestol\/#primaryimage\"},\"thumbnailUrl\":\"https:\/\/babylove.se\/no\/wp-content\/uploads\/sites\/3\/2025\/07\/5e429243615b5.jpeg\",\"datePublished\":\"2025-07-18T21:06:30+00:00\",\"dateModified\":\"2026-04-08T08:11:17+00:00\",\"breadcrumb\":{\"@id\":\"https:\/\/babylove.se\/no\/produkt\/hengestol\/#breadcrumb\"},\"inLanguage\":\"nb-NO\",\"potentialAction\":[{\"@type\":\"ReadAction\",\"target\":[\"https:\/\/babylove.se\/no\/produkt\/hengestol\/\"]}]},{\"@type\":\"ImageObject\",\"inLanguage\":\"nb-NO\",\"@id\":\"https:\/\/babylove.se\/no\/produkt\/hengestol\/#primaryimage\",\"url\":\"https:\/\/babylove.se\/no\/wp-content\/uploads\/sites\/3\/2025\/07\/5e429243615b5.jpeg\",\"contentUrl\":\"https:\/\/babylove.se\/no\/wp-content\/uploads\/sites\/3\/2025\/07\/5e429243615b5.jpeg\",\"width\":750,\"height\":629},{\"@type\":\"BreadcrumbList\",\"@id\":\"https:\/\/babylove.se\/no\/produkt\/hengestol\/#breadcrumb\",\"itemListElement\":[{\"@type\":\"ListItem\",\"position\":1,\"name\":\"Hem\",\"item\":\"https:\/\/babylove.se\/no\/\"},{\"@type\":\"ListItem\",\"position\":2,\"name\":\"Butik\",\"item\":\"https:\/\/babylove.se\/no\/butik\/\"},{\"@type\":\"ListItem\",\"position\":3,\"name\":\"Huske, Hengestol til barnerommet\"}]},{\"@type\":\"WebSite\",\"@id\":\"https:\/\/babylove.se\/no\/#website\",\"url\":\"https:\/\/babylove.se\/no\/\",\"name\":\"Babylove Norska\",\"description\":\"\",\"potentialAction\":[{\"@type\":\"SearchAction\",\"target\":{\"@type\":\"EntryPoint\",\"urlTemplate\":\"https:\/\/babylove.se\/no\/?s={search_term_string}\"},\"query-input\":{\"@type\":\"PropertyValueSpecification\",\"valueRequired\":true,\"valueName\":\"search_term_string\"}}],\"inLanguage\":\"nb-NO\"}]}<\/script>\n<meta property=\"product:brand\" content=\"Dekostar\" \/>\n<meta property=\"product:price:amount\" content=\"499.00\" \/>\n<meta property=\"product:price:currency\" content=\"SEK\" \/>\n<meta property=\"og:availability\" content=\"out of stock\" \/>\n<meta property=\"product:availability\" content=\"out of stock\" \/>\n<meta property=\"product:retailer_item_id\" content=\"3005\" \/>\n<meta property=\"product:condition\" content=\"new\" \/>\n<!-- \/ Yoast SEO Premium plugin. -->","yoast_head_json":{"title":"Huske, Hengestol til barnerommet - Babylove Norska","robots":{"index":"noindex","follow":"follow","max-snippet":"max-snippet:-1","max-image-preview":"max-image-preview:large","max-video-preview":"max-video-preview:-1"},"og_locale":"nb_NO","og_type":"article","og_title":"Huske, Hengestol til barnerommet","og_description":"En riktig dr\u00f8m til barnerommet, denne fine og koselige hengestolen som fungerer for b\u00e5de barn og voksne. Like popul\u00e6r innend\u00f8rs som utend\u00f8rs, og vi garanterer at dette blir et av hjemmets favorittplasser. Hvem vil ikke sitte i en slik hengestol og lese en bok eller hvorfor ikke bare \u00e5 chille litt.&nbsp; Dessuten f\u00f8lger det med [&hellip;]","og_url":"https:\/\/babylove.se\/no\/produkt\/hengestol\/","og_site_name":"Babylove Norska","article_modified_time":"2026-04-08T08:11:17+00:00","og_image":[{"width":750,"height":629,"url":"https:\/\/babylove.se\/no\/wp-content\/uploads\/sites\/3\/2025\/07\/5e429243615b5.jpeg","type":"image\/jpeg"}],"twitter_card":"summary_large_image","twitter_misc":{"Price":"499,00&nbsp;&#107;&#114;","Availability":"Out of stock"},"schema":{"@context":"https:\/\/schema.org","@graph":[{"@type":"WebPage","@id":"https:\/\/babylove.se\/no\/produkt\/hengestol\/","url":"https:\/\/babylove.se\/no\/produkt\/hengestol\/","name":"Huske, Hengestol til barnerommet - Babylove Norska","isPartOf":{"@id":"https:\/\/babylove.se\/no\/#website"},"primaryImageOfPage":{"@id":"https:\/\/babylove.se\/no\/produkt\/hengestol\/#primaryimage"},"image":{"@id":"https:\/\/babylove.se\/no\/produkt\/hengestol\/#primaryimage"},"thumbnailUrl":"https:\/\/babylove.se\/no\/wp-content\/uploads\/sites\/3\/2025\/07\/5e429243615b5.jpeg","datePublished":"2025-07-18T21:06:30+00:00","dateModified":"2026-04-08T08:11:17+00:00","breadcrumb":{"@id":"https:\/\/babylove.se\/no\/produkt\/hengestol\/#breadcrumb"},"inLanguage":"nb-NO","potentialAction":[{"@type":"ReadAction","target":["https:\/\/babylove.se\/no\/produkt\/hengestol\/"]}]},{"@type":"ImageObject","inLanguage":"nb-NO","@id":"https:\/\/babylove.se\/no\/produkt\/hengestol\/#primaryimage","url":"https:\/\/babylove.se\/no\/wp-content\/uploads\/sites\/3\/2025\/07\/5e429243615b5.jpeg","contentUrl":"https:\/\/babylove.se\/no\/wp-content\/uploads\/sites\/3\/2025\/07\/5e429243615b5.jpeg","width":750,"height":629},{"@type":"BreadcrumbList","@id":"https:\/\/babylove.se\/no\/produkt\/hengestol\/#breadcrumb","itemListElement":[{"@type":"ListItem","position":1,"name":"Hem","item":"https:\/\/babylove.se\/no\/"},{"@type":"ListItem","position":2,"name":"Butik","item":"https:\/\/babylove.se\/no\/butik\/"},{"@type":"ListItem","position":3,"name":"Huske, Hengestol til barnerommet"}]},{"@type":"WebSite","@id":"https:\/\/babylove.se\/no\/#website","url":"https:\/\/babylove.se\/no\/","name":"Babylove Norska","description":"","potentialAction":[{"@type":"SearchAction","target":{"@type":"EntryPoint","urlTemplate":"https:\/\/babylove.se\/no\/?s={search_term_string}"},"query-input":{"@type":"PropertyValueSpecification","valueRequired":true,"valueName":"search_term_string"}}],"inLanguage":"nb-NO"}]},"product_brand":"Dekostar","product_price_amount":"499.00","product_price_currency":"SEK","og_availability":"out of stock","product_availability":"out of stock","product_retailer_item_id":"3005","product_condition":"new"},"_links":{"self":[{"href":"https:\/\/babylove.se\/no\/wp-json\/wp\/v2\/product\/17086","targetHints":{"allow":["GET"]}}],"collection":[{"href":"https:\/\/babylove.se\/no\/wp-json\/wp\/v2\/product"}],"about":[{"href":"https:\/\/babylove.se\/no\/wp-json\/wp\/v2\/types\/product"}],"replies":[{"embeddable":true,"href":"https:\/\/babylove.se\/no\/wp-json\/wp\/v2\/comments?post=17086"}],"wp:featuredmedia":[{"embeddable":true,"href":"https:\/\/babylove.se\/no\/wp-json\/wp\/v2\/media\/17088"}],"wp:attachment":[{"href":"https:\/\/babylove.se\/no\/wp-json\/wp\/v2\/media?parent=17086"}],"wp:term":[{"taxonomy":"product_brand","embeddable":true,"href":"https:\/\/babylove.se\/no\/wp-json\/wp\/v2\/product_brand?post=17086"},{"taxonomy":"product_cat","embeddable":true,"href":"https:\/\/babylove.se\/no\/wp-json\/wp\/v2\/product_cat?post=17086"},{"taxonomy":"product_tag","embeddable":true,"href":"https:\/\/babylove.se\/no\/wp-json\/wp\/v2\/product_tag?post=17086"}],"curies":[{"name":"wp","href":"https:\/\/api.w.org\/{rel}","templated":true}]}}