{"id":1710,"date":"2025-07-18T20:03:37","date_gmt":"2025-07-18T19:03:37","guid":{"rendered":"https:\/\/babylove.se\/produkt\/svart-bokhylla-till-barnrummet\/"},"modified":"2026-04-08T07:44:10","modified_gmt":"2026-04-08T06:44:10","slug":"svart-bokhylle-til-barnerommet","status":"publish","type":"product","link":"https:\/\/babylove.se\/no\/produkt\/svart-bokhylle-til-barnerommet\/","title":{"rendered":"Bokhylle i metall til barnerommet, svart"},"content":{"rendered":"<p>V\u00e5r hylle &#8220;uppochned&#8221; er den ideelle hyllen i <strong>barnerommet&nbsp;<\/strong>(eller i et helt annet rom). Denne <strong>hyllen&nbsp;<\/strong>kan henges p\u00e5 to forskjellige m\u00e5ter, avhengig av hvordan du vil at den skal sitte. En 4 cm h\u00f8y kant s\u00f8rger for at alle b\u00f8ker eller sm\u00e5ting blir st\u00e5ende p\u00e5 rett sted. Hvis du s\u00e5 ombestemmer deg, kan du ganske enkelt snu hyllen opp ned. Uten \u00e5 bore, lime eller skape rot. Like enkel og praktisk &nbsp;som pen.&nbsp;<\/p>\n<p><strong>M\u00e5l<\/strong>: Lengde 54 cm, dybde 13 cm og h\u00f8yde 4 cm.<\/p>\n<p>Hyllen finnes i svart farge og er helt laget i st\u00e5l.<\/p>\n","protected":false},"excerpt":{"rendered":"<p>V\u00e5r hylle &#8220;uppochned&#8221; er den ideelle hyllen i barnerommet&nbsp;(eller i et helt annet rom). Denne hyllen&nbsp;kan henges p\u00e5 to forskjellige m\u00e5ter, avhengig av hvordan du vil at den skal sitte. En 4 cm h\u00f8y kant s\u00f8rger for at alle b\u00f8ker eller sm\u00e5ting blir st\u00e5ende p\u00e5 rett sted. Hvis du s\u00e5 ombestemmer deg, kan du ganske [&hellip;]<\/p>\n","protected":false},"featured_media":1712,"comment_status":"closed","ping_status":"open","template":"","meta":{"_acf_changed":false},"product_brand":[97],"product_cat":[87,43],"product_tag":[],"class_list":{"0":"post-1710","1":"product","2":"type-product","3":"status-publish","4":"has-post-thumbnail","6":"product_brand-metallove","7":"product_cat-hyller","8":"product_cat-oppbevaringskurver","10":"first","11":"instock","12":"taxable","13":"shipping-taxable","14":"purchasable","15":"product-type-simple"},"acf":[],"yoast_head":"<!-- This site is optimized with the Yoast SEO Premium plugin v25.8 (Yoast SEO v27.2) - https:\/\/yoast.com\/product\/yoast-seo-premium-wordpress\/ -->\n<title>Bokhylle i metall til barnerommet, svart - Babylove Norska<\/title>\n<meta name=\"description\" content=\"Idealiska hyllan i barnrummet . Denna hylla kan h\u00e4ngas p\u00e5 tv\u00e5 olika s\u00e4tt, beroende p\u00e5 hur du vill att den ska sitta -Skickas inom 24h - 14 dagars \u00f6ppet k\u00f6p\" \/>\n<meta name=\"robots\" content=\"noindex, follow, max-snippet:-1, max-image-preview:large, max-video-preview:-1\" \/>\n<meta property=\"og:locale\" content=\"nb_NO\" \/>\n<meta property=\"og:type\" content=\"article\" \/>\n<meta property=\"og:title\" content=\"Bokhylle i metall til barnerommet, svart\" \/>\n<meta property=\"og:description\" content=\"Idealiska hyllan i barnrummet . Denna hylla kan h\u00e4ngas p\u00e5 tv\u00e5 olika s\u00e4tt, beroende p\u00e5 hur du vill att den ska sitta -Skickas inom 24h - 14 dagars \u00f6ppet k\u00f6p\" \/>\n<meta property=\"og:url\" content=\"https:\/\/babylove.se\/no\/produkt\/svart-bokhylle-til-barnerommet\/\" \/>\n<meta property=\"og:site_name\" content=\"Babylove Norska\" \/>\n<meta property=\"article:modified_time\" content=\"2026-04-08T06:44:10+00:00\" \/>\n<meta property=\"og:image\" content=\"https:\/\/babylove.se\/no\/wp-content\/uploads\/sites\/3\/2025\/07\/5d6f63cff1bac.jpeg\" \/>\n\t<meta property=\"og:image:width\" content=\"750\" \/>\n\t<meta property=\"og:image:height\" content=\"750\" \/>\n\t<meta property=\"og:image:type\" content=\"image\/jpeg\" \/>\n<meta name=\"twitter:card\" content=\"summary_large_image\" \/>\n<meta name=\"twitter:label1\" content=\"Price\" \/>\n\t<meta name=\"twitter:data1\" content=\"399,00&nbsp;&#107;&#114;\" \/>\n\t<meta name=\"twitter:label2\" content=\"Availability\" \/>\n\t<meta name=\"twitter:data2\" content=\"In stock\" \/>\n<script type=\"application\/ld+json\" class=\"yoast-schema-graph\">{\"@context\":\"https:\/\/schema.org\",\"@graph\":[{\"@type\":\"WebPage\",\"@id\":\"https:\/\/babylove.se\/no\/produkt\/svart-bokhylle-til-barnerommet\/\",\"url\":\"https:\/\/babylove.se\/no\/produkt\/svart-bokhylle-til-barnerommet\/\",\"name\":\"Bokhylle i metall til barnerommet, svart - Babylove Norska\",\"isPartOf\":{\"@id\":\"https:\/\/babylove.se\/no\/#website\"},\"primaryImageOfPage\":{\"@id\":\"https:\/\/babylove.se\/no\/produkt\/svart-bokhylle-til-barnerommet\/#primaryimage\"},\"image\":{\"@id\":\"https:\/\/babylove.se\/no\/produkt\/svart-bokhylle-til-barnerommet\/#primaryimage\"},\"thumbnailUrl\":\"https:\/\/babylove.se\/no\/wp-content\/uploads\/sites\/3\/2025\/07\/5d6f63cff1bac.jpeg\",\"datePublished\":\"2025-07-18T19:03:37+00:00\",\"dateModified\":\"2026-04-08T06:44:10+00:00\",\"description\":\"Idealiska hyllan i barnrummet . Denna hylla kan h\u00e4ngas p\u00e5 tv\u00e5 olika s\u00e4tt, beroende p\u00e5 hur du vill att den ska sitta -Skickas inom 24h - 14 dagars \u00f6ppet k\u00f6p\",\"breadcrumb\":{\"@id\":\"https:\/\/babylove.se\/no\/produkt\/svart-bokhylle-til-barnerommet\/#breadcrumb\"},\"inLanguage\":\"nb-NO\",\"potentialAction\":[{\"@type\":\"ReadAction\",\"target\":[\"https:\/\/babylove.se\/no\/produkt\/svart-bokhylle-til-barnerommet\/\"]}]},{\"@type\":\"ImageObject\",\"inLanguage\":\"nb-NO\",\"@id\":\"https:\/\/babylove.se\/no\/produkt\/svart-bokhylle-til-barnerommet\/#primaryimage\",\"url\":\"https:\/\/babylove.se\/no\/wp-content\/uploads\/sites\/3\/2025\/07\/5d6f63cff1bac.jpeg\",\"contentUrl\":\"https:\/\/babylove.se\/no\/wp-content\/uploads\/sites\/3\/2025\/07\/5d6f63cff1bac.jpeg\",\"width\":750,\"height\":750},{\"@type\":\"BreadcrumbList\",\"@id\":\"https:\/\/babylove.se\/no\/produkt\/svart-bokhylle-til-barnerommet\/#breadcrumb\",\"itemListElement\":[{\"@type\":\"ListItem\",\"position\":1,\"name\":\"Hem\",\"item\":\"https:\/\/babylove.se\/no\/\"},{\"@type\":\"ListItem\",\"position\":2,\"name\":\"Butik\",\"item\":\"https:\/\/babylove.se\/no\/butik\/\"},{\"@type\":\"ListItem\",\"position\":3,\"name\":\"Bokhylle i metall til barnerommet, svart\"}]},{\"@type\":\"WebSite\",\"@id\":\"https:\/\/babylove.se\/no\/#website\",\"url\":\"https:\/\/babylove.se\/no\/\",\"name\":\"Babylove Norska\",\"description\":\"\",\"potentialAction\":[{\"@type\":\"SearchAction\",\"target\":{\"@type\":\"EntryPoint\",\"urlTemplate\":\"https:\/\/babylove.se\/no\/?s={search_term_string}\"},\"query-input\":{\"@type\":\"PropertyValueSpecification\",\"valueRequired\":true,\"valueName\":\"search_term_string\"}}],\"inLanguage\":\"nb-NO\"}]}<\/script>\n<meta property=\"product:brand\" content=\"Metallove\" \/>\n<meta property=\"product:price:amount\" content=\"399.00\" \/>\n<meta property=\"product:price:currency\" content=\"SEK\" \/>\n<meta property=\"og:availability\" content=\"instock\" \/>\n<meta property=\"product:availability\" content=\"instock\" \/>\n<meta property=\"product:retailer_item_id\" content=\"MET00004986\" \/>\n<meta property=\"product:condition\" content=\"new\" \/>\n<!-- \/ Yoast SEO Premium plugin. -->","yoast_head_json":{"title":"Bokhylle i metall til barnerommet, svart - Babylove Norska","description":"Idealiska hyllan i barnrummet . Denna hylla kan h\u00e4ngas p\u00e5 tv\u00e5 olika s\u00e4tt, beroende p\u00e5 hur du vill att den ska sitta -Skickas inom 24h - 14 dagars \u00f6ppet k\u00f6p","robots":{"index":"noindex","follow":"follow","max-snippet":"max-snippet:-1","max-image-preview":"max-image-preview:large","max-video-preview":"max-video-preview:-1"},"og_locale":"nb_NO","og_type":"article","og_title":"Bokhylle i metall til barnerommet, svart","og_description":"Idealiska hyllan i barnrummet . Denna hylla kan h\u00e4ngas p\u00e5 tv\u00e5 olika s\u00e4tt, beroende p\u00e5 hur du vill att den ska sitta -Skickas inom 24h - 14 dagars \u00f6ppet k\u00f6p","og_url":"https:\/\/babylove.se\/no\/produkt\/svart-bokhylle-til-barnerommet\/","og_site_name":"Babylove Norska","article_modified_time":"2026-04-08T06:44:10+00:00","og_image":[{"width":750,"height":750,"url":"https:\/\/babylove.se\/no\/wp-content\/uploads\/sites\/3\/2025\/07\/5d6f63cff1bac.jpeg","type":"image\/jpeg"}],"twitter_card":"summary_large_image","twitter_misc":{"Price":"399,00&nbsp;&#107;&#114;","Availability":"In stock"},"schema":{"@context":"https:\/\/schema.org","@graph":[{"@type":"WebPage","@id":"https:\/\/babylove.se\/no\/produkt\/svart-bokhylle-til-barnerommet\/","url":"https:\/\/babylove.se\/no\/produkt\/svart-bokhylle-til-barnerommet\/","name":"Bokhylle i metall til barnerommet, svart - Babylove Norska","isPartOf":{"@id":"https:\/\/babylove.se\/no\/#website"},"primaryImageOfPage":{"@id":"https:\/\/babylove.se\/no\/produkt\/svart-bokhylle-til-barnerommet\/#primaryimage"},"image":{"@id":"https:\/\/babylove.se\/no\/produkt\/svart-bokhylle-til-barnerommet\/#primaryimage"},"thumbnailUrl":"https:\/\/babylove.se\/no\/wp-content\/uploads\/sites\/3\/2025\/07\/5d6f63cff1bac.jpeg","datePublished":"2025-07-18T19:03:37+00:00","dateModified":"2026-04-08T06:44:10+00:00","description":"Idealiska hyllan i barnrummet . Denna hylla kan h\u00e4ngas p\u00e5 tv\u00e5 olika s\u00e4tt, beroende p\u00e5 hur du vill att den ska sitta -Skickas inom 24h - 14 dagars \u00f6ppet k\u00f6p","breadcrumb":{"@id":"https:\/\/babylove.se\/no\/produkt\/svart-bokhylle-til-barnerommet\/#breadcrumb"},"inLanguage":"nb-NO","potentialAction":[{"@type":"ReadAction","target":["https:\/\/babylove.se\/no\/produkt\/svart-bokhylle-til-barnerommet\/"]}]},{"@type":"ImageObject","inLanguage":"nb-NO","@id":"https:\/\/babylove.se\/no\/produkt\/svart-bokhylle-til-barnerommet\/#primaryimage","url":"https:\/\/babylove.se\/no\/wp-content\/uploads\/sites\/3\/2025\/07\/5d6f63cff1bac.jpeg","contentUrl":"https:\/\/babylove.se\/no\/wp-content\/uploads\/sites\/3\/2025\/07\/5d6f63cff1bac.jpeg","width":750,"height":750},{"@type":"BreadcrumbList","@id":"https:\/\/babylove.se\/no\/produkt\/svart-bokhylle-til-barnerommet\/#breadcrumb","itemListElement":[{"@type":"ListItem","position":1,"name":"Hem","item":"https:\/\/babylove.se\/no\/"},{"@type":"ListItem","position":2,"name":"Butik","item":"https:\/\/babylove.se\/no\/butik\/"},{"@type":"ListItem","position":3,"name":"Bokhylle i metall til barnerommet, svart"}]},{"@type":"WebSite","@id":"https:\/\/babylove.se\/no\/#website","url":"https:\/\/babylove.se\/no\/","name":"Babylove Norska","description":"","potentialAction":[{"@type":"SearchAction","target":{"@type":"EntryPoint","urlTemplate":"https:\/\/babylove.se\/no\/?s={search_term_string}"},"query-input":{"@type":"PropertyValueSpecification","valueRequired":true,"valueName":"search_term_string"}}],"inLanguage":"nb-NO"}]},"product_brand":"Metallove","product_price_amount":"399.00","product_price_currency":"SEK","og_availability":"instock","product_availability":"instock","product_retailer_item_id":"MET00004986","product_condition":"new"},"_links":{"self":[{"href":"https:\/\/babylove.se\/no\/wp-json\/wp\/v2\/product\/1710","targetHints":{"allow":["GET"]}}],"collection":[{"href":"https:\/\/babylove.se\/no\/wp-json\/wp\/v2\/product"}],"about":[{"href":"https:\/\/babylove.se\/no\/wp-json\/wp\/v2\/types\/product"}],"replies":[{"embeddable":true,"href":"https:\/\/babylove.se\/no\/wp-json\/wp\/v2\/comments?post=1710"}],"wp:featuredmedia":[{"embeddable":true,"href":"https:\/\/babylove.se\/no\/wp-json\/wp\/v2\/media\/1712"}],"wp:attachment":[{"href":"https:\/\/babylove.se\/no\/wp-json\/wp\/v2\/media?parent=1710"}],"wp:term":[{"taxonomy":"product_brand","embeddable":true,"href":"https:\/\/babylove.se\/no\/wp-json\/wp\/v2\/product_brand?post=1710"},{"taxonomy":"product_cat","embeddable":true,"href":"https:\/\/babylove.se\/no\/wp-json\/wp\/v2\/product_cat?post=1710"},{"taxonomy":"product_tag","embeddable":true,"href":"https:\/\/babylove.se\/no\/wp-json\/wp\/v2\/product_tag?post=1710"}],"curies":[{"name":"wp","href":"https:\/\/api.w.org\/{rel}","templated":true}]}}