{"id":17201,"date":"2025-07-18T22:07:43","date_gmt":"2025-07-18T21:07:43","guid":{"rendered":"https:\/\/babylove.se\/produkt\/dekornik-hylla-brandbil\/"},"modified":"2026-04-08T09:12:07","modified_gmt":"2026-04-08T08:12:07","slug":"dekornik-hylle-brannbil","status":"publish","type":"product","link":"https:\/\/babylove.se\/no\/produkt\/dekornik-hylle-brannbil\/","title":{"rendered":"Dekornik, hylle brannbil"},"content":{"rendered":"<p>En superfin og s\u00f8t hylle laget av utvalgt kryssfiner og med formen av en fin brannbil. Produsert av det hos oss meget popul\u00e6re selskapet Dekornik.<\/p>\n<p>Denne hyllen til barnerommet passer b\u00e5de ved skrivebordet og ved sengen eller ved siden av et garderobskap. P\u00e5 undersiden av hyllen sitter tre praktiske hengere, slik at barnet ditt kan henge opp sine favorittkl\u00e6r eller skolesekken sin.&nbsp;<\/p>\n<p>Selve brannbilen er et klistremerke av h\u00f8yeste kvalitet.<\/p>\n<p>M\u00e5l:&nbsp;<\/p>\n<ul>\n<li>&nbsp;32 cm x 32 cm<\/li>\n<li>Tykkelse &nbsp;1 cm<\/li>\n<li>Vekt: cirka 1 kg&nbsp;<\/li>\n<\/ul>\n<p>Materiale:Kryssfiner<\/p>\n<p>Hyllen monteres med skruer som ikke er synlige n\u00e5r hyllen er oppe.<\/p>\n<p>Designer: <a href=\"https:\/\/babylove.se\/varumarken\/dekornik\">Dekornik<\/a><\/p>\n","protected":false},"excerpt":{"rendered":"<p>En superfin og s\u00f8t hylle laget av utvalgt kryssfiner og med formen av en fin brannbil. Produsert av det hos oss meget popul\u00e6re selskapet Dekornik. Denne hyllen til barnerommet passer b\u00e5de ved skrivebordet og ved sengen eller ved siden av et garderobskap. P\u00e5 undersiden av hyllen sitter tre praktiske hengere, slik at barnet ditt kan [&hellip;]<\/p>\n","protected":false},"featured_media":17203,"comment_status":"closed","ping_status":"open","template":"","meta":{"_acf_changed":false},"product_brand":[190],"product_cat":[191,87,43],"product_tag":[1689],"class_list":{"0":"post-17201","1":"product","2":"type-product","3":"status-publish","4":"has-post-thumbnail","6":"product_brand-dekornik","7":"product_cat-dekornik","8":"product_cat-hyller","9":"product_cat-oppbevaringskurver","10":"product_tag-bestillingsvaror","12":"first","13":"instock","14":"taxable","15":"shipping-taxable","16":"purchasable","17":"product-type-simple"},"acf":[],"yoast_head":"<!-- This site is optimized with the Yoast SEO Premium plugin v25.8 (Yoast SEO v27.2) - https:\/\/yoast.com\/product\/yoast-seo-premium-wordpress\/ -->\n<title>Dekornik, hylle brannbil - Babylove Norska<\/title>\n<meta name=\"robots\" content=\"noindex, follow, max-snippet:-1, max-image-preview:large, max-video-preview:-1\" \/>\n<meta property=\"og:locale\" content=\"nb_NO\" \/>\n<meta property=\"og:type\" content=\"article\" \/>\n<meta property=\"og:title\" content=\"Dekornik, hylle brannbil\" \/>\n<meta property=\"og:description\" content=\"En superfin og s\u00f8t hylle laget av utvalgt kryssfiner og med formen av en fin brannbil. Produsert av det hos oss meget popul\u00e6re selskapet Dekornik. Denne hyllen til barnerommet passer b\u00e5de ved skrivebordet og ved sengen eller ved siden av et garderobskap. P\u00e5 undersiden av hyllen sitter tre praktiske hengere, slik at barnet ditt kan [&hellip;]\" \/>\n<meta property=\"og:url\" content=\"https:\/\/babylove.se\/no\/produkt\/dekornik-hylle-brannbil\/\" \/>\n<meta property=\"og:site_name\" content=\"Babylove Norska\" \/>\n<meta property=\"article:modified_time\" content=\"2026-04-08T08:12:07+00:00\" \/>\n<meta property=\"og:image\" content=\"https:\/\/babylove.se\/no\/wp-content\/uploads\/sites\/3\/2025\/07\/5e4af1f94457b.jpeg\" \/>\n\t<meta property=\"og:image:width\" content=\"750\" \/>\n\t<meta property=\"og:image:height\" content=\"750\" \/>\n\t<meta property=\"og:image:type\" content=\"image\/jpeg\" \/>\n<meta name=\"twitter:card\" content=\"summary_large_image\" \/>\n<meta name=\"twitter:label1\" content=\"Price\" \/>\n\t<meta name=\"twitter:data1\" content=\"599,00&nbsp;&#107;&#114;\" \/>\n\t<meta name=\"twitter:label2\" content=\"Availability\" \/>\n\t<meta name=\"twitter:data2\" content=\"In stock\" \/>\n<script type=\"application\/ld+json\" class=\"yoast-schema-graph\">{\"@context\":\"https:\/\/schema.org\",\"@graph\":[{\"@type\":\"WebPage\",\"@id\":\"https:\/\/babylove.se\/no\/produkt\/dekornik-hylle-brannbil\/\",\"url\":\"https:\/\/babylove.se\/no\/produkt\/dekornik-hylle-brannbil\/\",\"name\":\"Dekornik, hylle brannbil - Babylove Norska\",\"isPartOf\":{\"@id\":\"https:\/\/babylove.se\/no\/#website\"},\"primaryImageOfPage\":{\"@id\":\"https:\/\/babylove.se\/no\/produkt\/dekornik-hylle-brannbil\/#primaryimage\"},\"image\":{\"@id\":\"https:\/\/babylove.se\/no\/produkt\/dekornik-hylle-brannbil\/#primaryimage\"},\"thumbnailUrl\":\"https:\/\/babylove.se\/no\/wp-content\/uploads\/sites\/3\/2025\/07\/5e4af1f94457b.jpeg\",\"datePublished\":\"2025-07-18T21:07:43+00:00\",\"dateModified\":\"2026-04-08T08:12:07+00:00\",\"breadcrumb\":{\"@id\":\"https:\/\/babylove.se\/no\/produkt\/dekornik-hylle-brannbil\/#breadcrumb\"},\"inLanguage\":\"nb-NO\",\"potentialAction\":[{\"@type\":\"ReadAction\",\"target\":[\"https:\/\/babylove.se\/no\/produkt\/dekornik-hylle-brannbil\/\"]}]},{\"@type\":\"ImageObject\",\"inLanguage\":\"nb-NO\",\"@id\":\"https:\/\/babylove.se\/no\/produkt\/dekornik-hylle-brannbil\/#primaryimage\",\"url\":\"https:\/\/babylove.se\/no\/wp-content\/uploads\/sites\/3\/2025\/07\/5e4af1f94457b.jpeg\",\"contentUrl\":\"https:\/\/babylove.se\/no\/wp-content\/uploads\/sites\/3\/2025\/07\/5e4af1f94457b.jpeg\",\"width\":750,\"height\":750},{\"@type\":\"BreadcrumbList\",\"@id\":\"https:\/\/babylove.se\/no\/produkt\/dekornik-hylle-brannbil\/#breadcrumb\",\"itemListElement\":[{\"@type\":\"ListItem\",\"position\":1,\"name\":\"Hem\",\"item\":\"https:\/\/babylove.se\/no\/\"},{\"@type\":\"ListItem\",\"position\":2,\"name\":\"Butik\",\"item\":\"https:\/\/babylove.se\/no\/butik\/\"},{\"@type\":\"ListItem\",\"position\":3,\"name\":\"Dekornik, hylle brannbil\"}]},{\"@type\":\"WebSite\",\"@id\":\"https:\/\/babylove.se\/no\/#website\",\"url\":\"https:\/\/babylove.se\/no\/\",\"name\":\"Babylove Norska\",\"description\":\"\",\"potentialAction\":[{\"@type\":\"SearchAction\",\"target\":{\"@type\":\"EntryPoint\",\"urlTemplate\":\"https:\/\/babylove.se\/no\/?s={search_term_string}\"},\"query-input\":{\"@type\":\"PropertyValueSpecification\",\"valueRequired\":true,\"valueName\":\"search_term_string\"}}],\"inLanguage\":\"nb-NO\"}]}<\/script>\n<meta property=\"product:brand\" content=\"Dekornik\" \/>\n<meta property=\"product:price:amount\" content=\"599.00\" \/>\n<meta property=\"product:price:currency\" content=\"SEK\" \/>\n<meta property=\"og:availability\" content=\"instock\" \/>\n<meta property=\"product:availability\" content=\"instock\" \/>\n<meta property=\"product:retailer_item_id\" content=\"DEKO.WOOD.031\" \/>\n<meta property=\"product:condition\" content=\"new\" \/>\n<!-- \/ Yoast SEO Premium plugin. -->","yoast_head_json":{"title":"Dekornik, hylle brannbil - Babylove Norska","robots":{"index":"noindex","follow":"follow","max-snippet":"max-snippet:-1","max-image-preview":"max-image-preview:large","max-video-preview":"max-video-preview:-1"},"og_locale":"nb_NO","og_type":"article","og_title":"Dekornik, hylle brannbil","og_description":"En superfin og s\u00f8t hylle laget av utvalgt kryssfiner og med formen av en fin brannbil. Produsert av det hos oss meget popul\u00e6re selskapet Dekornik. Denne hyllen til barnerommet passer b\u00e5de ved skrivebordet og ved sengen eller ved siden av et garderobskap. P\u00e5 undersiden av hyllen sitter tre praktiske hengere, slik at barnet ditt kan [&hellip;]","og_url":"https:\/\/babylove.se\/no\/produkt\/dekornik-hylle-brannbil\/","og_site_name":"Babylove Norska","article_modified_time":"2026-04-08T08:12:07+00:00","og_image":[{"width":750,"height":750,"url":"https:\/\/babylove.se\/no\/wp-content\/uploads\/sites\/3\/2025\/07\/5e4af1f94457b.jpeg","type":"image\/jpeg"}],"twitter_card":"summary_large_image","twitter_misc":{"Price":"599,00&nbsp;&#107;&#114;","Availability":"In stock"},"schema":{"@context":"https:\/\/schema.org","@graph":[{"@type":"WebPage","@id":"https:\/\/babylove.se\/no\/produkt\/dekornik-hylle-brannbil\/","url":"https:\/\/babylove.se\/no\/produkt\/dekornik-hylle-brannbil\/","name":"Dekornik, hylle brannbil - Babylove Norska","isPartOf":{"@id":"https:\/\/babylove.se\/no\/#website"},"primaryImageOfPage":{"@id":"https:\/\/babylove.se\/no\/produkt\/dekornik-hylle-brannbil\/#primaryimage"},"image":{"@id":"https:\/\/babylove.se\/no\/produkt\/dekornik-hylle-brannbil\/#primaryimage"},"thumbnailUrl":"https:\/\/babylove.se\/no\/wp-content\/uploads\/sites\/3\/2025\/07\/5e4af1f94457b.jpeg","datePublished":"2025-07-18T21:07:43+00:00","dateModified":"2026-04-08T08:12:07+00:00","breadcrumb":{"@id":"https:\/\/babylove.se\/no\/produkt\/dekornik-hylle-brannbil\/#breadcrumb"},"inLanguage":"nb-NO","potentialAction":[{"@type":"ReadAction","target":["https:\/\/babylove.se\/no\/produkt\/dekornik-hylle-brannbil\/"]}]},{"@type":"ImageObject","inLanguage":"nb-NO","@id":"https:\/\/babylove.se\/no\/produkt\/dekornik-hylle-brannbil\/#primaryimage","url":"https:\/\/babylove.se\/no\/wp-content\/uploads\/sites\/3\/2025\/07\/5e4af1f94457b.jpeg","contentUrl":"https:\/\/babylove.se\/no\/wp-content\/uploads\/sites\/3\/2025\/07\/5e4af1f94457b.jpeg","width":750,"height":750},{"@type":"BreadcrumbList","@id":"https:\/\/babylove.se\/no\/produkt\/dekornik-hylle-brannbil\/#breadcrumb","itemListElement":[{"@type":"ListItem","position":1,"name":"Hem","item":"https:\/\/babylove.se\/no\/"},{"@type":"ListItem","position":2,"name":"Butik","item":"https:\/\/babylove.se\/no\/butik\/"},{"@type":"ListItem","position":3,"name":"Dekornik, hylle brannbil"}]},{"@type":"WebSite","@id":"https:\/\/babylove.se\/no\/#website","url":"https:\/\/babylove.se\/no\/","name":"Babylove Norska","description":"","potentialAction":[{"@type":"SearchAction","target":{"@type":"EntryPoint","urlTemplate":"https:\/\/babylove.se\/no\/?s={search_term_string}"},"query-input":{"@type":"PropertyValueSpecification","valueRequired":true,"valueName":"search_term_string"}}],"inLanguage":"nb-NO"}]},"product_brand":"Dekornik","product_price_amount":"599.00","product_price_currency":"SEK","og_availability":"instock","product_availability":"instock","product_retailer_item_id":"DEKO.WOOD.031","product_condition":"new"},"_links":{"self":[{"href":"https:\/\/babylove.se\/no\/wp-json\/wp\/v2\/product\/17201","targetHints":{"allow":["GET"]}}],"collection":[{"href":"https:\/\/babylove.se\/no\/wp-json\/wp\/v2\/product"}],"about":[{"href":"https:\/\/babylove.se\/no\/wp-json\/wp\/v2\/types\/product"}],"replies":[{"embeddable":true,"href":"https:\/\/babylove.se\/no\/wp-json\/wp\/v2\/comments?post=17201"}],"wp:featuredmedia":[{"embeddable":true,"href":"https:\/\/babylove.se\/no\/wp-json\/wp\/v2\/media\/17203"}],"wp:attachment":[{"href":"https:\/\/babylove.se\/no\/wp-json\/wp\/v2\/media?parent=17201"}],"wp:term":[{"taxonomy":"product_brand","embeddable":true,"href":"https:\/\/babylove.se\/no\/wp-json\/wp\/v2\/product_brand?post=17201"},{"taxonomy":"product_cat","embeddable":true,"href":"https:\/\/babylove.se\/no\/wp-json\/wp\/v2\/product_cat?post=17201"},{"taxonomy":"product_tag","embeddable":true,"href":"https:\/\/babylove.se\/no\/wp-json\/wp\/v2\/product_tag?post=17201"}],"curies":[{"name":"wp","href":"https:\/\/api.w.org\/{rel}","templated":true}]}}