{"id":17225,"date":"2025-07-18T22:07:43","date_gmt":"2025-07-18T21:07:43","guid":{"rendered":"https:\/\/babylove.se\/produkt\/dekornik-dockhus-hylla-new-york\/"},"modified":"2026-04-08T09:12:19","modified_gmt":"2026-04-08T08:12:19","slug":"dekornik-dukkehus-hylle-new-york","status":"publish","type":"product","link":"https:\/\/babylove.se\/no\/produkt\/dekornik-dukkehus-hylle-new-york\/","title":{"rendered":"Dekornik, dukkehus hylle New York"},"content":{"rendered":"<p>En superfin og s\u00f8t hylle laget av utvalgt kryssfiner og med formen av et fint hus. Produsert av det hos oss meget popul\u00e6re firmaet Dekornik.<\/p>\n<p>Denne vegghyllen kan fungere som et lite dukkehus hvor man kan ha sm\u00e5 figurer og m\u00f8bler, eller en annerledes oppbevaring for favoritbilen og andre ting.<\/p>\n<p>Hyllen henges enkelt opp p\u00e5 veggen, sett den gjerne p\u00e5 et niv\u00e5 slik at ditt barn kan bruke den og kan leke p\u00e5 den.<\/p>\n<p>Hyllen kommer umontert og med tilh\u00f8rende klistremerker slik at man enkelt kan montere den sammen.<\/p>\n<p>M\u00e5l:&nbsp;<\/p>\n<ul>\n<li>&nbsp;42 &nbsp;cm x 62 &nbsp;cm<\/li>\n<li>Vekt: cirka 1 kg&nbsp;<\/li>\n<\/ul>\n<p>Materiale:Kryssfiner<\/p>\n<p>Hyllen monteres med skruer som ikke er synlige n\u00e5r hyllen er oppe.<\/p>\n<p>Designer: <a href=\"https:\/\/babylove.se\/varumarken\/dekornik\">Dekornik<\/a><\/p>\n","protected":false},"excerpt":{"rendered":"<p>En superfin og s\u00f8t hylle laget av utvalgt kryssfiner og med formen av et fint hus. Produsert av det hos oss meget popul\u00e6re firmaet Dekornik. Denne vegghyllen kan fungere som et lite dukkehus hvor man kan ha sm\u00e5 figurer og m\u00f8bler, eller en annerledes oppbevaring for favoritbilen og andre ting. Hyllen henges enkelt opp p\u00e5 [&hellip;]<\/p>\n","protected":false},"featured_media":17227,"comment_status":"closed","ping_status":"open","template":"","meta":{"_acf_changed":false},"product_brand":[190],"product_cat":[191,89,87,43],"product_tag":[1689],"class_list":{"0":"post-17225","1":"product","2":"type-product","3":"status-publish","4":"has-post-thumbnail","6":"product_brand-dekornik","7":"product_cat-dekornik","8":"product_cat-dukkehus","9":"product_cat-hyller","10":"product_cat-oppbevaringskurver","11":"product_tag-bestillingsvaror","13":"first","14":"instock","15":"taxable","16":"shipping-taxable","17":"purchasable","18":"product-type-simple"},"acf":[],"yoast_head":"<!-- This site is optimized with the Yoast SEO Premium plugin v25.8 (Yoast SEO v27.2) - https:\/\/yoast.com\/product\/yoast-seo-premium-wordpress\/ -->\n<title>Dekornik, dukkehus hylle New York - Babylove Norska<\/title>\n<meta name=\"robots\" content=\"noindex, follow, max-snippet:-1, max-image-preview:large, max-video-preview:-1\" \/>\n<meta property=\"og:locale\" content=\"nb_NO\" \/>\n<meta property=\"og:type\" content=\"article\" \/>\n<meta property=\"og:title\" content=\"Dekornik, dukkehus hylle New York\" \/>\n<meta property=\"og:description\" content=\"En superfin og s\u00f8t hylle laget av utvalgt kryssfiner og med formen av et fint hus. Produsert av det hos oss meget popul\u00e6re firmaet Dekornik. Denne vegghyllen kan fungere som et lite dukkehus hvor man kan ha sm\u00e5 figurer og m\u00f8bler, eller en annerledes oppbevaring for favoritbilen og andre ting. Hyllen henges enkelt opp p\u00e5 [&hellip;]\" \/>\n<meta property=\"og:url\" content=\"https:\/\/babylove.se\/no\/produkt\/dekornik-dukkehus-hylle-new-york\/\" \/>\n<meta property=\"og:site_name\" content=\"Babylove Norska\" \/>\n<meta property=\"article:modified_time\" content=\"2026-04-08T08:12:19+00:00\" \/>\n<meta property=\"og:image\" content=\"https:\/\/babylove.se\/no\/wp-content\/uploads\/sites\/3\/2025\/07\/5e4af35547305.jpeg\" \/>\n\t<meta property=\"og:image:width\" content=\"750\" \/>\n\t<meta property=\"og:image:height\" content=\"750\" \/>\n\t<meta property=\"og:image:type\" content=\"image\/jpeg\" \/>\n<meta name=\"twitter:card\" content=\"summary_large_image\" \/>\n<meta name=\"twitter:label1\" content=\"Price\" \/>\n\t<meta name=\"twitter:data1\" content=\"899,00&nbsp;&#107;&#114;\" \/>\n\t<meta name=\"twitter:label2\" content=\"Availability\" \/>\n\t<meta name=\"twitter:data2\" content=\"In stock\" \/>\n<script type=\"application\/ld+json\" class=\"yoast-schema-graph\">{\"@context\":\"https:\/\/schema.org\",\"@graph\":[{\"@type\":\"WebPage\",\"@id\":\"https:\/\/babylove.se\/no\/produkt\/dekornik-dukkehus-hylle-new-york\/\",\"url\":\"https:\/\/babylove.se\/no\/produkt\/dekornik-dukkehus-hylle-new-york\/\",\"name\":\"Dekornik, dukkehus hylle New York - Babylove Norska\",\"isPartOf\":{\"@id\":\"https:\/\/babylove.se\/no\/#website\"},\"primaryImageOfPage\":{\"@id\":\"https:\/\/babylove.se\/no\/produkt\/dekornik-dukkehus-hylle-new-york\/#primaryimage\"},\"image\":{\"@id\":\"https:\/\/babylove.se\/no\/produkt\/dekornik-dukkehus-hylle-new-york\/#primaryimage\"},\"thumbnailUrl\":\"https:\/\/babylove.se\/no\/wp-content\/uploads\/sites\/3\/2025\/07\/5e4af35547305.jpeg\",\"datePublished\":\"2025-07-18T21:07:43+00:00\",\"dateModified\":\"2026-04-08T08:12:19+00:00\",\"breadcrumb\":{\"@id\":\"https:\/\/babylove.se\/no\/produkt\/dekornik-dukkehus-hylle-new-york\/#breadcrumb\"},\"inLanguage\":\"nb-NO\",\"potentialAction\":[{\"@type\":\"ReadAction\",\"target\":[\"https:\/\/babylove.se\/no\/produkt\/dekornik-dukkehus-hylle-new-york\/\"]}]},{\"@type\":\"ImageObject\",\"inLanguage\":\"nb-NO\",\"@id\":\"https:\/\/babylove.se\/no\/produkt\/dekornik-dukkehus-hylle-new-york\/#primaryimage\",\"url\":\"https:\/\/babylove.se\/no\/wp-content\/uploads\/sites\/3\/2025\/07\/5e4af35547305.jpeg\",\"contentUrl\":\"https:\/\/babylove.se\/no\/wp-content\/uploads\/sites\/3\/2025\/07\/5e4af35547305.jpeg\",\"width\":750,\"height\":750},{\"@type\":\"BreadcrumbList\",\"@id\":\"https:\/\/babylove.se\/no\/produkt\/dekornik-dukkehus-hylle-new-york\/#breadcrumb\",\"itemListElement\":[{\"@type\":\"ListItem\",\"position\":1,\"name\":\"Hem\",\"item\":\"https:\/\/babylove.se\/no\/\"},{\"@type\":\"ListItem\",\"position\":2,\"name\":\"Butik\",\"item\":\"https:\/\/babylove.se\/no\/butik\/\"},{\"@type\":\"ListItem\",\"position\":3,\"name\":\"Dekornik, dukkehus hylle New York\"}]},{\"@type\":\"WebSite\",\"@id\":\"https:\/\/babylove.se\/no\/#website\",\"url\":\"https:\/\/babylove.se\/no\/\",\"name\":\"Babylove Norska\",\"description\":\"\",\"potentialAction\":[{\"@type\":\"SearchAction\",\"target\":{\"@type\":\"EntryPoint\",\"urlTemplate\":\"https:\/\/babylove.se\/no\/?s={search_term_string}\"},\"query-input\":{\"@type\":\"PropertyValueSpecification\",\"valueRequired\":true,\"valueName\":\"search_term_string\"}}],\"inLanguage\":\"nb-NO\"}]}<\/script>\n<meta property=\"product:brand\" content=\"Dekornik\" \/>\n<meta property=\"product:price:amount\" content=\"899.00\" \/>\n<meta property=\"product:price:currency\" content=\"SEK\" \/>\n<meta property=\"og:availability\" content=\"instock\" \/>\n<meta property=\"product:availability\" content=\"instock\" \/>\n<meta property=\"product:retailer_item_id\" content=\"3029\" \/>\n<meta property=\"product:condition\" content=\"new\" \/>\n<!-- \/ Yoast SEO Premium plugin. -->","yoast_head_json":{"title":"Dekornik, dukkehus hylle New York - Babylove Norska","robots":{"index":"noindex","follow":"follow","max-snippet":"max-snippet:-1","max-image-preview":"max-image-preview:large","max-video-preview":"max-video-preview:-1"},"og_locale":"nb_NO","og_type":"article","og_title":"Dekornik, dukkehus hylle New York","og_description":"En superfin og s\u00f8t hylle laget av utvalgt kryssfiner og med formen av et fint hus. Produsert av det hos oss meget popul\u00e6re firmaet Dekornik. Denne vegghyllen kan fungere som et lite dukkehus hvor man kan ha sm\u00e5 figurer og m\u00f8bler, eller en annerledes oppbevaring for favoritbilen og andre ting. Hyllen henges enkelt opp p\u00e5 [&hellip;]","og_url":"https:\/\/babylove.se\/no\/produkt\/dekornik-dukkehus-hylle-new-york\/","og_site_name":"Babylove Norska","article_modified_time":"2026-04-08T08:12:19+00:00","og_image":[{"width":750,"height":750,"url":"https:\/\/babylove.se\/no\/wp-content\/uploads\/sites\/3\/2025\/07\/5e4af35547305.jpeg","type":"image\/jpeg"}],"twitter_card":"summary_large_image","twitter_misc":{"Price":"899,00&nbsp;&#107;&#114;","Availability":"In stock"},"schema":{"@context":"https:\/\/schema.org","@graph":[{"@type":"WebPage","@id":"https:\/\/babylove.se\/no\/produkt\/dekornik-dukkehus-hylle-new-york\/","url":"https:\/\/babylove.se\/no\/produkt\/dekornik-dukkehus-hylle-new-york\/","name":"Dekornik, dukkehus hylle New York - Babylove Norska","isPartOf":{"@id":"https:\/\/babylove.se\/no\/#website"},"primaryImageOfPage":{"@id":"https:\/\/babylove.se\/no\/produkt\/dekornik-dukkehus-hylle-new-york\/#primaryimage"},"image":{"@id":"https:\/\/babylove.se\/no\/produkt\/dekornik-dukkehus-hylle-new-york\/#primaryimage"},"thumbnailUrl":"https:\/\/babylove.se\/no\/wp-content\/uploads\/sites\/3\/2025\/07\/5e4af35547305.jpeg","datePublished":"2025-07-18T21:07:43+00:00","dateModified":"2026-04-08T08:12:19+00:00","breadcrumb":{"@id":"https:\/\/babylove.se\/no\/produkt\/dekornik-dukkehus-hylle-new-york\/#breadcrumb"},"inLanguage":"nb-NO","potentialAction":[{"@type":"ReadAction","target":["https:\/\/babylove.se\/no\/produkt\/dekornik-dukkehus-hylle-new-york\/"]}]},{"@type":"ImageObject","inLanguage":"nb-NO","@id":"https:\/\/babylove.se\/no\/produkt\/dekornik-dukkehus-hylle-new-york\/#primaryimage","url":"https:\/\/babylove.se\/no\/wp-content\/uploads\/sites\/3\/2025\/07\/5e4af35547305.jpeg","contentUrl":"https:\/\/babylove.se\/no\/wp-content\/uploads\/sites\/3\/2025\/07\/5e4af35547305.jpeg","width":750,"height":750},{"@type":"BreadcrumbList","@id":"https:\/\/babylove.se\/no\/produkt\/dekornik-dukkehus-hylle-new-york\/#breadcrumb","itemListElement":[{"@type":"ListItem","position":1,"name":"Hem","item":"https:\/\/babylove.se\/no\/"},{"@type":"ListItem","position":2,"name":"Butik","item":"https:\/\/babylove.se\/no\/butik\/"},{"@type":"ListItem","position":3,"name":"Dekornik, dukkehus hylle New York"}]},{"@type":"WebSite","@id":"https:\/\/babylove.se\/no\/#website","url":"https:\/\/babylove.se\/no\/","name":"Babylove Norska","description":"","potentialAction":[{"@type":"SearchAction","target":{"@type":"EntryPoint","urlTemplate":"https:\/\/babylove.se\/no\/?s={search_term_string}"},"query-input":{"@type":"PropertyValueSpecification","valueRequired":true,"valueName":"search_term_string"}}],"inLanguage":"nb-NO"}]},"product_brand":"Dekornik","product_price_amount":"899.00","product_price_currency":"SEK","og_availability":"instock","product_availability":"instock","product_retailer_item_id":"3029","product_condition":"new"},"_links":{"self":[{"href":"https:\/\/babylove.se\/no\/wp-json\/wp\/v2\/product\/17225","targetHints":{"allow":["GET"]}}],"collection":[{"href":"https:\/\/babylove.se\/no\/wp-json\/wp\/v2\/product"}],"about":[{"href":"https:\/\/babylove.se\/no\/wp-json\/wp\/v2\/types\/product"}],"replies":[{"embeddable":true,"href":"https:\/\/babylove.se\/no\/wp-json\/wp\/v2\/comments?post=17225"}],"wp:featuredmedia":[{"embeddable":true,"href":"https:\/\/babylove.se\/no\/wp-json\/wp\/v2\/media\/17227"}],"wp:attachment":[{"href":"https:\/\/babylove.se\/no\/wp-json\/wp\/v2\/media?parent=17225"}],"wp:term":[{"taxonomy":"product_brand","embeddable":true,"href":"https:\/\/babylove.se\/no\/wp-json\/wp\/v2\/product_brand?post=17225"},{"taxonomy":"product_cat","embeddable":true,"href":"https:\/\/babylove.se\/no\/wp-json\/wp\/v2\/product_cat?post=17225"},{"taxonomy":"product_tag","embeddable":true,"href":"https:\/\/babylove.se\/no\/wp-json\/wp\/v2\/product_tag?post=17225"}],"curies":[{"name":"wp","href":"https:\/\/api.w.org\/{rel}","templated":true}]}}