{"id":17262,"date":"2025-07-18T22:08:13","date_gmt":"2025-07-18T21:08:13","guid":{"rendered":"https:\/\/babylove.se\/produkt\/skrivbord-till-barnrummet-tranatur\/"},"modified":"2026-04-08T09:12:37","modified_gmt":"2026-04-08T08:12:37","slug":"skrivebord-til-barnerommet-tranatur","status":"publish","type":"product","link":"https:\/\/babylove.se\/no\/produkt\/skrivebord-til-barnerommet-tranatur\/","title":{"rendered":"Skrivebord til barnerommet"},"content":{"rendered":"<p>Et vidunderlig skrivebord av h\u00f8y kvalitet, med en f\u00f8lelse av et lite hus. Med st\u00f8rste omhu og sans for detaljer, har dette fine skrivebordet til barnerommet blitt skapt, alt for \u00e5 gi deg en unik kombinasjon av hjemmef\u00f8lelse og praktikaliteter. Ditt barn kommer til \u00e5 elske \u00e5 gj\u00f8re noe kreativt ved dette fine skrivebordet og selv leksene vil f\u00f8les morsommere \u00e5 utf\u00f8re. Du kan enkelt dekorere skrivebordet ved hjelp av lysslynger eller vimpler, og barnem\u00f8belet blir et naturlig sentralpunkt i rommet.<\/p>\n<p>Kombiner med en passende stol, for eksempel v\u00e5re fine kaninstoler.<\/p>\n<p><em>Obs! Stolen inng\u00e5r ikke! &nbsp;<\/em><em>Om du er interessert i \u00e5 kj\u00f8pe skrivebordet sammen med stolen les mer her:&nbsp;<\/em><a href=\"https:\/\/babylove.se\/barnmobler\/skrivbord\/skrivbord-och-stol-till-barnrummet\"><em>Skrivebord og stol til barnerommet<\/em><\/a><span style=\"color: rgb(0, 0, 0);\">.<\/span><\/p>\n<p><strong>M\u00e5l<\/strong>:&nbsp;<\/p>\n<ul>\n<li>Skrivebordet: 100&#215;40 cm&nbsp;<\/li>\n<li>Bordplatens h\u00f8yde: 50 cm. Kan justeres i tre forskjellige h\u00f8yder (40cm, 50 cm, 60 cm)<\/li>\n<li>\n<p>Skrivebordets totale h\u00f8yde 122 cm, lengde 111 cm, dybde 40 cm<\/p>\n<\/li>\n<\/ul>\n<p>Finnes i flere forskjellige farger.<\/p>\n","protected":false},"excerpt":{"rendered":"<p>Et vidunderlig skrivebord av h\u00f8y kvalitet, med en f\u00f8lelse av et lite hus. Med st\u00f8rste omhu og sans for detaljer, har dette fine skrivebordet til barnerommet blitt skapt, alt for \u00e5 gi deg en unik kombinasjon av hjemmef\u00f8lelse og praktikaliteter. Ditt barn kommer til \u00e5 elske \u00e5 gj\u00f8re noe kreativt ved dette fine skrivebordet og [&hellip;]<\/p>\n","protected":false},"featured_media":17264,"comment_status":"closed","ping_status":"open","template":"","meta":{"_acf_changed":false},"product_brand":[384],"product_cat":[386,147,85,359],"product_tag":[1689],"class_list":{"0":"post-17262","1":"product","2":"type-product","3":"status-publish","4":"has-post-thumbnail","6":"product_brand-adeko","7":"product_cat-ad","8":"product_cat-back-to-school","9":"product_cat-bord","10":"product_cat-skrivebord","11":"product_tag-bestillingsvaror","12":"pa_farg-bla","13":"pa_farg-gra","14":"pa_farg-gron","15":"pa_farg-vit","16":"pa_farg-natur","17":"pa_farg-rosa","19":"first","20":"instock","21":"taxable","22":"shipping-taxable","23":"purchasable","24":"product-type-variable"},"acf":[],"yoast_head":"<!-- This site is optimized with the Yoast SEO Premium plugin v25.8 (Yoast SEO v27.2) - https:\/\/yoast.com\/product\/yoast-seo-premium-wordpress\/ -->\n<title>Skrivebord til barnerommet - Babylove Norska<\/title>\n<meta name=\"robots\" content=\"noindex, follow, max-snippet:-1, max-image-preview:large, max-video-preview:-1\" \/>\n<meta property=\"og:locale\" content=\"nb_NO\" \/>\n<meta property=\"og:type\" content=\"article\" \/>\n<meta property=\"og:title\" content=\"Skrivebord til barnerommet\" \/>\n<meta property=\"og:description\" content=\"Et vidunderlig skrivebord av h\u00f8y kvalitet, med en f\u00f8lelse av et lite hus. Med st\u00f8rste omhu og sans for detaljer, har dette fine skrivebordet til barnerommet blitt skapt, alt for \u00e5 gi deg en unik kombinasjon av hjemmef\u00f8lelse og praktikaliteter. Ditt barn kommer til \u00e5 elske \u00e5 gj\u00f8re noe kreativt ved dette fine skrivebordet og [&hellip;]\" \/>\n<meta property=\"og:url\" content=\"https:\/\/babylove.se\/no\/produkt\/skrivebord-til-barnerommet-tranatur\/\" \/>\n<meta property=\"og:site_name\" content=\"Babylove Norska\" \/>\n<meta property=\"article:modified_time\" content=\"2026-04-08T08:12:37+00:00\" \/>\n<meta property=\"og:image\" content=\"https:\/\/babylove.se\/no\/wp-content\/uploads\/sites\/3\/2025\/07\/6245ae2eab31b.png\" \/>\n\t<meta property=\"og:image:width\" content=\"1000\" \/>\n\t<meta property=\"og:image:height\" content=\"666\" \/>\n\t<meta property=\"og:image:type\" content=\"image\/png\" \/>\n<meta name=\"twitter:card\" content=\"summary_large_image\" \/>\n<meta name=\"twitter:label1\" content=\"Availability\" \/>\n\t<meta name=\"twitter:data1\" content=\"In stock\" \/>\n<script type=\"application\/ld+json\" class=\"yoast-schema-graph\">{\"@context\":\"https:\/\/schema.org\",\"@graph\":[{\"@type\":\"WebPage\",\"@id\":\"https:\/\/babylove.se\/no\/produkt\/skrivebord-til-barnerommet-tranatur\/\",\"url\":\"https:\/\/babylove.se\/no\/produkt\/skrivebord-til-barnerommet-tranatur\/\",\"name\":\"Skrivebord til barnerommet - Babylove Norska\",\"isPartOf\":{\"@id\":\"https:\/\/babylove.se\/no\/#website\"},\"primaryImageOfPage\":{\"@id\":\"https:\/\/babylove.se\/no\/produkt\/skrivebord-til-barnerommet-tranatur\/#primaryimage\"},\"image\":{\"@id\":\"https:\/\/babylove.se\/no\/produkt\/skrivebord-til-barnerommet-tranatur\/#primaryimage\"},\"thumbnailUrl\":\"https:\/\/babylove.se\/no\/wp-content\/uploads\/sites\/3\/2025\/07\/6245ae2eab31b.png\",\"datePublished\":\"2025-07-18T21:08:13+00:00\",\"dateModified\":\"2026-04-08T08:12:37+00:00\",\"breadcrumb\":{\"@id\":\"https:\/\/babylove.se\/no\/produkt\/skrivebord-til-barnerommet-tranatur\/#breadcrumb\"},\"inLanguage\":\"nb-NO\",\"potentialAction\":[{\"@type\":\"ReadAction\",\"target\":[\"https:\/\/babylove.se\/no\/produkt\/skrivebord-til-barnerommet-tranatur\/\"]}]},{\"@type\":\"ImageObject\",\"inLanguage\":\"nb-NO\",\"@id\":\"https:\/\/babylove.se\/no\/produkt\/skrivebord-til-barnerommet-tranatur\/#primaryimage\",\"url\":\"https:\/\/babylove.se\/no\/wp-content\/uploads\/sites\/3\/2025\/07\/6245ae2eab31b.png\",\"contentUrl\":\"https:\/\/babylove.se\/no\/wp-content\/uploads\/sites\/3\/2025\/07\/6245ae2eab31b.png\",\"width\":1000,\"height\":666},{\"@type\":\"BreadcrumbList\",\"@id\":\"https:\/\/babylove.se\/no\/produkt\/skrivebord-til-barnerommet-tranatur\/#breadcrumb\",\"itemListElement\":[{\"@type\":\"ListItem\",\"position\":1,\"name\":\"Hem\",\"item\":\"https:\/\/babylove.se\/no\/\"},{\"@type\":\"ListItem\",\"position\":2,\"name\":\"Butik\",\"item\":\"https:\/\/babylove.se\/no\/butik\/\"},{\"@type\":\"ListItem\",\"position\":3,\"name\":\"Skrivebord til barnerommet\"}]},{\"@type\":\"WebSite\",\"@id\":\"https:\/\/babylove.se\/no\/#website\",\"url\":\"https:\/\/babylove.se\/no\/\",\"name\":\"Babylove Norska\",\"description\":\"\",\"potentialAction\":[{\"@type\":\"SearchAction\",\"target\":{\"@type\":\"EntryPoint\",\"urlTemplate\":\"https:\/\/babylove.se\/no\/?s={search_term_string}\"},\"query-input\":{\"@type\":\"PropertyValueSpecification\",\"valueRequired\":true,\"valueName\":\"search_term_string\"}}],\"inLanguage\":\"nb-NO\"}]}<\/script>\n<meta property=\"product:brand\" content=\"Adeko\" \/>\n<meta property=\"og:availability\" content=\"instock\" \/>\n<meta property=\"product:availability\" content=\"instock\" \/>\n<meta property=\"product:retailer_item_id\" content=\"Natur skrivbord till barnrummet\" \/>\n<meta property=\"product:condition\" content=\"new\" \/>\n<!-- \/ Yoast SEO Premium plugin. -->","yoast_head_json":{"title":"Skrivebord til barnerommet - Babylove Norska","robots":{"index":"noindex","follow":"follow","max-snippet":"max-snippet:-1","max-image-preview":"max-image-preview:large","max-video-preview":"max-video-preview:-1"},"og_locale":"nb_NO","og_type":"article","og_title":"Skrivebord til barnerommet","og_description":"Et vidunderlig skrivebord av h\u00f8y kvalitet, med en f\u00f8lelse av et lite hus. Med st\u00f8rste omhu og sans for detaljer, har dette fine skrivebordet til barnerommet blitt skapt, alt for \u00e5 gi deg en unik kombinasjon av hjemmef\u00f8lelse og praktikaliteter. Ditt barn kommer til \u00e5 elske \u00e5 gj\u00f8re noe kreativt ved dette fine skrivebordet og [&hellip;]","og_url":"https:\/\/babylove.se\/no\/produkt\/skrivebord-til-barnerommet-tranatur\/","og_site_name":"Babylove Norska","article_modified_time":"2026-04-08T08:12:37+00:00","og_image":[{"width":1000,"height":666,"url":"https:\/\/babylove.se\/no\/wp-content\/uploads\/sites\/3\/2025\/07\/6245ae2eab31b.png","type":"image\/png"}],"twitter_card":"summary_large_image","twitter_misc":{"Availability":"In stock"},"schema":{"@context":"https:\/\/schema.org","@graph":[{"@type":"WebPage","@id":"https:\/\/babylove.se\/no\/produkt\/skrivebord-til-barnerommet-tranatur\/","url":"https:\/\/babylove.se\/no\/produkt\/skrivebord-til-barnerommet-tranatur\/","name":"Skrivebord til barnerommet - Babylove Norska","isPartOf":{"@id":"https:\/\/babylove.se\/no\/#website"},"primaryImageOfPage":{"@id":"https:\/\/babylove.se\/no\/produkt\/skrivebord-til-barnerommet-tranatur\/#primaryimage"},"image":{"@id":"https:\/\/babylove.se\/no\/produkt\/skrivebord-til-barnerommet-tranatur\/#primaryimage"},"thumbnailUrl":"https:\/\/babylove.se\/no\/wp-content\/uploads\/sites\/3\/2025\/07\/6245ae2eab31b.png","datePublished":"2025-07-18T21:08:13+00:00","dateModified":"2026-04-08T08:12:37+00:00","breadcrumb":{"@id":"https:\/\/babylove.se\/no\/produkt\/skrivebord-til-barnerommet-tranatur\/#breadcrumb"},"inLanguage":"nb-NO","potentialAction":[{"@type":"ReadAction","target":["https:\/\/babylove.se\/no\/produkt\/skrivebord-til-barnerommet-tranatur\/"]}]},{"@type":"ImageObject","inLanguage":"nb-NO","@id":"https:\/\/babylove.se\/no\/produkt\/skrivebord-til-barnerommet-tranatur\/#primaryimage","url":"https:\/\/babylove.se\/no\/wp-content\/uploads\/sites\/3\/2025\/07\/6245ae2eab31b.png","contentUrl":"https:\/\/babylove.se\/no\/wp-content\/uploads\/sites\/3\/2025\/07\/6245ae2eab31b.png","width":1000,"height":666},{"@type":"BreadcrumbList","@id":"https:\/\/babylove.se\/no\/produkt\/skrivebord-til-barnerommet-tranatur\/#breadcrumb","itemListElement":[{"@type":"ListItem","position":1,"name":"Hem","item":"https:\/\/babylove.se\/no\/"},{"@type":"ListItem","position":2,"name":"Butik","item":"https:\/\/babylove.se\/no\/butik\/"},{"@type":"ListItem","position":3,"name":"Skrivebord til barnerommet"}]},{"@type":"WebSite","@id":"https:\/\/babylove.se\/no\/#website","url":"https:\/\/babylove.se\/no\/","name":"Babylove Norska","description":"","potentialAction":[{"@type":"SearchAction","target":{"@type":"EntryPoint","urlTemplate":"https:\/\/babylove.se\/no\/?s={search_term_string}"},"query-input":{"@type":"PropertyValueSpecification","valueRequired":true,"valueName":"search_term_string"}}],"inLanguage":"nb-NO"}]},"product_brand":"Adeko","og_availability":"instock","product_availability":"instock","product_retailer_item_id":"Natur skrivbord till barnrummet","product_condition":"new"},"_links":{"self":[{"href":"https:\/\/babylove.se\/no\/wp-json\/wp\/v2\/product\/17262","targetHints":{"allow":["GET"]}}],"collection":[{"href":"https:\/\/babylove.se\/no\/wp-json\/wp\/v2\/product"}],"about":[{"href":"https:\/\/babylove.se\/no\/wp-json\/wp\/v2\/types\/product"}],"replies":[{"embeddable":true,"href":"https:\/\/babylove.se\/no\/wp-json\/wp\/v2\/comments?post=17262"}],"wp:featuredmedia":[{"embeddable":true,"href":"https:\/\/babylove.se\/no\/wp-json\/wp\/v2\/media\/17264"}],"wp:attachment":[{"href":"https:\/\/babylove.se\/no\/wp-json\/wp\/v2\/media?parent=17262"}],"wp:term":[{"taxonomy":"product_brand","embeddable":true,"href":"https:\/\/babylove.se\/no\/wp-json\/wp\/v2\/product_brand?post=17262"},{"taxonomy":"product_cat","embeddable":true,"href":"https:\/\/babylove.se\/no\/wp-json\/wp\/v2\/product_cat?post=17262"},{"taxonomy":"product_tag","embeddable":true,"href":"https:\/\/babylove.se\/no\/wp-json\/wp\/v2\/product_tag?post=17262"}],"curies":[{"name":"wp","href":"https:\/\/api.w.org\/{rel}","templated":true}]}}