{"id":17276,"date":"2025-07-18T22:08:36","date_gmt":"2025-07-18T21:08:36","guid":{"rendered":"https:\/\/babylove.se\/produkt\/dessin-design-sangmobil-raspberry-ice-cream\/"},"modified":"2026-04-08T09:12:40","modified_gmt":"2026-04-08T08:12:40","slug":"tegning-design-blodmobil-bringebaer-iskrem","status":"publish","type":"product","link":"https:\/\/babylove.se\/no\/produkt\/tegning-design-blodmobil-bringebaer-iskrem\/","title":{"rendered":"Dessin Design, Mobil &#8220;Raspberry ice cream&#8221;"},"content":{"rendered":"<p>En fin og unik mobil til barnerommet, med mange fine detaljer. Den er laget helt for h\u00e5nd av bomulls-lin og de fine ullkulene og treperlene som henger fra glasskjeglen skaper masse magi. Mobilen er dessuten lett stoppet noe som gir den karakter og gj\u00f8r den mer levende.<\/p>\n<p>Mobilen er laget for \u00e5 henges p\u00e5 en vegg eller hvorfor ikke under en sengehimmel? Uansett hvor du plasserer den vil den skape en herlig lekefullhet til ditt barnerom.<\/p>\n<p>M\u00e5l: Ca 16 x 70 cm<\/p>\n<p>Designer:<span>&nbsp;<\/span><a href=\"https:\/\/babylove.se\/varumarken\/dessin-design\">Dessin Design<\/a><\/p>\n<p>Vennligst merk at dette er en dekorasjon og ikke et leket\u00f8y. Dette pga de sm\u00e5 delene som utgj\u00f8r detaljer. Hold den derfor utenfor rekkevidde for sm\u00e5 barn, og bruk ikke som sengemobil<\/p>\n","protected":false},"excerpt":{"rendered":"<p>En fin og unik mobil til barnerommet, med mange fine detaljer. Den er laget helt for h\u00e5nd av bomulls-lin og de fine ullkulene og treperlene som henger fra glasskjeglen skaper masse magi. Mobilen er dessuten lett stoppet noe som gir den karakter og gj\u00f8r den mer levende. Mobilen er laget for \u00e5 henges p\u00e5 en [&hellip;]<\/p>\n","protected":false},"featured_media":17278,"comment_status":"closed","ping_status":"open","template":"","meta":{"_acf_changed":false},"product_brand":[741],"product_cat":[742,145],"product_tag":[],"class_list":{"0":"post-17276","1":"product","2":"type-product","3":"status-publish","4":"has-post-thumbnail","6":"product_brand-dessin-design","7":"product_cat-dessin-design","8":"product_cat-sangmobiler","10":"first","11":"outofstock","12":"taxable","13":"shipping-taxable","14":"purchasable","15":"product-type-simple"},"acf":[],"yoast_head":"<!-- This site is optimized with the Yoast SEO Premium plugin v25.8 (Yoast SEO v27.2) - https:\/\/yoast.com\/product\/yoast-seo-premium-wordpress\/ -->\n<title>Dessin Design, Mobil &quot;Raspberry ice cream&quot; - Babylove Norska<\/title>\n<meta name=\"robots\" content=\"noindex, follow, max-snippet:-1, max-image-preview:large, max-video-preview:-1\" \/>\n<meta property=\"og:locale\" content=\"nb_NO\" \/>\n<meta property=\"og:type\" content=\"article\" \/>\n<meta property=\"og:title\" content=\"Dessin Design, Mobil &quot;Raspberry ice cream&quot;\" \/>\n<meta property=\"og:description\" content=\"En fin og unik mobil til barnerommet, med mange fine detaljer. Den er laget helt for h\u00e5nd av bomulls-lin og de fine ullkulene og treperlene som henger fra glasskjeglen skaper masse magi. Mobilen er dessuten lett stoppet noe som gir den karakter og gj\u00f8r den mer levende. Mobilen er laget for \u00e5 henges p\u00e5 en [&hellip;]\" \/>\n<meta property=\"og:url\" content=\"https:\/\/babylove.se\/no\/produkt\/tegning-design-blodmobil-bringebaer-iskrem\/\" \/>\n<meta property=\"og:site_name\" content=\"Babylove Norska\" \/>\n<meta property=\"article:modified_time\" content=\"2026-04-08T08:12:40+00:00\" \/>\n<meta property=\"og:image\" content=\"https:\/\/babylove.se\/no\/wp-content\/uploads\/sites\/3\/2025\/07\/5e55187b7d4f6.jpeg\" \/>\n\t<meta property=\"og:image:width\" content=\"750\" \/>\n\t<meta property=\"og:image:height\" content=\"750\" \/>\n\t<meta property=\"og:image:type\" content=\"image\/jpeg\" \/>\n<meta name=\"twitter:card\" content=\"summary_large_image\" \/>\n<meta name=\"twitter:label1\" content=\"Price\" \/>\n\t<meta name=\"twitter:data1\" content=\"249,00&nbsp;&#107;&#114;\" \/>\n\t<meta name=\"twitter:label2\" content=\"Availability\" \/>\n\t<meta name=\"twitter:data2\" content=\"Out of stock\" \/>\n<script type=\"application\/ld+json\" class=\"yoast-schema-graph\">{\"@context\":\"https:\/\/schema.org\",\"@graph\":[{\"@type\":\"WebPage\",\"@id\":\"https:\/\/babylove.se\/no\/produkt\/tegning-design-blodmobil-bringebaer-iskrem\/\",\"url\":\"https:\/\/babylove.se\/no\/produkt\/tegning-design-blodmobil-bringebaer-iskrem\/\",\"name\":\"Dessin Design, Mobil \\\"Raspberry ice cream\\\" - Babylove Norska\",\"isPartOf\":{\"@id\":\"https:\/\/babylove.se\/no\/#website\"},\"primaryImageOfPage\":{\"@id\":\"https:\/\/babylove.se\/no\/produkt\/tegning-design-blodmobil-bringebaer-iskrem\/#primaryimage\"},\"image\":{\"@id\":\"https:\/\/babylove.se\/no\/produkt\/tegning-design-blodmobil-bringebaer-iskrem\/#primaryimage\"},\"thumbnailUrl\":\"https:\/\/babylove.se\/no\/wp-content\/uploads\/sites\/3\/2025\/07\/5e55187b7d4f6.jpeg\",\"datePublished\":\"2025-07-18T21:08:36+00:00\",\"dateModified\":\"2026-04-08T08:12:40+00:00\",\"breadcrumb\":{\"@id\":\"https:\/\/babylove.se\/no\/produkt\/tegning-design-blodmobil-bringebaer-iskrem\/#breadcrumb\"},\"inLanguage\":\"nb-NO\",\"potentialAction\":[{\"@type\":\"ReadAction\",\"target\":[\"https:\/\/babylove.se\/no\/produkt\/tegning-design-blodmobil-bringebaer-iskrem\/\"]}]},{\"@type\":\"ImageObject\",\"inLanguage\":\"nb-NO\",\"@id\":\"https:\/\/babylove.se\/no\/produkt\/tegning-design-blodmobil-bringebaer-iskrem\/#primaryimage\",\"url\":\"https:\/\/babylove.se\/no\/wp-content\/uploads\/sites\/3\/2025\/07\/5e55187b7d4f6.jpeg\",\"contentUrl\":\"https:\/\/babylove.se\/no\/wp-content\/uploads\/sites\/3\/2025\/07\/5e55187b7d4f6.jpeg\",\"width\":750,\"height\":750},{\"@type\":\"BreadcrumbList\",\"@id\":\"https:\/\/babylove.se\/no\/produkt\/tegning-design-blodmobil-bringebaer-iskrem\/#breadcrumb\",\"itemListElement\":[{\"@type\":\"ListItem\",\"position\":1,\"name\":\"Hem\",\"item\":\"https:\/\/babylove.se\/no\/\"},{\"@type\":\"ListItem\",\"position\":2,\"name\":\"Butik\",\"item\":\"https:\/\/babylove.se\/no\/butik\/\"},{\"@type\":\"ListItem\",\"position\":3,\"name\":\"Dessin Design, Mobil &#8220;Raspberry ice cream&#8221;\"}]},{\"@type\":\"WebSite\",\"@id\":\"https:\/\/babylove.se\/no\/#website\",\"url\":\"https:\/\/babylove.se\/no\/\",\"name\":\"Babylove Norska\",\"description\":\"\",\"potentialAction\":[{\"@type\":\"SearchAction\",\"target\":{\"@type\":\"EntryPoint\",\"urlTemplate\":\"https:\/\/babylove.se\/no\/?s={search_term_string}\"},\"query-input\":{\"@type\":\"PropertyValueSpecification\",\"valueRequired\":true,\"valueName\":\"search_term_string\"}}],\"inLanguage\":\"nb-NO\"}]}<\/script>\n<meta property=\"product:brand\" content=\"Dessin Design\" \/>\n<meta property=\"product:price:amount\" content=\"249.00\" \/>\n<meta property=\"product:price:currency\" content=\"SEK\" \/>\n<meta property=\"og:availability\" content=\"out of stock\" \/>\n<meta property=\"product:availability\" content=\"out of stock\" \/>\n<meta property=\"product:retailer_item_id\" content=\"MO41R\" \/>\n<meta property=\"product:condition\" content=\"new\" \/>\n<!-- \/ Yoast SEO Premium plugin. -->","yoast_head_json":{"title":"Dessin Design, Mobil \"Raspberry ice cream\" - Babylove Norska","robots":{"index":"noindex","follow":"follow","max-snippet":"max-snippet:-1","max-image-preview":"max-image-preview:large","max-video-preview":"max-video-preview:-1"},"og_locale":"nb_NO","og_type":"article","og_title":"Dessin Design, Mobil \"Raspberry ice cream\"","og_description":"En fin og unik mobil til barnerommet, med mange fine detaljer. Den er laget helt for h\u00e5nd av bomulls-lin og de fine ullkulene og treperlene som henger fra glasskjeglen skaper masse magi. Mobilen er dessuten lett stoppet noe som gir den karakter og gj\u00f8r den mer levende. Mobilen er laget for \u00e5 henges p\u00e5 en [&hellip;]","og_url":"https:\/\/babylove.se\/no\/produkt\/tegning-design-blodmobil-bringebaer-iskrem\/","og_site_name":"Babylove Norska","article_modified_time":"2026-04-08T08:12:40+00:00","og_image":[{"width":750,"height":750,"url":"https:\/\/babylove.se\/no\/wp-content\/uploads\/sites\/3\/2025\/07\/5e55187b7d4f6.jpeg","type":"image\/jpeg"}],"twitter_card":"summary_large_image","twitter_misc":{"Price":"249,00&nbsp;&#107;&#114;","Availability":"Out of stock"},"schema":{"@context":"https:\/\/schema.org","@graph":[{"@type":"WebPage","@id":"https:\/\/babylove.se\/no\/produkt\/tegning-design-blodmobil-bringebaer-iskrem\/","url":"https:\/\/babylove.se\/no\/produkt\/tegning-design-blodmobil-bringebaer-iskrem\/","name":"Dessin Design, Mobil \"Raspberry ice cream\" - Babylove Norska","isPartOf":{"@id":"https:\/\/babylove.se\/no\/#website"},"primaryImageOfPage":{"@id":"https:\/\/babylove.se\/no\/produkt\/tegning-design-blodmobil-bringebaer-iskrem\/#primaryimage"},"image":{"@id":"https:\/\/babylove.se\/no\/produkt\/tegning-design-blodmobil-bringebaer-iskrem\/#primaryimage"},"thumbnailUrl":"https:\/\/babylove.se\/no\/wp-content\/uploads\/sites\/3\/2025\/07\/5e55187b7d4f6.jpeg","datePublished":"2025-07-18T21:08:36+00:00","dateModified":"2026-04-08T08:12:40+00:00","breadcrumb":{"@id":"https:\/\/babylove.se\/no\/produkt\/tegning-design-blodmobil-bringebaer-iskrem\/#breadcrumb"},"inLanguage":"nb-NO","potentialAction":[{"@type":"ReadAction","target":["https:\/\/babylove.se\/no\/produkt\/tegning-design-blodmobil-bringebaer-iskrem\/"]}]},{"@type":"ImageObject","inLanguage":"nb-NO","@id":"https:\/\/babylove.se\/no\/produkt\/tegning-design-blodmobil-bringebaer-iskrem\/#primaryimage","url":"https:\/\/babylove.se\/no\/wp-content\/uploads\/sites\/3\/2025\/07\/5e55187b7d4f6.jpeg","contentUrl":"https:\/\/babylove.se\/no\/wp-content\/uploads\/sites\/3\/2025\/07\/5e55187b7d4f6.jpeg","width":750,"height":750},{"@type":"BreadcrumbList","@id":"https:\/\/babylove.se\/no\/produkt\/tegning-design-blodmobil-bringebaer-iskrem\/#breadcrumb","itemListElement":[{"@type":"ListItem","position":1,"name":"Hem","item":"https:\/\/babylove.se\/no\/"},{"@type":"ListItem","position":2,"name":"Butik","item":"https:\/\/babylove.se\/no\/butik\/"},{"@type":"ListItem","position":3,"name":"Dessin Design, Mobil &#8220;Raspberry ice cream&#8221;"}]},{"@type":"WebSite","@id":"https:\/\/babylove.se\/no\/#website","url":"https:\/\/babylove.se\/no\/","name":"Babylove Norska","description":"","potentialAction":[{"@type":"SearchAction","target":{"@type":"EntryPoint","urlTemplate":"https:\/\/babylove.se\/no\/?s={search_term_string}"},"query-input":{"@type":"PropertyValueSpecification","valueRequired":true,"valueName":"search_term_string"}}],"inLanguage":"nb-NO"}]},"product_brand":"Dessin Design","product_price_amount":"249.00","product_price_currency":"SEK","og_availability":"out of stock","product_availability":"out of stock","product_retailer_item_id":"MO41R","product_condition":"new"},"_links":{"self":[{"href":"https:\/\/babylove.se\/no\/wp-json\/wp\/v2\/product\/17276","targetHints":{"allow":["GET"]}}],"collection":[{"href":"https:\/\/babylove.se\/no\/wp-json\/wp\/v2\/product"}],"about":[{"href":"https:\/\/babylove.se\/no\/wp-json\/wp\/v2\/types\/product"}],"replies":[{"embeddable":true,"href":"https:\/\/babylove.se\/no\/wp-json\/wp\/v2\/comments?post=17276"}],"wp:featuredmedia":[{"embeddable":true,"href":"https:\/\/babylove.se\/no\/wp-json\/wp\/v2\/media\/17278"}],"wp:attachment":[{"href":"https:\/\/babylove.se\/no\/wp-json\/wp\/v2\/media?parent=17276"}],"wp:term":[{"taxonomy":"product_brand","embeddable":true,"href":"https:\/\/babylove.se\/no\/wp-json\/wp\/v2\/product_brand?post=17276"},{"taxonomy":"product_cat","embeddable":true,"href":"https:\/\/babylove.se\/no\/wp-json\/wp\/v2\/product_cat?post=17276"},{"taxonomy":"product_tag","embeddable":true,"href":"https:\/\/babylove.se\/no\/wp-json\/wp\/v2\/product_tag?post=17276"}],"curies":[{"name":"wp","href":"https:\/\/api.w.org\/{rel}","templated":true}]}}