{"id":17283,"date":"2025-07-18T22:08:36","date_gmt":"2025-07-18T21:08:36","guid":{"rendered":"https:\/\/babylove.se\/produkt\/dessin-design-poster-abc-penguin-a4\/"},"modified":"2026-04-08T09:12:46","modified_gmt":"2026-04-08T08:12:46","slug":"design-design-plakat-abc-pingvin-a4","status":"publish","type":"product","link":"https:\/\/babylove.se\/no\/produkt\/design-design-plakat-abc-pingvin-a4\/","title":{"rendered":"Dessin Design, plakat ABC pingvin A4"},"content":{"rendered":"<p>En superfin og s\u00f8t plakat til barnerommet som er trykket p\u00e5 et mellomglanset papir og med et motiv av det svenske alfabetet. En perfekt og leken m\u00e5te for ditt barn \u00e5 gj\u00f8re seg kjent med bokstaver.<\/p>\n<p>Plakaten er designet for \u00e5 passe i alle typer barnerom og pingvinen p\u00e5 bildet pleier \u00e5 v\u00e6re meget verdsatt av barna.<\/p>\n<p>M\u00e5l A4 : Ca 21 \u00d7 30 centimeter<\/p>\n<p>Designer:<span>&nbsp;<\/span><a href=\"https:\/\/babylove.se\/varumarken\/dessin-design\">Dessin Design<\/a><\/p>\n","protected":false},"excerpt":{"rendered":"<p>En superfin og s\u00f8t plakat til barnerommet som er trykket p\u00e5 et mellomglanset papir og med et motiv av det svenske alfabetet. En perfekt og leken m\u00e5te for ditt barn \u00e5 gj\u00f8re seg kjent med bokstaver. Plakaten er designet for \u00e5 passe i alle typer barnerom og pingvinen p\u00e5 bildet pleier \u00e5 v\u00e6re meget verdsatt [&hellip;]<\/p>\n","protected":false},"featured_media":17285,"comment_status":"closed","ping_status":"open","template":"","meta":{"_acf_changed":false},"product_brand":[741],"product_cat":[742,255],"product_tag":[],"class_list":{"0":"post-17283","1":"product","2":"type-product","3":"status-publish","4":"has-post-thumbnail","6":"product_brand-dessin-design","7":"product_cat-dessin-design","8":"product_cat-plakater","10":"first","11":"outofstock","12":"taxable","13":"shipping-taxable","14":"purchasable","15":"product-type-simple"},"acf":[],"yoast_head":"<!-- This site is optimized with the Yoast SEO Premium plugin v25.8 (Yoast SEO v27.2) - https:\/\/yoast.com\/product\/yoast-seo-premium-wordpress\/ -->\n<title>Dessin Design, plakat ABC pingvin A4 - Babylove Norska<\/title>\n<meta name=\"robots\" content=\"noindex, follow, max-snippet:-1, max-image-preview:large, max-video-preview:-1\" \/>\n<meta property=\"og:locale\" content=\"nb_NO\" \/>\n<meta property=\"og:type\" content=\"article\" \/>\n<meta property=\"og:title\" content=\"Dessin Design, plakat ABC pingvin A4\" \/>\n<meta property=\"og:description\" content=\"En superfin og s\u00f8t plakat til barnerommet som er trykket p\u00e5 et mellomglanset papir og med et motiv av det svenske alfabetet. En perfekt og leken m\u00e5te for ditt barn \u00e5 gj\u00f8re seg kjent med bokstaver. Plakaten er designet for \u00e5 passe i alle typer barnerom og pingvinen p\u00e5 bildet pleier \u00e5 v\u00e6re meget verdsatt [&hellip;]\" \/>\n<meta property=\"og:url\" content=\"https:\/\/babylove.se\/no\/produkt\/design-design-plakat-abc-pingvin-a4\/\" \/>\n<meta property=\"og:site_name\" content=\"Babylove Norska\" \/>\n<meta property=\"article:modified_time\" content=\"2026-04-08T08:12:46+00:00\" \/>\n<meta property=\"og:image\" content=\"https:\/\/babylove.se\/no\/wp-content\/uploads\/sites\/3\/2025\/07\/5e58ce9869e2d.jpeg\" \/>\n\t<meta property=\"og:image:width\" content=\"750\" \/>\n\t<meta property=\"og:image:height\" content=\"750\" \/>\n\t<meta property=\"og:image:type\" content=\"image\/jpeg\" \/>\n<meta name=\"twitter:card\" content=\"summary_large_image\" \/>\n<meta name=\"twitter:label1\" content=\"Price\" \/>\n\t<meta name=\"twitter:data1\" content=\"129,00&nbsp;&#107;&#114;\" \/>\n\t<meta name=\"twitter:label2\" content=\"Availability\" \/>\n\t<meta name=\"twitter:data2\" content=\"Out of stock\" \/>\n<script type=\"application\/ld+json\" class=\"yoast-schema-graph\">{\"@context\":\"https:\/\/schema.org\",\"@graph\":[{\"@type\":\"WebPage\",\"@id\":\"https:\/\/babylove.se\/no\/produkt\/design-design-plakat-abc-pingvin-a4\/\",\"url\":\"https:\/\/babylove.se\/no\/produkt\/design-design-plakat-abc-pingvin-a4\/\",\"name\":\"Dessin Design, plakat ABC pingvin A4 - Babylove Norska\",\"isPartOf\":{\"@id\":\"https:\/\/babylove.se\/no\/#website\"},\"primaryImageOfPage\":{\"@id\":\"https:\/\/babylove.se\/no\/produkt\/design-design-plakat-abc-pingvin-a4\/#primaryimage\"},\"image\":{\"@id\":\"https:\/\/babylove.se\/no\/produkt\/design-design-plakat-abc-pingvin-a4\/#primaryimage\"},\"thumbnailUrl\":\"https:\/\/babylove.se\/no\/wp-content\/uploads\/sites\/3\/2025\/07\/5e58ce9869e2d.jpeg\",\"datePublished\":\"2025-07-18T21:08:36+00:00\",\"dateModified\":\"2026-04-08T08:12:46+00:00\",\"breadcrumb\":{\"@id\":\"https:\/\/babylove.se\/no\/produkt\/design-design-plakat-abc-pingvin-a4\/#breadcrumb\"},\"inLanguage\":\"nb-NO\",\"potentialAction\":[{\"@type\":\"ReadAction\",\"target\":[\"https:\/\/babylove.se\/no\/produkt\/design-design-plakat-abc-pingvin-a4\/\"]}]},{\"@type\":\"ImageObject\",\"inLanguage\":\"nb-NO\",\"@id\":\"https:\/\/babylove.se\/no\/produkt\/design-design-plakat-abc-pingvin-a4\/#primaryimage\",\"url\":\"https:\/\/babylove.se\/no\/wp-content\/uploads\/sites\/3\/2025\/07\/5e58ce9869e2d.jpeg\",\"contentUrl\":\"https:\/\/babylove.se\/no\/wp-content\/uploads\/sites\/3\/2025\/07\/5e58ce9869e2d.jpeg\",\"width\":750,\"height\":750},{\"@type\":\"BreadcrumbList\",\"@id\":\"https:\/\/babylove.se\/no\/produkt\/design-design-plakat-abc-pingvin-a4\/#breadcrumb\",\"itemListElement\":[{\"@type\":\"ListItem\",\"position\":1,\"name\":\"Hem\",\"item\":\"https:\/\/babylove.se\/no\/\"},{\"@type\":\"ListItem\",\"position\":2,\"name\":\"Butik\",\"item\":\"https:\/\/babylove.se\/no\/butik\/\"},{\"@type\":\"ListItem\",\"position\":3,\"name\":\"Dessin Design, plakat ABC pingvin A4\"}]},{\"@type\":\"WebSite\",\"@id\":\"https:\/\/babylove.se\/no\/#website\",\"url\":\"https:\/\/babylove.se\/no\/\",\"name\":\"Babylove Norska\",\"description\":\"\",\"potentialAction\":[{\"@type\":\"SearchAction\",\"target\":{\"@type\":\"EntryPoint\",\"urlTemplate\":\"https:\/\/babylove.se\/no\/?s={search_term_string}\"},\"query-input\":{\"@type\":\"PropertyValueSpecification\",\"valueRequired\":true,\"valueName\":\"search_term_string\"}}],\"inLanguage\":\"nb-NO\"}]}<\/script>\n<meta property=\"product:brand\" content=\"Dessin Design\" \/>\n<meta property=\"product:price:amount\" content=\"129.00\" \/>\n<meta property=\"product:price:currency\" content=\"SEK\" \/>\n<meta property=\"og:availability\" content=\"out of stock\" \/>\n<meta property=\"product:availability\" content=\"out of stock\" \/>\n<meta property=\"product:retailer_item_id\" content=\"3038\" \/>\n<meta property=\"product:condition\" content=\"new\" \/>\n<!-- \/ Yoast SEO Premium plugin. -->","yoast_head_json":{"title":"Dessin Design, plakat ABC pingvin A4 - Babylove Norska","robots":{"index":"noindex","follow":"follow","max-snippet":"max-snippet:-1","max-image-preview":"max-image-preview:large","max-video-preview":"max-video-preview:-1"},"og_locale":"nb_NO","og_type":"article","og_title":"Dessin Design, plakat ABC pingvin A4","og_description":"En superfin og s\u00f8t plakat til barnerommet som er trykket p\u00e5 et mellomglanset papir og med et motiv av det svenske alfabetet. En perfekt og leken m\u00e5te for ditt barn \u00e5 gj\u00f8re seg kjent med bokstaver. Plakaten er designet for \u00e5 passe i alle typer barnerom og pingvinen p\u00e5 bildet pleier \u00e5 v\u00e6re meget verdsatt [&hellip;]","og_url":"https:\/\/babylove.se\/no\/produkt\/design-design-plakat-abc-pingvin-a4\/","og_site_name":"Babylove Norska","article_modified_time":"2026-04-08T08:12:46+00:00","og_image":[{"width":750,"height":750,"url":"https:\/\/babylove.se\/no\/wp-content\/uploads\/sites\/3\/2025\/07\/5e58ce9869e2d.jpeg","type":"image\/jpeg"}],"twitter_card":"summary_large_image","twitter_misc":{"Price":"129,00&nbsp;&#107;&#114;","Availability":"Out of stock"},"schema":{"@context":"https:\/\/schema.org","@graph":[{"@type":"WebPage","@id":"https:\/\/babylove.se\/no\/produkt\/design-design-plakat-abc-pingvin-a4\/","url":"https:\/\/babylove.se\/no\/produkt\/design-design-plakat-abc-pingvin-a4\/","name":"Dessin Design, plakat ABC pingvin A4 - Babylove Norska","isPartOf":{"@id":"https:\/\/babylove.se\/no\/#website"},"primaryImageOfPage":{"@id":"https:\/\/babylove.se\/no\/produkt\/design-design-plakat-abc-pingvin-a4\/#primaryimage"},"image":{"@id":"https:\/\/babylove.se\/no\/produkt\/design-design-plakat-abc-pingvin-a4\/#primaryimage"},"thumbnailUrl":"https:\/\/babylove.se\/no\/wp-content\/uploads\/sites\/3\/2025\/07\/5e58ce9869e2d.jpeg","datePublished":"2025-07-18T21:08:36+00:00","dateModified":"2026-04-08T08:12:46+00:00","breadcrumb":{"@id":"https:\/\/babylove.se\/no\/produkt\/design-design-plakat-abc-pingvin-a4\/#breadcrumb"},"inLanguage":"nb-NO","potentialAction":[{"@type":"ReadAction","target":["https:\/\/babylove.se\/no\/produkt\/design-design-plakat-abc-pingvin-a4\/"]}]},{"@type":"ImageObject","inLanguage":"nb-NO","@id":"https:\/\/babylove.se\/no\/produkt\/design-design-plakat-abc-pingvin-a4\/#primaryimage","url":"https:\/\/babylove.se\/no\/wp-content\/uploads\/sites\/3\/2025\/07\/5e58ce9869e2d.jpeg","contentUrl":"https:\/\/babylove.se\/no\/wp-content\/uploads\/sites\/3\/2025\/07\/5e58ce9869e2d.jpeg","width":750,"height":750},{"@type":"BreadcrumbList","@id":"https:\/\/babylove.se\/no\/produkt\/design-design-plakat-abc-pingvin-a4\/#breadcrumb","itemListElement":[{"@type":"ListItem","position":1,"name":"Hem","item":"https:\/\/babylove.se\/no\/"},{"@type":"ListItem","position":2,"name":"Butik","item":"https:\/\/babylove.se\/no\/butik\/"},{"@type":"ListItem","position":3,"name":"Dessin Design, plakat ABC pingvin A4"}]},{"@type":"WebSite","@id":"https:\/\/babylove.se\/no\/#website","url":"https:\/\/babylove.se\/no\/","name":"Babylove Norska","description":"","potentialAction":[{"@type":"SearchAction","target":{"@type":"EntryPoint","urlTemplate":"https:\/\/babylove.se\/no\/?s={search_term_string}"},"query-input":{"@type":"PropertyValueSpecification","valueRequired":true,"valueName":"search_term_string"}}],"inLanguage":"nb-NO"}]},"product_brand":"Dessin Design","product_price_amount":"129.00","product_price_currency":"SEK","og_availability":"out of stock","product_availability":"out of stock","product_retailer_item_id":"3038","product_condition":"new"},"_links":{"self":[{"href":"https:\/\/babylove.se\/no\/wp-json\/wp\/v2\/product\/17283","targetHints":{"allow":["GET"]}}],"collection":[{"href":"https:\/\/babylove.se\/no\/wp-json\/wp\/v2\/product"}],"about":[{"href":"https:\/\/babylove.se\/no\/wp-json\/wp\/v2\/types\/product"}],"replies":[{"embeddable":true,"href":"https:\/\/babylove.se\/no\/wp-json\/wp\/v2\/comments?post=17283"}],"wp:featuredmedia":[{"embeddable":true,"href":"https:\/\/babylove.se\/no\/wp-json\/wp\/v2\/media\/17285"}],"wp:attachment":[{"href":"https:\/\/babylove.se\/no\/wp-json\/wp\/v2\/media?parent=17283"}],"wp:term":[{"taxonomy":"product_brand","embeddable":true,"href":"https:\/\/babylove.se\/no\/wp-json\/wp\/v2\/product_brand?post=17283"},{"taxonomy":"product_cat","embeddable":true,"href":"https:\/\/babylove.se\/no\/wp-json\/wp\/v2\/product_cat?post=17283"},{"taxonomy":"product_tag","embeddable":true,"href":"https:\/\/babylove.se\/no\/wp-json\/wp\/v2\/product_tag?post=17283"}],"curies":[{"name":"wp","href":"https:\/\/api.w.org\/{rel}","templated":true}]}}