{"id":17289,"date":"2025-07-18T22:08:36","date_gmt":"2025-07-18T21:08:36","guid":{"rendered":"https:\/\/babylove.se\/produkt\/dessin-design-poster-abc-penguin-a3\/"},"modified":"2026-04-08T09:12:49","modified_gmt":"2026-04-08T08:12:49","slug":"dessin-design-plakat-abc-penguin-a3","status":"publish","type":"product","link":"https:\/\/babylove.se\/no\/produkt\/dessin-design-plakat-abc-penguin-a3\/","title":{"rendered":"Dessin Design, plakat ABC pingvin A3"},"content":{"rendered":"<p>En superfin og s\u00f8t plakat til barnerommet som er trykket p\u00e5 et mellomglansig papir og med et motiv av det svenske alfabetet. En perfekt og leken m\u00e5te for ditt barn \u00e5 bli kjent med bokstaver p\u00e5.<\/p>\n<p>Plakaten er designet for \u00e5 passe i alle typer barnerom og pingvinen p\u00e5 bildet pleier \u00e5 v\u00e6re meget verdsatt av barna.<\/p>\n<p>M\u00e5l A3 : Ca 30 \u00d7 42 centimeter<\/p>\n<p>Designer: <a href=\"https:\/\/babylove.se\/varumarken\/dessin-design\">Dessin Design<\/a><\/p>\n","protected":false},"excerpt":{"rendered":"<p>En superfin og s\u00f8t plakat til barnerommet som er trykket p\u00e5 et mellomglansig papir og med et motiv av det svenske alfabetet. En perfekt og leken m\u00e5te for ditt barn \u00e5 bli kjent med bokstaver p\u00e5. Plakaten er designet for \u00e5 passe i alle typer barnerom og pingvinen p\u00e5 bildet pleier \u00e5 v\u00e6re meget verdsatt [&hellip;]<\/p>\n","protected":false},"featured_media":17291,"comment_status":"closed","ping_status":"open","template":"","meta":{"_acf_changed":false},"product_brand":[741],"product_cat":[742,255],"product_tag":[],"class_list":{"0":"post-17289","1":"product","2":"type-product","3":"status-publish","4":"has-post-thumbnail","6":"product_brand-dessin-design","7":"product_cat-dessin-design","8":"product_cat-plakater","10":"first","11":"outofstock","12":"taxable","13":"shipping-taxable","14":"purchasable","15":"product-type-simple"},"acf":[],"yoast_head":"<!-- This site is optimized with the Yoast SEO Premium plugin v25.8 (Yoast SEO v27.2) - https:\/\/yoast.com\/product\/yoast-seo-premium-wordpress\/ -->\n<title>Dessin Design, plakat ABC pingvin A3 - Babylove Norska<\/title>\n<meta name=\"robots\" content=\"noindex, follow, max-snippet:-1, max-image-preview:large, max-video-preview:-1\" \/>\n<meta property=\"og:locale\" content=\"nb_NO\" \/>\n<meta property=\"og:type\" content=\"article\" \/>\n<meta property=\"og:title\" content=\"Dessin Design, plakat ABC pingvin A3\" \/>\n<meta property=\"og:description\" content=\"En superfin og s\u00f8t plakat til barnerommet som er trykket p\u00e5 et mellomglansig papir og med et motiv av det svenske alfabetet. En perfekt og leken m\u00e5te for ditt barn \u00e5 bli kjent med bokstaver p\u00e5. Plakaten er designet for \u00e5 passe i alle typer barnerom og pingvinen p\u00e5 bildet pleier \u00e5 v\u00e6re meget verdsatt [&hellip;]\" \/>\n<meta property=\"og:url\" content=\"https:\/\/babylove.se\/no\/produkt\/dessin-design-plakat-abc-penguin-a3\/\" \/>\n<meta property=\"og:site_name\" content=\"Babylove Norska\" \/>\n<meta property=\"article:modified_time\" content=\"2026-04-08T08:12:49+00:00\" \/>\n<meta property=\"og:image\" content=\"https:\/\/babylove.se\/no\/wp-content\/uploads\/sites\/3\/2025\/07\/5e58d0e4a2702.jpeg\" \/>\n\t<meta property=\"og:image:width\" content=\"750\" \/>\n\t<meta property=\"og:image:height\" content=\"750\" \/>\n\t<meta property=\"og:image:type\" content=\"image\/jpeg\" \/>\n<meta name=\"twitter:card\" content=\"summary_large_image\" \/>\n<meta name=\"twitter:label1\" content=\"Price\" \/>\n\t<meta name=\"twitter:data1\" content=\"199,00&nbsp;&#107;&#114;\" \/>\n\t<meta name=\"twitter:label2\" content=\"Availability\" \/>\n\t<meta name=\"twitter:data2\" content=\"Out of stock\" \/>\n<script type=\"application\/ld+json\" class=\"yoast-schema-graph\">{\"@context\":\"https:\/\/schema.org\",\"@graph\":[{\"@type\":\"WebPage\",\"@id\":\"https:\/\/babylove.se\/no\/produkt\/dessin-design-plakat-abc-penguin-a3\/\",\"url\":\"https:\/\/babylove.se\/no\/produkt\/dessin-design-plakat-abc-penguin-a3\/\",\"name\":\"Dessin Design, plakat ABC pingvin A3 - Babylove Norska\",\"isPartOf\":{\"@id\":\"https:\/\/babylove.se\/no\/#website\"},\"primaryImageOfPage\":{\"@id\":\"https:\/\/babylove.se\/no\/produkt\/dessin-design-plakat-abc-penguin-a3\/#primaryimage\"},\"image\":{\"@id\":\"https:\/\/babylove.se\/no\/produkt\/dessin-design-plakat-abc-penguin-a3\/#primaryimage\"},\"thumbnailUrl\":\"https:\/\/babylove.se\/no\/wp-content\/uploads\/sites\/3\/2025\/07\/5e58d0e4a2702.jpeg\",\"datePublished\":\"2025-07-18T21:08:36+00:00\",\"dateModified\":\"2026-04-08T08:12:49+00:00\",\"breadcrumb\":{\"@id\":\"https:\/\/babylove.se\/no\/produkt\/dessin-design-plakat-abc-penguin-a3\/#breadcrumb\"},\"inLanguage\":\"nb-NO\",\"potentialAction\":[{\"@type\":\"ReadAction\",\"target\":[\"https:\/\/babylove.se\/no\/produkt\/dessin-design-plakat-abc-penguin-a3\/\"]}]},{\"@type\":\"ImageObject\",\"inLanguage\":\"nb-NO\",\"@id\":\"https:\/\/babylove.se\/no\/produkt\/dessin-design-plakat-abc-penguin-a3\/#primaryimage\",\"url\":\"https:\/\/babylove.se\/no\/wp-content\/uploads\/sites\/3\/2025\/07\/5e58d0e4a2702.jpeg\",\"contentUrl\":\"https:\/\/babylove.se\/no\/wp-content\/uploads\/sites\/3\/2025\/07\/5e58d0e4a2702.jpeg\",\"width\":750,\"height\":750},{\"@type\":\"BreadcrumbList\",\"@id\":\"https:\/\/babylove.se\/no\/produkt\/dessin-design-plakat-abc-penguin-a3\/#breadcrumb\",\"itemListElement\":[{\"@type\":\"ListItem\",\"position\":1,\"name\":\"Hem\",\"item\":\"https:\/\/babylove.se\/no\/\"},{\"@type\":\"ListItem\",\"position\":2,\"name\":\"Butik\",\"item\":\"https:\/\/babylove.se\/no\/butik\/\"},{\"@type\":\"ListItem\",\"position\":3,\"name\":\"Dessin Design, plakat ABC pingvin A3\"}]},{\"@type\":\"WebSite\",\"@id\":\"https:\/\/babylove.se\/no\/#website\",\"url\":\"https:\/\/babylove.se\/no\/\",\"name\":\"Babylove Norska\",\"description\":\"\",\"potentialAction\":[{\"@type\":\"SearchAction\",\"target\":{\"@type\":\"EntryPoint\",\"urlTemplate\":\"https:\/\/babylove.se\/no\/?s={search_term_string}\"},\"query-input\":{\"@type\":\"PropertyValueSpecification\",\"valueRequired\":true,\"valueName\":\"search_term_string\"}}],\"inLanguage\":\"nb-NO\"}]}<\/script>\n<meta property=\"product:brand\" content=\"Dessin Design\" \/>\n<meta property=\"product:price:amount\" content=\"199.00\" \/>\n<meta property=\"product:price:currency\" content=\"SEK\" \/>\n<meta property=\"og:availability\" content=\"out of stock\" \/>\n<meta property=\"product:availability\" content=\"out of stock\" \/>\n<meta property=\"product:retailer_item_id\" content=\"PO143B\" \/>\n<meta property=\"product:condition\" content=\"new\" \/>\n<!-- \/ Yoast SEO Premium plugin. -->","yoast_head_json":{"title":"Dessin Design, plakat ABC pingvin A3 - Babylove Norska","robots":{"index":"noindex","follow":"follow","max-snippet":"max-snippet:-1","max-image-preview":"max-image-preview:large","max-video-preview":"max-video-preview:-1"},"og_locale":"nb_NO","og_type":"article","og_title":"Dessin Design, plakat ABC pingvin A3","og_description":"En superfin og s\u00f8t plakat til barnerommet som er trykket p\u00e5 et mellomglansig papir og med et motiv av det svenske alfabetet. En perfekt og leken m\u00e5te for ditt barn \u00e5 bli kjent med bokstaver p\u00e5. Plakaten er designet for \u00e5 passe i alle typer barnerom og pingvinen p\u00e5 bildet pleier \u00e5 v\u00e6re meget verdsatt [&hellip;]","og_url":"https:\/\/babylove.se\/no\/produkt\/dessin-design-plakat-abc-penguin-a3\/","og_site_name":"Babylove Norska","article_modified_time":"2026-04-08T08:12:49+00:00","og_image":[{"width":750,"height":750,"url":"https:\/\/babylove.se\/no\/wp-content\/uploads\/sites\/3\/2025\/07\/5e58d0e4a2702.jpeg","type":"image\/jpeg"}],"twitter_card":"summary_large_image","twitter_misc":{"Price":"199,00&nbsp;&#107;&#114;","Availability":"Out of stock"},"schema":{"@context":"https:\/\/schema.org","@graph":[{"@type":"WebPage","@id":"https:\/\/babylove.se\/no\/produkt\/dessin-design-plakat-abc-penguin-a3\/","url":"https:\/\/babylove.se\/no\/produkt\/dessin-design-plakat-abc-penguin-a3\/","name":"Dessin Design, plakat ABC pingvin A3 - Babylove Norska","isPartOf":{"@id":"https:\/\/babylove.se\/no\/#website"},"primaryImageOfPage":{"@id":"https:\/\/babylove.se\/no\/produkt\/dessin-design-plakat-abc-penguin-a3\/#primaryimage"},"image":{"@id":"https:\/\/babylove.se\/no\/produkt\/dessin-design-plakat-abc-penguin-a3\/#primaryimage"},"thumbnailUrl":"https:\/\/babylove.se\/no\/wp-content\/uploads\/sites\/3\/2025\/07\/5e58d0e4a2702.jpeg","datePublished":"2025-07-18T21:08:36+00:00","dateModified":"2026-04-08T08:12:49+00:00","breadcrumb":{"@id":"https:\/\/babylove.se\/no\/produkt\/dessin-design-plakat-abc-penguin-a3\/#breadcrumb"},"inLanguage":"nb-NO","potentialAction":[{"@type":"ReadAction","target":["https:\/\/babylove.se\/no\/produkt\/dessin-design-plakat-abc-penguin-a3\/"]}]},{"@type":"ImageObject","inLanguage":"nb-NO","@id":"https:\/\/babylove.se\/no\/produkt\/dessin-design-plakat-abc-penguin-a3\/#primaryimage","url":"https:\/\/babylove.se\/no\/wp-content\/uploads\/sites\/3\/2025\/07\/5e58d0e4a2702.jpeg","contentUrl":"https:\/\/babylove.se\/no\/wp-content\/uploads\/sites\/3\/2025\/07\/5e58d0e4a2702.jpeg","width":750,"height":750},{"@type":"BreadcrumbList","@id":"https:\/\/babylove.se\/no\/produkt\/dessin-design-plakat-abc-penguin-a3\/#breadcrumb","itemListElement":[{"@type":"ListItem","position":1,"name":"Hem","item":"https:\/\/babylove.se\/no\/"},{"@type":"ListItem","position":2,"name":"Butik","item":"https:\/\/babylove.se\/no\/butik\/"},{"@type":"ListItem","position":3,"name":"Dessin Design, plakat ABC pingvin A3"}]},{"@type":"WebSite","@id":"https:\/\/babylove.se\/no\/#website","url":"https:\/\/babylove.se\/no\/","name":"Babylove Norska","description":"","potentialAction":[{"@type":"SearchAction","target":{"@type":"EntryPoint","urlTemplate":"https:\/\/babylove.se\/no\/?s={search_term_string}"},"query-input":{"@type":"PropertyValueSpecification","valueRequired":true,"valueName":"search_term_string"}}],"inLanguage":"nb-NO"}]},"product_brand":"Dessin Design","product_price_amount":"199.00","product_price_currency":"SEK","og_availability":"out of stock","product_availability":"out of stock","product_retailer_item_id":"PO143B","product_condition":"new"},"_links":{"self":[{"href":"https:\/\/babylove.se\/no\/wp-json\/wp\/v2\/product\/17289","targetHints":{"allow":["GET"]}}],"collection":[{"href":"https:\/\/babylove.se\/no\/wp-json\/wp\/v2\/product"}],"about":[{"href":"https:\/\/babylove.se\/no\/wp-json\/wp\/v2\/types\/product"}],"replies":[{"embeddable":true,"href":"https:\/\/babylove.se\/no\/wp-json\/wp\/v2\/comments?post=17289"}],"wp:featuredmedia":[{"embeddable":true,"href":"https:\/\/babylove.se\/no\/wp-json\/wp\/v2\/media\/17291"}],"wp:attachment":[{"href":"https:\/\/babylove.se\/no\/wp-json\/wp\/v2\/media?parent=17289"}],"wp:term":[{"taxonomy":"product_brand","embeddable":true,"href":"https:\/\/babylove.se\/no\/wp-json\/wp\/v2\/product_brand?post=17289"},{"taxonomy":"product_cat","embeddable":true,"href":"https:\/\/babylove.se\/no\/wp-json\/wp\/v2\/product_cat?post=17289"},{"taxonomy":"product_tag","embeddable":true,"href":"https:\/\/babylove.se\/no\/wp-json\/wp\/v2\/product_tag?post=17289"}],"curies":[{"name":"wp","href":"https:\/\/api.w.org\/{rel}","templated":true}]}}