{"id":17331,"date":"2025-07-18T22:08:58","date_gmt":"2025-07-18T21:08:58","guid":{"rendered":"https:\/\/babylove.se\/produkt\/kandu-vit-rutschkana-i-tra\/"},"modified":"2026-04-08T09:13:12","modified_gmt":"2026-04-08T08:13:12","slug":"kan-du-hvit-rutsjebane-i-tre","status":"publish","type":"product","link":"https:\/\/babylove.se\/no\/produkt\/kan-du-hvit-rutsjebane-i-tre\/","title":{"rendered":"Babylove, hvit rutsjebane i tre"},"content":{"rendered":"<p>Denne sklien er laget av tre av h\u00f8y kvalitet, som deretter er malt i en fin men giftfri farge, s\u00e5 den er helt trygg for barn.<\/p>\n<p>Sklien er bygget i en solid konstruksjon med en bred trapp som gj\u00f8r det enkelt for barnet ditt \u00e5 klatre opp for den. Sklien er konstruert for \u00e5 brukes hjemme, innend\u00f8rs men selvf\u00f8lgelig ogs\u00e5 p\u00e5 terrassen n\u00e5r v\u00e6ret tillater det. Anbefalingen er at barn under 1,5 \u00e5r ikke skal bruke den, men s\u00e5 kan den brukes for opptil 30 kg av gangen, s\u00e5 vi garanterer mye glede og moro.<\/p>\n<p>Sklien er enkel \u00e5 montere, du trenger ikke engang noen verkt\u00f8y.<\/p>\n<p>Tenk alltid p\u00e5 sikkerheten og la ikke barnet leke i sklien uten tilsyn, den er bygget med barnets sikkerhet i tankene men denne typen lek krever oppsyn.<\/p>\n<p>Sklien har et europeisk sikkerhetssertifikat, den fungerer best hvis den lander i noe mykt, som f.eks. et ballbasseng eller et teppe.&nbsp;<\/p>\n<p><strong>M\u00e5l<\/strong>:<\/p>\n<p>&#8211; Total h\u00f8yde: 86 cm<\/p>\n<p>&#8211; Sitteh\u00f8yde: 60 cm&nbsp;<\/p>\n<p>-Total lengde: 150 cm&nbsp;<\/p>\n<p>&#8211; Utgangsbredde: 38 cm<\/p>\n<p>Materiale: Kryssfiner, MDF<\/p>\n","protected":false},"excerpt":{"rendered":"<p>Denne sklien er laget av tre av h\u00f8y kvalitet, som deretter er malt i en fin men giftfri farge, s\u00e5 den er helt trygg for barn. Sklien er bygget i en solid konstruksjon med en bred trapp som gj\u00f8r det enkelt for barnet ditt \u00e5 klatre opp for den. Sklien er konstruert for \u00e5 brukes [&hellip;]<\/p>\n","protected":false},"featured_media":17333,"comment_status":"closed","ping_status":"open","template":"","meta":{"_acf_changed":false},"product_brand":[743],"product_cat":[203],"product_tag":[],"class_list":{"0":"post-17331","1":"product","2":"type-product","3":"status-publish","4":"has-post-thumbnail","6":"product_brand-kandu","7":"product_cat-rutsjebaner","9":"first","10":"outofstock","11":"taxable","12":"shipping-taxable","13":"purchasable","14":"product-type-simple"},"acf":[],"yoast_head":"<!-- This site is optimized with the Yoast SEO Premium plugin v25.8 (Yoast SEO v27.2) - https:\/\/yoast.com\/product\/yoast-seo-premium-wordpress\/ -->\n<title>Rutschkana vit fr\u00e5n Babylove | Fri Frakt<\/title>\n<meta name=\"description\" content=\"Denna fantastiska och prisv\u00e4rda Vita Rutschkanan fr\u00e5n Babylove, \u00e4r helt utformad med barnet i \u00e5tanke - Fri Frakt - Snabba leveranser - H\u00f6g kvalitet!\" \/>\n<meta name=\"robots\" content=\"noindex, follow, max-snippet:-1, max-image-preview:large, max-video-preview:-1\" \/>\n<meta property=\"og:locale\" content=\"nb_NO\" \/>\n<meta property=\"og:type\" content=\"article\" \/>\n<meta property=\"og:title\" content=\"Babylove, hvit rutsjebane i tre\" \/>\n<meta property=\"og:description\" content=\"Denna fantastiska och prisv\u00e4rda Vita Rutschkanan fr\u00e5n Babylove, \u00e4r helt utformad med barnet i \u00e5tanke - Fri Frakt - Snabba leveranser - H\u00f6g kvalitet!\" \/>\n<meta property=\"og:url\" content=\"https:\/\/babylove.se\/no\/produkt\/kan-du-hvit-rutsjebane-i-tre\/\" \/>\n<meta property=\"og:site_name\" content=\"Babylove Norska\" \/>\n<meta property=\"article:modified_time\" content=\"2026-04-08T08:13:12+00:00\" \/>\n<meta property=\"og:image\" content=\"https:\/\/babylove.se\/no\/wp-content\/uploads\/sites\/3\/2025\/07\/5e58f8c3dc94b.jpeg\" \/>\n\t<meta property=\"og:image:width\" content=\"750\" \/>\n\t<meta property=\"og:image:height\" content=\"750\" \/>\n\t<meta property=\"og:image:type\" content=\"image\/jpeg\" \/>\n<meta name=\"twitter:card\" content=\"summary_large_image\" \/>\n<meta name=\"twitter:label1\" content=\"Price\" \/>\n\t<meta name=\"twitter:data1\" content=\"1 499,00&nbsp;&#107;&#114;\" \/>\n\t<meta name=\"twitter:label2\" content=\"Availability\" \/>\n\t<meta name=\"twitter:data2\" content=\"Out of stock\" \/>\n<script type=\"application\/ld+json\" class=\"yoast-schema-graph\">{\"@context\":\"https:\/\/schema.org\",\"@graph\":[{\"@type\":\"WebPage\",\"@id\":\"https:\/\/babylove.se\/no\/produkt\/kan-du-hvit-rutsjebane-i-tre\/\",\"url\":\"https:\/\/babylove.se\/no\/produkt\/kan-du-hvit-rutsjebane-i-tre\/\",\"name\":\"Rutschkana vit fr\u00e5n Babylove | Fri Frakt\",\"isPartOf\":{\"@id\":\"https:\/\/babylove.se\/no\/#website\"},\"primaryImageOfPage\":{\"@id\":\"https:\/\/babylove.se\/no\/produkt\/kan-du-hvit-rutsjebane-i-tre\/#primaryimage\"},\"image\":{\"@id\":\"https:\/\/babylove.se\/no\/produkt\/kan-du-hvit-rutsjebane-i-tre\/#primaryimage\"},\"thumbnailUrl\":\"https:\/\/babylove.se\/no\/wp-content\/uploads\/sites\/3\/2025\/07\/5e58f8c3dc94b.jpeg\",\"datePublished\":\"2025-07-18T21:08:58+00:00\",\"dateModified\":\"2026-04-08T08:13:12+00:00\",\"description\":\"Denna fantastiska och prisv\u00e4rda Vita Rutschkanan fr\u00e5n Babylove, \u00e4r helt utformad med barnet i \u00e5tanke - Fri Frakt - Snabba leveranser - H\u00f6g kvalitet!\",\"breadcrumb\":{\"@id\":\"https:\/\/babylove.se\/no\/produkt\/kan-du-hvit-rutsjebane-i-tre\/#breadcrumb\"},\"inLanguage\":\"nb-NO\",\"potentialAction\":[{\"@type\":\"ReadAction\",\"target\":[\"https:\/\/babylove.se\/no\/produkt\/kan-du-hvit-rutsjebane-i-tre\/\"]}]},{\"@type\":\"ImageObject\",\"inLanguage\":\"nb-NO\",\"@id\":\"https:\/\/babylove.se\/no\/produkt\/kan-du-hvit-rutsjebane-i-tre\/#primaryimage\",\"url\":\"https:\/\/babylove.se\/no\/wp-content\/uploads\/sites\/3\/2025\/07\/5e58f8c3dc94b.jpeg\",\"contentUrl\":\"https:\/\/babylove.se\/no\/wp-content\/uploads\/sites\/3\/2025\/07\/5e58f8c3dc94b.jpeg\",\"width\":750,\"height\":750},{\"@type\":\"BreadcrumbList\",\"@id\":\"https:\/\/babylove.se\/no\/produkt\/kan-du-hvit-rutsjebane-i-tre\/#breadcrumb\",\"itemListElement\":[{\"@type\":\"ListItem\",\"position\":1,\"name\":\"Hem\",\"item\":\"https:\/\/babylove.se\/no\/\"},{\"@type\":\"ListItem\",\"position\":2,\"name\":\"Butik\",\"item\":\"https:\/\/babylove.se\/no\/butik\/\"},{\"@type\":\"ListItem\",\"position\":3,\"name\":\"Babylove, hvit rutsjebane i tre\"}]},{\"@type\":\"WebSite\",\"@id\":\"https:\/\/babylove.se\/no\/#website\",\"url\":\"https:\/\/babylove.se\/no\/\",\"name\":\"Babylove Norska\",\"description\":\"\",\"potentialAction\":[{\"@type\":\"SearchAction\",\"target\":{\"@type\":\"EntryPoint\",\"urlTemplate\":\"https:\/\/babylove.se\/no\/?s={search_term_string}\"},\"query-input\":{\"@type\":\"PropertyValueSpecification\",\"valueRequired\":true,\"valueName\":\"search_term_string\"}}],\"inLanguage\":\"nb-NO\"}]}<\/script>\n<meta property=\"product:brand\" content=\"Kandu\" \/>\n<meta property=\"product:price:amount\" content=\"1499.00\" \/>\n<meta property=\"product:price:currency\" content=\"SEK\" \/>\n<meta property=\"og:availability\" content=\"out of stock\" \/>\n<meta property=\"product:availability\" content=\"out of stock\" \/>\n<meta property=\"product:retailer_item_id\" content=\"3047\" \/>\n<meta property=\"product:condition\" content=\"new\" \/>\n<!-- \/ Yoast SEO Premium plugin. -->","yoast_head_json":{"title":"Rutschkana vit fr\u00e5n Babylove | Fri Frakt","description":"Denna fantastiska och prisv\u00e4rda Vita Rutschkanan fr\u00e5n Babylove, \u00e4r helt utformad med barnet i \u00e5tanke - Fri Frakt - Snabba leveranser - H\u00f6g kvalitet!","robots":{"index":"noindex","follow":"follow","max-snippet":"max-snippet:-1","max-image-preview":"max-image-preview:large","max-video-preview":"max-video-preview:-1"},"og_locale":"nb_NO","og_type":"article","og_title":"Babylove, hvit rutsjebane i tre","og_description":"Denna fantastiska och prisv\u00e4rda Vita Rutschkanan fr\u00e5n Babylove, \u00e4r helt utformad med barnet i \u00e5tanke - Fri Frakt - Snabba leveranser - H\u00f6g kvalitet!","og_url":"https:\/\/babylove.se\/no\/produkt\/kan-du-hvit-rutsjebane-i-tre\/","og_site_name":"Babylove Norska","article_modified_time":"2026-04-08T08:13:12+00:00","og_image":[{"width":750,"height":750,"url":"https:\/\/babylove.se\/no\/wp-content\/uploads\/sites\/3\/2025\/07\/5e58f8c3dc94b.jpeg","type":"image\/jpeg"}],"twitter_card":"summary_large_image","twitter_misc":{"Price":"1 499,00&nbsp;&#107;&#114;","Availability":"Out of stock"},"schema":{"@context":"https:\/\/schema.org","@graph":[{"@type":"WebPage","@id":"https:\/\/babylove.se\/no\/produkt\/kan-du-hvit-rutsjebane-i-tre\/","url":"https:\/\/babylove.se\/no\/produkt\/kan-du-hvit-rutsjebane-i-tre\/","name":"Rutschkana vit fr\u00e5n Babylove | Fri Frakt","isPartOf":{"@id":"https:\/\/babylove.se\/no\/#website"},"primaryImageOfPage":{"@id":"https:\/\/babylove.se\/no\/produkt\/kan-du-hvit-rutsjebane-i-tre\/#primaryimage"},"image":{"@id":"https:\/\/babylove.se\/no\/produkt\/kan-du-hvit-rutsjebane-i-tre\/#primaryimage"},"thumbnailUrl":"https:\/\/babylove.se\/no\/wp-content\/uploads\/sites\/3\/2025\/07\/5e58f8c3dc94b.jpeg","datePublished":"2025-07-18T21:08:58+00:00","dateModified":"2026-04-08T08:13:12+00:00","description":"Denna fantastiska och prisv\u00e4rda Vita Rutschkanan fr\u00e5n Babylove, \u00e4r helt utformad med barnet i \u00e5tanke - Fri Frakt - Snabba leveranser - H\u00f6g kvalitet!","breadcrumb":{"@id":"https:\/\/babylove.se\/no\/produkt\/kan-du-hvit-rutsjebane-i-tre\/#breadcrumb"},"inLanguage":"nb-NO","potentialAction":[{"@type":"ReadAction","target":["https:\/\/babylove.se\/no\/produkt\/kan-du-hvit-rutsjebane-i-tre\/"]}]},{"@type":"ImageObject","inLanguage":"nb-NO","@id":"https:\/\/babylove.se\/no\/produkt\/kan-du-hvit-rutsjebane-i-tre\/#primaryimage","url":"https:\/\/babylove.se\/no\/wp-content\/uploads\/sites\/3\/2025\/07\/5e58f8c3dc94b.jpeg","contentUrl":"https:\/\/babylove.se\/no\/wp-content\/uploads\/sites\/3\/2025\/07\/5e58f8c3dc94b.jpeg","width":750,"height":750},{"@type":"BreadcrumbList","@id":"https:\/\/babylove.se\/no\/produkt\/kan-du-hvit-rutsjebane-i-tre\/#breadcrumb","itemListElement":[{"@type":"ListItem","position":1,"name":"Hem","item":"https:\/\/babylove.se\/no\/"},{"@type":"ListItem","position":2,"name":"Butik","item":"https:\/\/babylove.se\/no\/butik\/"},{"@type":"ListItem","position":3,"name":"Babylove, hvit rutsjebane i tre"}]},{"@type":"WebSite","@id":"https:\/\/babylove.se\/no\/#website","url":"https:\/\/babylove.se\/no\/","name":"Babylove Norska","description":"","potentialAction":[{"@type":"SearchAction","target":{"@type":"EntryPoint","urlTemplate":"https:\/\/babylove.se\/no\/?s={search_term_string}"},"query-input":{"@type":"PropertyValueSpecification","valueRequired":true,"valueName":"search_term_string"}}],"inLanguage":"nb-NO"}]},"product_brand":"Kandu","product_price_amount":"1499.00","product_price_currency":"SEK","og_availability":"out of stock","product_availability":"out of stock","product_retailer_item_id":"3047","product_condition":"new"},"_links":{"self":[{"href":"https:\/\/babylove.se\/no\/wp-json\/wp\/v2\/product\/17331","targetHints":{"allow":["GET"]}}],"collection":[{"href":"https:\/\/babylove.se\/no\/wp-json\/wp\/v2\/product"}],"about":[{"href":"https:\/\/babylove.se\/no\/wp-json\/wp\/v2\/types\/product"}],"replies":[{"embeddable":true,"href":"https:\/\/babylove.se\/no\/wp-json\/wp\/v2\/comments?post=17331"}],"wp:featuredmedia":[{"embeddable":true,"href":"https:\/\/babylove.se\/no\/wp-json\/wp\/v2\/media\/17333"}],"wp:attachment":[{"href":"https:\/\/babylove.se\/no\/wp-json\/wp\/v2\/media?parent=17331"}],"wp:term":[{"taxonomy":"product_brand","embeddable":true,"href":"https:\/\/babylove.se\/no\/wp-json\/wp\/v2\/product_brand?post=17331"},{"taxonomy":"product_cat","embeddable":true,"href":"https:\/\/babylove.se\/no\/wp-json\/wp\/v2\/product_cat?post=17331"},{"taxonomy":"product_tag","embeddable":true,"href":"https:\/\/babylove.se\/no\/wp-json\/wp\/v2\/product_tag?post=17331"}],"curies":[{"name":"wp","href":"https:\/\/api.w.org\/{rel}","templated":true}]}}