{"id":17382,"date":"2025-07-18T22:09:26","date_gmt":"2025-07-18T21:09:26","guid":{"rendered":"https:\/\/babylove.se\/produkt\/liewood-randing-poncho-mustard-creme-de-la-creme\/"},"modified":"2026-04-08T09:13:40","modified_gmt":"2026-04-08T08:13:40","slug":"liewood-randing-poncho-sennep-creme-de-la-creme","status":"publish","type":"product","link":"https:\/\/babylove.se\/no\/produkt\/liewood-randing-poncho-sennep-creme-de-la-creme\/","title":{"rendered":"Liewood, badek\u00e5pe poncho sennep \/creme de la creme"},"content":{"rendered":"<p>En s\u00f8t og praktisk badeponcho fra det danske selskapet Liewood. Smart utformet med en hette. B\u00e5de du og ditt barn kommer til \u00e5 elske denne meget nyttige badeponchoet og vi lover at den vil bli brukt flittig hjemme i badekarret og p\u00e5 stranden under en varm sommerdag.<\/p>\n<p>Laget av 100 % \u00f8kologisk utvalgt bomull og holder h\u00f8yeste kvalitet.<\/p>\n<p>Maskinvask 40 grader.<\/p>\n<p>Designer: <a href=\"https:\/\/babylove.se\/varumarken\/liewood\"><u>Liewood<\/u><\/a><\/p>\n","protected":false},"excerpt":{"rendered":"<p>En s\u00f8t og praktisk badeponcho fra det danske selskapet Liewood. Smart utformet med en hette. B\u00e5de du og ditt barn kommer til \u00e5 elske denne meget nyttige badeponchoet og vi lover at den vil bli brukt flittig hjemme i badekarret og p\u00e5 stranden under en varm sommerdag. Laget av 100 % \u00f8kologisk utvalgt bomull og [&hellip;]<\/p>\n","protected":false},"featured_media":17384,"comment_status":"closed","ping_status":"open","template":"","meta":{"_acf_changed":false},"product_brand":[],"product_cat":[116,283],"product_tag":[],"class_list":{"0":"post-17382","1":"product","2":"type-product","3":"status-publish","4":"has-post-thumbnail","6":"product_cat-handkle-med-hette","7":"product_cat-liewood","8":"pa_storlek-1-2-ar","9":"pa_storlek-2-4-ar","10":"pa_storlek-4-6-a","12":"first","13":"outofstock","14":"taxable","15":"shipping-taxable","16":"purchasable","17":"product-type-variable"},"acf":[],"yoast_head":"<!-- This site is optimized with the Yoast SEO Premium plugin v25.8 (Yoast SEO v27.2) - https:\/\/yoast.com\/product\/yoast-seo-premium-wordpress\/ -->\n<title>Liewood, badek\u00e5pe poncho sennep \/creme de la creme - Babylove Norska<\/title>\n<meta name=\"robots\" content=\"noindex, follow, max-snippet:-1, max-image-preview:large, max-video-preview:-1\" \/>\n<meta property=\"og:locale\" content=\"nb_NO\" \/>\n<meta property=\"og:type\" content=\"article\" \/>\n<meta property=\"og:title\" content=\"Liewood, badek\u00e5pe poncho sennep \/creme de la creme\" \/>\n<meta property=\"og:description\" content=\"En s\u00f8t og praktisk badeponcho fra det danske selskapet Liewood. Smart utformet med en hette. B\u00e5de du og ditt barn kommer til \u00e5 elske denne meget nyttige badeponchoet og vi lover at den vil bli brukt flittig hjemme i badekarret og p\u00e5 stranden under en varm sommerdag. Laget av 100 % \u00f8kologisk utvalgt bomull og [&hellip;]\" \/>\n<meta property=\"og:url\" content=\"https:\/\/babylove.se\/no\/produkt\/liewood-randing-poncho-sennep-creme-de-la-creme\/\" \/>\n<meta property=\"og:site_name\" content=\"Babylove Norska\" \/>\n<meta property=\"article:modified_time\" content=\"2026-04-08T08:13:40+00:00\" \/>\n<meta property=\"og:image\" content=\"https:\/\/babylove.se\/no\/wp-content\/uploads\/sites\/3\/2025\/07\/5e6a131c5d487.jpeg\" \/>\n\t<meta property=\"og:image:width\" content=\"540\" \/>\n\t<meta property=\"og:image:height\" content=\"540\" \/>\n\t<meta property=\"og:image:type\" content=\"image\/jpeg\" \/>\n<meta name=\"twitter:card\" content=\"summary_large_image\" \/>\n<meta name=\"twitter:label1\" content=\"Availability\" \/>\n\t<meta name=\"twitter:data1\" content=\"Out of stock\" \/>\n<script type=\"application\/ld+json\" class=\"yoast-schema-graph\">{\"@context\":\"https:\/\/schema.org\",\"@graph\":[{\"@type\":\"WebPage\",\"@id\":\"https:\/\/babylove.se\/no\/produkt\/liewood-randing-poncho-sennep-creme-de-la-creme\/\",\"url\":\"https:\/\/babylove.se\/no\/produkt\/liewood-randing-poncho-sennep-creme-de-la-creme\/\",\"name\":\"Liewood, badek\u00e5pe poncho sennep \/creme de la creme - Babylove Norska\",\"isPartOf\":{\"@id\":\"https:\/\/babylove.se\/no\/#website\"},\"primaryImageOfPage\":{\"@id\":\"https:\/\/babylove.se\/no\/produkt\/liewood-randing-poncho-sennep-creme-de-la-creme\/#primaryimage\"},\"image\":{\"@id\":\"https:\/\/babylove.se\/no\/produkt\/liewood-randing-poncho-sennep-creme-de-la-creme\/#primaryimage\"},\"thumbnailUrl\":\"https:\/\/babylove.se\/no\/wp-content\/uploads\/sites\/3\/2025\/07\/5e6a131c5d487.jpeg\",\"datePublished\":\"2025-07-18T21:09:26+00:00\",\"dateModified\":\"2026-04-08T08:13:40+00:00\",\"breadcrumb\":{\"@id\":\"https:\/\/babylove.se\/no\/produkt\/liewood-randing-poncho-sennep-creme-de-la-creme\/#breadcrumb\"},\"inLanguage\":\"nb-NO\",\"potentialAction\":[{\"@type\":\"ReadAction\",\"target\":[\"https:\/\/babylove.se\/no\/produkt\/liewood-randing-poncho-sennep-creme-de-la-creme\/\"]}]},{\"@type\":\"ImageObject\",\"inLanguage\":\"nb-NO\",\"@id\":\"https:\/\/babylove.se\/no\/produkt\/liewood-randing-poncho-sennep-creme-de-la-creme\/#primaryimage\",\"url\":\"https:\/\/babylove.se\/no\/wp-content\/uploads\/sites\/3\/2025\/07\/5e6a131c5d487.jpeg\",\"contentUrl\":\"https:\/\/babylove.se\/no\/wp-content\/uploads\/sites\/3\/2025\/07\/5e6a131c5d487.jpeg\",\"width\":540,\"height\":540},{\"@type\":\"BreadcrumbList\",\"@id\":\"https:\/\/babylove.se\/no\/produkt\/liewood-randing-poncho-sennep-creme-de-la-creme\/#breadcrumb\",\"itemListElement\":[{\"@type\":\"ListItem\",\"position\":1,\"name\":\"Hem\",\"item\":\"https:\/\/babylove.se\/no\/\"},{\"@type\":\"ListItem\",\"position\":2,\"name\":\"Butik\",\"item\":\"https:\/\/babylove.se\/no\/butik\/\"},{\"@type\":\"ListItem\",\"position\":3,\"name\":\"Liewood, badek\u00e5pe poncho sennep \/creme de la creme\"}]},{\"@type\":\"WebSite\",\"@id\":\"https:\/\/babylove.se\/no\/#website\",\"url\":\"https:\/\/babylove.se\/no\/\",\"name\":\"Babylove Norska\",\"description\":\"\",\"potentialAction\":[{\"@type\":\"SearchAction\",\"target\":{\"@type\":\"EntryPoint\",\"urlTemplate\":\"https:\/\/babylove.se\/no\/?s={search_term_string}\"},\"query-input\":{\"@type\":\"PropertyValueSpecification\",\"valueRequired\":true,\"valueName\":\"search_term_string\"}}],\"inLanguage\":\"nb-NO\"}]}<\/script>\n<meta property=\"og:availability\" content=\"out of stock\" \/>\n<meta property=\"product:availability\" content=\"out of stock\" \/>\n<meta property=\"product:retailer_item_id\" content=\"mustardcreme-1-2-\u00e5r\" \/>\n<meta property=\"product:condition\" content=\"new\" \/>\n<!-- \/ Yoast SEO Premium plugin. -->","yoast_head_json":{"title":"Liewood, badek\u00e5pe poncho sennep \/creme de la creme - Babylove Norska","robots":{"index":"noindex","follow":"follow","max-snippet":"max-snippet:-1","max-image-preview":"max-image-preview:large","max-video-preview":"max-video-preview:-1"},"og_locale":"nb_NO","og_type":"article","og_title":"Liewood, badek\u00e5pe poncho sennep \/creme de la creme","og_description":"En s\u00f8t og praktisk badeponcho fra det danske selskapet Liewood. Smart utformet med en hette. B\u00e5de du og ditt barn kommer til \u00e5 elske denne meget nyttige badeponchoet og vi lover at den vil bli brukt flittig hjemme i badekarret og p\u00e5 stranden under en varm sommerdag. Laget av 100 % \u00f8kologisk utvalgt bomull og [&hellip;]","og_url":"https:\/\/babylove.se\/no\/produkt\/liewood-randing-poncho-sennep-creme-de-la-creme\/","og_site_name":"Babylove Norska","article_modified_time":"2026-04-08T08:13:40+00:00","og_image":[{"width":540,"height":540,"url":"https:\/\/babylove.se\/no\/wp-content\/uploads\/sites\/3\/2025\/07\/5e6a131c5d487.jpeg","type":"image\/jpeg"}],"twitter_card":"summary_large_image","twitter_misc":{"Availability":"Out of stock"},"schema":{"@context":"https:\/\/schema.org","@graph":[{"@type":"WebPage","@id":"https:\/\/babylove.se\/no\/produkt\/liewood-randing-poncho-sennep-creme-de-la-creme\/","url":"https:\/\/babylove.se\/no\/produkt\/liewood-randing-poncho-sennep-creme-de-la-creme\/","name":"Liewood, badek\u00e5pe poncho sennep \/creme de la creme - Babylove Norska","isPartOf":{"@id":"https:\/\/babylove.se\/no\/#website"},"primaryImageOfPage":{"@id":"https:\/\/babylove.se\/no\/produkt\/liewood-randing-poncho-sennep-creme-de-la-creme\/#primaryimage"},"image":{"@id":"https:\/\/babylove.se\/no\/produkt\/liewood-randing-poncho-sennep-creme-de-la-creme\/#primaryimage"},"thumbnailUrl":"https:\/\/babylove.se\/no\/wp-content\/uploads\/sites\/3\/2025\/07\/5e6a131c5d487.jpeg","datePublished":"2025-07-18T21:09:26+00:00","dateModified":"2026-04-08T08:13:40+00:00","breadcrumb":{"@id":"https:\/\/babylove.se\/no\/produkt\/liewood-randing-poncho-sennep-creme-de-la-creme\/#breadcrumb"},"inLanguage":"nb-NO","potentialAction":[{"@type":"ReadAction","target":["https:\/\/babylove.se\/no\/produkt\/liewood-randing-poncho-sennep-creme-de-la-creme\/"]}]},{"@type":"ImageObject","inLanguage":"nb-NO","@id":"https:\/\/babylove.se\/no\/produkt\/liewood-randing-poncho-sennep-creme-de-la-creme\/#primaryimage","url":"https:\/\/babylove.se\/no\/wp-content\/uploads\/sites\/3\/2025\/07\/5e6a131c5d487.jpeg","contentUrl":"https:\/\/babylove.se\/no\/wp-content\/uploads\/sites\/3\/2025\/07\/5e6a131c5d487.jpeg","width":540,"height":540},{"@type":"BreadcrumbList","@id":"https:\/\/babylove.se\/no\/produkt\/liewood-randing-poncho-sennep-creme-de-la-creme\/#breadcrumb","itemListElement":[{"@type":"ListItem","position":1,"name":"Hem","item":"https:\/\/babylove.se\/no\/"},{"@type":"ListItem","position":2,"name":"Butik","item":"https:\/\/babylove.se\/no\/butik\/"},{"@type":"ListItem","position":3,"name":"Liewood, badek\u00e5pe poncho sennep \/creme de la creme"}]},{"@type":"WebSite","@id":"https:\/\/babylove.se\/no\/#website","url":"https:\/\/babylove.se\/no\/","name":"Babylove Norska","description":"","potentialAction":[{"@type":"SearchAction","target":{"@type":"EntryPoint","urlTemplate":"https:\/\/babylove.se\/no\/?s={search_term_string}"},"query-input":{"@type":"PropertyValueSpecification","valueRequired":true,"valueName":"search_term_string"}}],"inLanguage":"nb-NO"}]},"og_availability":"out of stock","product_availability":"out of stock","product_retailer_item_id":"mustardcreme-1-2-\u00e5r","product_condition":"new"},"_links":{"self":[{"href":"https:\/\/babylove.se\/no\/wp-json\/wp\/v2\/product\/17382","targetHints":{"allow":["GET"]}}],"collection":[{"href":"https:\/\/babylove.se\/no\/wp-json\/wp\/v2\/product"}],"about":[{"href":"https:\/\/babylove.se\/no\/wp-json\/wp\/v2\/types\/product"}],"replies":[{"embeddable":true,"href":"https:\/\/babylove.se\/no\/wp-json\/wp\/v2\/comments?post=17382"}],"wp:featuredmedia":[{"embeddable":true,"href":"https:\/\/babylove.se\/no\/wp-json\/wp\/v2\/media\/17384"}],"wp:attachment":[{"href":"https:\/\/babylove.se\/no\/wp-json\/wp\/v2\/media?parent=17382"}],"wp:term":[{"taxonomy":"product_brand","embeddable":true,"href":"https:\/\/babylove.se\/no\/wp-json\/wp\/v2\/product_brand?post=17382"},{"taxonomy":"product_cat","embeddable":true,"href":"https:\/\/babylove.se\/no\/wp-json\/wp\/v2\/product_cat?post=17382"},{"taxonomy":"product_tag","embeddable":true,"href":"https:\/\/babylove.se\/no\/wp-json\/wp\/v2\/product_tag?post=17382"}],"curies":[{"name":"wp","href":"https:\/\/api.w.org\/{rel}","templated":true}]}}