{"id":17462,"date":"2025-07-18T22:10:00","date_gmt":"2025-07-18T21:10:00","guid":{"rendered":"https:\/\/babylove.se\/produkt\/poster-magic-forrest-poster-till-barnrummet\/"},"modified":"2026-04-08T09:14:33","modified_gmt":"2026-04-08T08:14:33","slug":"plakat-magic-forrest-plakat-til-barnerommet","status":"publish","type":"product","link":"https:\/\/babylove.se\/no\/produkt\/plakat-magic-forrest-plakat-til-barnerommet\/","title":{"rendered":"Plakat magisk skog, plakat til barnerommet"},"content":{"rendered":"<p>En underbart vakker plakat for barnerommet. Med disse plakatene kan du enkelt skape en unik f\u00f8lelse i barnerommets innredning og ditt barn vil elske de eventyrliknende motivene. <\/p>\n<p>Trykket er gjort p\u00e5 et meget h\u00f8ykvalitativt papir som dessuten er ubestr\u00f8ket, noe som gj\u00f8r at bildet ser ut som det er h\u00e5ndmalt. <\/p>\n<p><strong>M\u00e5l<\/strong>: Finnes i to st\u00f8rrelser : <\/p>\n<p>A3 format (29,7 cm x 42,0 cm) <\/p>\n<p>A2 format (42 cm x 59,4 cm )<\/p>\n","protected":false},"excerpt":{"rendered":"<p>En underbart vakker plakat for barnerommet. Med disse plakatene kan du enkelt skape en unik f\u00f8lelse i barnerommets innredning og ditt barn vil elske de eventyrliknende motivene. Trykket er gjort p\u00e5 et meget h\u00f8ykvalitativt papir som dessuten er ubestr\u00f8ket, noe som gj\u00f8r at bildet ser ut som det er h\u00e5ndmalt. M\u00e5l: Finnes i to st\u00f8rrelser [&hellip;]<\/p>\n","protected":false},"featured_media":17464,"comment_status":"open","ping_status":"closed","template":"","meta":{"_acf_changed":false},"product_brand":[22],"product_cat":[185,26,25,255],"product_tag":[1709],"class_list":{"0":"post-17462","1":"product","2":"type-product","3":"status-publish","4":"has-post-thumbnail","6":"product_brand-babylove","7":"product_cat-skog","8":"product_cat-kjop-produkter-som-ikke-bare-er-for-gutter","9":"product_cat-ikke-bare-jenter","10":"product_cat-plakater","11":"product_tag-utforsalg","12":"pa_storlek-a2","13":"pa_storlek-a3","15":"first","16":"instock","17":"taxable","18":"shipping-taxable","19":"purchasable","20":"product-type-variable"},"acf":[],"yoast_head":"<!-- This site is optimized with the Yoast SEO Premium plugin v25.8 (Yoast SEO v27.2) - https:\/\/yoast.com\/product\/yoast-seo-premium-wordpress\/ -->\n<title>Poster till barnrummet - Kanin - K\u00f6p den h\u00e4r<\/title>\n<meta name=\"description\" content=\"En underbart vacker poster f\u00f6r barnrummet med motiv av en fin kanin. Skickas inom 24 timmar ! Klarna faktura - V\u00e4lkommen till Babylove.se\" \/>\n<meta name=\"robots\" content=\"noindex, follow, max-snippet:-1, max-image-preview:large, max-video-preview:-1\" \/>\n<meta property=\"og:locale\" content=\"nb_NO\" \/>\n<meta property=\"og:type\" content=\"article\" \/>\n<meta property=\"og:title\" content=\"Plakat magisk skog, plakat til barnerommet\" \/>\n<meta property=\"og:description\" content=\"En underbart vacker poster f\u00f6r barnrummet med motiv av en fin kanin. Skickas inom 24 timmar ! Klarna faktura - V\u00e4lkommen till Babylove.se\" \/>\n<meta property=\"og:url\" content=\"https:\/\/babylove.se\/no\/produkt\/plakat-magic-forrest-plakat-til-barnerommet\/\" \/>\n<meta property=\"og:site_name\" content=\"Babylove Norska\" \/>\n<meta property=\"article:modified_time\" content=\"2026-04-08T08:14:33+00:00\" \/>\n<meta property=\"og:image\" content=\"https:\/\/babylove.se\/no\/wp-content\/uploads\/sites\/3\/2025\/07\/5e6a337a78344.png\" \/>\n\t<meta property=\"og:image:width\" content=\"530\" \/>\n\t<meta property=\"og:image:height\" content=\"750\" \/>\n\t<meta property=\"og:image:type\" content=\"image\/png\" \/>\n<meta name=\"twitter:card\" content=\"summary_large_image\" \/>\n<meta name=\"twitter:label1\" content=\"Availability\" \/>\n\t<meta name=\"twitter:data1\" content=\"In stock\" \/>\n<script type=\"application\/ld+json\" class=\"yoast-schema-graph\">{\"@context\":\"https:\/\/schema.org\",\"@graph\":[{\"@type\":\"WebPage\",\"@id\":\"https:\/\/babylove.se\/no\/produkt\/plakat-magic-forrest-plakat-til-barnerommet\/\",\"url\":\"https:\/\/babylove.se\/no\/produkt\/plakat-magic-forrest-plakat-til-barnerommet\/\",\"name\":\"Poster till barnrummet - Kanin - K\u00f6p den h\u00e4r\",\"isPartOf\":{\"@id\":\"https:\/\/babylove.se\/no\/#website\"},\"primaryImageOfPage\":{\"@id\":\"https:\/\/babylove.se\/no\/produkt\/plakat-magic-forrest-plakat-til-barnerommet\/#primaryimage\"},\"image\":{\"@id\":\"https:\/\/babylove.se\/no\/produkt\/plakat-magic-forrest-plakat-til-barnerommet\/#primaryimage\"},\"thumbnailUrl\":\"https:\/\/babylove.se\/no\/wp-content\/uploads\/sites\/3\/2025\/07\/5e6a337a78344.png\",\"datePublished\":\"2025-07-18T21:10:00+00:00\",\"dateModified\":\"2026-04-08T08:14:33+00:00\",\"description\":\"En underbart vacker poster f\u00f6r barnrummet med motiv av en fin kanin. Skickas inom 24 timmar ! Klarna faktura - V\u00e4lkommen till Babylove.se\",\"breadcrumb\":{\"@id\":\"https:\/\/babylove.se\/no\/produkt\/plakat-magic-forrest-plakat-til-barnerommet\/#breadcrumb\"},\"inLanguage\":\"nb-NO\",\"potentialAction\":[{\"@type\":\"ReadAction\",\"target\":[\"https:\/\/babylove.se\/no\/produkt\/plakat-magic-forrest-plakat-til-barnerommet\/\"]}]},{\"@type\":\"ImageObject\",\"inLanguage\":\"nb-NO\",\"@id\":\"https:\/\/babylove.se\/no\/produkt\/plakat-magic-forrest-plakat-til-barnerommet\/#primaryimage\",\"url\":\"https:\/\/babylove.se\/no\/wp-content\/uploads\/sites\/3\/2025\/07\/5e6a337a78344.png\",\"contentUrl\":\"https:\/\/babylove.se\/no\/wp-content\/uploads\/sites\/3\/2025\/07\/5e6a337a78344.png\",\"width\":530,\"height\":750},{\"@type\":\"BreadcrumbList\",\"@id\":\"https:\/\/babylove.se\/no\/produkt\/plakat-magic-forrest-plakat-til-barnerommet\/#breadcrumb\",\"itemListElement\":[{\"@type\":\"ListItem\",\"position\":1,\"name\":\"Hem\",\"item\":\"https:\/\/babylove.se\/no\/\"},{\"@type\":\"ListItem\",\"position\":2,\"name\":\"Butik\",\"item\":\"https:\/\/babylove.se\/no\/butik\/\"},{\"@type\":\"ListItem\",\"position\":3,\"name\":\"Plakat magisk skog, plakat til barnerommet\"}]},{\"@type\":\"WebSite\",\"@id\":\"https:\/\/babylove.se\/no\/#website\",\"url\":\"https:\/\/babylove.se\/no\/\",\"name\":\"Babylove Norska\",\"description\":\"\",\"potentialAction\":[{\"@type\":\"SearchAction\",\"target\":{\"@type\":\"EntryPoint\",\"urlTemplate\":\"https:\/\/babylove.se\/no\/?s={search_term_string}\"},\"query-input\":{\"@type\":\"PropertyValueSpecification\",\"valueRequired\":true,\"valueName\":\"search_term_string\"}}],\"inLanguage\":\"nb-NO\"}]}<\/script>\n<meta property=\"product:brand\" content=\"Babylove\" \/>\n<meta property=\"og:availability\" content=\"instock\" \/>\n<meta property=\"product:availability\" content=\"instock\" \/>\n<meta property=\"product:retailer_item_id\" content=\"Magisk_skogA3\" \/>\n<meta property=\"product:condition\" content=\"new\" \/>\n<!-- \/ Yoast SEO Premium plugin. -->","yoast_head_json":{"title":"Poster till barnrummet - Kanin - K\u00f6p den h\u00e4r","description":"En underbart vacker poster f\u00f6r barnrummet med motiv av en fin kanin. Skickas inom 24 timmar ! Klarna faktura - V\u00e4lkommen till Babylove.se","robots":{"index":"noindex","follow":"follow","max-snippet":"max-snippet:-1","max-image-preview":"max-image-preview:large","max-video-preview":"max-video-preview:-1"},"og_locale":"nb_NO","og_type":"article","og_title":"Plakat magisk skog, plakat til barnerommet","og_description":"En underbart vacker poster f\u00f6r barnrummet med motiv av en fin kanin. Skickas inom 24 timmar ! Klarna faktura - V\u00e4lkommen till Babylove.se","og_url":"https:\/\/babylove.se\/no\/produkt\/plakat-magic-forrest-plakat-til-barnerommet\/","og_site_name":"Babylove Norska","article_modified_time":"2026-04-08T08:14:33+00:00","og_image":[{"width":530,"height":750,"url":"https:\/\/babylove.se\/no\/wp-content\/uploads\/sites\/3\/2025\/07\/5e6a337a78344.png","type":"image\/png"}],"twitter_card":"summary_large_image","twitter_misc":{"Availability":"In stock"},"schema":{"@context":"https:\/\/schema.org","@graph":[{"@type":"WebPage","@id":"https:\/\/babylove.se\/no\/produkt\/plakat-magic-forrest-plakat-til-barnerommet\/","url":"https:\/\/babylove.se\/no\/produkt\/plakat-magic-forrest-plakat-til-barnerommet\/","name":"Poster till barnrummet - Kanin - K\u00f6p den h\u00e4r","isPartOf":{"@id":"https:\/\/babylove.se\/no\/#website"},"primaryImageOfPage":{"@id":"https:\/\/babylove.se\/no\/produkt\/plakat-magic-forrest-plakat-til-barnerommet\/#primaryimage"},"image":{"@id":"https:\/\/babylove.se\/no\/produkt\/plakat-magic-forrest-plakat-til-barnerommet\/#primaryimage"},"thumbnailUrl":"https:\/\/babylove.se\/no\/wp-content\/uploads\/sites\/3\/2025\/07\/5e6a337a78344.png","datePublished":"2025-07-18T21:10:00+00:00","dateModified":"2026-04-08T08:14:33+00:00","description":"En underbart vacker poster f\u00f6r barnrummet med motiv av en fin kanin. Skickas inom 24 timmar ! Klarna faktura - V\u00e4lkommen till Babylove.se","breadcrumb":{"@id":"https:\/\/babylove.se\/no\/produkt\/plakat-magic-forrest-plakat-til-barnerommet\/#breadcrumb"},"inLanguage":"nb-NO","potentialAction":[{"@type":"ReadAction","target":["https:\/\/babylove.se\/no\/produkt\/plakat-magic-forrest-plakat-til-barnerommet\/"]}]},{"@type":"ImageObject","inLanguage":"nb-NO","@id":"https:\/\/babylove.se\/no\/produkt\/plakat-magic-forrest-plakat-til-barnerommet\/#primaryimage","url":"https:\/\/babylove.se\/no\/wp-content\/uploads\/sites\/3\/2025\/07\/5e6a337a78344.png","contentUrl":"https:\/\/babylove.se\/no\/wp-content\/uploads\/sites\/3\/2025\/07\/5e6a337a78344.png","width":530,"height":750},{"@type":"BreadcrumbList","@id":"https:\/\/babylove.se\/no\/produkt\/plakat-magic-forrest-plakat-til-barnerommet\/#breadcrumb","itemListElement":[{"@type":"ListItem","position":1,"name":"Hem","item":"https:\/\/babylove.se\/no\/"},{"@type":"ListItem","position":2,"name":"Butik","item":"https:\/\/babylove.se\/no\/butik\/"},{"@type":"ListItem","position":3,"name":"Plakat magisk skog, plakat til barnerommet"}]},{"@type":"WebSite","@id":"https:\/\/babylove.se\/no\/#website","url":"https:\/\/babylove.se\/no\/","name":"Babylove Norska","description":"","potentialAction":[{"@type":"SearchAction","target":{"@type":"EntryPoint","urlTemplate":"https:\/\/babylove.se\/no\/?s={search_term_string}"},"query-input":{"@type":"PropertyValueSpecification","valueRequired":true,"valueName":"search_term_string"}}],"inLanguage":"nb-NO"}]},"product_brand":"Babylove","og_availability":"instock","product_availability":"instock","product_retailer_item_id":"Magisk_skogA3","product_condition":"new"},"_links":{"self":[{"href":"https:\/\/babylove.se\/no\/wp-json\/wp\/v2\/product\/17462","targetHints":{"allow":["GET"]}}],"collection":[{"href":"https:\/\/babylove.se\/no\/wp-json\/wp\/v2\/product"}],"about":[{"href":"https:\/\/babylove.se\/no\/wp-json\/wp\/v2\/types\/product"}],"replies":[{"embeddable":true,"href":"https:\/\/babylove.se\/no\/wp-json\/wp\/v2\/comments?post=17462"}],"wp:featuredmedia":[{"embeddable":true,"href":"https:\/\/babylove.se\/no\/wp-json\/wp\/v2\/media\/17464"}],"wp:attachment":[{"href":"https:\/\/babylove.se\/no\/wp-json\/wp\/v2\/media?parent=17462"}],"wp:term":[{"taxonomy":"product_brand","embeddable":true,"href":"https:\/\/babylove.se\/no\/wp-json\/wp\/v2\/product_brand?post=17462"},{"taxonomy":"product_cat","embeddable":true,"href":"https:\/\/babylove.se\/no\/wp-json\/wp\/v2\/product_cat?post=17462"},{"taxonomy":"product_tag","embeddable":true,"href":"https:\/\/babylove.se\/no\/wp-json\/wp\/v2\/product_tag?post=17462"}],"curies":[{"name":"wp","href":"https:\/\/api.w.org\/{rel}","templated":true}]}}