{"id":17486,"date":"2025-07-18T22:10:08","date_gmt":"2025-07-18T21:10:08","guid":{"rendered":"https:\/\/babylove.se\/produkt\/vaggklistermarke-angsblommor\/"},"modified":"2026-04-08T09:14:50","modified_gmt":"2026-04-08T08:14:50","slug":"veggklistremerke-engsblomster","status":"publish","type":"product","link":"https:\/\/babylove.se\/no\/produkt\/veggklistremerke-engsblomster\/","title":{"rendered":"Veggklistremerke engblomster"},"content":{"rendered":"<p>Et vakkert sett med veggklistremerker i form av vakre engblomster. \\n \\nMed disse kan du dekorere barnets rom med vakre blomster og skape mye magi p\u00e5 enklest m\u00e5te! \\n \\nVeggklistremerker i et barnerom er en enkel m\u00e5te \u00e5 dekorere din favorittmyskrok eller et kjedelig omr\u00e5de ved siden av en seng eller et skrivebord. \\n<\/p>\n<ul> \\n \\t<\/p>\n<li>Trykt med blekk trygt for barn p\u00e5 matt h\u00f8ykvalitetsfolie<\/li>\n<p> \\n \\t<\/p>\n<li>Selvklebende &#8211; har et lag med lim<\/li>\n<p> \\n \\t<\/p>\n<li>Du setter blomstene selv i din egen komposisjon<\/li>\n<p> \\n \\t<\/p>\n<li>De kan enkelt rengj\u00f8res med en svamp eller en klut<\/li>\n<p> \\n \\t<\/p>\n<li>Har sv\u00e6rt levende og herlige farger<\/li>\n<p> \\n<\/ul>\n<p> \\n<strong>M\u00e5l<\/strong>: finnes i 3 st\u00f8rrelser: \\n<\/p>\n<ul> \\n \\t<\/p>\n<li>L (store blomster cirka 35&#215;33 cm)<\/li>\n<p> \\n \\t<\/p>\n<li>XL (store blomster cirka 50&#215;48 cm)<\/li>\n<p> \\n \\t<\/p>\n<li>XXL (store blomster cirka 60&#215;57 cm)<\/li>\n<p> \\n<\/ul>\n<p> \\n<em>OBS! S\u00f8rg for at overflaten er t\u00f8rr og avfettet f\u00f8r du setter opp veggklistremerket. Fungerer ikke p\u00e5 ujevne vegger\/overflater. Klistremerkene er heller ikke egnet for vegger med en grov overflate eller hvis de er malt med lateksfarger eller tapetsert. Veggklistremerkene m\u00e5 v\u00e6re flate og ofte ligge og rettes ut minst 24 timer etter man har tatt dem ut av emballasjen f\u00f8r man kan sette dem opp p\u00e5 veggen.<\/em> \\n \\nDesigner: <a href=\"https:\/\/babylove.se\/varumarken\/babylove\">Babylove<\/a><\/p>\n","protected":false},"excerpt":{"rendered":"<p>Et vakkert sett med veggklistremerker i form av vakre engblomster. \\n \\nMed disse kan du dekorere barnets rom med vakre blomster og skape mye magi p\u00e5 enklest m\u00e5te! \\n \\nVeggklistremerker i et barnerom er en enkel m\u00e5te \u00e5 dekorere din favorittmyskrok eller et kjedelig omr\u00e5de ved siden av en seng eller et skrivebord. \\n \\n [&hellip;]<\/p>\n","protected":false},"featured_media":17488,"comment_status":"open","ping_status":"closed","template":"","meta":{"_acf_changed":false},"product_brand":[],"product_cat":[84,199,24],"product_tag":[1709],"class_list":{"0":"post-17486","1":"product","2":"type-product","3":"status-publish","4":"has-post-thumbnail","6":"product_cat-babylove","7":"product_cat-blomstrete","8":"product_cat-veggklistremerker","9":"product_tag-utforsalg","10":"pa_storlek-l","11":"pa_storlek-xl","12":"pa_storlek-xxl","14":"first","15":"instock","16":"taxable","17":"shipping-taxable","18":"purchasable","19":"product-type-variable"},"acf":[],"yoast_head":"<!-- This site is optimized with the Yoast SEO Premium plugin v25.8 (Yoast SEO v27.2) - https:\/\/yoast.com\/product\/yoast-seo-premium-wordpress\/ -->\n<title>Veggklistremerke engblomster - Babylove Norska<\/title>\n<meta name=\"robots\" content=\"noindex, follow, max-snippet:-1, max-image-preview:large, max-video-preview:-1\" \/>\n<meta property=\"og:locale\" content=\"nb_NO\" \/>\n<meta property=\"og:type\" content=\"article\" \/>\n<meta property=\"og:title\" content=\"Veggklistremerke engblomster\" \/>\n<meta property=\"og:description\" content=\"Et vakkert sett med veggklistremerker i form av vakre engblomster. n nMed disse kan du dekorere barnets rom med vakre blomster og skape mye magi p\u00e5 enklest m\u00e5te! n nVeggklistremerker i et barnerom er en enkel m\u00e5te \u00e5 dekorere din favorittmyskrok eller et kjedelig omr\u00e5de ved siden av en seng eller et skrivebord. n n [&hellip;]\" \/>\n<meta property=\"og:url\" content=\"https:\/\/babylove.se\/no\/produkt\/veggklistremerke-engsblomster\/\" \/>\n<meta property=\"og:site_name\" content=\"Babylove Norska\" \/>\n<meta property=\"article:modified_time\" content=\"2026-04-08T08:14:50+00:00\" \/>\n<meta property=\"og:image\" content=\"https:\/\/babylove.se\/no\/wp-content\/uploads\/sites\/3\/2025\/07\/5e6fdcf7028a7.jpeg\" \/>\n\t<meta property=\"og:image:width\" content=\"750\" \/>\n\t<meta property=\"og:image:height\" content=\"420\" \/>\n\t<meta property=\"og:image:type\" content=\"image\/jpeg\" \/>\n<meta name=\"twitter:card\" content=\"summary_large_image\" \/>\n<meta name=\"twitter:label1\" content=\"Availability\" \/>\n\t<meta name=\"twitter:data1\" content=\"In stock\" \/>\n<script type=\"application\/ld+json\" class=\"yoast-schema-graph\">{\"@context\":\"https:\/\/schema.org\",\"@graph\":[{\"@type\":\"WebPage\",\"@id\":\"https:\/\/babylove.se\/no\/produkt\/veggklistremerke-engsblomster\/\",\"url\":\"https:\/\/babylove.se\/no\/produkt\/veggklistremerke-engsblomster\/\",\"name\":\"Veggklistremerke engblomster - Babylove Norska\",\"isPartOf\":{\"@id\":\"https:\/\/babylove.se\/no\/#website\"},\"primaryImageOfPage\":{\"@id\":\"https:\/\/babylove.se\/no\/produkt\/veggklistremerke-engsblomster\/#primaryimage\"},\"image\":{\"@id\":\"https:\/\/babylove.se\/no\/produkt\/veggklistremerke-engsblomster\/#primaryimage\"},\"thumbnailUrl\":\"https:\/\/babylove.se\/no\/wp-content\/uploads\/sites\/3\/2025\/07\/5e6fdcf7028a7.jpeg\",\"datePublished\":\"2025-07-18T21:10:08+00:00\",\"dateModified\":\"2026-04-08T08:14:50+00:00\",\"breadcrumb\":{\"@id\":\"https:\/\/babylove.se\/no\/produkt\/veggklistremerke-engsblomster\/#breadcrumb\"},\"inLanguage\":\"nb-NO\",\"potentialAction\":[{\"@type\":\"ReadAction\",\"target\":[\"https:\/\/babylove.se\/no\/produkt\/veggklistremerke-engsblomster\/\"]}]},{\"@type\":\"ImageObject\",\"inLanguage\":\"nb-NO\",\"@id\":\"https:\/\/babylove.se\/no\/produkt\/veggklistremerke-engsblomster\/#primaryimage\",\"url\":\"https:\/\/babylove.se\/no\/wp-content\/uploads\/sites\/3\/2025\/07\/5e6fdcf7028a7.jpeg\",\"contentUrl\":\"https:\/\/babylove.se\/no\/wp-content\/uploads\/sites\/3\/2025\/07\/5e6fdcf7028a7.jpeg\",\"width\":750,\"height\":420},{\"@type\":\"BreadcrumbList\",\"@id\":\"https:\/\/babylove.se\/no\/produkt\/veggklistremerke-engsblomster\/#breadcrumb\",\"itemListElement\":[{\"@type\":\"ListItem\",\"position\":1,\"name\":\"Hem\",\"item\":\"https:\/\/babylove.se\/no\/\"},{\"@type\":\"ListItem\",\"position\":2,\"name\":\"Butik\",\"item\":\"https:\/\/babylove.se\/no\/butik\/\"},{\"@type\":\"ListItem\",\"position\":3,\"name\":\"Veggklistremerke engblomster\"}]},{\"@type\":\"WebSite\",\"@id\":\"https:\/\/babylove.se\/no\/#website\",\"url\":\"https:\/\/babylove.se\/no\/\",\"name\":\"Babylove Norska\",\"description\":\"\",\"potentialAction\":[{\"@type\":\"SearchAction\",\"target\":{\"@type\":\"EntryPoint\",\"urlTemplate\":\"https:\/\/babylove.se\/no\/?s={search_term_string}\"},\"query-input\":{\"@type\":\"PropertyValueSpecification\",\"valueRequired\":true,\"valueName\":\"search_term_string\"}}],\"inLanguage\":\"nb-NO\"}]}<\/script>\n<meta property=\"og:availability\" content=\"instock\" \/>\n<meta property=\"product:availability\" content=\"instock\" \/>\n<meta property=\"product:retailer_item_id\" content=\"DD\u00e4ngsblommor\" \/>\n<meta property=\"product:condition\" content=\"new\" \/>\n<!-- \/ Yoast SEO Premium plugin. -->","yoast_head_json":{"title":"Veggklistremerke engblomster - Babylove Norska","robots":{"index":"noindex","follow":"follow","max-snippet":"max-snippet:-1","max-image-preview":"max-image-preview:large","max-video-preview":"max-video-preview:-1"},"og_locale":"nb_NO","og_type":"article","og_title":"Veggklistremerke engblomster","og_description":"Et vakkert sett med veggklistremerker i form av vakre engblomster. n nMed disse kan du dekorere barnets rom med vakre blomster og skape mye magi p\u00e5 enklest m\u00e5te! n nVeggklistremerker i et barnerom er en enkel m\u00e5te \u00e5 dekorere din favorittmyskrok eller et kjedelig omr\u00e5de ved siden av en seng eller et skrivebord. n n [&hellip;]","og_url":"https:\/\/babylove.se\/no\/produkt\/veggklistremerke-engsblomster\/","og_site_name":"Babylove Norska","article_modified_time":"2026-04-08T08:14:50+00:00","og_image":[{"width":750,"height":420,"url":"https:\/\/babylove.se\/no\/wp-content\/uploads\/sites\/3\/2025\/07\/5e6fdcf7028a7.jpeg","type":"image\/jpeg"}],"twitter_card":"summary_large_image","twitter_misc":{"Availability":"In stock"},"schema":{"@context":"https:\/\/schema.org","@graph":[{"@type":"WebPage","@id":"https:\/\/babylove.se\/no\/produkt\/veggklistremerke-engsblomster\/","url":"https:\/\/babylove.se\/no\/produkt\/veggklistremerke-engsblomster\/","name":"Veggklistremerke engblomster - Babylove Norska","isPartOf":{"@id":"https:\/\/babylove.se\/no\/#website"},"primaryImageOfPage":{"@id":"https:\/\/babylove.se\/no\/produkt\/veggklistremerke-engsblomster\/#primaryimage"},"image":{"@id":"https:\/\/babylove.se\/no\/produkt\/veggklistremerke-engsblomster\/#primaryimage"},"thumbnailUrl":"https:\/\/babylove.se\/no\/wp-content\/uploads\/sites\/3\/2025\/07\/5e6fdcf7028a7.jpeg","datePublished":"2025-07-18T21:10:08+00:00","dateModified":"2026-04-08T08:14:50+00:00","breadcrumb":{"@id":"https:\/\/babylove.se\/no\/produkt\/veggklistremerke-engsblomster\/#breadcrumb"},"inLanguage":"nb-NO","potentialAction":[{"@type":"ReadAction","target":["https:\/\/babylove.se\/no\/produkt\/veggklistremerke-engsblomster\/"]}]},{"@type":"ImageObject","inLanguage":"nb-NO","@id":"https:\/\/babylove.se\/no\/produkt\/veggklistremerke-engsblomster\/#primaryimage","url":"https:\/\/babylove.se\/no\/wp-content\/uploads\/sites\/3\/2025\/07\/5e6fdcf7028a7.jpeg","contentUrl":"https:\/\/babylove.se\/no\/wp-content\/uploads\/sites\/3\/2025\/07\/5e6fdcf7028a7.jpeg","width":750,"height":420},{"@type":"BreadcrumbList","@id":"https:\/\/babylove.se\/no\/produkt\/veggklistremerke-engsblomster\/#breadcrumb","itemListElement":[{"@type":"ListItem","position":1,"name":"Hem","item":"https:\/\/babylove.se\/no\/"},{"@type":"ListItem","position":2,"name":"Butik","item":"https:\/\/babylove.se\/no\/butik\/"},{"@type":"ListItem","position":3,"name":"Veggklistremerke engblomster"}]},{"@type":"WebSite","@id":"https:\/\/babylove.se\/no\/#website","url":"https:\/\/babylove.se\/no\/","name":"Babylove Norska","description":"","potentialAction":[{"@type":"SearchAction","target":{"@type":"EntryPoint","urlTemplate":"https:\/\/babylove.se\/no\/?s={search_term_string}"},"query-input":{"@type":"PropertyValueSpecification","valueRequired":true,"valueName":"search_term_string"}}],"inLanguage":"nb-NO"}]},"og_availability":"instock","product_availability":"instock","product_retailer_item_id":"DD\u00e4ngsblommor","product_condition":"new"},"_links":{"self":[{"href":"https:\/\/babylove.se\/no\/wp-json\/wp\/v2\/product\/17486","targetHints":{"allow":["GET"]}}],"collection":[{"href":"https:\/\/babylove.se\/no\/wp-json\/wp\/v2\/product"}],"about":[{"href":"https:\/\/babylove.se\/no\/wp-json\/wp\/v2\/types\/product"}],"replies":[{"embeddable":true,"href":"https:\/\/babylove.se\/no\/wp-json\/wp\/v2\/comments?post=17486"}],"wp:featuredmedia":[{"embeddable":true,"href":"https:\/\/babylove.se\/no\/wp-json\/wp\/v2\/media\/17488"}],"wp:attachment":[{"href":"https:\/\/babylove.se\/no\/wp-json\/wp\/v2\/media?parent=17486"}],"wp:term":[{"taxonomy":"product_brand","embeddable":true,"href":"https:\/\/babylove.se\/no\/wp-json\/wp\/v2\/product_brand?post=17486"},{"taxonomy":"product_cat","embeddable":true,"href":"https:\/\/babylove.se\/no\/wp-json\/wp\/v2\/product_cat?post=17486"},{"taxonomy":"product_tag","embeddable":true,"href":"https:\/\/babylove.se\/no\/wp-json\/wp\/v2\/product_tag?post=17486"}],"curies":[{"name":"wp","href":"https:\/\/api.w.org\/{rel}","templated":true}]}}