{"id":17505,"date":"2025-07-18T22:10:08","date_gmt":"2025-07-18T21:10:08","guid":{"rendered":"https:\/\/babylove.se\/produkt\/jabadabado-bultbrada-silver\/"},"modified":"2026-04-08T09:14:56","modified_gmt":"2026-04-08T08:14:56","slug":"jabadabado-bultbrada-solv","status":"publish","type":"product","link":"https:\/\/babylove.se\/no\/produkt\/jabadabado-bultbrada-solv\/","title":{"rendered":"Jabadabado Bankebrett s\u00f8lv"},"content":{"rendered":"<p><strong>Jabadabado Bankebrett s\u00f8lv<\/strong><\/p>\n<p>Denne tidl\u00f8se og gjennom tidene meget verdsatte barneleken finnes ogs\u00e5 i denne fantastiske utf\u00f8relsen fra Jabadabado. Leken er b\u00e5de underholdende samtidig som den utvikler ditt barns motorikk. Har dere banket igjennom alle pluggene p\u00e5 brettet? Snu det da og sett i gang \u00e5 banke igjen! Stilren design for \u00e5 passe inn med \u00f8vrig barneroms-innredning. Passer barn fra ca 18 m\u00e5neder og er helt laget av holdbart tre, en perfekt gave til ditt eller noen andres barn.<\/p>\n<p><strong>M\u00e5l<\/strong>: 23 x 10 x 11 cm<\/p>\n<p>Designer: <a href=\"https:\/\/babylove.se\/varumarken\/jabadabado\"><u>JaBaDaBaDo<\/u><\/a><\/p>\n","protected":false},"excerpt":{"rendered":"<p>Jabadabado Bankebrett s\u00f8lv Denne tidl\u00f8se og gjennom tidene meget verdsatte barneleken finnes ogs\u00e5 i denne fantastiske utf\u00f8relsen fra Jabadabado. Leken er b\u00e5de underholdende samtidig som den utvikler ditt barns motorikk. Har dere banket igjennom alle pluggene p\u00e5 brettet? Snu det da og sett i gang \u00e5 banke igjen! Stilren design for \u00e5 passe inn med [&hellip;]<\/p>\n","protected":false},"featured_media":17507,"comment_status":"closed","ping_status":"open","template":"","meta":{"_acf_changed":false},"product_brand":[273],"product_cat":[274,72,68,112],"product_tag":[],"class_list":{"0":"post-17505","1":"product","2":"type-product","3":"status-publish","4":"has-post-thumbnail","6":"product_brand-jabadabado","7":"product_cat-jabadabado","8":"product_cat-julegaver","9":"product_cat-leker","10":"product_cat-treleker","12":"first","13":"outofstock","14":"taxable","15":"shipping-taxable","16":"purchasable","17":"product-type-simple"},"acf":[],"yoast_head":"<!-- This site is optimized with the Yoast SEO Premium plugin v25.8 (Yoast SEO v27.2) - https:\/\/yoast.com\/product\/yoast-seo-premium-wordpress\/ -->\n<title>Jabadabado Bankebrett s\u00f8lv - Babylove Norska<\/title>\n<meta name=\"robots\" content=\"noindex, follow, max-snippet:-1, max-image-preview:large, max-video-preview:-1\" \/>\n<meta property=\"og:locale\" content=\"nb_NO\" \/>\n<meta property=\"og:type\" content=\"article\" \/>\n<meta property=\"og:title\" content=\"Jabadabado Bankebrett s\u00f8lv\" \/>\n<meta property=\"og:description\" content=\"Jabadabado Bankebrett s\u00f8lv Denne tidl\u00f8se og gjennom tidene meget verdsatte barneleken finnes ogs\u00e5 i denne fantastiske utf\u00f8relsen fra Jabadabado. Leken er b\u00e5de underholdende samtidig som den utvikler ditt barns motorikk. Har dere banket igjennom alle pluggene p\u00e5 brettet? Snu det da og sett i gang \u00e5 banke igjen! Stilren design for \u00e5 passe inn med [&hellip;]\" \/>\n<meta property=\"og:url\" content=\"https:\/\/babylove.se\/no\/produkt\/jabadabado-bultbrada-solv\/\" \/>\n<meta property=\"og:site_name\" content=\"Babylove Norska\" \/>\n<meta property=\"article:modified_time\" content=\"2026-04-08T08:14:56+00:00\" \/>\n<meta property=\"og:image\" content=\"https:\/\/babylove.se\/no\/wp-content\/uploads\/sites\/3\/2025\/07\/5e6fe4243782c.jpeg\" \/>\n\t<meta property=\"og:image:width\" content=\"750\" \/>\n\t<meta property=\"og:image:height\" content=\"548\" \/>\n\t<meta property=\"og:image:type\" content=\"image\/jpeg\" \/>\n<meta name=\"twitter:card\" content=\"summary_large_image\" \/>\n<meta name=\"twitter:label1\" content=\"Price\" \/>\n\t<meta name=\"twitter:data1\" content=\"249,00&nbsp;&#107;&#114;\" \/>\n\t<meta name=\"twitter:label2\" content=\"Availability\" \/>\n\t<meta name=\"twitter:data2\" content=\"Out of stock\" \/>\n<script type=\"application\/ld+json\" class=\"yoast-schema-graph\">{\"@context\":\"https:\/\/schema.org\",\"@graph\":[{\"@type\":\"WebPage\",\"@id\":\"https:\/\/babylove.se\/no\/produkt\/jabadabado-bultbrada-solv\/\",\"url\":\"https:\/\/babylove.se\/no\/produkt\/jabadabado-bultbrada-solv\/\",\"name\":\"Jabadabado Bankebrett s\u00f8lv - Babylove Norska\",\"isPartOf\":{\"@id\":\"https:\/\/babylove.se\/no\/#website\"},\"primaryImageOfPage\":{\"@id\":\"https:\/\/babylove.se\/no\/produkt\/jabadabado-bultbrada-solv\/#primaryimage\"},\"image\":{\"@id\":\"https:\/\/babylove.se\/no\/produkt\/jabadabado-bultbrada-solv\/#primaryimage\"},\"thumbnailUrl\":\"https:\/\/babylove.se\/no\/wp-content\/uploads\/sites\/3\/2025\/07\/5e6fe4243782c.jpeg\",\"datePublished\":\"2025-07-18T21:10:08+00:00\",\"dateModified\":\"2026-04-08T08:14:56+00:00\",\"breadcrumb\":{\"@id\":\"https:\/\/babylove.se\/no\/produkt\/jabadabado-bultbrada-solv\/#breadcrumb\"},\"inLanguage\":\"nb-NO\",\"potentialAction\":[{\"@type\":\"ReadAction\",\"target\":[\"https:\/\/babylove.se\/no\/produkt\/jabadabado-bultbrada-solv\/\"]}]},{\"@type\":\"ImageObject\",\"inLanguage\":\"nb-NO\",\"@id\":\"https:\/\/babylove.se\/no\/produkt\/jabadabado-bultbrada-solv\/#primaryimage\",\"url\":\"https:\/\/babylove.se\/no\/wp-content\/uploads\/sites\/3\/2025\/07\/5e6fe4243782c.jpeg\",\"contentUrl\":\"https:\/\/babylove.se\/no\/wp-content\/uploads\/sites\/3\/2025\/07\/5e6fe4243782c.jpeg\",\"width\":750,\"height\":548},{\"@type\":\"BreadcrumbList\",\"@id\":\"https:\/\/babylove.se\/no\/produkt\/jabadabado-bultbrada-solv\/#breadcrumb\",\"itemListElement\":[{\"@type\":\"ListItem\",\"position\":1,\"name\":\"Hem\",\"item\":\"https:\/\/babylove.se\/no\/\"},{\"@type\":\"ListItem\",\"position\":2,\"name\":\"Butik\",\"item\":\"https:\/\/babylove.se\/no\/butik\/\"},{\"@type\":\"ListItem\",\"position\":3,\"name\":\"Jabadabado Bankebrett s\u00f8lv\"}]},{\"@type\":\"WebSite\",\"@id\":\"https:\/\/babylove.se\/no\/#website\",\"url\":\"https:\/\/babylove.se\/no\/\",\"name\":\"Babylove Norska\",\"description\":\"\",\"potentialAction\":[{\"@type\":\"SearchAction\",\"target\":{\"@type\":\"EntryPoint\",\"urlTemplate\":\"https:\/\/babylove.se\/no\/?s={search_term_string}\"},\"query-input\":{\"@type\":\"PropertyValueSpecification\",\"valueRequired\":true,\"valueName\":\"search_term_string\"}}],\"inLanguage\":\"nb-NO\"}]}<\/script>\n<meta property=\"product:brand\" content=\"JaBaDaBaDo\" \/>\n<meta property=\"product:price:amount\" content=\"249.00\" \/>\n<meta property=\"product:price:currency\" content=\"SEK\" \/>\n<meta property=\"og:availability\" content=\"out of stock\" \/>\n<meta property=\"product:availability\" content=\"out of stock\" \/>\n<meta property=\"product:retailer_item_id\" content=\"W7156\" \/>\n<meta property=\"product:condition\" content=\"new\" \/>\n<!-- \/ Yoast SEO Premium plugin. -->","yoast_head_json":{"title":"Jabadabado Bankebrett s\u00f8lv - Babylove Norska","robots":{"index":"noindex","follow":"follow","max-snippet":"max-snippet:-1","max-image-preview":"max-image-preview:large","max-video-preview":"max-video-preview:-1"},"og_locale":"nb_NO","og_type":"article","og_title":"Jabadabado Bankebrett s\u00f8lv","og_description":"Jabadabado Bankebrett s\u00f8lv Denne tidl\u00f8se og gjennom tidene meget verdsatte barneleken finnes ogs\u00e5 i denne fantastiske utf\u00f8relsen fra Jabadabado. Leken er b\u00e5de underholdende samtidig som den utvikler ditt barns motorikk. Har dere banket igjennom alle pluggene p\u00e5 brettet? Snu det da og sett i gang \u00e5 banke igjen! Stilren design for \u00e5 passe inn med [&hellip;]","og_url":"https:\/\/babylove.se\/no\/produkt\/jabadabado-bultbrada-solv\/","og_site_name":"Babylove Norska","article_modified_time":"2026-04-08T08:14:56+00:00","og_image":[{"width":750,"height":548,"url":"https:\/\/babylove.se\/no\/wp-content\/uploads\/sites\/3\/2025\/07\/5e6fe4243782c.jpeg","type":"image\/jpeg"}],"twitter_card":"summary_large_image","twitter_misc":{"Price":"249,00&nbsp;&#107;&#114;","Availability":"Out of stock"},"schema":{"@context":"https:\/\/schema.org","@graph":[{"@type":"WebPage","@id":"https:\/\/babylove.se\/no\/produkt\/jabadabado-bultbrada-solv\/","url":"https:\/\/babylove.se\/no\/produkt\/jabadabado-bultbrada-solv\/","name":"Jabadabado Bankebrett s\u00f8lv - Babylove Norska","isPartOf":{"@id":"https:\/\/babylove.se\/no\/#website"},"primaryImageOfPage":{"@id":"https:\/\/babylove.se\/no\/produkt\/jabadabado-bultbrada-solv\/#primaryimage"},"image":{"@id":"https:\/\/babylove.se\/no\/produkt\/jabadabado-bultbrada-solv\/#primaryimage"},"thumbnailUrl":"https:\/\/babylove.se\/no\/wp-content\/uploads\/sites\/3\/2025\/07\/5e6fe4243782c.jpeg","datePublished":"2025-07-18T21:10:08+00:00","dateModified":"2026-04-08T08:14:56+00:00","breadcrumb":{"@id":"https:\/\/babylove.se\/no\/produkt\/jabadabado-bultbrada-solv\/#breadcrumb"},"inLanguage":"nb-NO","potentialAction":[{"@type":"ReadAction","target":["https:\/\/babylove.se\/no\/produkt\/jabadabado-bultbrada-solv\/"]}]},{"@type":"ImageObject","inLanguage":"nb-NO","@id":"https:\/\/babylove.se\/no\/produkt\/jabadabado-bultbrada-solv\/#primaryimage","url":"https:\/\/babylove.se\/no\/wp-content\/uploads\/sites\/3\/2025\/07\/5e6fe4243782c.jpeg","contentUrl":"https:\/\/babylove.se\/no\/wp-content\/uploads\/sites\/3\/2025\/07\/5e6fe4243782c.jpeg","width":750,"height":548},{"@type":"BreadcrumbList","@id":"https:\/\/babylove.se\/no\/produkt\/jabadabado-bultbrada-solv\/#breadcrumb","itemListElement":[{"@type":"ListItem","position":1,"name":"Hem","item":"https:\/\/babylove.se\/no\/"},{"@type":"ListItem","position":2,"name":"Butik","item":"https:\/\/babylove.se\/no\/butik\/"},{"@type":"ListItem","position":3,"name":"Jabadabado Bankebrett s\u00f8lv"}]},{"@type":"WebSite","@id":"https:\/\/babylove.se\/no\/#website","url":"https:\/\/babylove.se\/no\/","name":"Babylove Norska","description":"","potentialAction":[{"@type":"SearchAction","target":{"@type":"EntryPoint","urlTemplate":"https:\/\/babylove.se\/no\/?s={search_term_string}"},"query-input":{"@type":"PropertyValueSpecification","valueRequired":true,"valueName":"search_term_string"}}],"inLanguage":"nb-NO"}]},"product_brand":"JaBaDaBaDo","product_price_amount":"249.00","product_price_currency":"SEK","og_availability":"out of stock","product_availability":"out of stock","product_retailer_item_id":"W7156","product_condition":"new"},"_links":{"self":[{"href":"https:\/\/babylove.se\/no\/wp-json\/wp\/v2\/product\/17505","targetHints":{"allow":["GET"]}}],"collection":[{"href":"https:\/\/babylove.se\/no\/wp-json\/wp\/v2\/product"}],"about":[{"href":"https:\/\/babylove.se\/no\/wp-json\/wp\/v2\/types\/product"}],"replies":[{"embeddable":true,"href":"https:\/\/babylove.se\/no\/wp-json\/wp\/v2\/comments?post=17505"}],"wp:featuredmedia":[{"embeddable":true,"href":"https:\/\/babylove.se\/no\/wp-json\/wp\/v2\/media\/17507"}],"wp:attachment":[{"href":"https:\/\/babylove.se\/no\/wp-json\/wp\/v2\/media?parent=17505"}],"wp:term":[{"taxonomy":"product_brand","embeddable":true,"href":"https:\/\/babylove.se\/no\/wp-json\/wp\/v2\/product_brand?post=17505"},{"taxonomy":"product_cat","embeddable":true,"href":"https:\/\/babylove.se\/no\/wp-json\/wp\/v2\/product_cat?post=17505"},{"taxonomy":"product_tag","embeddable":true,"href":"https:\/\/babylove.se\/no\/wp-json\/wp\/v2\/product_tag?post=17505"}],"curies":[{"name":"wp","href":"https:\/\/api.w.org\/{rel}","templated":true}]}}