{"id":1757,"date":"2025-07-18T20:04:05","date_gmt":"2025-07-18T19:04:05","guid":{"rendered":"https:\/\/babylove.se\/produkt\/vimpel-till-barnrummet-ng-baby-sensitive\/"},"modified":"2026-04-08T07:44:36","modified_gmt":"2026-04-08T06:44:36","slug":"vimpel-til-barnerommet-ng-baby-sensitive","status":"publish","type":"product","link":"https:\/\/babylove.se\/no\/produkt\/vimpel-til-barnerommet-ng-baby-sensitive\/","title":{"rendered":"Vimpel til barnerommet, NG baby sensitive"},"content":{"rendered":"<p>Vimpel til barnerommet, NG baby sensitive &#8211; sendes innen 24 timer !&nbsp;<\/p>\n<p>Vimpel av bomull NG Baby. Denne vakre vimpelslyngen med bed\u00e5rende stoffvimpler er den perfekte detaljen for din barneroms-innredning.&nbsp;<\/p>\n<p>Totalt inneholder den 12 stykker vimpler av stoff og er hele tre meter lang. Denne vimpelen passer i barnerommet, eller ute i lekehuset eller hvorfor ikke n\u00e5r det er tid for bursdagsfest. Vimpelen finnes i flere forskjellige farger og m\u00f8nstre, og lages for h\u00e5nd i Emmaljunga.&nbsp;<\/p>\n<p>Materiale: 100 % bomull<\/p>\n<p><strong>M\u00e5l<\/strong>: lengde 300 cm<\/p>\n<p>Designer: <a href=\"https:\/\/babylove.se\/varumarken\/ng-baby\">NG Baby<\/a><\/p>\n","protected":false},"excerpt":{"rendered":"<p>Vimpel til barnerommet, NG baby sensitive &#8211; sendes innen 24 timer !&nbsp; Vimpel av bomull NG Baby. Denne vakre vimpelslyngen med bed\u00e5rende stoffvimpler er den perfekte detaljen for din barneroms-innredning.&nbsp; Totalt inneholder den 12 stykker vimpler av stoff og er hele tre meter lang. Denne vimpelen passer i barnerommet, eller ute i lekehuset eller hvorfor [&hellip;]<\/p>\n","protected":false},"featured_media":1759,"comment_status":"closed","ping_status":"open","template":"","meta":{"_acf_changed":false},"product_brand":[107],"product_cat":[25,109,58],"product_tag":[1689],"class_list":{"0":"post-1757","1":"product","2":"type-product","3":"status-publish","4":"has-post-thumbnail","6":"product_brand-ng-baby","7":"product_cat-ikke-bare-jenter","8":"product_cat-ng-baby","9":"product_cat-vimpler","10":"product_tag-bestillingsvaror","12":"first","13":"outofstock","14":"taxable","15":"shipping-taxable","16":"purchasable","17":"product-type-simple"},"acf":[],"yoast_head":"<!-- This site is optimized with the Yoast SEO Premium plugin v25.8 (Yoast SEO v27.2) - https:\/\/yoast.com\/product\/yoast-seo-premium-wordpress\/ -->\n<title>Vimpel til barnerommet, NG baby sensitive - Babylove Norska<\/title>\n<meta name=\"description\" content=\"Denna vackra vimpelslinga med bed\u00e5rande tygvimplar \u00e4r den perfekta detaljen f\u00f6r din barnrumsinredning - skickas inom 24 timmar -\" \/>\n<meta name=\"robots\" content=\"noindex, follow, max-snippet:-1, max-image-preview:large, max-video-preview:-1\" \/>\n<meta property=\"og:locale\" content=\"nb_NO\" \/>\n<meta property=\"og:type\" content=\"article\" \/>\n<meta property=\"og:title\" content=\"Vimpel til barnerommet, NG baby sensitive\" \/>\n<meta property=\"og:description\" content=\"Denna vackra vimpelslinga med bed\u00e5rande tygvimplar \u00e4r den perfekta detaljen f\u00f6r din barnrumsinredning - skickas inom 24 timmar -\" \/>\n<meta property=\"og:url\" content=\"https:\/\/babylove.se\/no\/produkt\/vimpel-til-barnerommet-ng-baby-sensitive\/\" \/>\n<meta property=\"og:site_name\" content=\"Babylove Norska\" \/>\n<meta property=\"article:modified_time\" content=\"2026-04-08T06:44:36+00:00\" \/>\n<meta property=\"og:image\" content=\"https:\/\/babylove.se\/no\/wp-content\/uploads\/sites\/3\/2025\/07\/57fe7e73822b3.jpeg\" \/>\n\t<meta property=\"og:image:width\" content=\"750\" \/>\n\t<meta property=\"og:image:height\" content=\"669\" \/>\n\t<meta property=\"og:image:type\" content=\"image\/jpeg\" \/>\n<meta name=\"twitter:card\" content=\"summary_large_image\" \/>\n<meta name=\"twitter:label1\" content=\"Price\" \/>\n\t<meta name=\"twitter:data1\" content=\"179,00&nbsp;&#107;&#114;\" \/>\n\t<meta name=\"twitter:label2\" content=\"Availability\" \/>\n\t<meta name=\"twitter:data2\" content=\"Out of stock\" \/>\n<script type=\"application\/ld+json\" class=\"yoast-schema-graph\">{\"@context\":\"https:\/\/schema.org\",\"@graph\":[{\"@type\":\"WebPage\",\"@id\":\"https:\/\/babylove.se\/no\/produkt\/vimpel-til-barnerommet-ng-baby-sensitive\/\",\"url\":\"https:\/\/babylove.se\/no\/produkt\/vimpel-til-barnerommet-ng-baby-sensitive\/\",\"name\":\"Vimpel til barnerommet, NG baby sensitive - Babylove Norska\",\"isPartOf\":{\"@id\":\"https:\/\/babylove.se\/no\/#website\"},\"primaryImageOfPage\":{\"@id\":\"https:\/\/babylove.se\/no\/produkt\/vimpel-til-barnerommet-ng-baby-sensitive\/#primaryimage\"},\"image\":{\"@id\":\"https:\/\/babylove.se\/no\/produkt\/vimpel-til-barnerommet-ng-baby-sensitive\/#primaryimage\"},\"thumbnailUrl\":\"https:\/\/babylove.se\/no\/wp-content\/uploads\/sites\/3\/2025\/07\/57fe7e73822b3.jpeg\",\"datePublished\":\"2025-07-18T19:04:05+00:00\",\"dateModified\":\"2026-04-08T06:44:36+00:00\",\"description\":\"Denna vackra vimpelslinga med bed\u00e5rande tygvimplar \u00e4r den perfekta detaljen f\u00f6r din barnrumsinredning - skickas inom 24 timmar -\",\"breadcrumb\":{\"@id\":\"https:\/\/babylove.se\/no\/produkt\/vimpel-til-barnerommet-ng-baby-sensitive\/#breadcrumb\"},\"inLanguage\":\"nb-NO\",\"potentialAction\":[{\"@type\":\"ReadAction\",\"target\":[\"https:\/\/babylove.se\/no\/produkt\/vimpel-til-barnerommet-ng-baby-sensitive\/\"]}]},{\"@type\":\"ImageObject\",\"inLanguage\":\"nb-NO\",\"@id\":\"https:\/\/babylove.se\/no\/produkt\/vimpel-til-barnerommet-ng-baby-sensitive\/#primaryimage\",\"url\":\"https:\/\/babylove.se\/no\/wp-content\/uploads\/sites\/3\/2025\/07\/57fe7e73822b3.jpeg\",\"contentUrl\":\"https:\/\/babylove.se\/no\/wp-content\/uploads\/sites\/3\/2025\/07\/57fe7e73822b3.jpeg\",\"width\":750,\"height\":669},{\"@type\":\"BreadcrumbList\",\"@id\":\"https:\/\/babylove.se\/no\/produkt\/vimpel-til-barnerommet-ng-baby-sensitive\/#breadcrumb\",\"itemListElement\":[{\"@type\":\"ListItem\",\"position\":1,\"name\":\"Hem\",\"item\":\"https:\/\/babylove.se\/no\/\"},{\"@type\":\"ListItem\",\"position\":2,\"name\":\"Butik\",\"item\":\"https:\/\/babylove.se\/no\/butik\/\"},{\"@type\":\"ListItem\",\"position\":3,\"name\":\"Vimpel til barnerommet, NG baby sensitive\"}]},{\"@type\":\"WebSite\",\"@id\":\"https:\/\/babylove.se\/no\/#website\",\"url\":\"https:\/\/babylove.se\/no\/\",\"name\":\"Babylove Norska\",\"description\":\"\",\"potentialAction\":[{\"@type\":\"SearchAction\",\"target\":{\"@type\":\"EntryPoint\",\"urlTemplate\":\"https:\/\/babylove.se\/no\/?s={search_term_string}\"},\"query-input\":{\"@type\":\"PropertyValueSpecification\",\"valueRequired\":true,\"valueName\":\"search_term_string\"}}],\"inLanguage\":\"nb-NO\"}]}<\/script>\n<meta property=\"product:brand\" content=\"Ng Baby\" \/>\n<meta property=\"product:price:amount\" content=\"179.00\" \/>\n<meta property=\"product:price:currency\" content=\"SEK\" \/>\n<meta property=\"og:availability\" content=\"out of stock\" \/>\n<meta property=\"product:availability\" content=\"out of stock\" \/>\n<meta property=\"product:retailer_item_id\" content=\"749\" \/>\n<meta property=\"product:condition\" content=\"new\" \/>\n<!-- \/ Yoast SEO Premium plugin. -->","yoast_head_json":{"title":"Vimpel til barnerommet, NG baby sensitive - Babylove Norska","description":"Denna vackra vimpelslinga med bed\u00e5rande tygvimplar \u00e4r den perfekta detaljen f\u00f6r din barnrumsinredning - skickas inom 24 timmar -","robots":{"index":"noindex","follow":"follow","max-snippet":"max-snippet:-1","max-image-preview":"max-image-preview:large","max-video-preview":"max-video-preview:-1"},"og_locale":"nb_NO","og_type":"article","og_title":"Vimpel til barnerommet, NG baby sensitive","og_description":"Denna vackra vimpelslinga med bed\u00e5rande tygvimplar \u00e4r den perfekta detaljen f\u00f6r din barnrumsinredning - skickas inom 24 timmar -","og_url":"https:\/\/babylove.se\/no\/produkt\/vimpel-til-barnerommet-ng-baby-sensitive\/","og_site_name":"Babylove Norska","article_modified_time":"2026-04-08T06:44:36+00:00","og_image":[{"width":750,"height":669,"url":"https:\/\/babylove.se\/no\/wp-content\/uploads\/sites\/3\/2025\/07\/57fe7e73822b3.jpeg","type":"image\/jpeg"}],"twitter_card":"summary_large_image","twitter_misc":{"Price":"179,00&nbsp;&#107;&#114;","Availability":"Out of stock"},"schema":{"@context":"https:\/\/schema.org","@graph":[{"@type":"WebPage","@id":"https:\/\/babylove.se\/no\/produkt\/vimpel-til-barnerommet-ng-baby-sensitive\/","url":"https:\/\/babylove.se\/no\/produkt\/vimpel-til-barnerommet-ng-baby-sensitive\/","name":"Vimpel til barnerommet, NG baby sensitive - Babylove Norska","isPartOf":{"@id":"https:\/\/babylove.se\/no\/#website"},"primaryImageOfPage":{"@id":"https:\/\/babylove.se\/no\/produkt\/vimpel-til-barnerommet-ng-baby-sensitive\/#primaryimage"},"image":{"@id":"https:\/\/babylove.se\/no\/produkt\/vimpel-til-barnerommet-ng-baby-sensitive\/#primaryimage"},"thumbnailUrl":"https:\/\/babylove.se\/no\/wp-content\/uploads\/sites\/3\/2025\/07\/57fe7e73822b3.jpeg","datePublished":"2025-07-18T19:04:05+00:00","dateModified":"2026-04-08T06:44:36+00:00","description":"Denna vackra vimpelslinga med bed\u00e5rande tygvimplar \u00e4r den perfekta detaljen f\u00f6r din barnrumsinredning - skickas inom 24 timmar -","breadcrumb":{"@id":"https:\/\/babylove.se\/no\/produkt\/vimpel-til-barnerommet-ng-baby-sensitive\/#breadcrumb"},"inLanguage":"nb-NO","potentialAction":[{"@type":"ReadAction","target":["https:\/\/babylove.se\/no\/produkt\/vimpel-til-barnerommet-ng-baby-sensitive\/"]}]},{"@type":"ImageObject","inLanguage":"nb-NO","@id":"https:\/\/babylove.se\/no\/produkt\/vimpel-til-barnerommet-ng-baby-sensitive\/#primaryimage","url":"https:\/\/babylove.se\/no\/wp-content\/uploads\/sites\/3\/2025\/07\/57fe7e73822b3.jpeg","contentUrl":"https:\/\/babylove.se\/no\/wp-content\/uploads\/sites\/3\/2025\/07\/57fe7e73822b3.jpeg","width":750,"height":669},{"@type":"BreadcrumbList","@id":"https:\/\/babylove.se\/no\/produkt\/vimpel-til-barnerommet-ng-baby-sensitive\/#breadcrumb","itemListElement":[{"@type":"ListItem","position":1,"name":"Hem","item":"https:\/\/babylove.se\/no\/"},{"@type":"ListItem","position":2,"name":"Butik","item":"https:\/\/babylove.se\/no\/butik\/"},{"@type":"ListItem","position":3,"name":"Vimpel til barnerommet, NG baby sensitive"}]},{"@type":"WebSite","@id":"https:\/\/babylove.se\/no\/#website","url":"https:\/\/babylove.se\/no\/","name":"Babylove Norska","description":"","potentialAction":[{"@type":"SearchAction","target":{"@type":"EntryPoint","urlTemplate":"https:\/\/babylove.se\/no\/?s={search_term_string}"},"query-input":{"@type":"PropertyValueSpecification","valueRequired":true,"valueName":"search_term_string"}}],"inLanguage":"nb-NO"}]},"product_brand":"Ng Baby","product_price_amount":"179.00","product_price_currency":"SEK","og_availability":"out of stock","product_availability":"out of stock","product_retailer_item_id":"749","product_condition":"new"},"_links":{"self":[{"href":"https:\/\/babylove.se\/no\/wp-json\/wp\/v2\/product\/1757","targetHints":{"allow":["GET"]}}],"collection":[{"href":"https:\/\/babylove.se\/no\/wp-json\/wp\/v2\/product"}],"about":[{"href":"https:\/\/babylove.se\/no\/wp-json\/wp\/v2\/types\/product"}],"replies":[{"embeddable":true,"href":"https:\/\/babylove.se\/no\/wp-json\/wp\/v2\/comments?post=1757"}],"wp:featuredmedia":[{"embeddable":true,"href":"https:\/\/babylove.se\/no\/wp-json\/wp\/v2\/media\/1759"}],"wp:attachment":[{"href":"https:\/\/babylove.se\/no\/wp-json\/wp\/v2\/media?parent=1757"}],"wp:term":[{"taxonomy":"product_brand","embeddable":true,"href":"https:\/\/babylove.se\/no\/wp-json\/wp\/v2\/product_brand?post=1757"},{"taxonomy":"product_cat","embeddable":true,"href":"https:\/\/babylove.se\/no\/wp-json\/wp\/v2\/product_cat?post=1757"},{"taxonomy":"product_tag","embeddable":true,"href":"https:\/\/babylove.se\/no\/wp-json\/wp\/v2\/product_tag?post=1757"}],"curies":[{"name":"wp","href":"https:\/\/api.w.org\/{rel}","templated":true}]}}