{"id":17635,"date":"2025-07-18T22:10:47","date_gmt":"2025-07-18T21:10:47","guid":{"rendered":"https:\/\/babylove.se\/produkt\/dekornik-baddset-100x135-junior\/"},"modified":"2026-04-08T09:15:51","modified_gmt":"2026-04-08T08:15:51","slug":"dekornik-badesett-100x135-junior","status":"publish","type":"product","link":"https:\/\/babylove.se\/no\/produkt\/dekornik-badesett-100x135-junior\/","title":{"rendered":"Dekornik, sengesett 100&#215;135, pioner junior"},"content":{"rendered":"<p>Overraskende vakre barnesengkl\u00e6r av bomullssatin gir det beste til ditt barn. Med vakre peoner p\u00e5 den ene siden og pudderrosa farge p\u00e5 den andre siden vil det ogs\u00e5 passe godt inn i barnerommets innredning.&nbsp;<\/p>\n<p>Sengesettet passer perfekt i en barneseng av standardm\u00e5l.&nbsp;<\/p>\n<p><strong>M\u00e5l<\/strong>: 1x Putevar 40&#215;60 cm og 1x dynetrekk 100x135cm.&nbsp;<\/p>\n<p><strong>Material<\/strong>: 100 % OEKO-TEX sertifisert bomullssatin<\/p>\n<p>Obs. Pute og dyne f\u00f8lger ikke med !&nbsp;<\/p>\n<p>Designer: <a href=\"https:\/\/babylove.se\/varumarken\/dekornik\">Dekornik<\/a><\/p>\n","protected":false},"excerpt":{"rendered":"<p>Overraskende vakre barnesengkl\u00e6r av bomullssatin gir det beste til ditt barn. Med vakre peoner p\u00e5 den ene siden og pudderrosa farge p\u00e5 den andre siden vil det ogs\u00e5 passe godt inn i barnerommets innredning.&nbsp; Sengesettet passer perfekt i en barneseng av standardm\u00e5l.&nbsp; M\u00e5l: 1x Putevar 40&#215;60 cm og 1x dynetrekk 100x135cm.&nbsp; Material: 100 % OEKO-TEX [&hellip;]<\/p>\n","protected":false},"featured_media":17637,"comment_status":"closed","ping_status":"open","template":"","meta":{"_acf_changed":false},"product_brand":[190],"product_cat":[39,199,191,40],"product_tag":[1689],"class_list":{"0":"post-17635","1":"product","2":"type-product","3":"status-publish","4":"has-post-thumbnail","6":"product_brand-dekornik","7":"product_cat-barnesangklaer","8":"product_cat-blomstrete","9":"product_cat-dekornik","10":"product_cat-soverom-barn","11":"product_tag-bestillingsvaror","13":"first","14":"instock","15":"taxable","16":"shipping-taxable","17":"purchasable","18":"product-type-simple"},"acf":[],"yoast_head":"<!-- This site is optimized with the Yoast SEO Premium plugin v25.8 (Yoast SEO v27.2) - https:\/\/yoast.com\/product\/yoast-seo-premium-wordpress\/ -->\n<title>Dekornik, sengesett 100x135, pioner junior - Babylove Norska<\/title>\n<meta name=\"robots\" content=\"noindex, follow, max-snippet:-1, max-image-preview:large, max-video-preview:-1\" \/>\n<meta property=\"og:locale\" content=\"nb_NO\" \/>\n<meta property=\"og:type\" content=\"article\" \/>\n<meta property=\"og:title\" content=\"Dekornik, sengesett 100x135, pioner junior\" \/>\n<meta property=\"og:description\" content=\"Overraskende vakre barnesengkl\u00e6r av bomullssatin gir det beste til ditt barn. Med vakre peoner p\u00e5 den ene siden og pudderrosa farge p\u00e5 den andre siden vil det ogs\u00e5 passe godt inn i barnerommets innredning.&nbsp; Sengesettet passer perfekt i en barneseng av standardm\u00e5l.&nbsp; M\u00e5l: 1x Putevar 40&#215;60 cm og 1x dynetrekk 100x135cm.&nbsp; Material: 100 % OEKO-TEX [&hellip;]\" \/>\n<meta property=\"og:url\" content=\"https:\/\/babylove.se\/no\/produkt\/dekornik-badesett-100x135-junior\/\" \/>\n<meta property=\"og:site_name\" content=\"Babylove Norska\" \/>\n<meta property=\"article:modified_time\" content=\"2026-04-08T08:15:51+00:00\" \/>\n<meta property=\"og:image\" content=\"https:\/\/babylove.se\/no\/wp-content\/uploads\/sites\/3\/2025\/07\/5e74a297a09ea.jpeg\" \/>\n\t<meta property=\"og:image:width\" content=\"750\" \/>\n\t<meta property=\"og:image:height\" content=\"750\" \/>\n\t<meta property=\"og:image:type\" content=\"image\/jpeg\" \/>\n<meta name=\"twitter:card\" content=\"summary_large_image\" \/>\n<meta name=\"twitter:label1\" content=\"Price\" \/>\n\t<meta name=\"twitter:data1\" content=\"699,00&nbsp;&#107;&#114;\" \/>\n\t<meta name=\"twitter:label2\" content=\"Availability\" \/>\n\t<meta name=\"twitter:data2\" content=\"In stock\" \/>\n<script type=\"application\/ld+json\" class=\"yoast-schema-graph\">{\"@context\":\"https:\/\/schema.org\",\"@graph\":[{\"@type\":\"WebPage\",\"@id\":\"https:\/\/babylove.se\/no\/produkt\/dekornik-badesett-100x135-junior\/\",\"url\":\"https:\/\/babylove.se\/no\/produkt\/dekornik-badesett-100x135-junior\/\",\"name\":\"Dekornik, sengesett 100x135, pioner junior - Babylove Norska\",\"isPartOf\":{\"@id\":\"https:\/\/babylove.se\/no\/#website\"},\"primaryImageOfPage\":{\"@id\":\"https:\/\/babylove.se\/no\/produkt\/dekornik-badesett-100x135-junior\/#primaryimage\"},\"image\":{\"@id\":\"https:\/\/babylove.se\/no\/produkt\/dekornik-badesett-100x135-junior\/#primaryimage\"},\"thumbnailUrl\":\"https:\/\/babylove.se\/no\/wp-content\/uploads\/sites\/3\/2025\/07\/5e74a297a09ea.jpeg\",\"datePublished\":\"2025-07-18T21:10:47+00:00\",\"dateModified\":\"2026-04-08T08:15:51+00:00\",\"breadcrumb\":{\"@id\":\"https:\/\/babylove.se\/no\/produkt\/dekornik-badesett-100x135-junior\/#breadcrumb\"},\"inLanguage\":\"nb-NO\",\"potentialAction\":[{\"@type\":\"ReadAction\",\"target\":[\"https:\/\/babylove.se\/no\/produkt\/dekornik-badesett-100x135-junior\/\"]}]},{\"@type\":\"ImageObject\",\"inLanguage\":\"nb-NO\",\"@id\":\"https:\/\/babylove.se\/no\/produkt\/dekornik-badesett-100x135-junior\/#primaryimage\",\"url\":\"https:\/\/babylove.se\/no\/wp-content\/uploads\/sites\/3\/2025\/07\/5e74a297a09ea.jpeg\",\"contentUrl\":\"https:\/\/babylove.se\/no\/wp-content\/uploads\/sites\/3\/2025\/07\/5e74a297a09ea.jpeg\",\"width\":750,\"height\":750},{\"@type\":\"BreadcrumbList\",\"@id\":\"https:\/\/babylove.se\/no\/produkt\/dekornik-badesett-100x135-junior\/#breadcrumb\",\"itemListElement\":[{\"@type\":\"ListItem\",\"position\":1,\"name\":\"Hem\",\"item\":\"https:\/\/babylove.se\/no\/\"},{\"@type\":\"ListItem\",\"position\":2,\"name\":\"Butik\",\"item\":\"https:\/\/babylove.se\/no\/butik\/\"},{\"@type\":\"ListItem\",\"position\":3,\"name\":\"Dekornik, sengesett 100&#215;135, pioner junior\"}]},{\"@type\":\"WebSite\",\"@id\":\"https:\/\/babylove.se\/no\/#website\",\"url\":\"https:\/\/babylove.se\/no\/\",\"name\":\"Babylove Norska\",\"description\":\"\",\"potentialAction\":[{\"@type\":\"SearchAction\",\"target\":{\"@type\":\"EntryPoint\",\"urlTemplate\":\"https:\/\/babylove.se\/no\/?s={search_term_string}\"},\"query-input\":{\"@type\":\"PropertyValueSpecification\",\"valueRequired\":true,\"valueName\":\"search_term_string\"}}],\"inLanguage\":\"nb-NO\"}]}<\/script>\n<meta property=\"product:brand\" content=\"Dekornik\" \/>\n<meta property=\"product:price:amount\" content=\"699.00\" \/>\n<meta property=\"product:price:currency\" content=\"SEK\" \/>\n<meta property=\"og:availability\" content=\"instock\" \/>\n<meta property=\"product:availability\" content=\"instock\" \/>\n<meta property=\"product:retailer_item_id\" content=\"DEKO.BED.004_S\" \/>\n<meta property=\"product:condition\" content=\"new\" \/>\n<!-- \/ Yoast SEO Premium plugin. -->","yoast_head_json":{"title":"Dekornik, sengesett 100x135, pioner junior - Babylove Norska","robots":{"index":"noindex","follow":"follow","max-snippet":"max-snippet:-1","max-image-preview":"max-image-preview:large","max-video-preview":"max-video-preview:-1"},"og_locale":"nb_NO","og_type":"article","og_title":"Dekornik, sengesett 100x135, pioner junior","og_description":"Overraskende vakre barnesengkl\u00e6r av bomullssatin gir det beste til ditt barn. Med vakre peoner p\u00e5 den ene siden og pudderrosa farge p\u00e5 den andre siden vil det ogs\u00e5 passe godt inn i barnerommets innredning.&nbsp; Sengesettet passer perfekt i en barneseng av standardm\u00e5l.&nbsp; M\u00e5l: 1x Putevar 40&#215;60 cm og 1x dynetrekk 100x135cm.&nbsp; Material: 100 % OEKO-TEX [&hellip;]","og_url":"https:\/\/babylove.se\/no\/produkt\/dekornik-badesett-100x135-junior\/","og_site_name":"Babylove Norska","article_modified_time":"2026-04-08T08:15:51+00:00","og_image":[{"width":750,"height":750,"url":"https:\/\/babylove.se\/no\/wp-content\/uploads\/sites\/3\/2025\/07\/5e74a297a09ea.jpeg","type":"image\/jpeg"}],"twitter_card":"summary_large_image","twitter_misc":{"Price":"699,00&nbsp;&#107;&#114;","Availability":"In stock"},"schema":{"@context":"https:\/\/schema.org","@graph":[{"@type":"WebPage","@id":"https:\/\/babylove.se\/no\/produkt\/dekornik-badesett-100x135-junior\/","url":"https:\/\/babylove.se\/no\/produkt\/dekornik-badesett-100x135-junior\/","name":"Dekornik, sengesett 100x135, pioner junior - Babylove Norska","isPartOf":{"@id":"https:\/\/babylove.se\/no\/#website"},"primaryImageOfPage":{"@id":"https:\/\/babylove.se\/no\/produkt\/dekornik-badesett-100x135-junior\/#primaryimage"},"image":{"@id":"https:\/\/babylove.se\/no\/produkt\/dekornik-badesett-100x135-junior\/#primaryimage"},"thumbnailUrl":"https:\/\/babylove.se\/no\/wp-content\/uploads\/sites\/3\/2025\/07\/5e74a297a09ea.jpeg","datePublished":"2025-07-18T21:10:47+00:00","dateModified":"2026-04-08T08:15:51+00:00","breadcrumb":{"@id":"https:\/\/babylove.se\/no\/produkt\/dekornik-badesett-100x135-junior\/#breadcrumb"},"inLanguage":"nb-NO","potentialAction":[{"@type":"ReadAction","target":["https:\/\/babylove.se\/no\/produkt\/dekornik-badesett-100x135-junior\/"]}]},{"@type":"ImageObject","inLanguage":"nb-NO","@id":"https:\/\/babylove.se\/no\/produkt\/dekornik-badesett-100x135-junior\/#primaryimage","url":"https:\/\/babylove.se\/no\/wp-content\/uploads\/sites\/3\/2025\/07\/5e74a297a09ea.jpeg","contentUrl":"https:\/\/babylove.se\/no\/wp-content\/uploads\/sites\/3\/2025\/07\/5e74a297a09ea.jpeg","width":750,"height":750},{"@type":"BreadcrumbList","@id":"https:\/\/babylove.se\/no\/produkt\/dekornik-badesett-100x135-junior\/#breadcrumb","itemListElement":[{"@type":"ListItem","position":1,"name":"Hem","item":"https:\/\/babylove.se\/no\/"},{"@type":"ListItem","position":2,"name":"Butik","item":"https:\/\/babylove.se\/no\/butik\/"},{"@type":"ListItem","position":3,"name":"Dekornik, sengesett 100&#215;135, pioner junior"}]},{"@type":"WebSite","@id":"https:\/\/babylove.se\/no\/#website","url":"https:\/\/babylove.se\/no\/","name":"Babylove Norska","description":"","potentialAction":[{"@type":"SearchAction","target":{"@type":"EntryPoint","urlTemplate":"https:\/\/babylove.se\/no\/?s={search_term_string}"},"query-input":{"@type":"PropertyValueSpecification","valueRequired":true,"valueName":"search_term_string"}}],"inLanguage":"nb-NO"}]},"product_brand":"Dekornik","product_price_amount":"699.00","product_price_currency":"SEK","og_availability":"instock","product_availability":"instock","product_retailer_item_id":"DEKO.BED.004_S","product_condition":"new"},"_links":{"self":[{"href":"https:\/\/babylove.se\/no\/wp-json\/wp\/v2\/product\/17635","targetHints":{"allow":["GET"]}}],"collection":[{"href":"https:\/\/babylove.se\/no\/wp-json\/wp\/v2\/product"}],"about":[{"href":"https:\/\/babylove.se\/no\/wp-json\/wp\/v2\/types\/product"}],"replies":[{"embeddable":true,"href":"https:\/\/babylove.se\/no\/wp-json\/wp\/v2\/comments?post=17635"}],"wp:featuredmedia":[{"embeddable":true,"href":"https:\/\/babylove.se\/no\/wp-json\/wp\/v2\/media\/17637"}],"wp:attachment":[{"href":"https:\/\/babylove.se\/no\/wp-json\/wp\/v2\/media?parent=17635"}],"wp:term":[{"taxonomy":"product_brand","embeddable":true,"href":"https:\/\/babylove.se\/no\/wp-json\/wp\/v2\/product_brand?post=17635"},{"taxonomy":"product_cat","embeddable":true,"href":"https:\/\/babylove.se\/no\/wp-json\/wp\/v2\/product_cat?post=17635"},{"taxonomy":"product_tag","embeddable":true,"href":"https:\/\/babylove.se\/no\/wp-json\/wp\/v2\/product_tag?post=17635"}],"curies":[{"name":"wp","href":"https:\/\/api.w.org\/{rel}","templated":true}]}}