{"id":17660,"date":"2025-07-18T22:10:47","date_gmt":"2025-07-18T21:10:47","guid":{"rendered":"https:\/\/babylove.se\/produkt\/dekornik-baddset-100x135-junior-sleepy-animals\/"},"modified":"2026-04-08T09:16:00","modified_gmt":"2026-04-08T08:16:00","slug":"dekornik-badesett-100x135-junior-sleepy-animals","status":"publish","type":"product","link":"https:\/\/babylove.se\/no\/produkt\/dekornik-badesett-100x135-junior-sleepy-animals\/","title":{"rendered":"Dekornik, sengesett 100&#215;135 , junior sleepy animals"},"content":{"rendered":"<p>Overraskende vakre barnesenget\u00f8y av bomullssatin gir det beste til ditt barn. Med vakre dyr p\u00e5 den ene siden og beige farge p\u00e5 den andre siden vil det ogs\u00e5 passe godt inn i barnerommets innredning.&nbsp;<\/p>\n<p>Sengesettet passer perfekt i en barneseng med standardm\u00e5l.&nbsp;<\/p>\n<p><strong>M\u00e5l<\/strong>: 1x Putetrekk 40&#215;60 cm og 1x dynetrekk 100x135cm.&nbsp;<\/p>\n<p><strong>Materiale<\/strong>: 100 % OEKO-TEX sertifisert bomullssatin<\/p>\n<p>Obs. Pute og dyne er ikke inkludert !&nbsp;<\/p>\n<p>Designer: <a href=\"https:\/\/babylove.se\/varumarken\/dekornik\">Dekornik<\/a><\/p>\n","protected":false},"excerpt":{"rendered":"<p>Overraskende vakre barnesenget\u00f8y av bomullssatin gir det beste til ditt barn. Med vakre dyr p\u00e5 den ene siden og beige farge p\u00e5 den andre siden vil det ogs\u00e5 passe godt inn i barnerommets innredning.&nbsp; Sengesettet passer perfekt i en barneseng med standardm\u00e5l.&nbsp; M\u00e5l: 1x Putetrekk 40&#215;60 cm og 1x dynetrekk 100x135cm.&nbsp; Materiale: 100 % OEKO-TEX [&hellip;]<\/p>\n","protected":false},"featured_media":17662,"comment_status":"closed","ping_status":"open","template":"","meta":{"_acf_changed":false},"product_brand":[190],"product_cat":[39,191,90,125,40],"product_tag":[1689],"class_list":{"0":"post-17660","1":"product","2":"type-product","3":"status-publish","4":"has-post-thumbnail","6":"product_brand-dekornik","7":"product_cat-barnesangklaer","8":"product_cat-dekornik","9":"product_cat-dyr","10":"product_cat-boho","11":"product_cat-soverom-barn","12":"product_tag-bestillingsvaror","14":"first","15":"instock","16":"taxable","17":"shipping-taxable","18":"purchasable","19":"product-type-simple"},"acf":[],"yoast_head":"<!-- This site is optimized with the Yoast SEO Premium plugin v25.8 (Yoast SEO v27.2) - https:\/\/yoast.com\/product\/yoast-seo-premium-wordpress\/ -->\n<title>Dekornik, sengesett 100x135 , junior sleepy animals - Babylove Norska<\/title>\n<meta name=\"robots\" content=\"noindex, follow, max-snippet:-1, max-image-preview:large, max-video-preview:-1\" \/>\n<meta property=\"og:locale\" content=\"nb_NO\" \/>\n<meta property=\"og:type\" content=\"article\" \/>\n<meta property=\"og:title\" content=\"Dekornik, sengesett 100x135 , junior sleepy animals\" \/>\n<meta property=\"og:description\" content=\"Overraskende vakre barnesenget\u00f8y av bomullssatin gir det beste til ditt barn. Med vakre dyr p\u00e5 den ene siden og beige farge p\u00e5 den andre siden vil det ogs\u00e5 passe godt inn i barnerommets innredning.&nbsp; Sengesettet passer perfekt i en barneseng med standardm\u00e5l.&nbsp; M\u00e5l: 1x Putetrekk 40&#215;60 cm og 1x dynetrekk 100x135cm.&nbsp; Materiale: 100 % OEKO-TEX [&hellip;]\" \/>\n<meta property=\"og:url\" content=\"https:\/\/babylove.se\/no\/produkt\/dekornik-badesett-100x135-junior-sleepy-animals\/\" \/>\n<meta property=\"og:site_name\" content=\"Babylove Norska\" \/>\n<meta property=\"article:modified_time\" content=\"2026-04-08T08:16:00+00:00\" \/>\n<meta property=\"og:image\" content=\"https:\/\/babylove.se\/no\/wp-content\/uploads\/sites\/3\/2025\/07\/5e74a381af862.jpeg\" \/>\n\t<meta property=\"og:image:width\" content=\"750\" \/>\n\t<meta property=\"og:image:height\" content=\"750\" \/>\n\t<meta property=\"og:image:type\" content=\"image\/jpeg\" \/>\n<meta name=\"twitter:card\" content=\"summary_large_image\" \/>\n<meta name=\"twitter:label1\" content=\"Price\" \/>\n\t<meta name=\"twitter:data1\" content=\"699,00&nbsp;&#107;&#114;\" \/>\n\t<meta name=\"twitter:label2\" content=\"Availability\" \/>\n\t<meta name=\"twitter:data2\" content=\"In stock\" \/>\n<script type=\"application\/ld+json\" class=\"yoast-schema-graph\">{\"@context\":\"https:\/\/schema.org\",\"@graph\":[{\"@type\":\"WebPage\",\"@id\":\"https:\/\/babylove.se\/no\/produkt\/dekornik-badesett-100x135-junior-sleepy-animals\/\",\"url\":\"https:\/\/babylove.se\/no\/produkt\/dekornik-badesett-100x135-junior-sleepy-animals\/\",\"name\":\"Dekornik, sengesett 100x135 , junior sleepy animals - Babylove Norska\",\"isPartOf\":{\"@id\":\"https:\/\/babylove.se\/no\/#website\"},\"primaryImageOfPage\":{\"@id\":\"https:\/\/babylove.se\/no\/produkt\/dekornik-badesett-100x135-junior-sleepy-animals\/#primaryimage\"},\"image\":{\"@id\":\"https:\/\/babylove.se\/no\/produkt\/dekornik-badesett-100x135-junior-sleepy-animals\/#primaryimage\"},\"thumbnailUrl\":\"https:\/\/babylove.se\/no\/wp-content\/uploads\/sites\/3\/2025\/07\/5e74a381af862.jpeg\",\"datePublished\":\"2025-07-18T21:10:47+00:00\",\"dateModified\":\"2026-04-08T08:16:00+00:00\",\"breadcrumb\":{\"@id\":\"https:\/\/babylove.se\/no\/produkt\/dekornik-badesett-100x135-junior-sleepy-animals\/#breadcrumb\"},\"inLanguage\":\"nb-NO\",\"potentialAction\":[{\"@type\":\"ReadAction\",\"target\":[\"https:\/\/babylove.se\/no\/produkt\/dekornik-badesett-100x135-junior-sleepy-animals\/\"]}]},{\"@type\":\"ImageObject\",\"inLanguage\":\"nb-NO\",\"@id\":\"https:\/\/babylove.se\/no\/produkt\/dekornik-badesett-100x135-junior-sleepy-animals\/#primaryimage\",\"url\":\"https:\/\/babylove.se\/no\/wp-content\/uploads\/sites\/3\/2025\/07\/5e74a381af862.jpeg\",\"contentUrl\":\"https:\/\/babylove.se\/no\/wp-content\/uploads\/sites\/3\/2025\/07\/5e74a381af862.jpeg\",\"width\":750,\"height\":750},{\"@type\":\"BreadcrumbList\",\"@id\":\"https:\/\/babylove.se\/no\/produkt\/dekornik-badesett-100x135-junior-sleepy-animals\/#breadcrumb\",\"itemListElement\":[{\"@type\":\"ListItem\",\"position\":1,\"name\":\"Hem\",\"item\":\"https:\/\/babylove.se\/no\/\"},{\"@type\":\"ListItem\",\"position\":2,\"name\":\"Butik\",\"item\":\"https:\/\/babylove.se\/no\/butik\/\"},{\"@type\":\"ListItem\",\"position\":3,\"name\":\"Dekornik, sengesett 100&#215;135 , junior sleepy animals\"}]},{\"@type\":\"WebSite\",\"@id\":\"https:\/\/babylove.se\/no\/#website\",\"url\":\"https:\/\/babylove.se\/no\/\",\"name\":\"Babylove Norska\",\"description\":\"\",\"potentialAction\":[{\"@type\":\"SearchAction\",\"target\":{\"@type\":\"EntryPoint\",\"urlTemplate\":\"https:\/\/babylove.se\/no\/?s={search_term_string}\"},\"query-input\":{\"@type\":\"PropertyValueSpecification\",\"valueRequired\":true,\"valueName\":\"search_term_string\"}}],\"inLanguage\":\"nb-NO\"}]}<\/script>\n<meta property=\"product:brand\" content=\"Dekornik\" \/>\n<meta property=\"product:price:amount\" content=\"699.00\" \/>\n<meta property=\"product:price:currency\" content=\"SEK\" \/>\n<meta property=\"og:availability\" content=\"instock\" \/>\n<meta property=\"product:availability\" content=\"instock\" \/>\n<meta property=\"product:retailer_item_id\" content=\"DEKO.BED.006_S\" \/>\n<meta property=\"product:condition\" content=\"new\" \/>\n<!-- \/ Yoast SEO Premium plugin. -->","yoast_head_json":{"title":"Dekornik, sengesett 100x135 , junior sleepy animals - Babylove Norska","robots":{"index":"noindex","follow":"follow","max-snippet":"max-snippet:-1","max-image-preview":"max-image-preview:large","max-video-preview":"max-video-preview:-1"},"og_locale":"nb_NO","og_type":"article","og_title":"Dekornik, sengesett 100x135 , junior sleepy animals","og_description":"Overraskende vakre barnesenget\u00f8y av bomullssatin gir det beste til ditt barn. Med vakre dyr p\u00e5 den ene siden og beige farge p\u00e5 den andre siden vil det ogs\u00e5 passe godt inn i barnerommets innredning.&nbsp; Sengesettet passer perfekt i en barneseng med standardm\u00e5l.&nbsp; M\u00e5l: 1x Putetrekk 40&#215;60 cm og 1x dynetrekk 100x135cm.&nbsp; Materiale: 100 % OEKO-TEX [&hellip;]","og_url":"https:\/\/babylove.se\/no\/produkt\/dekornik-badesett-100x135-junior-sleepy-animals\/","og_site_name":"Babylove Norska","article_modified_time":"2026-04-08T08:16:00+00:00","og_image":[{"width":750,"height":750,"url":"https:\/\/babylove.se\/no\/wp-content\/uploads\/sites\/3\/2025\/07\/5e74a381af862.jpeg","type":"image\/jpeg"}],"twitter_card":"summary_large_image","twitter_misc":{"Price":"699,00&nbsp;&#107;&#114;","Availability":"In stock"},"schema":{"@context":"https:\/\/schema.org","@graph":[{"@type":"WebPage","@id":"https:\/\/babylove.se\/no\/produkt\/dekornik-badesett-100x135-junior-sleepy-animals\/","url":"https:\/\/babylove.se\/no\/produkt\/dekornik-badesett-100x135-junior-sleepy-animals\/","name":"Dekornik, sengesett 100x135 , junior sleepy animals - Babylove Norska","isPartOf":{"@id":"https:\/\/babylove.se\/no\/#website"},"primaryImageOfPage":{"@id":"https:\/\/babylove.se\/no\/produkt\/dekornik-badesett-100x135-junior-sleepy-animals\/#primaryimage"},"image":{"@id":"https:\/\/babylove.se\/no\/produkt\/dekornik-badesett-100x135-junior-sleepy-animals\/#primaryimage"},"thumbnailUrl":"https:\/\/babylove.se\/no\/wp-content\/uploads\/sites\/3\/2025\/07\/5e74a381af862.jpeg","datePublished":"2025-07-18T21:10:47+00:00","dateModified":"2026-04-08T08:16:00+00:00","breadcrumb":{"@id":"https:\/\/babylove.se\/no\/produkt\/dekornik-badesett-100x135-junior-sleepy-animals\/#breadcrumb"},"inLanguage":"nb-NO","potentialAction":[{"@type":"ReadAction","target":["https:\/\/babylove.se\/no\/produkt\/dekornik-badesett-100x135-junior-sleepy-animals\/"]}]},{"@type":"ImageObject","inLanguage":"nb-NO","@id":"https:\/\/babylove.se\/no\/produkt\/dekornik-badesett-100x135-junior-sleepy-animals\/#primaryimage","url":"https:\/\/babylove.se\/no\/wp-content\/uploads\/sites\/3\/2025\/07\/5e74a381af862.jpeg","contentUrl":"https:\/\/babylove.se\/no\/wp-content\/uploads\/sites\/3\/2025\/07\/5e74a381af862.jpeg","width":750,"height":750},{"@type":"BreadcrumbList","@id":"https:\/\/babylove.se\/no\/produkt\/dekornik-badesett-100x135-junior-sleepy-animals\/#breadcrumb","itemListElement":[{"@type":"ListItem","position":1,"name":"Hem","item":"https:\/\/babylove.se\/no\/"},{"@type":"ListItem","position":2,"name":"Butik","item":"https:\/\/babylove.se\/no\/butik\/"},{"@type":"ListItem","position":3,"name":"Dekornik, sengesett 100&#215;135 , junior sleepy animals"}]},{"@type":"WebSite","@id":"https:\/\/babylove.se\/no\/#website","url":"https:\/\/babylove.se\/no\/","name":"Babylove Norska","description":"","potentialAction":[{"@type":"SearchAction","target":{"@type":"EntryPoint","urlTemplate":"https:\/\/babylove.se\/no\/?s={search_term_string}"},"query-input":{"@type":"PropertyValueSpecification","valueRequired":true,"valueName":"search_term_string"}}],"inLanguage":"nb-NO"}]},"product_brand":"Dekornik","product_price_amount":"699.00","product_price_currency":"SEK","og_availability":"instock","product_availability":"instock","product_retailer_item_id":"DEKO.BED.006_S","product_condition":"new"},"_links":{"self":[{"href":"https:\/\/babylove.se\/no\/wp-json\/wp\/v2\/product\/17660","targetHints":{"allow":["GET"]}}],"collection":[{"href":"https:\/\/babylove.se\/no\/wp-json\/wp\/v2\/product"}],"about":[{"href":"https:\/\/babylove.se\/no\/wp-json\/wp\/v2\/types\/product"}],"replies":[{"embeddable":true,"href":"https:\/\/babylove.se\/no\/wp-json\/wp\/v2\/comments?post=17660"}],"wp:featuredmedia":[{"embeddable":true,"href":"https:\/\/babylove.se\/no\/wp-json\/wp\/v2\/media\/17662"}],"wp:attachment":[{"href":"https:\/\/babylove.se\/no\/wp-json\/wp\/v2\/media?parent=17660"}],"wp:term":[{"taxonomy":"product_brand","embeddable":true,"href":"https:\/\/babylove.se\/no\/wp-json\/wp\/v2\/product_brand?post=17660"},{"taxonomy":"product_cat","embeddable":true,"href":"https:\/\/babylove.se\/no\/wp-json\/wp\/v2\/product_cat?post=17660"},{"taxonomy":"product_tag","embeddable":true,"href":"https:\/\/babylove.se\/no\/wp-json\/wp\/v2\/product_tag?post=17660"}],"curies":[{"name":"wp","href":"https:\/\/api.w.org\/{rel}","templated":true}]}}