{"id":17712,"date":"2025-07-18T22:11:39","date_gmt":"2025-07-18T21:11:39","guid":{"rendered":"https:\/\/babylove.se\/produkt\/babylove-babynest-rosa-svan\/"},"modified":"2026-04-08T09:16:25","modified_gmt":"2026-04-08T08:16:25","slug":"babylove-babynest-rosa-svane","status":"publish","type":"product","link":"https:\/\/babylove.se\/no\/produkt\/babylove-babynest-rosa-svane\/","title":{"rendered":"Babylove, Babynest rosa svane"},"content":{"rendered":"<p>Koselig rosa babynest med s\u00f8te svaner. Nestet fungerer b\u00e5de som seng og stelleplass og passer perfekt \u00e5 ta med seg p\u00e5 reisen. En supermyk fylling gj\u00f8r at babyen din ligger trygt og komfortabelt. Babynest \u00e5pnes og lukkes enkelt ved hjelp av knytestrenger og kan ogs\u00e5 brukes som en innlegg i barneseng eller barnevogn.&nbsp;<\/p>\n<p><strong>M\u00e5l:<\/strong> madrass 76 &nbsp;x 36 cm &nbsp;, babynest<span style=\"background-color: initial; text-align: initial;\">&nbsp;82 x 54 cm&nbsp;<\/span><\/p>\n<p><strong>Materiale:<\/strong><\/p>\n<ul>\n<li>Trekk: 100% Bomull<\/li>\n<li>Fylling: 100% Silikonfiber<\/li>\n<\/ul>\n","protected":false},"excerpt":{"rendered":"<p>Koselig rosa babynest med s\u00f8te svaner. Nestet fungerer b\u00e5de som seng og stelleplass og passer perfekt \u00e5 ta med seg p\u00e5 reisen. En supermyk fylling gj\u00f8r at babyen din ligger trygt og komfortabelt. Babynest \u00e5pnes og lukkes enkelt ved hjelp av knytestrenger og kan ogs\u00e5 brukes som en innlegg i barneseng eller barnevogn.&nbsp; M\u00e5l: madrass [&hellip;]<\/p>\n","protected":false},"featured_media":17714,"comment_status":"closed","ping_status":"open","template":"","meta":{"_acf_changed":false},"product_brand":[22],"product_cat":[56],"product_tag":[],"class_list":{"0":"post-17712","1":"product","2":"type-product","3":"status-publish","4":"has-post-thumbnail","6":"product_brand-babylove","7":"product_cat-babynest","9":"first","10":"outofstock","11":"taxable","12":"shipping-taxable","13":"purchasable","14":"product-type-simple"},"acf":[],"yoast_head":"<!-- This site is optimized with the Yoast SEO Premium plugin v25.8 (Yoast SEO v27.2) - https:\/\/yoast.com\/product\/yoast-seo-premium-wordpress\/ -->\n<title>Babylove, Babynest rosa svane - Babylove Norska<\/title>\n<meta name=\"robots\" content=\"noindex, follow, max-snippet:-1, max-image-preview:large, max-video-preview:-1\" \/>\n<meta property=\"og:locale\" content=\"nb_NO\" \/>\n<meta property=\"og:type\" content=\"article\" \/>\n<meta property=\"og:title\" content=\"Babylove, Babynest rosa svane\" \/>\n<meta property=\"og:description\" content=\"Koselig rosa babynest med s\u00f8te svaner. Nestet fungerer b\u00e5de som seng og stelleplass og passer perfekt \u00e5 ta med seg p\u00e5 reisen. En supermyk fylling gj\u00f8r at babyen din ligger trygt og komfortabelt. Babynest \u00e5pnes og lukkes enkelt ved hjelp av knytestrenger og kan ogs\u00e5 brukes som en innlegg i barneseng eller barnevogn.&nbsp; M\u00e5l: madrass [&hellip;]\" \/>\n<meta property=\"og:url\" content=\"https:\/\/babylove.se\/no\/produkt\/babylove-babynest-rosa-svane\/\" \/>\n<meta property=\"og:site_name\" content=\"Babylove Norska\" \/>\n<meta property=\"article:modified_time\" content=\"2026-04-08T08:16:25+00:00\" \/>\n<meta property=\"og:image\" content=\"https:\/\/babylove.se\/no\/wp-content\/uploads\/sites\/3\/2025\/07\/5e79eb36d75e5.jpeg\" \/>\n\t<meta property=\"og:image:width\" content=\"750\" \/>\n\t<meta property=\"og:image:height\" content=\"750\" \/>\n\t<meta property=\"og:image:type\" content=\"image\/jpeg\" \/>\n<meta name=\"twitter:card\" content=\"summary_large_image\" \/>\n<meta name=\"twitter:label1\" content=\"Price\" \/>\n\t<meta name=\"twitter:data1\" content=\"599,00&nbsp;&#107;&#114;\" \/>\n\t<meta name=\"twitter:label2\" content=\"Availability\" \/>\n\t<meta name=\"twitter:data2\" content=\"Out of stock\" \/>\n<script type=\"application\/ld+json\" class=\"yoast-schema-graph\">{\"@context\":\"https:\/\/schema.org\",\"@graph\":[{\"@type\":\"WebPage\",\"@id\":\"https:\/\/babylove.se\/no\/produkt\/babylove-babynest-rosa-svane\/\",\"url\":\"https:\/\/babylove.se\/no\/produkt\/babylove-babynest-rosa-svane\/\",\"name\":\"Babylove, Babynest rosa svane - Babylove Norska\",\"isPartOf\":{\"@id\":\"https:\/\/babylove.se\/no\/#website\"},\"primaryImageOfPage\":{\"@id\":\"https:\/\/babylove.se\/no\/produkt\/babylove-babynest-rosa-svane\/#primaryimage\"},\"image\":{\"@id\":\"https:\/\/babylove.se\/no\/produkt\/babylove-babynest-rosa-svane\/#primaryimage\"},\"thumbnailUrl\":\"https:\/\/babylove.se\/no\/wp-content\/uploads\/sites\/3\/2025\/07\/5e79eb36d75e5.jpeg\",\"datePublished\":\"2025-07-18T21:11:39+00:00\",\"dateModified\":\"2026-04-08T08:16:25+00:00\",\"breadcrumb\":{\"@id\":\"https:\/\/babylove.se\/no\/produkt\/babylove-babynest-rosa-svane\/#breadcrumb\"},\"inLanguage\":\"nb-NO\",\"potentialAction\":[{\"@type\":\"ReadAction\",\"target\":[\"https:\/\/babylove.se\/no\/produkt\/babylove-babynest-rosa-svane\/\"]}]},{\"@type\":\"ImageObject\",\"inLanguage\":\"nb-NO\",\"@id\":\"https:\/\/babylove.se\/no\/produkt\/babylove-babynest-rosa-svane\/#primaryimage\",\"url\":\"https:\/\/babylove.se\/no\/wp-content\/uploads\/sites\/3\/2025\/07\/5e79eb36d75e5.jpeg\",\"contentUrl\":\"https:\/\/babylove.se\/no\/wp-content\/uploads\/sites\/3\/2025\/07\/5e79eb36d75e5.jpeg\",\"width\":750,\"height\":750},{\"@type\":\"BreadcrumbList\",\"@id\":\"https:\/\/babylove.se\/no\/produkt\/babylove-babynest-rosa-svane\/#breadcrumb\",\"itemListElement\":[{\"@type\":\"ListItem\",\"position\":1,\"name\":\"Hem\",\"item\":\"https:\/\/babylove.se\/no\/\"},{\"@type\":\"ListItem\",\"position\":2,\"name\":\"Butik\",\"item\":\"https:\/\/babylove.se\/no\/butik\/\"},{\"@type\":\"ListItem\",\"position\":3,\"name\":\"Babylove, Babynest rosa svane\"}]},{\"@type\":\"WebSite\",\"@id\":\"https:\/\/babylove.se\/no\/#website\",\"url\":\"https:\/\/babylove.se\/no\/\",\"name\":\"Babylove Norska\",\"description\":\"\",\"potentialAction\":[{\"@type\":\"SearchAction\",\"target\":{\"@type\":\"EntryPoint\",\"urlTemplate\":\"https:\/\/babylove.se\/no\/?s={search_term_string}\"},\"query-input\":{\"@type\":\"PropertyValueSpecification\",\"valueRequired\":true,\"valueName\":\"search_term_string\"}}],\"inLanguage\":\"nb-NO\"}]}<\/script>\n<meta property=\"product:brand\" content=\"Babylove\" \/>\n<meta property=\"product:price:amount\" content=\"599.00\" \/>\n<meta property=\"product:price:currency\" content=\"SEK\" \/>\n<meta property=\"og:availability\" content=\"out of stock\" \/>\n<meta property=\"product:availability\" content=\"out of stock\" \/>\n<meta property=\"product:retailer_item_id\" content=\"3127\" \/>\n<meta property=\"product:condition\" content=\"new\" \/>\n<!-- \/ Yoast SEO Premium plugin. -->","yoast_head_json":{"title":"Babylove, Babynest rosa svane - Babylove Norska","robots":{"index":"noindex","follow":"follow","max-snippet":"max-snippet:-1","max-image-preview":"max-image-preview:large","max-video-preview":"max-video-preview:-1"},"og_locale":"nb_NO","og_type":"article","og_title":"Babylove, Babynest rosa svane","og_description":"Koselig rosa babynest med s\u00f8te svaner. Nestet fungerer b\u00e5de som seng og stelleplass og passer perfekt \u00e5 ta med seg p\u00e5 reisen. En supermyk fylling gj\u00f8r at babyen din ligger trygt og komfortabelt. Babynest \u00e5pnes og lukkes enkelt ved hjelp av knytestrenger og kan ogs\u00e5 brukes som en innlegg i barneseng eller barnevogn.&nbsp; M\u00e5l: madrass [&hellip;]","og_url":"https:\/\/babylove.se\/no\/produkt\/babylove-babynest-rosa-svane\/","og_site_name":"Babylove Norska","article_modified_time":"2026-04-08T08:16:25+00:00","og_image":[{"width":750,"height":750,"url":"https:\/\/babylove.se\/no\/wp-content\/uploads\/sites\/3\/2025\/07\/5e79eb36d75e5.jpeg","type":"image\/jpeg"}],"twitter_card":"summary_large_image","twitter_misc":{"Price":"599,00&nbsp;&#107;&#114;","Availability":"Out of stock"},"schema":{"@context":"https:\/\/schema.org","@graph":[{"@type":"WebPage","@id":"https:\/\/babylove.se\/no\/produkt\/babylove-babynest-rosa-svane\/","url":"https:\/\/babylove.se\/no\/produkt\/babylove-babynest-rosa-svane\/","name":"Babylove, Babynest rosa svane - Babylove Norska","isPartOf":{"@id":"https:\/\/babylove.se\/no\/#website"},"primaryImageOfPage":{"@id":"https:\/\/babylove.se\/no\/produkt\/babylove-babynest-rosa-svane\/#primaryimage"},"image":{"@id":"https:\/\/babylove.se\/no\/produkt\/babylove-babynest-rosa-svane\/#primaryimage"},"thumbnailUrl":"https:\/\/babylove.se\/no\/wp-content\/uploads\/sites\/3\/2025\/07\/5e79eb36d75e5.jpeg","datePublished":"2025-07-18T21:11:39+00:00","dateModified":"2026-04-08T08:16:25+00:00","breadcrumb":{"@id":"https:\/\/babylove.se\/no\/produkt\/babylove-babynest-rosa-svane\/#breadcrumb"},"inLanguage":"nb-NO","potentialAction":[{"@type":"ReadAction","target":["https:\/\/babylove.se\/no\/produkt\/babylove-babynest-rosa-svane\/"]}]},{"@type":"ImageObject","inLanguage":"nb-NO","@id":"https:\/\/babylove.se\/no\/produkt\/babylove-babynest-rosa-svane\/#primaryimage","url":"https:\/\/babylove.se\/no\/wp-content\/uploads\/sites\/3\/2025\/07\/5e79eb36d75e5.jpeg","contentUrl":"https:\/\/babylove.se\/no\/wp-content\/uploads\/sites\/3\/2025\/07\/5e79eb36d75e5.jpeg","width":750,"height":750},{"@type":"BreadcrumbList","@id":"https:\/\/babylove.se\/no\/produkt\/babylove-babynest-rosa-svane\/#breadcrumb","itemListElement":[{"@type":"ListItem","position":1,"name":"Hem","item":"https:\/\/babylove.se\/no\/"},{"@type":"ListItem","position":2,"name":"Butik","item":"https:\/\/babylove.se\/no\/butik\/"},{"@type":"ListItem","position":3,"name":"Babylove, Babynest rosa svane"}]},{"@type":"WebSite","@id":"https:\/\/babylove.se\/no\/#website","url":"https:\/\/babylove.se\/no\/","name":"Babylove Norska","description":"","potentialAction":[{"@type":"SearchAction","target":{"@type":"EntryPoint","urlTemplate":"https:\/\/babylove.se\/no\/?s={search_term_string}"},"query-input":{"@type":"PropertyValueSpecification","valueRequired":true,"valueName":"search_term_string"}}],"inLanguage":"nb-NO"}]},"product_brand":"Babylove","product_price_amount":"599.00","product_price_currency":"SEK","og_availability":"out of stock","product_availability":"out of stock","product_retailer_item_id":"3127","product_condition":"new"},"_links":{"self":[{"href":"https:\/\/babylove.se\/no\/wp-json\/wp\/v2\/product\/17712","targetHints":{"allow":["GET"]}}],"collection":[{"href":"https:\/\/babylove.se\/no\/wp-json\/wp\/v2\/product"}],"about":[{"href":"https:\/\/babylove.se\/no\/wp-json\/wp\/v2\/types\/product"}],"replies":[{"embeddable":true,"href":"https:\/\/babylove.se\/no\/wp-json\/wp\/v2\/comments?post=17712"}],"wp:featuredmedia":[{"embeddable":true,"href":"https:\/\/babylove.se\/no\/wp-json\/wp\/v2\/media\/17714"}],"wp:attachment":[{"href":"https:\/\/babylove.se\/no\/wp-json\/wp\/v2\/media?parent=17712"}],"wp:term":[{"taxonomy":"product_brand","embeddable":true,"href":"https:\/\/babylove.se\/no\/wp-json\/wp\/v2\/product_brand?post=17712"},{"taxonomy":"product_cat","embeddable":true,"href":"https:\/\/babylove.se\/no\/wp-json\/wp\/v2\/product_cat?post=17712"},{"taxonomy":"product_tag","embeddable":true,"href":"https:\/\/babylove.se\/no\/wp-json\/wp\/v2\/product_tag?post=17712"}],"curies":[{"name":"wp","href":"https:\/\/api.w.org\/{rel}","templated":true}]}}