{"id":17724,"date":"2025-07-18T22:12:04","date_gmt":"2025-07-18T21:12:04","guid":{"rendered":"https:\/\/babylove.se\/produkt\/babylove-babynest-gra-trianglar\/"},"modified":"2026-04-08T09:16:31","modified_gmt":"2026-04-08T08:16:31","slug":"babylove-babynest-gra-triangler","status":"publish","type":"product","link":"https:\/\/babylove.se\/no\/produkt\/babylove-babynest-gra-triangler\/","title":{"rendered":"Babylove, Babynest gr\u00e5 trekanter"},"content":{"rendered":"<p>Koselig &nbsp;babynest med gr\u00e5 triangler. Nestet fungerer b\u00e5de som seng og stelleplass og passer perfekt \u00e5 ta med p\u00e5 reisen. Et supermykt fyll gj\u00f8r at babyen din ligger trygt og komfortabelt. Babynest \u00e5pnes og lukkes enkelt ved hjelp av knytesnorer og kan ogs\u00e5 brukes som en innlegg i sprinkelseng eller barnevogn.&nbsp;<\/p>\n<p><strong>M\u00e5l:<\/strong> madrass 76 &nbsp;x 36 cm &nbsp;, babynest<span style=\"background-color: initial; text-align: initial;\">&nbsp;82 x 54 cm&nbsp;<\/span><\/p>\n<p><strong>Materiale:<\/strong><\/p>\n<ul>\n<li>Trekk: 100% Bomull<\/li>\n<li>Fyll: 100% Silikonfiber<\/li>\n<\/ul>\n","protected":false},"excerpt":{"rendered":"<p>Koselig &nbsp;babynest med gr\u00e5 triangler. Nestet fungerer b\u00e5de som seng og stelleplass og passer perfekt \u00e5 ta med p\u00e5 reisen. Et supermykt fyll gj\u00f8r at babyen din ligger trygt og komfortabelt. Babynest \u00e5pnes og lukkes enkelt ved hjelp av knytesnorer og kan ogs\u00e5 brukes som en innlegg i sprinkelseng eller barnevogn.&nbsp; M\u00e5l: madrass 76 &nbsp;x [&hellip;]<\/p>\n","protected":false},"featured_media":17726,"comment_status":"closed","ping_status":"open","template":"","meta":{"_acf_changed":false},"product_brand":[375],"product_cat":[56,41],"product_tag":[1689],"class_list":{"0":"post-17724","1":"product","2":"type-product","3":"status-publish","4":"has-post-thumbnail","6":"product_brand-pqp-ttm","7":"product_cat-babynest","8":"product_cat-babytilbehor","9":"product_tag-bestillingsvaror","11":"first","12":"instock","13":"taxable","14":"shipping-taxable","15":"purchasable","16":"product-type-simple"},"acf":[],"yoast_head":"<!-- This site is optimized with the Yoast SEO Premium plugin v25.8 (Yoast SEO v27.2) - https:\/\/yoast.com\/product\/yoast-seo-premium-wordpress\/ -->\n<title>Babylove, Babynest gr\u00e5 trekanter - Babylove Norska<\/title>\n<meta name=\"robots\" content=\"noindex, follow, max-snippet:-1, max-image-preview:large, max-video-preview:-1\" \/>\n<meta property=\"og:locale\" content=\"nb_NO\" \/>\n<meta property=\"og:type\" content=\"article\" \/>\n<meta property=\"og:title\" content=\"Babylove, Babynest gr\u00e5 trekanter\" \/>\n<meta property=\"og:description\" content=\"Koselig &nbsp;babynest med gr\u00e5 triangler. Nestet fungerer b\u00e5de som seng og stelleplass og passer perfekt \u00e5 ta med p\u00e5 reisen. Et supermykt fyll gj\u00f8r at babyen din ligger trygt og komfortabelt. Babynest \u00e5pnes og lukkes enkelt ved hjelp av knytesnorer og kan ogs\u00e5 brukes som en innlegg i sprinkelseng eller barnevogn.&nbsp; M\u00e5l: madrass 76 &nbsp;x [&hellip;]\" \/>\n<meta property=\"og:url\" content=\"https:\/\/babylove.se\/no\/produkt\/babylove-babynest-gra-triangler\/\" \/>\n<meta property=\"og:site_name\" content=\"Babylove Norska\" \/>\n<meta property=\"article:modified_time\" content=\"2026-04-08T08:16:31+00:00\" \/>\n<meta property=\"og:image\" content=\"https:\/\/babylove.se\/no\/wp-content\/uploads\/sites\/3\/2025\/07\/5e79eec4485ff.jpeg\" \/>\n\t<meta property=\"og:image:width\" content=\"750\" \/>\n\t<meta property=\"og:image:height\" content=\"750\" \/>\n\t<meta property=\"og:image:type\" content=\"image\/jpeg\" \/>\n<meta name=\"twitter:card\" content=\"summary_large_image\" \/>\n<meta name=\"twitter:label1\" content=\"Price\" \/>\n\t<meta name=\"twitter:data1\" content=\"879,00&nbsp;&#107;&#114;\" \/>\n\t<meta name=\"twitter:label2\" content=\"Availability\" \/>\n\t<meta name=\"twitter:data2\" content=\"In stock\" \/>\n<script type=\"application\/ld+json\" class=\"yoast-schema-graph\">{\"@context\":\"https:\/\/schema.org\",\"@graph\":[{\"@type\":\"WebPage\",\"@id\":\"https:\/\/babylove.se\/no\/produkt\/babylove-babynest-gra-triangler\/\",\"url\":\"https:\/\/babylove.se\/no\/produkt\/babylove-babynest-gra-triangler\/\",\"name\":\"Babylove, Babynest gr\u00e5 trekanter - Babylove Norska\",\"isPartOf\":{\"@id\":\"https:\/\/babylove.se\/no\/#website\"},\"primaryImageOfPage\":{\"@id\":\"https:\/\/babylove.se\/no\/produkt\/babylove-babynest-gra-triangler\/#primaryimage\"},\"image\":{\"@id\":\"https:\/\/babylove.se\/no\/produkt\/babylove-babynest-gra-triangler\/#primaryimage\"},\"thumbnailUrl\":\"https:\/\/babylove.se\/no\/wp-content\/uploads\/sites\/3\/2025\/07\/5e79eec4485ff.jpeg\",\"datePublished\":\"2025-07-18T21:12:04+00:00\",\"dateModified\":\"2026-04-08T08:16:31+00:00\",\"breadcrumb\":{\"@id\":\"https:\/\/babylove.se\/no\/produkt\/babylove-babynest-gra-triangler\/#breadcrumb\"},\"inLanguage\":\"nb-NO\",\"potentialAction\":[{\"@type\":\"ReadAction\",\"target\":[\"https:\/\/babylove.se\/no\/produkt\/babylove-babynest-gra-triangler\/\"]}]},{\"@type\":\"ImageObject\",\"inLanguage\":\"nb-NO\",\"@id\":\"https:\/\/babylove.se\/no\/produkt\/babylove-babynest-gra-triangler\/#primaryimage\",\"url\":\"https:\/\/babylove.se\/no\/wp-content\/uploads\/sites\/3\/2025\/07\/5e79eec4485ff.jpeg\",\"contentUrl\":\"https:\/\/babylove.se\/no\/wp-content\/uploads\/sites\/3\/2025\/07\/5e79eec4485ff.jpeg\",\"width\":750,\"height\":750},{\"@type\":\"BreadcrumbList\",\"@id\":\"https:\/\/babylove.se\/no\/produkt\/babylove-babynest-gra-triangler\/#breadcrumb\",\"itemListElement\":[{\"@type\":\"ListItem\",\"position\":1,\"name\":\"Hem\",\"item\":\"https:\/\/babylove.se\/no\/\"},{\"@type\":\"ListItem\",\"position\":2,\"name\":\"Butik\",\"item\":\"https:\/\/babylove.se\/no\/butik\/\"},{\"@type\":\"ListItem\",\"position\":3,\"name\":\"Babylove, Babynest gr\u00e5 trekanter\"}]},{\"@type\":\"WebSite\",\"@id\":\"https:\/\/babylove.se\/no\/#website\",\"url\":\"https:\/\/babylove.se\/no\/\",\"name\":\"Babylove Norska\",\"description\":\"\",\"potentialAction\":[{\"@type\":\"SearchAction\",\"target\":{\"@type\":\"EntryPoint\",\"urlTemplate\":\"https:\/\/babylove.se\/no\/?s={search_term_string}\"},\"query-input\":{\"@type\":\"PropertyValueSpecification\",\"valueRequired\":true,\"valueName\":\"search_term_string\"}}],\"inLanguage\":\"nb-NO\"}]}<\/script>\n<meta property=\"product:brand\" content=\"PQP\/TTM\" \/>\n<meta property=\"product:price:amount\" content=\"879.00\" \/>\n<meta property=\"product:price:currency\" content=\"SEK\" \/>\n<meta property=\"og:availability\" content=\"instock\" \/>\n<meta property=\"product:availability\" content=\"instock\" \/>\n<meta property=\"product:retailer_item_id\" content=\"42301.44.1\" \/>\n<meta property=\"product:condition\" content=\"new\" \/>\n<!-- \/ Yoast SEO Premium plugin. -->","yoast_head_json":{"title":"Babylove, Babynest gr\u00e5 trekanter - Babylove Norska","robots":{"index":"noindex","follow":"follow","max-snippet":"max-snippet:-1","max-image-preview":"max-image-preview:large","max-video-preview":"max-video-preview:-1"},"og_locale":"nb_NO","og_type":"article","og_title":"Babylove, Babynest gr\u00e5 trekanter","og_description":"Koselig &nbsp;babynest med gr\u00e5 triangler. Nestet fungerer b\u00e5de som seng og stelleplass og passer perfekt \u00e5 ta med p\u00e5 reisen. Et supermykt fyll gj\u00f8r at babyen din ligger trygt og komfortabelt. Babynest \u00e5pnes og lukkes enkelt ved hjelp av knytesnorer og kan ogs\u00e5 brukes som en innlegg i sprinkelseng eller barnevogn.&nbsp; M\u00e5l: madrass 76 &nbsp;x [&hellip;]","og_url":"https:\/\/babylove.se\/no\/produkt\/babylove-babynest-gra-triangler\/","og_site_name":"Babylove Norska","article_modified_time":"2026-04-08T08:16:31+00:00","og_image":[{"width":750,"height":750,"url":"https:\/\/babylove.se\/no\/wp-content\/uploads\/sites\/3\/2025\/07\/5e79eec4485ff.jpeg","type":"image\/jpeg"}],"twitter_card":"summary_large_image","twitter_misc":{"Price":"879,00&nbsp;&#107;&#114;","Availability":"In stock"},"schema":{"@context":"https:\/\/schema.org","@graph":[{"@type":"WebPage","@id":"https:\/\/babylove.se\/no\/produkt\/babylove-babynest-gra-triangler\/","url":"https:\/\/babylove.se\/no\/produkt\/babylove-babynest-gra-triangler\/","name":"Babylove, Babynest gr\u00e5 trekanter - Babylove Norska","isPartOf":{"@id":"https:\/\/babylove.se\/no\/#website"},"primaryImageOfPage":{"@id":"https:\/\/babylove.se\/no\/produkt\/babylove-babynest-gra-triangler\/#primaryimage"},"image":{"@id":"https:\/\/babylove.se\/no\/produkt\/babylove-babynest-gra-triangler\/#primaryimage"},"thumbnailUrl":"https:\/\/babylove.se\/no\/wp-content\/uploads\/sites\/3\/2025\/07\/5e79eec4485ff.jpeg","datePublished":"2025-07-18T21:12:04+00:00","dateModified":"2026-04-08T08:16:31+00:00","breadcrumb":{"@id":"https:\/\/babylove.se\/no\/produkt\/babylove-babynest-gra-triangler\/#breadcrumb"},"inLanguage":"nb-NO","potentialAction":[{"@type":"ReadAction","target":["https:\/\/babylove.se\/no\/produkt\/babylove-babynest-gra-triangler\/"]}]},{"@type":"ImageObject","inLanguage":"nb-NO","@id":"https:\/\/babylove.se\/no\/produkt\/babylove-babynest-gra-triangler\/#primaryimage","url":"https:\/\/babylove.se\/no\/wp-content\/uploads\/sites\/3\/2025\/07\/5e79eec4485ff.jpeg","contentUrl":"https:\/\/babylove.se\/no\/wp-content\/uploads\/sites\/3\/2025\/07\/5e79eec4485ff.jpeg","width":750,"height":750},{"@type":"BreadcrumbList","@id":"https:\/\/babylove.se\/no\/produkt\/babylove-babynest-gra-triangler\/#breadcrumb","itemListElement":[{"@type":"ListItem","position":1,"name":"Hem","item":"https:\/\/babylove.se\/no\/"},{"@type":"ListItem","position":2,"name":"Butik","item":"https:\/\/babylove.se\/no\/butik\/"},{"@type":"ListItem","position":3,"name":"Babylove, Babynest gr\u00e5 trekanter"}]},{"@type":"WebSite","@id":"https:\/\/babylove.se\/no\/#website","url":"https:\/\/babylove.se\/no\/","name":"Babylove Norska","description":"","potentialAction":[{"@type":"SearchAction","target":{"@type":"EntryPoint","urlTemplate":"https:\/\/babylove.se\/no\/?s={search_term_string}"},"query-input":{"@type":"PropertyValueSpecification","valueRequired":true,"valueName":"search_term_string"}}],"inLanguage":"nb-NO"}]},"product_brand":"PQP\/TTM","product_price_amount":"879.00","product_price_currency":"SEK","og_availability":"instock","product_availability":"instock","product_retailer_item_id":"42301.44.1","product_condition":"new"},"_links":{"self":[{"href":"https:\/\/babylove.se\/no\/wp-json\/wp\/v2\/product\/17724","targetHints":{"allow":["GET"]}}],"collection":[{"href":"https:\/\/babylove.se\/no\/wp-json\/wp\/v2\/product"}],"about":[{"href":"https:\/\/babylove.se\/no\/wp-json\/wp\/v2\/types\/product"}],"replies":[{"embeddable":true,"href":"https:\/\/babylove.se\/no\/wp-json\/wp\/v2\/comments?post=17724"}],"wp:featuredmedia":[{"embeddable":true,"href":"https:\/\/babylove.se\/no\/wp-json\/wp\/v2\/media\/17726"}],"wp:attachment":[{"href":"https:\/\/babylove.se\/no\/wp-json\/wp\/v2\/media?parent=17724"}],"wp:term":[{"taxonomy":"product_brand","embeddable":true,"href":"https:\/\/babylove.se\/no\/wp-json\/wp\/v2\/product_brand?post=17724"},{"taxonomy":"product_cat","embeddable":true,"href":"https:\/\/babylove.se\/no\/wp-json\/wp\/v2\/product_cat?post=17724"},{"taxonomy":"product_tag","embeddable":true,"href":"https:\/\/babylove.se\/no\/wp-json\/wp\/v2\/product_tag?post=17724"}],"curies":[{"name":"wp","href":"https:\/\/api.w.org\/{rel}","templated":true}]}}