{"id":17745,"date":"2025-07-18T22:12:04","date_gmt":"2025-07-18T21:12:04","guid":{"rendered":"https:\/\/babylove.se\/produkt\/babylove-golvpussel-lekmatta-grarosa\/"},"modified":"2026-04-08T09:16:43","modified_gmt":"2026-04-08T08:16:43","slug":"babylove-gulvpuslespill-lekematte-grarose","status":"publish","type":"product","link":"https:\/\/babylove.se\/no\/produkt\/babylove-gulvpuslespill-lekematte-grarose\/","title":{"rendered":"Babylove, Gulvpuslespill lekematte, gr\u00e5\/rosa"},"content":{"rendered":"<p>En fantastisk tykk lekematte i form av 9 puslespillbiter som man kan bygge akkurat som man vil, noe som skaper en unik fleksibilitet. Alt fra \u00e5 lage en koselig lekekrok, til \u00e5 bygge en kul vei \u00e5 kj\u00f8re bilene p\u00e5. Bare fantasien til barnet og dets foreldre setter grensene.&nbsp;<\/p>\n<p>M\u00e5l: 120&#215;120 cm, 8 cm tykk<\/p>\n<p>Materiale:&nbsp;<\/p>\n<ul>\n<li>Sider: 100 % jersey, &nbsp;Topp og underside av velur, &nbsp;Fyll: polyuretanskum<\/li>\n<\/ul>\n","protected":false},"excerpt":{"rendered":"<p>En fantastisk tykk lekematte i form av 9 puslespillbiter som man kan bygge akkurat som man vil, noe som skaper en unik fleksibilitet. Alt fra \u00e5 lage en koselig lekekrok, til \u00e5 bygge en kul vei \u00e5 kj\u00f8re bilene p\u00e5. Bare fantasien til barnet og dets foreldre setter grensene.&nbsp; M\u00e5l: 120&#215;120 cm, 8 cm tykk [&hellip;]<\/p>\n","protected":false},"featured_media":17747,"comment_status":"closed","ping_status":"open","template":"","meta":{"_acf_changed":false},"product_brand":[22],"product_cat":[52],"product_tag":[],"class_list":{"0":"post-17745","1":"product","2":"type-product","3":"status-publish","4":"has-post-thumbnail","6":"product_brand-babylove","7":"product_cat-lekematter","9":"first","10":"outofstock","11":"taxable","12":"shipping-taxable","13":"purchasable","14":"product-type-simple"},"acf":[],"yoast_head":"<!-- This site is optimized with the Yoast SEO Premium plugin v25.8 (Yoast SEO v27.2) - https:\/\/yoast.com\/product\/yoast-seo-premium-wordpress\/ -->\n<title>Babylove, Gulvpuslespill lekematte, gr\u00e5\/rosa - Babylove Norska<\/title>\n<meta name=\"robots\" content=\"noindex, follow, max-snippet:-1, max-image-preview:large, max-video-preview:-1\" \/>\n<meta property=\"og:locale\" content=\"nb_NO\" \/>\n<meta property=\"og:type\" content=\"article\" \/>\n<meta property=\"og:title\" content=\"Babylove, Gulvpuslespill lekematte, gr\u00e5\/rosa\" \/>\n<meta property=\"og:description\" content=\"En fantastisk tykk lekematte i form av 9 puslespillbiter som man kan bygge akkurat som man vil, noe som skaper en unik fleksibilitet. Alt fra \u00e5 lage en koselig lekekrok, til \u00e5 bygge en kul vei \u00e5 kj\u00f8re bilene p\u00e5. Bare fantasien til barnet og dets foreldre setter grensene.&nbsp; M\u00e5l: 120&#215;120 cm, 8 cm tykk [&hellip;]\" \/>\n<meta property=\"og:url\" content=\"https:\/\/babylove.se\/no\/produkt\/babylove-gulvpuslespill-lekematte-grarose\/\" \/>\n<meta property=\"og:site_name\" content=\"Babylove Norska\" \/>\n<meta property=\"article:modified_time\" content=\"2026-04-08T08:16:43+00:00\" \/>\n<meta property=\"og:image\" content=\"https:\/\/babylove.se\/no\/wp-content\/uploads\/sites\/3\/2025\/07\/5e79f6b40a6f9.jpeg\" \/>\n\t<meta property=\"og:image:width\" content=\"750\" \/>\n\t<meta property=\"og:image:height\" content=\"583\" \/>\n\t<meta property=\"og:image:type\" content=\"image\/jpeg\" \/>\n<meta name=\"twitter:card\" content=\"summary_large_image\" \/>\n<meta name=\"twitter:label1\" content=\"Price\" \/>\n\t<meta name=\"twitter:data1\" content=\"1 299,00&nbsp;&#107;&#114;\" \/>\n\t<meta name=\"twitter:label2\" content=\"Availability\" \/>\n\t<meta name=\"twitter:data2\" content=\"Out of stock\" \/>\n<script type=\"application\/ld+json\" class=\"yoast-schema-graph\">{\"@context\":\"https:\/\/schema.org\",\"@graph\":[{\"@type\":\"WebPage\",\"@id\":\"https:\/\/babylove.se\/no\/produkt\/babylove-gulvpuslespill-lekematte-grarose\/\",\"url\":\"https:\/\/babylove.se\/no\/produkt\/babylove-gulvpuslespill-lekematte-grarose\/\",\"name\":\"Babylove, Gulvpuslespill lekematte, gr\u00e5\/rosa - Babylove Norska\",\"isPartOf\":{\"@id\":\"https:\/\/babylove.se\/no\/#website\"},\"primaryImageOfPage\":{\"@id\":\"https:\/\/babylove.se\/no\/produkt\/babylove-gulvpuslespill-lekematte-grarose\/#primaryimage\"},\"image\":{\"@id\":\"https:\/\/babylove.se\/no\/produkt\/babylove-gulvpuslespill-lekematte-grarose\/#primaryimage\"},\"thumbnailUrl\":\"https:\/\/babylove.se\/no\/wp-content\/uploads\/sites\/3\/2025\/07\/5e79f6b40a6f9.jpeg\",\"datePublished\":\"2025-07-18T21:12:04+00:00\",\"dateModified\":\"2026-04-08T08:16:43+00:00\",\"breadcrumb\":{\"@id\":\"https:\/\/babylove.se\/no\/produkt\/babylove-gulvpuslespill-lekematte-grarose\/#breadcrumb\"},\"inLanguage\":\"nb-NO\",\"potentialAction\":[{\"@type\":\"ReadAction\",\"target\":[\"https:\/\/babylove.se\/no\/produkt\/babylove-gulvpuslespill-lekematte-grarose\/\"]}]},{\"@type\":\"ImageObject\",\"inLanguage\":\"nb-NO\",\"@id\":\"https:\/\/babylove.se\/no\/produkt\/babylove-gulvpuslespill-lekematte-grarose\/#primaryimage\",\"url\":\"https:\/\/babylove.se\/no\/wp-content\/uploads\/sites\/3\/2025\/07\/5e79f6b40a6f9.jpeg\",\"contentUrl\":\"https:\/\/babylove.se\/no\/wp-content\/uploads\/sites\/3\/2025\/07\/5e79f6b40a6f9.jpeg\",\"width\":750,\"height\":583},{\"@type\":\"BreadcrumbList\",\"@id\":\"https:\/\/babylove.se\/no\/produkt\/babylove-gulvpuslespill-lekematte-grarose\/#breadcrumb\",\"itemListElement\":[{\"@type\":\"ListItem\",\"position\":1,\"name\":\"Hem\",\"item\":\"https:\/\/babylove.se\/no\/\"},{\"@type\":\"ListItem\",\"position\":2,\"name\":\"Butik\",\"item\":\"https:\/\/babylove.se\/no\/butik\/\"},{\"@type\":\"ListItem\",\"position\":3,\"name\":\"Babylove, Gulvpuslespill lekematte, gr\u00e5\/rosa\"}]},{\"@type\":\"WebSite\",\"@id\":\"https:\/\/babylove.se\/no\/#website\",\"url\":\"https:\/\/babylove.se\/no\/\",\"name\":\"Babylove Norska\",\"description\":\"\",\"potentialAction\":[{\"@type\":\"SearchAction\",\"target\":{\"@type\":\"EntryPoint\",\"urlTemplate\":\"https:\/\/babylove.se\/no\/?s={search_term_string}\"},\"query-input\":{\"@type\":\"PropertyValueSpecification\",\"valueRequired\":true,\"valueName\":\"search_term_string\"}}],\"inLanguage\":\"nb-NO\"}]}<\/script>\n<meta property=\"product:brand\" content=\"Babylove\" \/>\n<meta property=\"product:price:amount\" content=\"1299.00\" \/>\n<meta property=\"product:price:currency\" content=\"SEK\" \/>\n<meta property=\"og:availability\" content=\"out of stock\" \/>\n<meta property=\"product:availability\" content=\"out of stock\" \/>\n<meta property=\"product:retailer_item_id\" content=\"3133\" \/>\n<meta property=\"product:condition\" content=\"new\" \/>\n<!-- \/ Yoast SEO Premium plugin. -->","yoast_head_json":{"title":"Babylove, Gulvpuslespill lekematte, gr\u00e5\/rosa - Babylove Norska","robots":{"index":"noindex","follow":"follow","max-snippet":"max-snippet:-1","max-image-preview":"max-image-preview:large","max-video-preview":"max-video-preview:-1"},"og_locale":"nb_NO","og_type":"article","og_title":"Babylove, Gulvpuslespill lekematte, gr\u00e5\/rosa","og_description":"En fantastisk tykk lekematte i form av 9 puslespillbiter som man kan bygge akkurat som man vil, noe som skaper en unik fleksibilitet. Alt fra \u00e5 lage en koselig lekekrok, til \u00e5 bygge en kul vei \u00e5 kj\u00f8re bilene p\u00e5. Bare fantasien til barnet og dets foreldre setter grensene.&nbsp; M\u00e5l: 120&#215;120 cm, 8 cm tykk [&hellip;]","og_url":"https:\/\/babylove.se\/no\/produkt\/babylove-gulvpuslespill-lekematte-grarose\/","og_site_name":"Babylove Norska","article_modified_time":"2026-04-08T08:16:43+00:00","og_image":[{"width":750,"height":583,"url":"https:\/\/babylove.se\/no\/wp-content\/uploads\/sites\/3\/2025\/07\/5e79f6b40a6f9.jpeg","type":"image\/jpeg"}],"twitter_card":"summary_large_image","twitter_misc":{"Price":"1 299,00&nbsp;&#107;&#114;","Availability":"Out of stock"},"schema":{"@context":"https:\/\/schema.org","@graph":[{"@type":"WebPage","@id":"https:\/\/babylove.se\/no\/produkt\/babylove-gulvpuslespill-lekematte-grarose\/","url":"https:\/\/babylove.se\/no\/produkt\/babylove-gulvpuslespill-lekematte-grarose\/","name":"Babylove, Gulvpuslespill lekematte, gr\u00e5\/rosa - Babylove Norska","isPartOf":{"@id":"https:\/\/babylove.se\/no\/#website"},"primaryImageOfPage":{"@id":"https:\/\/babylove.se\/no\/produkt\/babylove-gulvpuslespill-lekematte-grarose\/#primaryimage"},"image":{"@id":"https:\/\/babylove.se\/no\/produkt\/babylove-gulvpuslespill-lekematte-grarose\/#primaryimage"},"thumbnailUrl":"https:\/\/babylove.se\/no\/wp-content\/uploads\/sites\/3\/2025\/07\/5e79f6b40a6f9.jpeg","datePublished":"2025-07-18T21:12:04+00:00","dateModified":"2026-04-08T08:16:43+00:00","breadcrumb":{"@id":"https:\/\/babylove.se\/no\/produkt\/babylove-gulvpuslespill-lekematte-grarose\/#breadcrumb"},"inLanguage":"nb-NO","potentialAction":[{"@type":"ReadAction","target":["https:\/\/babylove.se\/no\/produkt\/babylove-gulvpuslespill-lekematte-grarose\/"]}]},{"@type":"ImageObject","inLanguage":"nb-NO","@id":"https:\/\/babylove.se\/no\/produkt\/babylove-gulvpuslespill-lekematte-grarose\/#primaryimage","url":"https:\/\/babylove.se\/no\/wp-content\/uploads\/sites\/3\/2025\/07\/5e79f6b40a6f9.jpeg","contentUrl":"https:\/\/babylove.se\/no\/wp-content\/uploads\/sites\/3\/2025\/07\/5e79f6b40a6f9.jpeg","width":750,"height":583},{"@type":"BreadcrumbList","@id":"https:\/\/babylove.se\/no\/produkt\/babylove-gulvpuslespill-lekematte-grarose\/#breadcrumb","itemListElement":[{"@type":"ListItem","position":1,"name":"Hem","item":"https:\/\/babylove.se\/no\/"},{"@type":"ListItem","position":2,"name":"Butik","item":"https:\/\/babylove.se\/no\/butik\/"},{"@type":"ListItem","position":3,"name":"Babylove, Gulvpuslespill lekematte, gr\u00e5\/rosa"}]},{"@type":"WebSite","@id":"https:\/\/babylove.se\/no\/#website","url":"https:\/\/babylove.se\/no\/","name":"Babylove Norska","description":"","potentialAction":[{"@type":"SearchAction","target":{"@type":"EntryPoint","urlTemplate":"https:\/\/babylove.se\/no\/?s={search_term_string}"},"query-input":{"@type":"PropertyValueSpecification","valueRequired":true,"valueName":"search_term_string"}}],"inLanguage":"nb-NO"}]},"product_brand":"Babylove","product_price_amount":"1299.00","product_price_currency":"SEK","og_availability":"out of stock","product_availability":"out of stock","product_retailer_item_id":"3133","product_condition":"new"},"_links":{"self":[{"href":"https:\/\/babylove.se\/no\/wp-json\/wp\/v2\/product\/17745","targetHints":{"allow":["GET"]}}],"collection":[{"href":"https:\/\/babylove.se\/no\/wp-json\/wp\/v2\/product"}],"about":[{"href":"https:\/\/babylove.se\/no\/wp-json\/wp\/v2\/types\/product"}],"replies":[{"embeddable":true,"href":"https:\/\/babylove.se\/no\/wp-json\/wp\/v2\/comments?post=17745"}],"wp:featuredmedia":[{"embeddable":true,"href":"https:\/\/babylove.se\/no\/wp-json\/wp\/v2\/media\/17747"}],"wp:attachment":[{"href":"https:\/\/babylove.se\/no\/wp-json\/wp\/v2\/media?parent=17745"}],"wp:term":[{"taxonomy":"product_brand","embeddable":true,"href":"https:\/\/babylove.se\/no\/wp-json\/wp\/v2\/product_brand?post=17745"},{"taxonomy":"product_cat","embeddable":true,"href":"https:\/\/babylove.se\/no\/wp-json\/wp\/v2\/product_cat?post=17745"},{"taxonomy":"product_tag","embeddable":true,"href":"https:\/\/babylove.se\/no\/wp-json\/wp\/v2\/product_tag?post=17745"}],"curies":[{"name":"wp","href":"https:\/\/api.w.org\/{rel}","templated":true}]}}