{"id":17761,"date":"2025-07-18T22:12:04","date_gmt":"2025-07-18T21:12:04","guid":{"rendered":"https:\/\/babylove.se\/produkt\/dekornik-vaggklistermarken-svart-ang\/"},"modified":"2026-04-08T09:16:54","modified_gmt":"2026-04-08T08:16:54","slug":"dekornik-veggklistremerker-svart-ang","status":"publish","type":"product","link":"https:\/\/babylove.se\/no\/produkt\/dekornik-veggklistremerker-svart-ang\/","title":{"rendered":"Dekornik, veggklistremerker Svart Eng"},"content":{"rendered":"<p><!--[if !vml]-->En meget vakker og herlig design inspirert av naturen og vakre blomsterenger. Dette unike veggklistermerkeet vil passe perfekt p\u00e5 en st\u00f8rre vegg, bak en fin seng eller i barnets favorittlekehj\u00f8rne.&nbsp;<\/p>\n<p>Veggklistermerkeet er kjempeenkelt \u00e5 feste p\u00e5 veggen og vil gi ditt barns rom enda en dimensjon av sjarm.<\/p>\n<p>Tenk p\u00e5 at dette veggklistermerkeet har en delikat hvit ramme (ca 1,5 cm bred) rundt, s\u00e5 det passer absolutt best p\u00e5 en hvit vegg. Det praktiske med veggklistremerker er at du enkelt kan vaske dem av med en lett fuktet klut og alltid holde dem rene og friske!<\/p>\n<p>M\u00e5l: 139 x 100 cm<\/p>\n<p>Designer: <a href=\"https:\/\/babylove.se\/varumarken\/dekornik\"><u>Dekornik<\/u><\/a><\/p>\n<p><u>Obs! Klistremerkene er ikke egnet for vegger med en grov overflate eller hvis de er malt med lateksfarger eller tapetsert.<\/u><\/p>\n","protected":false},"excerpt":{"rendered":"<p>En meget vakker og herlig design inspirert av naturen og vakre blomsterenger. Dette unike veggklistermerkeet vil passe perfekt p\u00e5 en st\u00f8rre vegg, bak en fin seng eller i barnets favorittlekehj\u00f8rne.&nbsp; Veggklistermerkeet er kjempeenkelt \u00e5 feste p\u00e5 veggen og vil gi ditt barns rom enda en dimensjon av sjarm. Tenk p\u00e5 at dette veggklistermerkeet har en [&hellip;]<\/p>\n","protected":false},"featured_media":17763,"comment_status":"closed","ping_status":"open","template":"","meta":{"_acf_changed":false},"product_brand":[190],"product_cat":[28,199,191,29,24],"product_tag":[1689],"class_list":{"0":"post-17761","1":"product","2":"type-product","3":"status-publish","4":"has-post-thumbnail","6":"product_brand-dekornik","7":"product_cat-sorthvit","8":"product_cat-blomstrete","9":"product_cat-dekornik","10":"product_cat-veggdekorasjoner","11":"product_cat-veggklistremerker","12":"product_tag-bestillingsvaror","14":"first","15":"instock","16":"taxable","17":"shipping-taxable","18":"purchasable","19":"product-type-simple"},"acf":[],"yoast_head":"<!-- This site is optimized with the Yoast SEO Premium plugin v25.8 (Yoast SEO v27.2) - https:\/\/yoast.com\/product\/yoast-seo-premium-wordpress\/ -->\n<title>Dekornik, veggklistremerker Svart Eng - Babylove Norska<\/title>\n<meta name=\"robots\" content=\"noindex, follow, max-snippet:-1, max-image-preview:large, max-video-preview:-1\" \/>\n<meta property=\"og:locale\" content=\"nb_NO\" \/>\n<meta property=\"og:type\" content=\"article\" \/>\n<meta property=\"og:title\" content=\"Dekornik, veggklistremerker Svart Eng\" \/>\n<meta property=\"og:description\" content=\"En meget vakker og herlig design inspirert av naturen og vakre blomsterenger. Dette unike veggklistermerkeet vil passe perfekt p\u00e5 en st\u00f8rre vegg, bak en fin seng eller i barnets favorittlekehj\u00f8rne.&nbsp; Veggklistermerkeet er kjempeenkelt \u00e5 feste p\u00e5 veggen og vil gi ditt barns rom enda en dimensjon av sjarm. Tenk p\u00e5 at dette veggklistermerkeet har en [&hellip;]\" \/>\n<meta property=\"og:url\" content=\"https:\/\/babylove.se\/no\/produkt\/dekornik-veggklistremerker-svart-ang\/\" \/>\n<meta property=\"og:site_name\" content=\"Babylove Norska\" \/>\n<meta property=\"article:modified_time\" content=\"2026-04-08T08:16:54+00:00\" \/>\n<meta property=\"og:image\" content=\"https:\/\/babylove.se\/no\/wp-content\/uploads\/sites\/3\/2025\/07\/5e7c7bd4dd0d2.jpeg\" \/>\n\t<meta property=\"og:image:width\" content=\"750\" \/>\n\t<meta property=\"og:image:height\" content=\"750\" \/>\n\t<meta property=\"og:image:type\" content=\"image\/jpeg\" \/>\n<meta name=\"twitter:card\" content=\"summary_large_image\" \/>\n<meta name=\"twitter:label1\" content=\"Price\" \/>\n\t<meta name=\"twitter:data1\" content=\"899,00&nbsp;&#107;&#114;\" \/>\n\t<meta name=\"twitter:label2\" content=\"Availability\" \/>\n\t<meta name=\"twitter:data2\" content=\"In stock\" \/>\n<script type=\"application\/ld+json\" class=\"yoast-schema-graph\">{\"@context\":\"https:\/\/schema.org\",\"@graph\":[{\"@type\":\"WebPage\",\"@id\":\"https:\/\/babylove.se\/no\/produkt\/dekornik-veggklistremerker-svart-ang\/\",\"url\":\"https:\/\/babylove.se\/no\/produkt\/dekornik-veggklistremerker-svart-ang\/\",\"name\":\"Dekornik, veggklistremerker Svart Eng - Babylove Norska\",\"isPartOf\":{\"@id\":\"https:\/\/babylove.se\/no\/#website\"},\"primaryImageOfPage\":{\"@id\":\"https:\/\/babylove.se\/no\/produkt\/dekornik-veggklistremerker-svart-ang\/#primaryimage\"},\"image\":{\"@id\":\"https:\/\/babylove.se\/no\/produkt\/dekornik-veggklistremerker-svart-ang\/#primaryimage\"},\"thumbnailUrl\":\"https:\/\/babylove.se\/no\/wp-content\/uploads\/sites\/3\/2025\/07\/5e7c7bd4dd0d2.jpeg\",\"datePublished\":\"2025-07-18T21:12:04+00:00\",\"dateModified\":\"2026-04-08T08:16:54+00:00\",\"breadcrumb\":{\"@id\":\"https:\/\/babylove.se\/no\/produkt\/dekornik-veggklistremerker-svart-ang\/#breadcrumb\"},\"inLanguage\":\"nb-NO\",\"potentialAction\":[{\"@type\":\"ReadAction\",\"target\":[\"https:\/\/babylove.se\/no\/produkt\/dekornik-veggklistremerker-svart-ang\/\"]}]},{\"@type\":\"ImageObject\",\"inLanguage\":\"nb-NO\",\"@id\":\"https:\/\/babylove.se\/no\/produkt\/dekornik-veggklistremerker-svart-ang\/#primaryimage\",\"url\":\"https:\/\/babylove.se\/no\/wp-content\/uploads\/sites\/3\/2025\/07\/5e7c7bd4dd0d2.jpeg\",\"contentUrl\":\"https:\/\/babylove.se\/no\/wp-content\/uploads\/sites\/3\/2025\/07\/5e7c7bd4dd0d2.jpeg\",\"width\":750,\"height\":750},{\"@type\":\"BreadcrumbList\",\"@id\":\"https:\/\/babylove.se\/no\/produkt\/dekornik-veggklistremerker-svart-ang\/#breadcrumb\",\"itemListElement\":[{\"@type\":\"ListItem\",\"position\":1,\"name\":\"Hem\",\"item\":\"https:\/\/babylove.se\/no\/\"},{\"@type\":\"ListItem\",\"position\":2,\"name\":\"Butik\",\"item\":\"https:\/\/babylove.se\/no\/butik\/\"},{\"@type\":\"ListItem\",\"position\":3,\"name\":\"Dekornik, veggklistremerker Svart Eng\"}]},{\"@type\":\"WebSite\",\"@id\":\"https:\/\/babylove.se\/no\/#website\",\"url\":\"https:\/\/babylove.se\/no\/\",\"name\":\"Babylove Norska\",\"description\":\"\",\"potentialAction\":[{\"@type\":\"SearchAction\",\"target\":{\"@type\":\"EntryPoint\",\"urlTemplate\":\"https:\/\/babylove.se\/no\/?s={search_term_string}\"},\"query-input\":{\"@type\":\"PropertyValueSpecification\",\"valueRequired\":true,\"valueName\":\"search_term_string\"}}],\"inLanguage\":\"nb-NO\"}]}<\/script>\n<meta property=\"product:brand\" content=\"Dekornik\" \/>\n<meta property=\"product:price:amount\" content=\"899.00\" \/>\n<meta property=\"product:price:currency\" content=\"SEK\" \/>\n<meta property=\"og:availability\" content=\"instock\" \/>\n<meta property=\"product:availability\" content=\"instock\" \/>\n<meta property=\"product:retailer_item_id\" content=\"DEKO.N.ZAL.009\" \/>\n<meta property=\"product:condition\" content=\"new\" \/>\n<!-- \/ Yoast SEO Premium plugin. -->","yoast_head_json":{"title":"Dekornik, veggklistremerker Svart Eng - Babylove Norska","robots":{"index":"noindex","follow":"follow","max-snippet":"max-snippet:-1","max-image-preview":"max-image-preview:large","max-video-preview":"max-video-preview:-1"},"og_locale":"nb_NO","og_type":"article","og_title":"Dekornik, veggklistremerker Svart Eng","og_description":"En meget vakker og herlig design inspirert av naturen og vakre blomsterenger. Dette unike veggklistermerkeet vil passe perfekt p\u00e5 en st\u00f8rre vegg, bak en fin seng eller i barnets favorittlekehj\u00f8rne.&nbsp; Veggklistermerkeet er kjempeenkelt \u00e5 feste p\u00e5 veggen og vil gi ditt barns rom enda en dimensjon av sjarm. Tenk p\u00e5 at dette veggklistermerkeet har en [&hellip;]","og_url":"https:\/\/babylove.se\/no\/produkt\/dekornik-veggklistremerker-svart-ang\/","og_site_name":"Babylove Norska","article_modified_time":"2026-04-08T08:16:54+00:00","og_image":[{"width":750,"height":750,"url":"https:\/\/babylove.se\/no\/wp-content\/uploads\/sites\/3\/2025\/07\/5e7c7bd4dd0d2.jpeg","type":"image\/jpeg"}],"twitter_card":"summary_large_image","twitter_misc":{"Price":"899,00&nbsp;&#107;&#114;","Availability":"In stock"},"schema":{"@context":"https:\/\/schema.org","@graph":[{"@type":"WebPage","@id":"https:\/\/babylove.se\/no\/produkt\/dekornik-veggklistremerker-svart-ang\/","url":"https:\/\/babylove.se\/no\/produkt\/dekornik-veggklistremerker-svart-ang\/","name":"Dekornik, veggklistremerker Svart Eng - Babylove Norska","isPartOf":{"@id":"https:\/\/babylove.se\/no\/#website"},"primaryImageOfPage":{"@id":"https:\/\/babylove.se\/no\/produkt\/dekornik-veggklistremerker-svart-ang\/#primaryimage"},"image":{"@id":"https:\/\/babylove.se\/no\/produkt\/dekornik-veggklistremerker-svart-ang\/#primaryimage"},"thumbnailUrl":"https:\/\/babylove.se\/no\/wp-content\/uploads\/sites\/3\/2025\/07\/5e7c7bd4dd0d2.jpeg","datePublished":"2025-07-18T21:12:04+00:00","dateModified":"2026-04-08T08:16:54+00:00","breadcrumb":{"@id":"https:\/\/babylove.se\/no\/produkt\/dekornik-veggklistremerker-svart-ang\/#breadcrumb"},"inLanguage":"nb-NO","potentialAction":[{"@type":"ReadAction","target":["https:\/\/babylove.se\/no\/produkt\/dekornik-veggklistremerker-svart-ang\/"]}]},{"@type":"ImageObject","inLanguage":"nb-NO","@id":"https:\/\/babylove.se\/no\/produkt\/dekornik-veggklistremerker-svart-ang\/#primaryimage","url":"https:\/\/babylove.se\/no\/wp-content\/uploads\/sites\/3\/2025\/07\/5e7c7bd4dd0d2.jpeg","contentUrl":"https:\/\/babylove.se\/no\/wp-content\/uploads\/sites\/3\/2025\/07\/5e7c7bd4dd0d2.jpeg","width":750,"height":750},{"@type":"BreadcrumbList","@id":"https:\/\/babylove.se\/no\/produkt\/dekornik-veggklistremerker-svart-ang\/#breadcrumb","itemListElement":[{"@type":"ListItem","position":1,"name":"Hem","item":"https:\/\/babylove.se\/no\/"},{"@type":"ListItem","position":2,"name":"Butik","item":"https:\/\/babylove.se\/no\/butik\/"},{"@type":"ListItem","position":3,"name":"Dekornik, veggklistremerker Svart Eng"}]},{"@type":"WebSite","@id":"https:\/\/babylove.se\/no\/#website","url":"https:\/\/babylove.se\/no\/","name":"Babylove Norska","description":"","potentialAction":[{"@type":"SearchAction","target":{"@type":"EntryPoint","urlTemplate":"https:\/\/babylove.se\/no\/?s={search_term_string}"},"query-input":{"@type":"PropertyValueSpecification","valueRequired":true,"valueName":"search_term_string"}}],"inLanguage":"nb-NO"}]},"product_brand":"Dekornik","product_price_amount":"899.00","product_price_currency":"SEK","og_availability":"instock","product_availability":"instock","product_retailer_item_id":"DEKO.N.ZAL.009","product_condition":"new"},"_links":{"self":[{"href":"https:\/\/babylove.se\/no\/wp-json\/wp\/v2\/product\/17761","targetHints":{"allow":["GET"]}}],"collection":[{"href":"https:\/\/babylove.se\/no\/wp-json\/wp\/v2\/product"}],"about":[{"href":"https:\/\/babylove.se\/no\/wp-json\/wp\/v2\/types\/product"}],"replies":[{"embeddable":true,"href":"https:\/\/babylove.se\/no\/wp-json\/wp\/v2\/comments?post=17761"}],"wp:featuredmedia":[{"embeddable":true,"href":"https:\/\/babylove.se\/no\/wp-json\/wp\/v2\/media\/17763"}],"wp:attachment":[{"href":"https:\/\/babylove.se\/no\/wp-json\/wp\/v2\/media?parent=17761"}],"wp:term":[{"taxonomy":"product_brand","embeddable":true,"href":"https:\/\/babylove.se\/no\/wp-json\/wp\/v2\/product_brand?post=17761"},{"taxonomy":"product_cat","embeddable":true,"href":"https:\/\/babylove.se\/no\/wp-json\/wp\/v2\/product_cat?post=17761"},{"taxonomy":"product_tag","embeddable":true,"href":"https:\/\/babylove.se\/no\/wp-json\/wp\/v2\/product_tag?post=17761"}],"curies":[{"name":"wp","href":"https:\/\/api.w.org\/{rel}","templated":true}]}}