{"id":17771,"date":"2025-07-18T22:12:24","date_gmt":"2025-07-18T21:12:24","guid":{"rendered":"https:\/\/babylove.se\/produkt\/nofred-mouse-bord\/"},"modified":"2026-04-08T09:17:00","modified_gmt":"2026-04-08T08:17:00","slug":"nofred-mus-bord","status":"publish","type":"product","link":"https:\/\/babylove.se\/no\/produkt\/nofred-mus-bord\/","title":{"rendered":"Nofred, Mouse bord"},"content":{"rendered":"<p>Dette fantastiske bordet ble skapt av danske Nofred med tanken om \u00e5 lage et helt eget sted til barnet. Uansett om det vil leke, tegne, t\u00f8yse eller servere te, s\u00e5 skal de kunne gj\u00f8re det ved dette bordet. Bordet er enkelt men samtidig robust og har blitt et dansk ikonm\u00f8bel i mange bevisste barnerom. Match det med Mouse stol eller Mouse benk og ditt barnerom er komplett. Bordet er laget for \u00e5 passe best for aldrene 2-5 \u00e5r.<\/p>\n<p>M\u00e5l: xxxxxxx<\/p>\n<p>Vekt: xxxxxxxx<\/p>\n<p>Materiale: Eikefiner med en matt lakk.????<\/p>\n<p>Vaskes enklest med en lett fuktet klut, unng\u00e5 \u00e5 skrubbe og sterke rengj\u00f8ringsmidler da det kan \u00f8delegge overflaten.<\/p>\n<p><\/p>\n","protected":false},"excerpt":{"rendered":"<p>Dette fantastiske bordet ble skapt av danske Nofred med tanken om \u00e5 lage et helt eget sted til barnet. Uansett om det vil leke, tegne, t\u00f8yse eller servere te, s\u00e5 skal de kunne gj\u00f8re det ved dette bordet. Bordet er enkelt men samtidig robust og har blitt et dansk ikonm\u00f8bel i mange bevisste barnerom. Match [&hellip;]<\/p>\n","protected":false},"featured_media":17773,"comment_status":"closed","ping_status":"open","template":"","meta":{"_acf_changed":false},"product_brand":[746],"product_cat":[85,747],"product_tag":[1689],"class_list":{"0":"post-17771","1":"product","2":"type-product","3":"status-publish","4":"has-post-thumbnail","6":"product_brand-nofred","7":"product_cat-bord","8":"product_cat-nofred","9":"product_tag-bestillingsvaror","11":"first","12":"instock","13":"taxable","14":"shipping-taxable","15":"purchasable","16":"product-type-simple"},"acf":[],"yoast_head":"<!-- This site is optimized with the Yoast SEO Premium plugin v25.8 (Yoast SEO v27.2) - https:\/\/yoast.com\/product\/yoast-seo-premium-wordpress\/ -->\n<title>Nofred, Mouse bord - Babylove Norska<\/title>\n<meta name=\"robots\" content=\"noindex, follow, max-snippet:-1, max-image-preview:large, max-video-preview:-1\" \/>\n<meta property=\"og:locale\" content=\"nb_NO\" \/>\n<meta property=\"og:type\" content=\"article\" \/>\n<meta property=\"og:title\" content=\"Nofred, Mouse bord\" \/>\n<meta property=\"og:description\" content=\"Dette fantastiske bordet ble skapt av danske Nofred med tanken om \u00e5 lage et helt eget sted til barnet. Uansett om det vil leke, tegne, t\u00f8yse eller servere te, s\u00e5 skal de kunne gj\u00f8re det ved dette bordet. Bordet er enkelt men samtidig robust og har blitt et dansk ikonm\u00f8bel i mange bevisste barnerom. Match [&hellip;]\" \/>\n<meta property=\"og:url\" content=\"https:\/\/babylove.se\/no\/produkt\/nofred-mus-bord\/\" \/>\n<meta property=\"og:site_name\" content=\"Babylove Norska\" \/>\n<meta property=\"article:modified_time\" content=\"2026-04-08T08:17:00+00:00\" \/>\n<meta property=\"og:image\" content=\"https:\/\/babylove.se\/no\/wp-content\/uploads\/sites\/3\/2025\/07\/5e83046de148b.jpeg\" \/>\n\t<meta property=\"og:image:width\" content=\"598\" \/>\n\t<meta property=\"og:image:height\" content=\"598\" \/>\n\t<meta property=\"og:image:type\" content=\"image\/jpeg\" \/>\n<meta name=\"twitter:card\" content=\"summary_large_image\" \/>\n<meta name=\"twitter:label1\" content=\"Price\" \/>\n\t<meta name=\"twitter:data1\" content=\"2 295,00&nbsp;&#107;&#114;\" \/>\n\t<meta name=\"twitter:label2\" content=\"Availability\" \/>\n\t<meta name=\"twitter:data2\" content=\"In stock\" \/>\n<script type=\"application\/ld+json\" class=\"yoast-schema-graph\">{\"@context\":\"https:\/\/schema.org\",\"@graph\":[{\"@type\":\"WebPage\",\"@id\":\"https:\/\/babylove.se\/no\/produkt\/nofred-mus-bord\/\",\"url\":\"https:\/\/babylove.se\/no\/produkt\/nofred-mus-bord\/\",\"name\":\"Nofred, Mouse bord - Babylove Norska\",\"isPartOf\":{\"@id\":\"https:\/\/babylove.se\/no\/#website\"},\"primaryImageOfPage\":{\"@id\":\"https:\/\/babylove.se\/no\/produkt\/nofred-mus-bord\/#primaryimage\"},\"image\":{\"@id\":\"https:\/\/babylove.se\/no\/produkt\/nofred-mus-bord\/#primaryimage\"},\"thumbnailUrl\":\"https:\/\/babylove.se\/no\/wp-content\/uploads\/sites\/3\/2025\/07\/5e83046de148b.jpeg\",\"datePublished\":\"2025-07-18T21:12:24+00:00\",\"dateModified\":\"2026-04-08T08:17:00+00:00\",\"breadcrumb\":{\"@id\":\"https:\/\/babylove.se\/no\/produkt\/nofred-mus-bord\/#breadcrumb\"},\"inLanguage\":\"nb-NO\",\"potentialAction\":[{\"@type\":\"ReadAction\",\"target\":[\"https:\/\/babylove.se\/no\/produkt\/nofred-mus-bord\/\"]}]},{\"@type\":\"ImageObject\",\"inLanguage\":\"nb-NO\",\"@id\":\"https:\/\/babylove.se\/no\/produkt\/nofred-mus-bord\/#primaryimage\",\"url\":\"https:\/\/babylove.se\/no\/wp-content\/uploads\/sites\/3\/2025\/07\/5e83046de148b.jpeg\",\"contentUrl\":\"https:\/\/babylove.se\/no\/wp-content\/uploads\/sites\/3\/2025\/07\/5e83046de148b.jpeg\",\"width\":598,\"height\":598},{\"@type\":\"BreadcrumbList\",\"@id\":\"https:\/\/babylove.se\/no\/produkt\/nofred-mus-bord\/#breadcrumb\",\"itemListElement\":[{\"@type\":\"ListItem\",\"position\":1,\"name\":\"Hem\",\"item\":\"https:\/\/babylove.se\/no\/\"},{\"@type\":\"ListItem\",\"position\":2,\"name\":\"Butik\",\"item\":\"https:\/\/babylove.se\/no\/butik\/\"},{\"@type\":\"ListItem\",\"position\":3,\"name\":\"Nofred, Mouse bord\"}]},{\"@type\":\"WebSite\",\"@id\":\"https:\/\/babylove.se\/no\/#website\",\"url\":\"https:\/\/babylove.se\/no\/\",\"name\":\"Babylove Norska\",\"description\":\"\",\"potentialAction\":[{\"@type\":\"SearchAction\",\"target\":{\"@type\":\"EntryPoint\",\"urlTemplate\":\"https:\/\/babylove.se\/no\/?s={search_term_string}\"},\"query-input\":{\"@type\":\"PropertyValueSpecification\",\"valueRequired\":true,\"valueName\":\"search_term_string\"}}],\"inLanguage\":\"nb-NO\"}]}<\/script>\n<meta property=\"product:brand\" content=\"Nofred\" \/>\n<meta property=\"product:price:amount\" content=\"2295.00\" \/>\n<meta property=\"product:price:currency\" content=\"SEK\" \/>\n<meta property=\"og:availability\" content=\"instock\" \/>\n<meta property=\"product:availability\" content=\"instock\" \/>\n<meta property=\"product:retailer_item_id\" content=\"3144\" \/>\n<meta property=\"product:condition\" content=\"new\" \/>\n<!-- \/ Yoast SEO Premium plugin. -->","yoast_head_json":{"title":"Nofred, Mouse bord - Babylove Norska","robots":{"index":"noindex","follow":"follow","max-snippet":"max-snippet:-1","max-image-preview":"max-image-preview:large","max-video-preview":"max-video-preview:-1"},"og_locale":"nb_NO","og_type":"article","og_title":"Nofred, Mouse bord","og_description":"Dette fantastiske bordet ble skapt av danske Nofred med tanken om \u00e5 lage et helt eget sted til barnet. Uansett om det vil leke, tegne, t\u00f8yse eller servere te, s\u00e5 skal de kunne gj\u00f8re det ved dette bordet. Bordet er enkelt men samtidig robust og har blitt et dansk ikonm\u00f8bel i mange bevisste barnerom. Match [&hellip;]","og_url":"https:\/\/babylove.se\/no\/produkt\/nofred-mus-bord\/","og_site_name":"Babylove Norska","article_modified_time":"2026-04-08T08:17:00+00:00","og_image":[{"width":598,"height":598,"url":"https:\/\/babylove.se\/no\/wp-content\/uploads\/sites\/3\/2025\/07\/5e83046de148b.jpeg","type":"image\/jpeg"}],"twitter_card":"summary_large_image","twitter_misc":{"Price":"2 295,00&nbsp;&#107;&#114;","Availability":"In stock"},"schema":{"@context":"https:\/\/schema.org","@graph":[{"@type":"WebPage","@id":"https:\/\/babylove.se\/no\/produkt\/nofred-mus-bord\/","url":"https:\/\/babylove.se\/no\/produkt\/nofred-mus-bord\/","name":"Nofred, Mouse bord - Babylove Norska","isPartOf":{"@id":"https:\/\/babylove.se\/no\/#website"},"primaryImageOfPage":{"@id":"https:\/\/babylove.se\/no\/produkt\/nofred-mus-bord\/#primaryimage"},"image":{"@id":"https:\/\/babylove.se\/no\/produkt\/nofred-mus-bord\/#primaryimage"},"thumbnailUrl":"https:\/\/babylove.se\/no\/wp-content\/uploads\/sites\/3\/2025\/07\/5e83046de148b.jpeg","datePublished":"2025-07-18T21:12:24+00:00","dateModified":"2026-04-08T08:17:00+00:00","breadcrumb":{"@id":"https:\/\/babylove.se\/no\/produkt\/nofred-mus-bord\/#breadcrumb"},"inLanguage":"nb-NO","potentialAction":[{"@type":"ReadAction","target":["https:\/\/babylove.se\/no\/produkt\/nofred-mus-bord\/"]}]},{"@type":"ImageObject","inLanguage":"nb-NO","@id":"https:\/\/babylove.se\/no\/produkt\/nofred-mus-bord\/#primaryimage","url":"https:\/\/babylove.se\/no\/wp-content\/uploads\/sites\/3\/2025\/07\/5e83046de148b.jpeg","contentUrl":"https:\/\/babylove.se\/no\/wp-content\/uploads\/sites\/3\/2025\/07\/5e83046de148b.jpeg","width":598,"height":598},{"@type":"BreadcrumbList","@id":"https:\/\/babylove.se\/no\/produkt\/nofred-mus-bord\/#breadcrumb","itemListElement":[{"@type":"ListItem","position":1,"name":"Hem","item":"https:\/\/babylove.se\/no\/"},{"@type":"ListItem","position":2,"name":"Butik","item":"https:\/\/babylove.se\/no\/butik\/"},{"@type":"ListItem","position":3,"name":"Nofred, Mouse bord"}]},{"@type":"WebSite","@id":"https:\/\/babylove.se\/no\/#website","url":"https:\/\/babylove.se\/no\/","name":"Babylove Norska","description":"","potentialAction":[{"@type":"SearchAction","target":{"@type":"EntryPoint","urlTemplate":"https:\/\/babylove.se\/no\/?s={search_term_string}"},"query-input":{"@type":"PropertyValueSpecification","valueRequired":true,"valueName":"search_term_string"}}],"inLanguage":"nb-NO"}]},"product_brand":"Nofred","product_price_amount":"2295.00","product_price_currency":"SEK","og_availability":"instock","product_availability":"instock","product_retailer_item_id":"3144","product_condition":"new"},"_links":{"self":[{"href":"https:\/\/babylove.se\/no\/wp-json\/wp\/v2\/product\/17771","targetHints":{"allow":["GET"]}}],"collection":[{"href":"https:\/\/babylove.se\/no\/wp-json\/wp\/v2\/product"}],"about":[{"href":"https:\/\/babylove.se\/no\/wp-json\/wp\/v2\/types\/product"}],"replies":[{"embeddable":true,"href":"https:\/\/babylove.se\/no\/wp-json\/wp\/v2\/comments?post=17771"}],"wp:featuredmedia":[{"embeddable":true,"href":"https:\/\/babylove.se\/no\/wp-json\/wp\/v2\/media\/17773"}],"wp:attachment":[{"href":"https:\/\/babylove.se\/no\/wp-json\/wp\/v2\/media?parent=17771"}],"wp:term":[{"taxonomy":"product_brand","embeddable":true,"href":"https:\/\/babylove.se\/no\/wp-json\/wp\/v2\/product_brand?post=17771"},{"taxonomy":"product_cat","embeddable":true,"href":"https:\/\/babylove.se\/no\/wp-json\/wp\/v2\/product_cat?post=17771"},{"taxonomy":"product_tag","embeddable":true,"href":"https:\/\/babylove.se\/no\/wp-json\/wp\/v2\/product_tag?post=17771"}],"curies":[{"name":"wp","href":"https:\/\/api.w.org\/{rel}","templated":true}]}}