{"id":17774,"date":"2025-07-18T22:12:24","date_gmt":"2025-07-18T21:12:24","guid":{"rendered":"https:\/\/babylove.se\/produkt\/nofred-mouse-bank\/"},"modified":"2026-04-08T09:17:03","modified_gmt":"2026-04-08T08:17:03","slug":"nofred-musbank","status":"publish","type":"product","link":"https:\/\/babylove.se\/no\/produkt\/nofred-musbank\/","title":{"rendered":"Nofred, mouse benk"},"content":{"rendered":"<p>Mouse Benk er perfekt for gangen, barnerommet eller andre lekekroker i hjemmet.&nbsp;Forestill deg to barn som deler historier p\u00e5 en benk. Designinspirasjonen for denne benken kom fra alle m\u00e5tene barn interagerer med hverandre p\u00e5. Det enkle, hjertevarmende synet n\u00e5r de hvisker og fniser med en venn symboliserer noe meningsfullt. Det viser hvordan barna v\u00e5re utvikler seg fra babyer til selvstendige tenkere med egne historier \u00e5 fortelle.<\/p>\n<p>Designet for barn i alderen 2-5 \u00e5r. Mouse Benk er et m\u00f8bel hvor de kan planlegge, snakke, knyte skolissene sine, tenke og le og vil passe inn hvor som helst i hjemmet.<\/p>\n","protected":false},"excerpt":{"rendered":"<p>Mouse Benk er perfekt for gangen, barnerommet eller andre lekekroker i hjemmet.&nbsp;Forestill deg to barn som deler historier p\u00e5 en benk. Designinspirasjonen for denne benken kom fra alle m\u00e5tene barn interagerer med hverandre p\u00e5. Det enkle, hjertevarmende synet n\u00e5r de hvisker og fniser med en venn symboliserer noe meningsfullt. Det viser hvordan barna v\u00e5re utvikler [&hellip;]<\/p>\n","protected":false},"featured_media":17776,"comment_status":"closed","ping_status":"open","template":"","meta":{"_acf_changed":false},"product_brand":[746],"product_cat":[747,80],"product_tag":[1689],"class_list":{"0":"post-17774","1":"product","2":"type-product","3":"status-publish","4":"has-post-thumbnail","6":"product_brand-nofred","7":"product_cat-nofred","8":"product_cat-stoler","9":"product_tag-bestillingsvaror","11":"first","12":"instock","13":"taxable","14":"shipping-taxable","15":"purchasable","16":"product-type-simple"},"acf":[],"yoast_head":"<!-- This site is optimized with the Yoast SEO Premium plugin v25.8 (Yoast SEO v27.2) - https:\/\/yoast.com\/product\/yoast-seo-premium-wordpress\/ -->\n<title>Nofred, mouse benk - Babylove Norska<\/title>\n<meta name=\"robots\" content=\"noindex, follow, max-snippet:-1, max-image-preview:large, max-video-preview:-1\" \/>\n<meta property=\"og:locale\" content=\"nb_NO\" \/>\n<meta property=\"og:type\" content=\"article\" \/>\n<meta property=\"og:title\" content=\"Nofred, mouse benk\" \/>\n<meta property=\"og:description\" content=\"Mouse Benk er perfekt for gangen, barnerommet eller andre lekekroker i hjemmet.&nbsp;Forestill deg to barn som deler historier p\u00e5 en benk. Designinspirasjonen for denne benken kom fra alle m\u00e5tene barn interagerer med hverandre p\u00e5. Det enkle, hjertevarmende synet n\u00e5r de hvisker og fniser med en venn symboliserer noe meningsfullt. Det viser hvordan barna v\u00e5re utvikler [&hellip;]\" \/>\n<meta property=\"og:url\" content=\"https:\/\/babylove.se\/no\/produkt\/nofred-musbank\/\" \/>\n<meta property=\"og:site_name\" content=\"Babylove Norska\" \/>\n<meta property=\"article:modified_time\" content=\"2026-04-08T08:17:03+00:00\" \/>\n<meta property=\"og:image\" content=\"https:\/\/babylove.se\/no\/wp-content\/uploads\/sites\/3\/2025\/07\/5e83093cc9261.jpeg\" \/>\n\t<meta property=\"og:image:width\" content=\"598\" \/>\n\t<meta property=\"og:image:height\" content=\"598\" \/>\n\t<meta property=\"og:image:type\" content=\"image\/jpeg\" \/>\n<meta name=\"twitter:card\" content=\"summary_large_image\" \/>\n<meta name=\"twitter:label1\" content=\"Price\" \/>\n\t<meta name=\"twitter:data1\" content=\"3 375,00&nbsp;&#107;&#114;\" \/>\n\t<meta name=\"twitter:label2\" content=\"Availability\" \/>\n\t<meta name=\"twitter:data2\" content=\"In stock\" \/>\n<script type=\"application\/ld+json\" class=\"yoast-schema-graph\">{\"@context\":\"https:\/\/schema.org\",\"@graph\":[{\"@type\":\"WebPage\",\"@id\":\"https:\/\/babylove.se\/no\/produkt\/nofred-musbank\/\",\"url\":\"https:\/\/babylove.se\/no\/produkt\/nofred-musbank\/\",\"name\":\"Nofred, mouse benk - Babylove Norska\",\"isPartOf\":{\"@id\":\"https:\/\/babylove.se\/no\/#website\"},\"primaryImageOfPage\":{\"@id\":\"https:\/\/babylove.se\/no\/produkt\/nofred-musbank\/#primaryimage\"},\"image\":{\"@id\":\"https:\/\/babylove.se\/no\/produkt\/nofred-musbank\/#primaryimage\"},\"thumbnailUrl\":\"https:\/\/babylove.se\/no\/wp-content\/uploads\/sites\/3\/2025\/07\/5e83093cc9261.jpeg\",\"datePublished\":\"2025-07-18T21:12:24+00:00\",\"dateModified\":\"2026-04-08T08:17:03+00:00\",\"breadcrumb\":{\"@id\":\"https:\/\/babylove.se\/no\/produkt\/nofred-musbank\/#breadcrumb\"},\"inLanguage\":\"nb-NO\",\"potentialAction\":[{\"@type\":\"ReadAction\",\"target\":[\"https:\/\/babylove.se\/no\/produkt\/nofred-musbank\/\"]}]},{\"@type\":\"ImageObject\",\"inLanguage\":\"nb-NO\",\"@id\":\"https:\/\/babylove.se\/no\/produkt\/nofred-musbank\/#primaryimage\",\"url\":\"https:\/\/babylove.se\/no\/wp-content\/uploads\/sites\/3\/2025\/07\/5e83093cc9261.jpeg\",\"contentUrl\":\"https:\/\/babylove.se\/no\/wp-content\/uploads\/sites\/3\/2025\/07\/5e83093cc9261.jpeg\",\"width\":598,\"height\":598},{\"@type\":\"BreadcrumbList\",\"@id\":\"https:\/\/babylove.se\/no\/produkt\/nofred-musbank\/#breadcrumb\",\"itemListElement\":[{\"@type\":\"ListItem\",\"position\":1,\"name\":\"Hem\",\"item\":\"https:\/\/babylove.se\/no\/\"},{\"@type\":\"ListItem\",\"position\":2,\"name\":\"Butik\",\"item\":\"https:\/\/babylove.se\/no\/butik\/\"},{\"@type\":\"ListItem\",\"position\":3,\"name\":\"Nofred, mouse benk\"}]},{\"@type\":\"WebSite\",\"@id\":\"https:\/\/babylove.se\/no\/#website\",\"url\":\"https:\/\/babylove.se\/no\/\",\"name\":\"Babylove Norska\",\"description\":\"\",\"potentialAction\":[{\"@type\":\"SearchAction\",\"target\":{\"@type\":\"EntryPoint\",\"urlTemplate\":\"https:\/\/babylove.se\/no\/?s={search_term_string}\"},\"query-input\":{\"@type\":\"PropertyValueSpecification\",\"valueRequired\":true,\"valueName\":\"search_term_string\"}}],\"inLanguage\":\"nb-NO\"}]}<\/script>\n<meta property=\"product:brand\" content=\"Nofred\" \/>\n<meta property=\"product:price:amount\" content=\"3375.00\" \/>\n<meta property=\"product:price:currency\" content=\"SEK\" \/>\n<meta property=\"og:availability\" content=\"instock\" \/>\n<meta property=\"product:availability\" content=\"instock\" \/>\n<meta property=\"product:retailer_item_id\" content=\"3145\" \/>\n<meta property=\"product:condition\" content=\"new\" \/>\n<!-- \/ Yoast SEO Premium plugin. -->","yoast_head_json":{"title":"Nofred, mouse benk - Babylove Norska","robots":{"index":"noindex","follow":"follow","max-snippet":"max-snippet:-1","max-image-preview":"max-image-preview:large","max-video-preview":"max-video-preview:-1"},"og_locale":"nb_NO","og_type":"article","og_title":"Nofred, mouse benk","og_description":"Mouse Benk er perfekt for gangen, barnerommet eller andre lekekroker i hjemmet.&nbsp;Forestill deg to barn som deler historier p\u00e5 en benk. Designinspirasjonen for denne benken kom fra alle m\u00e5tene barn interagerer med hverandre p\u00e5. Det enkle, hjertevarmende synet n\u00e5r de hvisker og fniser med en venn symboliserer noe meningsfullt. Det viser hvordan barna v\u00e5re utvikler [&hellip;]","og_url":"https:\/\/babylove.se\/no\/produkt\/nofred-musbank\/","og_site_name":"Babylove Norska","article_modified_time":"2026-04-08T08:17:03+00:00","og_image":[{"width":598,"height":598,"url":"https:\/\/babylove.se\/no\/wp-content\/uploads\/sites\/3\/2025\/07\/5e83093cc9261.jpeg","type":"image\/jpeg"}],"twitter_card":"summary_large_image","twitter_misc":{"Price":"3 375,00&nbsp;&#107;&#114;","Availability":"In stock"},"schema":{"@context":"https:\/\/schema.org","@graph":[{"@type":"WebPage","@id":"https:\/\/babylove.se\/no\/produkt\/nofred-musbank\/","url":"https:\/\/babylove.se\/no\/produkt\/nofred-musbank\/","name":"Nofred, mouse benk - Babylove Norska","isPartOf":{"@id":"https:\/\/babylove.se\/no\/#website"},"primaryImageOfPage":{"@id":"https:\/\/babylove.se\/no\/produkt\/nofred-musbank\/#primaryimage"},"image":{"@id":"https:\/\/babylove.se\/no\/produkt\/nofred-musbank\/#primaryimage"},"thumbnailUrl":"https:\/\/babylove.se\/no\/wp-content\/uploads\/sites\/3\/2025\/07\/5e83093cc9261.jpeg","datePublished":"2025-07-18T21:12:24+00:00","dateModified":"2026-04-08T08:17:03+00:00","breadcrumb":{"@id":"https:\/\/babylove.se\/no\/produkt\/nofred-musbank\/#breadcrumb"},"inLanguage":"nb-NO","potentialAction":[{"@type":"ReadAction","target":["https:\/\/babylove.se\/no\/produkt\/nofred-musbank\/"]}]},{"@type":"ImageObject","inLanguage":"nb-NO","@id":"https:\/\/babylove.se\/no\/produkt\/nofred-musbank\/#primaryimage","url":"https:\/\/babylove.se\/no\/wp-content\/uploads\/sites\/3\/2025\/07\/5e83093cc9261.jpeg","contentUrl":"https:\/\/babylove.se\/no\/wp-content\/uploads\/sites\/3\/2025\/07\/5e83093cc9261.jpeg","width":598,"height":598},{"@type":"BreadcrumbList","@id":"https:\/\/babylove.se\/no\/produkt\/nofred-musbank\/#breadcrumb","itemListElement":[{"@type":"ListItem","position":1,"name":"Hem","item":"https:\/\/babylove.se\/no\/"},{"@type":"ListItem","position":2,"name":"Butik","item":"https:\/\/babylove.se\/no\/butik\/"},{"@type":"ListItem","position":3,"name":"Nofred, mouse benk"}]},{"@type":"WebSite","@id":"https:\/\/babylove.se\/no\/#website","url":"https:\/\/babylove.se\/no\/","name":"Babylove Norska","description":"","potentialAction":[{"@type":"SearchAction","target":{"@type":"EntryPoint","urlTemplate":"https:\/\/babylove.se\/no\/?s={search_term_string}"},"query-input":{"@type":"PropertyValueSpecification","valueRequired":true,"valueName":"search_term_string"}}],"inLanguage":"nb-NO"}]},"product_brand":"Nofred","product_price_amount":"3375.00","product_price_currency":"SEK","og_availability":"instock","product_availability":"instock","product_retailer_item_id":"3145","product_condition":"new"},"_links":{"self":[{"href":"https:\/\/babylove.se\/no\/wp-json\/wp\/v2\/product\/17774","targetHints":{"allow":["GET"]}}],"collection":[{"href":"https:\/\/babylove.se\/no\/wp-json\/wp\/v2\/product"}],"about":[{"href":"https:\/\/babylove.se\/no\/wp-json\/wp\/v2\/types\/product"}],"replies":[{"embeddable":true,"href":"https:\/\/babylove.se\/no\/wp-json\/wp\/v2\/comments?post=17774"}],"wp:featuredmedia":[{"embeddable":true,"href":"https:\/\/babylove.se\/no\/wp-json\/wp\/v2\/media\/17776"}],"wp:attachment":[{"href":"https:\/\/babylove.se\/no\/wp-json\/wp\/v2\/media?parent=17774"}],"wp:term":[{"taxonomy":"product_brand","embeddable":true,"href":"https:\/\/babylove.se\/no\/wp-json\/wp\/v2\/product_brand?post=17774"},{"taxonomy":"product_cat","embeddable":true,"href":"https:\/\/babylove.se\/no\/wp-json\/wp\/v2\/product_cat?post=17774"},{"taxonomy":"product_tag","embeddable":true,"href":"https:\/\/babylove.se\/no\/wp-json\/wp\/v2\/product_tag?post=17774"}],"curies":[{"name":"wp","href":"https:\/\/api.w.org\/{rel}","templated":true}]}}