{"id":17807,"date":"2025-07-18T22:12:24","date_gmt":"2025-07-18T21:12:24","guid":{"rendered":"https:\/\/babylove.se\/produkt\/jabadabado-kudde-rosa-elefant\/"},"modified":"2026-04-08T09:17:26","modified_gmt":"2026-04-08T08:17:26","slug":"jabadabado-pute-rosa-elefant","status":"publish","type":"product","link":"https:\/\/babylove.se\/no\/produkt\/jabadabado-pute-rosa-elefant\/","title":{"rendered":"JaBaDaBaDo, pute rosa elefant"},"content":{"rendered":"<p>En fin og eventyrlig rosa pute fra svenske Jabadabado som barnet ditt kommer til \u00e5 elske.&nbsp;<\/p>\n<p>Helt handsydd av bomull og \u00f8ynene har blitt brodert p\u00e5, noe som gj\u00f8r at den f\u00e5r en unik og herlig f\u00f8lelse. Kan selvf\u00f8lgelig brukes b\u00e5de som dekorasjon og som kosedyr for barnet ditt. Du kan enkelt holde den ren ved \u00e5 vaske den p\u00e5 lav temperatur i maskinen (Maks 30 grader). Den skal imidlertid ikke t\u00f8rketromles.<\/p>\n<p>M\u00e5l: 30x 12x 30 cm<\/p>\n<p>Designer: <a href=\"https:\/\/babylove.se\/varumarken\/jabadabado\">JaBaDaBaDo<\/a><\/p>\n","protected":false},"excerpt":{"rendered":"<p>En fin og eventyrlig rosa pute fra svenske Jabadabado som barnet ditt kommer til \u00e5 elske.&nbsp; Helt handsydd av bomull og \u00f8ynene har blitt brodert p\u00e5, noe som gj\u00f8r at den f\u00e5r en unik og herlig f\u00f8lelse. Kan selvf\u00f8lgelig brukes b\u00e5de som dekorasjon og som kosedyr for barnet ditt. Du kan enkelt holde den ren [&hellip;]<\/p>\n","protected":false},"featured_media":17809,"comment_status":"closed","ping_status":"open","template":"","meta":{"_acf_changed":false},"product_brand":[273],"product_cat":[90,274,105,40],"product_tag":[],"class_list":{"0":"post-17807","1":"product","2":"type-product","3":"status-publish","4":"has-post-thumbnail","6":"product_brand-jabadabado","7":"product_cat-dyr","8":"product_cat-jabadabado","9":"product_cat-puter","10":"product_cat-soverom-barn","12":"first","13":"outofstock","14":"taxable","15":"shipping-taxable","16":"purchasable","17":"product-type-simple"},"acf":[],"yoast_head":"<!-- This site is optimized with the Yoast SEO Premium plugin v25.8 (Yoast SEO v27.2) - https:\/\/yoast.com\/product\/yoast-seo-premium-wordpress\/ -->\n<title>JaBaDaBaDo, pute rosa elefant - Babylove Norska<\/title>\n<meta name=\"robots\" content=\"noindex, follow, max-snippet:-1, max-image-preview:large, max-video-preview:-1\" \/>\n<meta property=\"og:locale\" content=\"nb_NO\" \/>\n<meta property=\"og:type\" content=\"article\" \/>\n<meta property=\"og:title\" content=\"JaBaDaBaDo, pute rosa elefant\" \/>\n<meta property=\"og:description\" content=\"En fin og eventyrlig rosa pute fra svenske Jabadabado som barnet ditt kommer til \u00e5 elske.&nbsp; Helt handsydd av bomull og \u00f8ynene har blitt brodert p\u00e5, noe som gj\u00f8r at den f\u00e5r en unik og herlig f\u00f8lelse. Kan selvf\u00f8lgelig brukes b\u00e5de som dekorasjon og som kosedyr for barnet ditt. Du kan enkelt holde den ren [&hellip;]\" \/>\n<meta property=\"og:url\" content=\"https:\/\/babylove.se\/no\/produkt\/jabadabado-pute-rosa-elefant\/\" \/>\n<meta property=\"og:site_name\" content=\"Babylove Norska\" \/>\n<meta property=\"article:modified_time\" content=\"2026-04-08T08:17:26+00:00\" \/>\n<meta property=\"og:image\" content=\"https:\/\/babylove.se\/no\/wp-content\/uploads\/sites\/3\/2025\/07\/5e847f3396ba6.jpeg\" \/>\n\t<meta property=\"og:image:width\" content=\"700\" \/>\n\t<meta property=\"og:image:height\" content=\"528\" \/>\n\t<meta property=\"og:image:type\" content=\"image\/jpeg\" \/>\n<meta name=\"twitter:card\" content=\"summary_large_image\" \/>\n<meta name=\"twitter:label1\" content=\"Price\" \/>\n\t<meta name=\"twitter:data1\" content=\"199,00&nbsp;&#107;&#114;\" \/>\n\t<meta name=\"twitter:label2\" content=\"Availability\" \/>\n\t<meta name=\"twitter:data2\" content=\"Out of stock\" \/>\n<script type=\"application\/ld+json\" class=\"yoast-schema-graph\">{\"@context\":\"https:\/\/schema.org\",\"@graph\":[{\"@type\":\"WebPage\",\"@id\":\"https:\/\/babylove.se\/no\/produkt\/jabadabado-pute-rosa-elefant\/\",\"url\":\"https:\/\/babylove.se\/no\/produkt\/jabadabado-pute-rosa-elefant\/\",\"name\":\"JaBaDaBaDo, pute rosa elefant - Babylove Norska\",\"isPartOf\":{\"@id\":\"https:\/\/babylove.se\/no\/#website\"},\"primaryImageOfPage\":{\"@id\":\"https:\/\/babylove.se\/no\/produkt\/jabadabado-pute-rosa-elefant\/#primaryimage\"},\"image\":{\"@id\":\"https:\/\/babylove.se\/no\/produkt\/jabadabado-pute-rosa-elefant\/#primaryimage\"},\"thumbnailUrl\":\"https:\/\/babylove.se\/no\/wp-content\/uploads\/sites\/3\/2025\/07\/5e847f3396ba6.jpeg\",\"datePublished\":\"2025-07-18T21:12:24+00:00\",\"dateModified\":\"2026-04-08T08:17:26+00:00\",\"breadcrumb\":{\"@id\":\"https:\/\/babylove.se\/no\/produkt\/jabadabado-pute-rosa-elefant\/#breadcrumb\"},\"inLanguage\":\"nb-NO\",\"potentialAction\":[{\"@type\":\"ReadAction\",\"target\":[\"https:\/\/babylove.se\/no\/produkt\/jabadabado-pute-rosa-elefant\/\"]}]},{\"@type\":\"ImageObject\",\"inLanguage\":\"nb-NO\",\"@id\":\"https:\/\/babylove.se\/no\/produkt\/jabadabado-pute-rosa-elefant\/#primaryimage\",\"url\":\"https:\/\/babylove.se\/no\/wp-content\/uploads\/sites\/3\/2025\/07\/5e847f3396ba6.jpeg\",\"contentUrl\":\"https:\/\/babylove.se\/no\/wp-content\/uploads\/sites\/3\/2025\/07\/5e847f3396ba6.jpeg\",\"width\":700,\"height\":528},{\"@type\":\"BreadcrumbList\",\"@id\":\"https:\/\/babylove.se\/no\/produkt\/jabadabado-pute-rosa-elefant\/#breadcrumb\",\"itemListElement\":[{\"@type\":\"ListItem\",\"position\":1,\"name\":\"Hem\",\"item\":\"https:\/\/babylove.se\/no\/\"},{\"@type\":\"ListItem\",\"position\":2,\"name\":\"Butik\",\"item\":\"https:\/\/babylove.se\/no\/butik\/\"},{\"@type\":\"ListItem\",\"position\":3,\"name\":\"JaBaDaBaDo, pute rosa elefant\"}]},{\"@type\":\"WebSite\",\"@id\":\"https:\/\/babylove.se\/no\/#website\",\"url\":\"https:\/\/babylove.se\/no\/\",\"name\":\"Babylove Norska\",\"description\":\"\",\"potentialAction\":[{\"@type\":\"SearchAction\",\"target\":{\"@type\":\"EntryPoint\",\"urlTemplate\":\"https:\/\/babylove.se\/no\/?s={search_term_string}\"},\"query-input\":{\"@type\":\"PropertyValueSpecification\",\"valueRequired\":true,\"valueName\":\"search_term_string\"}}],\"inLanguage\":\"nb-NO\"}]}<\/script>\n<meta property=\"product:brand\" content=\"JaBaDaBaDo\" \/>\n<meta property=\"product:price:amount\" content=\"199.00\" \/>\n<meta property=\"product:price:currency\" content=\"SEK\" \/>\n<meta property=\"og:availability\" content=\"out of stock\" \/>\n<meta property=\"product:availability\" content=\"out of stock\" \/>\n<meta property=\"product:retailer_item_id\" content=\"K027\" \/>\n<meta property=\"product:condition\" content=\"new\" \/>\n<!-- \/ Yoast SEO Premium plugin. -->","yoast_head_json":{"title":"JaBaDaBaDo, pute rosa elefant - Babylove Norska","robots":{"index":"noindex","follow":"follow","max-snippet":"max-snippet:-1","max-image-preview":"max-image-preview:large","max-video-preview":"max-video-preview:-1"},"og_locale":"nb_NO","og_type":"article","og_title":"JaBaDaBaDo, pute rosa elefant","og_description":"En fin og eventyrlig rosa pute fra svenske Jabadabado som barnet ditt kommer til \u00e5 elske.&nbsp; Helt handsydd av bomull og \u00f8ynene har blitt brodert p\u00e5, noe som gj\u00f8r at den f\u00e5r en unik og herlig f\u00f8lelse. Kan selvf\u00f8lgelig brukes b\u00e5de som dekorasjon og som kosedyr for barnet ditt. Du kan enkelt holde den ren [&hellip;]","og_url":"https:\/\/babylove.se\/no\/produkt\/jabadabado-pute-rosa-elefant\/","og_site_name":"Babylove Norska","article_modified_time":"2026-04-08T08:17:26+00:00","og_image":[{"width":700,"height":528,"url":"https:\/\/babylove.se\/no\/wp-content\/uploads\/sites\/3\/2025\/07\/5e847f3396ba6.jpeg","type":"image\/jpeg"}],"twitter_card":"summary_large_image","twitter_misc":{"Price":"199,00&nbsp;&#107;&#114;","Availability":"Out of stock"},"schema":{"@context":"https:\/\/schema.org","@graph":[{"@type":"WebPage","@id":"https:\/\/babylove.se\/no\/produkt\/jabadabado-pute-rosa-elefant\/","url":"https:\/\/babylove.se\/no\/produkt\/jabadabado-pute-rosa-elefant\/","name":"JaBaDaBaDo, pute rosa elefant - Babylove Norska","isPartOf":{"@id":"https:\/\/babylove.se\/no\/#website"},"primaryImageOfPage":{"@id":"https:\/\/babylove.se\/no\/produkt\/jabadabado-pute-rosa-elefant\/#primaryimage"},"image":{"@id":"https:\/\/babylove.se\/no\/produkt\/jabadabado-pute-rosa-elefant\/#primaryimage"},"thumbnailUrl":"https:\/\/babylove.se\/no\/wp-content\/uploads\/sites\/3\/2025\/07\/5e847f3396ba6.jpeg","datePublished":"2025-07-18T21:12:24+00:00","dateModified":"2026-04-08T08:17:26+00:00","breadcrumb":{"@id":"https:\/\/babylove.se\/no\/produkt\/jabadabado-pute-rosa-elefant\/#breadcrumb"},"inLanguage":"nb-NO","potentialAction":[{"@type":"ReadAction","target":["https:\/\/babylove.se\/no\/produkt\/jabadabado-pute-rosa-elefant\/"]}]},{"@type":"ImageObject","inLanguage":"nb-NO","@id":"https:\/\/babylove.se\/no\/produkt\/jabadabado-pute-rosa-elefant\/#primaryimage","url":"https:\/\/babylove.se\/no\/wp-content\/uploads\/sites\/3\/2025\/07\/5e847f3396ba6.jpeg","contentUrl":"https:\/\/babylove.se\/no\/wp-content\/uploads\/sites\/3\/2025\/07\/5e847f3396ba6.jpeg","width":700,"height":528},{"@type":"BreadcrumbList","@id":"https:\/\/babylove.se\/no\/produkt\/jabadabado-pute-rosa-elefant\/#breadcrumb","itemListElement":[{"@type":"ListItem","position":1,"name":"Hem","item":"https:\/\/babylove.se\/no\/"},{"@type":"ListItem","position":2,"name":"Butik","item":"https:\/\/babylove.se\/no\/butik\/"},{"@type":"ListItem","position":3,"name":"JaBaDaBaDo, pute rosa elefant"}]},{"@type":"WebSite","@id":"https:\/\/babylove.se\/no\/#website","url":"https:\/\/babylove.se\/no\/","name":"Babylove Norska","description":"","potentialAction":[{"@type":"SearchAction","target":{"@type":"EntryPoint","urlTemplate":"https:\/\/babylove.se\/no\/?s={search_term_string}"},"query-input":{"@type":"PropertyValueSpecification","valueRequired":true,"valueName":"search_term_string"}}],"inLanguage":"nb-NO"}]},"product_brand":"JaBaDaBaDo","product_price_amount":"199.00","product_price_currency":"SEK","og_availability":"out of stock","product_availability":"out of stock","product_retailer_item_id":"K027","product_condition":"new"},"_links":{"self":[{"href":"https:\/\/babylove.se\/no\/wp-json\/wp\/v2\/product\/17807","targetHints":{"allow":["GET"]}}],"collection":[{"href":"https:\/\/babylove.se\/no\/wp-json\/wp\/v2\/product"}],"about":[{"href":"https:\/\/babylove.se\/no\/wp-json\/wp\/v2\/types\/product"}],"replies":[{"embeddable":true,"href":"https:\/\/babylove.se\/no\/wp-json\/wp\/v2\/comments?post=17807"}],"wp:featuredmedia":[{"embeddable":true,"href":"https:\/\/babylove.se\/no\/wp-json\/wp\/v2\/media\/17809"}],"wp:attachment":[{"href":"https:\/\/babylove.se\/no\/wp-json\/wp\/v2\/media?parent=17807"}],"wp:term":[{"taxonomy":"product_brand","embeddable":true,"href":"https:\/\/babylove.se\/no\/wp-json\/wp\/v2\/product_brand?post=17807"},{"taxonomy":"product_cat","embeddable":true,"href":"https:\/\/babylove.se\/no\/wp-json\/wp\/v2\/product_cat?post=17807"},{"taxonomy":"product_tag","embeddable":true,"href":"https:\/\/babylove.se\/no\/wp-json\/wp\/v2\/product_tag?post=17807"}],"curies":[{"name":"wp","href":"https:\/\/api.w.org\/{rel}","templated":true}]}}