{"id":17817,"date":"2025-07-18T22:12:40","date_gmt":"2025-07-18T21:12:40","guid":{"rendered":"https:\/\/babylove.se\/produkt\/liewood-olivia-silikontallrik-2-pack-rosa-mix\/"},"modified":"2026-04-08T09:17:35","modified_gmt":"2026-04-08T08:17:35","slug":"liewood-olivia-silikontallrik-2-pack-rosa-mix","status":"publish","type":"product","link":"https:\/\/babylove.se\/no\/produkt\/liewood-olivia-silikontallrik-2-pack-rosa-mix\/","title":{"rendered":"Liewood, Olivia silikontallrik 2-pakk, rosa miks"},"content":{"rendered":"<p>Et praktisk og fint milj\u00f8vennlig sett med 2 fine tallerkener fra Liewood, med sine popul\u00e6re barneprodukter vil vel alle ha? Da er et 2-pakk enda bedre, s\u00e5 du har flere tallerkener hjemme hele uken. Silikon er fri fra BPA og er et smart og praktisk materialvalg. Disse smarte tallerkenene for barn vil gj\u00f8re m\u00e5ltidene enklere. Barnet ditt vil s\u00f8le mindre og ha det g\u00f8y n\u00e5r det spiser, optimalt for et barns m\u00e5ltid. Selvf\u00f8lgelig er Liewoods patenterte vakre dyremotiver inspirasjon til disse fine tallerkenene. <\/p>\n<p>M\u00e5l: \u00d816  H\u00f8yde 2,5 cm<br \/>\nMateriale: 100% silikon BPA-fri <\/p>\n<p>Vaskeanvisning: Oppvaskmaskin opp til 65 grader ? Bruk ikke i ovnen ? Bruk ikke i mikrob\u00f8lgeovn ? Frysbeskyttelse ned til -40 grader <\/p>\n<p>Designer: <a href=\"https:\/\/babylove.se\/varumarken\/liewood\"><u>Liewood<\/u><\/a><\/p>\n","protected":false},"excerpt":{"rendered":"<p>Et praktisk og fint milj\u00f8vennlig sett med 2 fine tallerkener fra Liewood, med sine popul\u00e6re barneprodukter vil vel alle ha? Da er et 2-pakk enda bedre, s\u00e5 du har flere tallerkener hjemme hele uken. Silikon er fri fra BPA og er et smart og praktisk materialvalg. Disse smarte tallerkenene for barn vil gj\u00f8re m\u00e5ltidene enklere. [&hellip;]<\/p>\n","protected":false},"featured_media":17819,"comment_status":"closed","ping_status":"closed","template":"","meta":{"_acf_changed":false},"product_brand":[282],"product_cat":[92,283],"product_tag":[],"class_list":{"0":"post-17817","1":"product","2":"type-product","3":"status-publish","4":"has-post-thumbnail","6":"product_brand-liewood","7":"product_cat-barnbestikk-matsett","8":"product_cat-liewood","10":"first","11":"outofstock","12":"taxable","13":"shipping-taxable","14":"purchasable","15":"product-type-simple"},"acf":[],"yoast_head":"<!-- This site is optimized with the Yoast SEO Premium plugin v25.8 (Yoast SEO v27.2) - https:\/\/yoast.com\/product\/yoast-seo-premium-wordpress\/ -->\n<title>Liewood, Olivia silikontallrik 2-pakk, rosa miks - Babylove Norska<\/title>\n<meta name=\"robots\" content=\"noindex, follow, max-snippet:-1, max-image-preview:large, max-video-preview:-1\" \/>\n<meta property=\"og:locale\" content=\"nb_NO\" \/>\n<meta property=\"og:type\" content=\"article\" \/>\n<meta property=\"og:title\" content=\"Liewood, Olivia silikontallrik 2-pakk, rosa miks\" \/>\n<meta property=\"og:description\" content=\"Et praktisk og fint milj\u00f8vennlig sett med 2 fine tallerkener fra Liewood, med sine popul\u00e6re barneprodukter vil vel alle ha? Da er et 2-pakk enda bedre, s\u00e5 du har flere tallerkener hjemme hele uken. Silikon er fri fra BPA og er et smart og praktisk materialvalg. Disse smarte tallerkenene for barn vil gj\u00f8re m\u00e5ltidene enklere. [&hellip;]\" \/>\n<meta property=\"og:url\" content=\"https:\/\/babylove.se\/no\/produkt\/liewood-olivia-silikontallrik-2-pack-rosa-mix\/\" \/>\n<meta property=\"og:site_name\" content=\"Babylove Norska\" \/>\n<meta property=\"article:modified_time\" content=\"2026-04-08T08:17:35+00:00\" \/>\n<meta property=\"og:image\" content=\"https:\/\/babylove.se\/no\/wp-content\/uploads\/sites\/3\/2025\/07\/5e849c0b4ffee.jpeg\" \/>\n\t<meta property=\"og:image:width\" content=\"750\" \/>\n\t<meta property=\"og:image:height\" content=\"750\" \/>\n\t<meta property=\"og:image:type\" content=\"image\/jpeg\" \/>\n<meta name=\"twitter:card\" content=\"summary_large_image\" \/>\n<meta name=\"twitter:label1\" content=\"Price\" \/>\n\t<meta name=\"twitter:data1\" content=\"249,00&nbsp;&#107;&#114;\" \/>\n\t<meta name=\"twitter:label2\" content=\"Availability\" \/>\n\t<meta name=\"twitter:data2\" content=\"Out of stock\" \/>\n<script type=\"application\/ld+json\" class=\"yoast-schema-graph\">{\"@context\":\"https:\/\/schema.org\",\"@graph\":[{\"@type\":\"WebPage\",\"@id\":\"https:\/\/babylove.se\/no\/produkt\/liewood-olivia-silikontallrik-2-pack-rosa-mix\/\",\"url\":\"https:\/\/babylove.se\/no\/produkt\/liewood-olivia-silikontallrik-2-pack-rosa-mix\/\",\"name\":\"Liewood, Olivia silikontallrik 2-pakk, rosa miks - Babylove Norska\",\"isPartOf\":{\"@id\":\"https:\/\/babylove.se\/no\/#website\"},\"primaryImageOfPage\":{\"@id\":\"https:\/\/babylove.se\/no\/produkt\/liewood-olivia-silikontallrik-2-pack-rosa-mix\/#primaryimage\"},\"image\":{\"@id\":\"https:\/\/babylove.se\/no\/produkt\/liewood-olivia-silikontallrik-2-pack-rosa-mix\/#primaryimage\"},\"thumbnailUrl\":\"https:\/\/babylove.se\/no\/wp-content\/uploads\/sites\/3\/2025\/07\/5e849c0b4ffee.jpeg\",\"datePublished\":\"2025-07-18T21:12:40+00:00\",\"dateModified\":\"2026-04-08T08:17:35+00:00\",\"breadcrumb\":{\"@id\":\"https:\/\/babylove.se\/no\/produkt\/liewood-olivia-silikontallrik-2-pack-rosa-mix\/#breadcrumb\"},\"inLanguage\":\"nb-NO\",\"potentialAction\":[{\"@type\":\"ReadAction\",\"target\":[\"https:\/\/babylove.se\/no\/produkt\/liewood-olivia-silikontallrik-2-pack-rosa-mix\/\"]}]},{\"@type\":\"ImageObject\",\"inLanguage\":\"nb-NO\",\"@id\":\"https:\/\/babylove.se\/no\/produkt\/liewood-olivia-silikontallrik-2-pack-rosa-mix\/#primaryimage\",\"url\":\"https:\/\/babylove.se\/no\/wp-content\/uploads\/sites\/3\/2025\/07\/5e849c0b4ffee.jpeg\",\"contentUrl\":\"https:\/\/babylove.se\/no\/wp-content\/uploads\/sites\/3\/2025\/07\/5e849c0b4ffee.jpeg\",\"width\":750,\"height\":750},{\"@type\":\"BreadcrumbList\",\"@id\":\"https:\/\/babylove.se\/no\/produkt\/liewood-olivia-silikontallrik-2-pack-rosa-mix\/#breadcrumb\",\"itemListElement\":[{\"@type\":\"ListItem\",\"position\":1,\"name\":\"Hem\",\"item\":\"https:\/\/babylove.se\/no\/\"},{\"@type\":\"ListItem\",\"position\":2,\"name\":\"Butik\",\"item\":\"https:\/\/babylove.se\/no\/butik\/\"},{\"@type\":\"ListItem\",\"position\":3,\"name\":\"Liewood, Olivia silikontallrik 2-pakk, rosa miks\"}]},{\"@type\":\"WebSite\",\"@id\":\"https:\/\/babylove.se\/no\/#website\",\"url\":\"https:\/\/babylove.se\/no\/\",\"name\":\"Babylove Norska\",\"description\":\"\",\"potentialAction\":[{\"@type\":\"SearchAction\",\"target\":{\"@type\":\"EntryPoint\",\"urlTemplate\":\"https:\/\/babylove.se\/no\/?s={search_term_string}\"},\"query-input\":{\"@type\":\"PropertyValueSpecification\",\"valueRequired\":true,\"valueName\":\"search_term_string\"}}],\"inLanguage\":\"nb-NO\"}]}<\/script>\n<meta property=\"product:brand\" content=\"Liewood\" \/>\n<meta property=\"product:price:amount\" content=\"249.00\" \/>\n<meta property=\"product:price:currency\" content=\"SEK\" \/>\n<meta property=\"og:availability\" content=\"out of stock\" \/>\n<meta property=\"product:availability\" content=\"out of stock\" \/>\n<meta property=\"product:retailer_item_id\" content=\"LW12909299\" \/>\n<meta property=\"product:condition\" content=\"new\" \/>\n<!-- \/ Yoast SEO Premium plugin. -->","yoast_head_json":{"title":"Liewood, Olivia silikontallrik 2-pakk, rosa miks - Babylove Norska","robots":{"index":"noindex","follow":"follow","max-snippet":"max-snippet:-1","max-image-preview":"max-image-preview:large","max-video-preview":"max-video-preview:-1"},"og_locale":"nb_NO","og_type":"article","og_title":"Liewood, Olivia silikontallrik 2-pakk, rosa miks","og_description":"Et praktisk og fint milj\u00f8vennlig sett med 2 fine tallerkener fra Liewood, med sine popul\u00e6re barneprodukter vil vel alle ha? Da er et 2-pakk enda bedre, s\u00e5 du har flere tallerkener hjemme hele uken. Silikon er fri fra BPA og er et smart og praktisk materialvalg. Disse smarte tallerkenene for barn vil gj\u00f8re m\u00e5ltidene enklere. [&hellip;]","og_url":"https:\/\/babylove.se\/no\/produkt\/liewood-olivia-silikontallrik-2-pack-rosa-mix\/","og_site_name":"Babylove Norska","article_modified_time":"2026-04-08T08:17:35+00:00","og_image":[{"width":750,"height":750,"url":"https:\/\/babylove.se\/no\/wp-content\/uploads\/sites\/3\/2025\/07\/5e849c0b4ffee.jpeg","type":"image\/jpeg"}],"twitter_card":"summary_large_image","twitter_misc":{"Price":"249,00&nbsp;&#107;&#114;","Availability":"Out of stock"},"schema":{"@context":"https:\/\/schema.org","@graph":[{"@type":"WebPage","@id":"https:\/\/babylove.se\/no\/produkt\/liewood-olivia-silikontallrik-2-pack-rosa-mix\/","url":"https:\/\/babylove.se\/no\/produkt\/liewood-olivia-silikontallrik-2-pack-rosa-mix\/","name":"Liewood, Olivia silikontallrik 2-pakk, rosa miks - Babylove Norska","isPartOf":{"@id":"https:\/\/babylove.se\/no\/#website"},"primaryImageOfPage":{"@id":"https:\/\/babylove.se\/no\/produkt\/liewood-olivia-silikontallrik-2-pack-rosa-mix\/#primaryimage"},"image":{"@id":"https:\/\/babylove.se\/no\/produkt\/liewood-olivia-silikontallrik-2-pack-rosa-mix\/#primaryimage"},"thumbnailUrl":"https:\/\/babylove.se\/no\/wp-content\/uploads\/sites\/3\/2025\/07\/5e849c0b4ffee.jpeg","datePublished":"2025-07-18T21:12:40+00:00","dateModified":"2026-04-08T08:17:35+00:00","breadcrumb":{"@id":"https:\/\/babylove.se\/no\/produkt\/liewood-olivia-silikontallrik-2-pack-rosa-mix\/#breadcrumb"},"inLanguage":"nb-NO","potentialAction":[{"@type":"ReadAction","target":["https:\/\/babylove.se\/no\/produkt\/liewood-olivia-silikontallrik-2-pack-rosa-mix\/"]}]},{"@type":"ImageObject","inLanguage":"nb-NO","@id":"https:\/\/babylove.se\/no\/produkt\/liewood-olivia-silikontallrik-2-pack-rosa-mix\/#primaryimage","url":"https:\/\/babylove.se\/no\/wp-content\/uploads\/sites\/3\/2025\/07\/5e849c0b4ffee.jpeg","contentUrl":"https:\/\/babylove.se\/no\/wp-content\/uploads\/sites\/3\/2025\/07\/5e849c0b4ffee.jpeg","width":750,"height":750},{"@type":"BreadcrumbList","@id":"https:\/\/babylove.se\/no\/produkt\/liewood-olivia-silikontallrik-2-pack-rosa-mix\/#breadcrumb","itemListElement":[{"@type":"ListItem","position":1,"name":"Hem","item":"https:\/\/babylove.se\/no\/"},{"@type":"ListItem","position":2,"name":"Butik","item":"https:\/\/babylove.se\/no\/butik\/"},{"@type":"ListItem","position":3,"name":"Liewood, Olivia silikontallrik 2-pakk, rosa miks"}]},{"@type":"WebSite","@id":"https:\/\/babylove.se\/no\/#website","url":"https:\/\/babylove.se\/no\/","name":"Babylove Norska","description":"","potentialAction":[{"@type":"SearchAction","target":{"@type":"EntryPoint","urlTemplate":"https:\/\/babylove.se\/no\/?s={search_term_string}"},"query-input":{"@type":"PropertyValueSpecification","valueRequired":true,"valueName":"search_term_string"}}],"inLanguage":"nb-NO"}]},"product_brand":"Liewood","product_price_amount":"249.00","product_price_currency":"SEK","og_availability":"out of stock","product_availability":"out of stock","product_retailer_item_id":"LW12909299","product_condition":"new"},"_links":{"self":[{"href":"https:\/\/babylove.se\/no\/wp-json\/wp\/v2\/product\/17817","targetHints":{"allow":["GET"]}}],"collection":[{"href":"https:\/\/babylove.se\/no\/wp-json\/wp\/v2\/product"}],"about":[{"href":"https:\/\/babylove.se\/no\/wp-json\/wp\/v2\/types\/product"}],"replies":[{"embeddable":true,"href":"https:\/\/babylove.se\/no\/wp-json\/wp\/v2\/comments?post=17817"}],"wp:featuredmedia":[{"embeddable":true,"href":"https:\/\/babylove.se\/no\/wp-json\/wp\/v2\/media\/17819"}],"wp:attachment":[{"href":"https:\/\/babylove.se\/no\/wp-json\/wp\/v2\/media?parent=17817"}],"wp:term":[{"taxonomy":"product_brand","embeddable":true,"href":"https:\/\/babylove.se\/no\/wp-json\/wp\/v2\/product_brand?post=17817"},{"taxonomy":"product_cat","embeddable":true,"href":"https:\/\/babylove.se\/no\/wp-json\/wp\/v2\/product_cat?post=17817"},{"taxonomy":"product_tag","embeddable":true,"href":"https:\/\/babylove.se\/no\/wp-json\/wp\/v2\/product_tag?post=17817"}],"curies":[{"name":"wp","href":"https:\/\/api.w.org\/{rel}","templated":true}]}}