{"id":17836,"date":"2025-07-18T22:12:40","date_gmt":"2025-07-18T21:12:40","guid":{"rendered":"https:\/\/babylove.se\/produkt\/pinolino-gra-rutschkana-av-tra-till-barnrummet\/"},"modified":"2026-04-08T09:17:49","modified_gmt":"2026-04-08T08:17:49","slug":"pinolino-gra-rutsjebane-av-tre-til-barnerommet","status":"publish","type":"product","link":"https:\/\/babylove.se\/no\/produkt\/pinolino-gra-rutsjebane-av-tre-til-barnerommet\/","title":{"rendered":"Pinolino, gr\u00e5 tresklei til barnerommet"},"content":{"rendered":"<p>Denne fantastiske sklien fra Pinolino er laget med ekstra omtanke for de minste barna. Den har en lav h\u00f8yde og store trappetrinn \u00e5 klatre opp p\u00e5, noe som gir \u00f8kt sikkerhet for alle barn. Sklien er designet i form av en s\u00f8t elefant, noe som gj\u00f8r den enda morsommere \u00e5 leke p\u00e5.<\/p>\n<p>Enkel b\u00e5de \u00e5 klatre opp p\u00e5 og morsom \u00e5 kj\u00f8re p\u00e5. Dermed ogs\u00e5 sikker mens barnet utvikler og trener motorikken sin.<\/p>\n<p>Den er tilpasset prim\u00e6rt for barn i alderen 2 til 5 \u00e5r og har barnetilpassede trappetrinn, alt for ditt barns sikkerhet. De h\u00f8ye sidekantene gir barnet god st\u00f8tte n\u00e5r de kj\u00f8rer p\u00e5 sklien. Monteringen gj\u00f8r du selv enkelt med noen f\u00e5 trinn, veiledning og verkt\u00f8y f\u00f8lger med.<\/p>\n<p><strong>M\u00e5l<\/strong>: 154 cm lang x 45 cm bred x 68 cm h\u00f8y. Skliebanen sin h\u00f8yde 54 cm.&nbsp;<\/p>\n<p>Advarsel: La ikke barnet ditt v\u00e6re uten tilsyn p\u00e5 sklien, men hold dem alltid under oppsikt.<\/p>\n<p>Designer: Pinolino<\/p>\n","protected":false},"excerpt":{"rendered":"<p>Denne fantastiske sklien fra Pinolino er laget med ekstra omtanke for de minste barna. Den har en lav h\u00f8yde og store trappetrinn \u00e5 klatre opp p\u00e5, noe som gir \u00f8kt sikkerhet for alle barn. Sklien er designet i form av en s\u00f8t elefant, noe som gj\u00f8r den enda morsommere \u00e5 leke p\u00e5. Enkel b\u00e5de \u00e5 [&hellip;]<\/p>\n","protected":false},"featured_media":17838,"comment_status":"closed","ping_status":"open","template":"","meta":{"_acf_changed":false},"product_brand":[748],"product_cat":[203],"product_tag":[],"class_list":{"0":"post-17836","1":"product","2":"type-product","3":"status-publish","4":"has-post-thumbnail","6":"product_brand-pinolino","7":"product_cat-rutsjebaner","9":"first","10":"outofstock","11":"taxable","12":"shipping-taxable","13":"purchasable","14":"product-type-simple"},"acf":[],"yoast_head":"<!-- This site is optimized with the Yoast SEO Premium plugin v25.8 (Yoast SEO v27.2) - https:\/\/yoast.com\/product\/yoast-seo-premium-wordpress\/ -->\n<title>Pinolino, gr\u00e5 tresklei til barnerommet - Babylove Norska<\/title>\n<meta name=\"robots\" content=\"noindex, follow, max-snippet:-1, max-image-preview:large, max-video-preview:-1\" \/>\n<meta property=\"og:locale\" content=\"nb_NO\" \/>\n<meta property=\"og:type\" content=\"article\" \/>\n<meta property=\"og:title\" content=\"Pinolino, gr\u00e5 tresklei til barnerommet\" \/>\n<meta property=\"og:description\" content=\"Denne fantastiske sklien fra Pinolino er laget med ekstra omtanke for de minste barna. Den har en lav h\u00f8yde og store trappetrinn \u00e5 klatre opp p\u00e5, noe som gir \u00f8kt sikkerhet for alle barn. Sklien er designet i form av en s\u00f8t elefant, noe som gj\u00f8r den enda morsommere \u00e5 leke p\u00e5. Enkel b\u00e5de \u00e5 [&hellip;]\" \/>\n<meta property=\"og:url\" content=\"https:\/\/babylove.se\/no\/produkt\/pinolino-gra-rutsjebane-av-tre-til-barnerommet\/\" \/>\n<meta property=\"og:site_name\" content=\"Babylove Norska\" \/>\n<meta property=\"article:modified_time\" content=\"2026-04-08T08:17:49+00:00\" \/>\n<meta property=\"og:image\" content=\"https:\/\/babylove.se\/no\/wp-content\/uploads\/sites\/3\/2025\/07\/5e84b528d7b73.jpeg\" \/>\n\t<meta property=\"og:image:width\" content=\"750\" \/>\n\t<meta property=\"og:image:height\" content=\"515\" \/>\n\t<meta property=\"og:image:type\" content=\"image\/jpeg\" \/>\n<meta name=\"twitter:card\" content=\"summary_large_image\" \/>\n<meta name=\"twitter:label1\" content=\"Price\" \/>\n\t<meta name=\"twitter:data1\" content=\"3 045,00&nbsp;&#107;&#114;\" \/>\n\t<meta name=\"twitter:label2\" content=\"Availability\" \/>\n\t<meta name=\"twitter:data2\" content=\"Out of stock\" \/>\n<script type=\"application\/ld+json\" class=\"yoast-schema-graph\">{\"@context\":\"https:\/\/schema.org\",\"@graph\":[{\"@type\":\"WebPage\",\"@id\":\"https:\/\/babylove.se\/no\/produkt\/pinolino-gra-rutsjebane-av-tre-til-barnerommet\/\",\"url\":\"https:\/\/babylove.se\/no\/produkt\/pinolino-gra-rutsjebane-av-tre-til-barnerommet\/\",\"name\":\"Pinolino, gr\u00e5 tresklei til barnerommet - Babylove Norska\",\"isPartOf\":{\"@id\":\"https:\/\/babylove.se\/no\/#website\"},\"primaryImageOfPage\":{\"@id\":\"https:\/\/babylove.se\/no\/produkt\/pinolino-gra-rutsjebane-av-tre-til-barnerommet\/#primaryimage\"},\"image\":{\"@id\":\"https:\/\/babylove.se\/no\/produkt\/pinolino-gra-rutsjebane-av-tre-til-barnerommet\/#primaryimage\"},\"thumbnailUrl\":\"https:\/\/babylove.se\/no\/wp-content\/uploads\/sites\/3\/2025\/07\/5e84b528d7b73.jpeg\",\"datePublished\":\"2025-07-18T21:12:40+00:00\",\"dateModified\":\"2026-04-08T08:17:49+00:00\",\"breadcrumb\":{\"@id\":\"https:\/\/babylove.se\/no\/produkt\/pinolino-gra-rutsjebane-av-tre-til-barnerommet\/#breadcrumb\"},\"inLanguage\":\"nb-NO\",\"potentialAction\":[{\"@type\":\"ReadAction\",\"target\":[\"https:\/\/babylove.se\/no\/produkt\/pinolino-gra-rutsjebane-av-tre-til-barnerommet\/\"]}]},{\"@type\":\"ImageObject\",\"inLanguage\":\"nb-NO\",\"@id\":\"https:\/\/babylove.se\/no\/produkt\/pinolino-gra-rutsjebane-av-tre-til-barnerommet\/#primaryimage\",\"url\":\"https:\/\/babylove.se\/no\/wp-content\/uploads\/sites\/3\/2025\/07\/5e84b528d7b73.jpeg\",\"contentUrl\":\"https:\/\/babylove.se\/no\/wp-content\/uploads\/sites\/3\/2025\/07\/5e84b528d7b73.jpeg\",\"width\":750,\"height\":515},{\"@type\":\"BreadcrumbList\",\"@id\":\"https:\/\/babylove.se\/no\/produkt\/pinolino-gra-rutsjebane-av-tre-til-barnerommet\/#breadcrumb\",\"itemListElement\":[{\"@type\":\"ListItem\",\"position\":1,\"name\":\"Hem\",\"item\":\"https:\/\/babylove.se\/no\/\"},{\"@type\":\"ListItem\",\"position\":2,\"name\":\"Butik\",\"item\":\"https:\/\/babylove.se\/no\/butik\/\"},{\"@type\":\"ListItem\",\"position\":3,\"name\":\"Pinolino, gr\u00e5 tresklei til barnerommet\"}]},{\"@type\":\"WebSite\",\"@id\":\"https:\/\/babylove.se\/no\/#website\",\"url\":\"https:\/\/babylove.se\/no\/\",\"name\":\"Babylove Norska\",\"description\":\"\",\"potentialAction\":[{\"@type\":\"SearchAction\",\"target\":{\"@type\":\"EntryPoint\",\"urlTemplate\":\"https:\/\/babylove.se\/no\/?s={search_term_string}\"},\"query-input\":{\"@type\":\"PropertyValueSpecification\",\"valueRequired\":true,\"valueName\":\"search_term_string\"}}],\"inLanguage\":\"nb-NO\"}]}<\/script>\n<meta property=\"product:brand\" content=\"Pinolino\" \/>\n<meta property=\"product:price:amount\" content=\"3045.00\" \/>\n<meta property=\"product:price:currency\" content=\"SEK\" \/>\n<meta property=\"og:availability\" content=\"out of stock\" \/>\n<meta property=\"product:availability\" content=\"out of stock\" \/>\n<meta property=\"product:retailer_item_id\" content=\"3161\" \/>\n<meta property=\"product:condition\" content=\"new\" \/>\n<!-- \/ Yoast SEO Premium plugin. -->","yoast_head_json":{"title":"Pinolino, gr\u00e5 tresklei til barnerommet - Babylove Norska","robots":{"index":"noindex","follow":"follow","max-snippet":"max-snippet:-1","max-image-preview":"max-image-preview:large","max-video-preview":"max-video-preview:-1"},"og_locale":"nb_NO","og_type":"article","og_title":"Pinolino, gr\u00e5 tresklei til barnerommet","og_description":"Denne fantastiske sklien fra Pinolino er laget med ekstra omtanke for de minste barna. Den har en lav h\u00f8yde og store trappetrinn \u00e5 klatre opp p\u00e5, noe som gir \u00f8kt sikkerhet for alle barn. Sklien er designet i form av en s\u00f8t elefant, noe som gj\u00f8r den enda morsommere \u00e5 leke p\u00e5. Enkel b\u00e5de \u00e5 [&hellip;]","og_url":"https:\/\/babylove.se\/no\/produkt\/pinolino-gra-rutsjebane-av-tre-til-barnerommet\/","og_site_name":"Babylove Norska","article_modified_time":"2026-04-08T08:17:49+00:00","og_image":[{"width":750,"height":515,"url":"https:\/\/babylove.se\/no\/wp-content\/uploads\/sites\/3\/2025\/07\/5e84b528d7b73.jpeg","type":"image\/jpeg"}],"twitter_card":"summary_large_image","twitter_misc":{"Price":"3 045,00&nbsp;&#107;&#114;","Availability":"Out of stock"},"schema":{"@context":"https:\/\/schema.org","@graph":[{"@type":"WebPage","@id":"https:\/\/babylove.se\/no\/produkt\/pinolino-gra-rutsjebane-av-tre-til-barnerommet\/","url":"https:\/\/babylove.se\/no\/produkt\/pinolino-gra-rutsjebane-av-tre-til-barnerommet\/","name":"Pinolino, gr\u00e5 tresklei til barnerommet - Babylove Norska","isPartOf":{"@id":"https:\/\/babylove.se\/no\/#website"},"primaryImageOfPage":{"@id":"https:\/\/babylove.se\/no\/produkt\/pinolino-gra-rutsjebane-av-tre-til-barnerommet\/#primaryimage"},"image":{"@id":"https:\/\/babylove.se\/no\/produkt\/pinolino-gra-rutsjebane-av-tre-til-barnerommet\/#primaryimage"},"thumbnailUrl":"https:\/\/babylove.se\/no\/wp-content\/uploads\/sites\/3\/2025\/07\/5e84b528d7b73.jpeg","datePublished":"2025-07-18T21:12:40+00:00","dateModified":"2026-04-08T08:17:49+00:00","breadcrumb":{"@id":"https:\/\/babylove.se\/no\/produkt\/pinolino-gra-rutsjebane-av-tre-til-barnerommet\/#breadcrumb"},"inLanguage":"nb-NO","potentialAction":[{"@type":"ReadAction","target":["https:\/\/babylove.se\/no\/produkt\/pinolino-gra-rutsjebane-av-tre-til-barnerommet\/"]}]},{"@type":"ImageObject","inLanguage":"nb-NO","@id":"https:\/\/babylove.se\/no\/produkt\/pinolino-gra-rutsjebane-av-tre-til-barnerommet\/#primaryimage","url":"https:\/\/babylove.se\/no\/wp-content\/uploads\/sites\/3\/2025\/07\/5e84b528d7b73.jpeg","contentUrl":"https:\/\/babylove.se\/no\/wp-content\/uploads\/sites\/3\/2025\/07\/5e84b528d7b73.jpeg","width":750,"height":515},{"@type":"BreadcrumbList","@id":"https:\/\/babylove.se\/no\/produkt\/pinolino-gra-rutsjebane-av-tre-til-barnerommet\/#breadcrumb","itemListElement":[{"@type":"ListItem","position":1,"name":"Hem","item":"https:\/\/babylove.se\/no\/"},{"@type":"ListItem","position":2,"name":"Butik","item":"https:\/\/babylove.se\/no\/butik\/"},{"@type":"ListItem","position":3,"name":"Pinolino, gr\u00e5 tresklei til barnerommet"}]},{"@type":"WebSite","@id":"https:\/\/babylove.se\/no\/#website","url":"https:\/\/babylove.se\/no\/","name":"Babylove Norska","description":"","potentialAction":[{"@type":"SearchAction","target":{"@type":"EntryPoint","urlTemplate":"https:\/\/babylove.se\/no\/?s={search_term_string}"},"query-input":{"@type":"PropertyValueSpecification","valueRequired":true,"valueName":"search_term_string"}}],"inLanguage":"nb-NO"}]},"product_brand":"Pinolino","product_price_amount":"3045.00","product_price_currency":"SEK","og_availability":"out of stock","product_availability":"out of stock","product_retailer_item_id":"3161","product_condition":"new"},"_links":{"self":[{"href":"https:\/\/babylove.se\/no\/wp-json\/wp\/v2\/product\/17836","targetHints":{"allow":["GET"]}}],"collection":[{"href":"https:\/\/babylove.se\/no\/wp-json\/wp\/v2\/product"}],"about":[{"href":"https:\/\/babylove.se\/no\/wp-json\/wp\/v2\/types\/product"}],"replies":[{"embeddable":true,"href":"https:\/\/babylove.se\/no\/wp-json\/wp\/v2\/comments?post=17836"}],"wp:featuredmedia":[{"embeddable":true,"href":"https:\/\/babylove.se\/no\/wp-json\/wp\/v2\/media\/17838"}],"wp:attachment":[{"href":"https:\/\/babylove.se\/no\/wp-json\/wp\/v2\/media?parent=17836"}],"wp:term":[{"taxonomy":"product_brand","embeddable":true,"href":"https:\/\/babylove.se\/no\/wp-json\/wp\/v2\/product_brand?post=17836"},{"taxonomy":"product_cat","embeddable":true,"href":"https:\/\/babylove.se\/no\/wp-json\/wp\/v2\/product_cat?post=17836"},{"taxonomy":"product_tag","embeddable":true,"href":"https:\/\/babylove.se\/no\/wp-json\/wp\/v2\/product_tag?post=17836"}],"curies":[{"name":"wp","href":"https:\/\/api.w.org\/{rel}","templated":true}]}}