{"id":17871,"date":"2025-07-18T22:12:58","date_gmt":"2025-07-18T21:12:58","guid":{"rendered":"https:\/\/babylove.se\/produkt\/vitnatur-hussang-halvhus-90x200-med-forvaring\/"},"modified":"2026-05-11T12:59:45","modified_gmt":"2026-05-11T11:59:45","slug":"vitnatur-husseng-halvhus-90x200-med-oppbevaring","status":"publish","type":"product","link":"https:\/\/babylove.se\/no\/produkt\/vitnatur-husseng-halvhus-90x200-med-oppbevaring\/","title":{"rendered":"Hvit\/natur husseng halvhus 90&#215;200 med oppbevaring"},"content":{"rendered":"<p>Hvem vil ikke ha et eget hus p\u00e5 rommet sitt?<\/p>\n<p>Her kan man b\u00e5de leke i sin krok, og dr\u00f8mme seg bort n\u00e5r D\u00f8rmutter kommer p\u00e5 bes\u00f8k.<br \/>Under sengen maksimerer man ogs\u00e5 plassen og har praktisk oppbevaring p\u00e5 hjul.<\/p>\n<p><strong>Info:<\/strong><\/p>\n<ul>\n<li>Sengbunn f\u00f8lger med&nbsp;<\/li>\n<li>Madrass f\u00f8lger ikke med, men ta gjerne en titt p\u00e5 v\u00e5rt store madrassutvalg. Vi anbefaler en skummadrass med tykkelse p\u00e5 ca 10-12 cm.<\/li>\n<li>Maksimal vekt: 120 kg<\/li>\n<li>Materiale: Furu, malt med \u00f8kologisk og giftfri maling<\/li>\n<li>Produsert i EU<\/li>\n<\/ul>\n<p><strong>M\u00e5l:&nbsp;<\/strong><\/p>\n<ul>\n<li>Sengem\u00e5l: 90&#215;200&nbsp;<\/li>\n<li>Total h\u00f8yde: 158,9 cm&nbsp;<\/li>\n<li>Totalt dyp: 101,2 cm<\/li>\n<li>Total lengde: 220 cm&nbsp;<\/li>\n<\/ul>\n<p><em>Obs!&nbsp;<\/em><em>Sengen leveres umontert og b\u00f8r settes sammen i rommet den skal brukes i.<\/em><\/p>\n","protected":false},"excerpt":{"rendered":"<p>Hvem vil ikke ha et eget hus p\u00e5 rommet sitt? Her kan man b\u00e5de leke i sin krok, og dr\u00f8mme seg bort n\u00e5r D\u00f8rmutter kommer p\u00e5 bes\u00f8k.Under sengen maksimerer man ogs\u00e5 plassen og har praktisk oppbevaring p\u00e5 hjul. Info: Sengbunn f\u00f8lger med&nbsp; Madrass f\u00f8lger ikke med, men ta gjerne en titt p\u00e5 v\u00e5rt store madrassutvalg. [&hellip;]<\/p>\n","protected":false},"featured_media":17873,"comment_status":"closed","ping_status":"open","template":"","meta":{"_acf_changed":false},"product_brand":[671],"product_cat":[672,217,280],"product_tag":[1689],"class_list":{"0":"post-17871","1":"product","2":"type-product","3":"status-publish","4":"has-post-thumbnail","6":"product_brand-homestyle4u","7":"product_cat-hm","8":"product_cat-sengesanger","9":"product_cat-senger-med-rask-levering","10":"product_tag-bestillingsvaror","12":"first","13":"instock","14":"taxable","15":"shipping-taxable","16":"purchasable","17":"product-type-simple"},"acf":[],"yoast_head":"<!-- This site is optimized with the Yoast SEO Premium plugin v25.8 (Yoast SEO v27.2) - https:\/\/yoast.com\/product\/yoast-seo-premium-wordpress\/ -->\n<title>Hvit\/natur husseng halvhus 90x200 med oppbevaring - Babylove Norska<\/title>\n<meta name=\"robots\" content=\"noindex, follow, max-snippet:-1, max-image-preview:large, max-video-preview:-1\" \/>\n<meta property=\"og:locale\" content=\"nb_NO\" \/>\n<meta property=\"og:type\" content=\"article\" \/>\n<meta property=\"og:title\" content=\"Hvit\/natur husseng halvhus 90x200 med oppbevaring\" \/>\n<meta property=\"og:description\" content=\"Hvem vil ikke ha et eget hus p\u00e5 rommet sitt? Her kan man b\u00e5de leke i sin krok, og dr\u00f8mme seg bort n\u00e5r D\u00f8rmutter kommer p\u00e5 bes\u00f8k.Under sengen maksimerer man ogs\u00e5 plassen og har praktisk oppbevaring p\u00e5 hjul. Info: Sengbunn f\u00f8lger med&nbsp; Madrass f\u00f8lger ikke med, men ta gjerne en titt p\u00e5 v\u00e5rt store madrassutvalg. [&hellip;]\" \/>\n<meta property=\"og:url\" content=\"https:\/\/babylove.se\/no\/produkt\/vitnatur-husseng-halvhus-90x200-med-oppbevaring\/\" \/>\n<meta property=\"og:site_name\" content=\"Babylove Norska\" \/>\n<meta property=\"article:modified_time\" content=\"2026-05-11T11:59:45+00:00\" \/>\n<meta property=\"og:image\" content=\"https:\/\/babylove.se\/no\/wp-content\/uploads\/sites\/3\/2025\/07\/5e9604d569f6b.jpeg\" \/>\n\t<meta property=\"og:image:width\" content=\"555\" \/>\n\t<meta property=\"og:image:height\" content=\"555\" \/>\n\t<meta property=\"og:image:type\" content=\"image\/jpeg\" \/>\n<meta name=\"twitter:card\" content=\"summary_large_image\" \/>\n<meta name=\"twitter:label1\" content=\"Price\" \/>\n\t<meta name=\"twitter:data1\" content=\"19 599,00&nbsp;&#107;&#114;\" \/>\n\t<meta name=\"twitter:label2\" content=\"Availability\" \/>\n\t<meta name=\"twitter:data2\" content=\"In stock\" \/>\n<script type=\"application\/ld+json\" class=\"yoast-schema-graph\">{\"@context\":\"https:\/\/schema.org\",\"@graph\":[{\"@type\":\"WebPage\",\"@id\":\"https:\/\/babylove.se\/no\/produkt\/vitnatur-husseng-halvhus-90x200-med-oppbevaring\/\",\"url\":\"https:\/\/babylove.se\/no\/produkt\/vitnatur-husseng-halvhus-90x200-med-oppbevaring\/\",\"name\":\"Hvit\/natur husseng halvhus 90x200 med oppbevaring - Babylove Norska\",\"isPartOf\":{\"@id\":\"https:\/\/babylove.se\/no\/#website\"},\"primaryImageOfPage\":{\"@id\":\"https:\/\/babylove.se\/no\/produkt\/vitnatur-husseng-halvhus-90x200-med-oppbevaring\/#primaryimage\"},\"image\":{\"@id\":\"https:\/\/babylove.se\/no\/produkt\/vitnatur-husseng-halvhus-90x200-med-oppbevaring\/#primaryimage\"},\"thumbnailUrl\":\"https:\/\/babylove.se\/no\/wp-content\/uploads\/sites\/3\/2025\/07\/5e9604d569f6b.jpeg\",\"datePublished\":\"2025-07-18T21:12:58+00:00\",\"dateModified\":\"2026-05-11T11:59:45+00:00\",\"breadcrumb\":{\"@id\":\"https:\/\/babylove.se\/no\/produkt\/vitnatur-husseng-halvhus-90x200-med-oppbevaring\/#breadcrumb\"},\"inLanguage\":\"nb-NO\",\"potentialAction\":[{\"@type\":\"ReadAction\",\"target\":[\"https:\/\/babylove.se\/no\/produkt\/vitnatur-husseng-halvhus-90x200-med-oppbevaring\/\"]}]},{\"@type\":\"ImageObject\",\"inLanguage\":\"nb-NO\",\"@id\":\"https:\/\/babylove.se\/no\/produkt\/vitnatur-husseng-halvhus-90x200-med-oppbevaring\/#primaryimage\",\"url\":\"https:\/\/babylove.se\/no\/wp-content\/uploads\/sites\/3\/2025\/07\/5e9604d569f6b.jpeg\",\"contentUrl\":\"https:\/\/babylove.se\/no\/wp-content\/uploads\/sites\/3\/2025\/07\/5e9604d569f6b.jpeg\",\"width\":555,\"height\":555},{\"@type\":\"BreadcrumbList\",\"@id\":\"https:\/\/babylove.se\/no\/produkt\/vitnatur-husseng-halvhus-90x200-med-oppbevaring\/#breadcrumb\",\"itemListElement\":[{\"@type\":\"ListItem\",\"position\":1,\"name\":\"Hem\",\"item\":\"https:\/\/babylove.se\/no\/\"},{\"@type\":\"ListItem\",\"position\":2,\"name\":\"Butik\",\"item\":\"https:\/\/babylove.se\/no\/butik\/\"},{\"@type\":\"ListItem\",\"position\":3,\"name\":\"Hvit\/natur husseng halvhus 90&#215;200 med oppbevaring\"}]},{\"@type\":\"WebSite\",\"@id\":\"https:\/\/babylove.se\/no\/#website\",\"url\":\"https:\/\/babylove.se\/no\/\",\"name\":\"Babylove Norska\",\"description\":\"\",\"potentialAction\":[{\"@type\":\"SearchAction\",\"target\":{\"@type\":\"EntryPoint\",\"urlTemplate\":\"https:\/\/babylove.se\/no\/?s={search_term_string}\"},\"query-input\":{\"@type\":\"PropertyValueSpecification\",\"valueRequired\":true,\"valueName\":\"search_term_string\"}}],\"inLanguage\":\"nb-NO\"}]}<\/script>\n<meta property=\"product:brand\" content=\"Homestyle4u\" \/>\n<meta property=\"product:price:amount\" content=\"19599.00\" \/>\n<meta property=\"product:price:currency\" content=\"NOK\" \/>\n<meta property=\"og:availability\" content=\"instock\" \/>\n<meta property=\"product:availability\" content=\"instock\" \/>\n<meta property=\"product:retailer_item_id\" content=\"1950\" \/>\n<meta property=\"product:condition\" content=\"new\" \/>\n<!-- \/ Yoast SEO Premium plugin. -->","yoast_head_json":{"title":"Hvit\/natur husseng halvhus 90x200 med oppbevaring - Babylove Norska","robots":{"index":"noindex","follow":"follow","max-snippet":"max-snippet:-1","max-image-preview":"max-image-preview:large","max-video-preview":"max-video-preview:-1"},"og_locale":"nb_NO","og_type":"article","og_title":"Hvit\/natur husseng halvhus 90x200 med oppbevaring","og_description":"Hvem vil ikke ha et eget hus p\u00e5 rommet sitt? Her kan man b\u00e5de leke i sin krok, og dr\u00f8mme seg bort n\u00e5r D\u00f8rmutter kommer p\u00e5 bes\u00f8k.Under sengen maksimerer man ogs\u00e5 plassen og har praktisk oppbevaring p\u00e5 hjul. Info: Sengbunn f\u00f8lger med&nbsp; Madrass f\u00f8lger ikke med, men ta gjerne en titt p\u00e5 v\u00e5rt store madrassutvalg. [&hellip;]","og_url":"https:\/\/babylove.se\/no\/produkt\/vitnatur-husseng-halvhus-90x200-med-oppbevaring\/","og_site_name":"Babylove Norska","article_modified_time":"2026-05-11T11:59:45+00:00","og_image":[{"width":555,"height":555,"url":"https:\/\/babylove.se\/no\/wp-content\/uploads\/sites\/3\/2025\/07\/5e9604d569f6b.jpeg","type":"image\/jpeg"}],"twitter_card":"summary_large_image","twitter_misc":{"Price":"19 599,00&nbsp;&#107;&#114;","Availability":"In stock"},"schema":{"@context":"https:\/\/schema.org","@graph":[{"@type":"WebPage","@id":"https:\/\/babylove.se\/no\/produkt\/vitnatur-husseng-halvhus-90x200-med-oppbevaring\/","url":"https:\/\/babylove.se\/no\/produkt\/vitnatur-husseng-halvhus-90x200-med-oppbevaring\/","name":"Hvit\/natur husseng halvhus 90x200 med oppbevaring - Babylove Norska","isPartOf":{"@id":"https:\/\/babylove.se\/no\/#website"},"primaryImageOfPage":{"@id":"https:\/\/babylove.se\/no\/produkt\/vitnatur-husseng-halvhus-90x200-med-oppbevaring\/#primaryimage"},"image":{"@id":"https:\/\/babylove.se\/no\/produkt\/vitnatur-husseng-halvhus-90x200-med-oppbevaring\/#primaryimage"},"thumbnailUrl":"https:\/\/babylove.se\/no\/wp-content\/uploads\/sites\/3\/2025\/07\/5e9604d569f6b.jpeg","datePublished":"2025-07-18T21:12:58+00:00","dateModified":"2026-05-11T11:59:45+00:00","breadcrumb":{"@id":"https:\/\/babylove.se\/no\/produkt\/vitnatur-husseng-halvhus-90x200-med-oppbevaring\/#breadcrumb"},"inLanguage":"nb-NO","potentialAction":[{"@type":"ReadAction","target":["https:\/\/babylove.se\/no\/produkt\/vitnatur-husseng-halvhus-90x200-med-oppbevaring\/"]}]},{"@type":"ImageObject","inLanguage":"nb-NO","@id":"https:\/\/babylove.se\/no\/produkt\/vitnatur-husseng-halvhus-90x200-med-oppbevaring\/#primaryimage","url":"https:\/\/babylove.se\/no\/wp-content\/uploads\/sites\/3\/2025\/07\/5e9604d569f6b.jpeg","contentUrl":"https:\/\/babylove.se\/no\/wp-content\/uploads\/sites\/3\/2025\/07\/5e9604d569f6b.jpeg","width":555,"height":555},{"@type":"BreadcrumbList","@id":"https:\/\/babylove.se\/no\/produkt\/vitnatur-husseng-halvhus-90x200-med-oppbevaring\/#breadcrumb","itemListElement":[{"@type":"ListItem","position":1,"name":"Hem","item":"https:\/\/babylove.se\/no\/"},{"@type":"ListItem","position":2,"name":"Butik","item":"https:\/\/babylove.se\/no\/butik\/"},{"@type":"ListItem","position":3,"name":"Hvit\/natur husseng halvhus 90&#215;200 med oppbevaring"}]},{"@type":"WebSite","@id":"https:\/\/babylove.se\/no\/#website","url":"https:\/\/babylove.se\/no\/","name":"Babylove Norska","description":"","potentialAction":[{"@type":"SearchAction","target":{"@type":"EntryPoint","urlTemplate":"https:\/\/babylove.se\/no\/?s={search_term_string}"},"query-input":{"@type":"PropertyValueSpecification","valueRequired":true,"valueName":"search_term_string"}}],"inLanguage":"nb-NO"}]},"product_brand":"Homestyle4u","product_price_amount":"19599.00","product_price_currency":"NOK","og_availability":"instock","product_availability":"instock","product_retailer_item_id":"1950","product_condition":"new"},"_links":{"self":[{"href":"https:\/\/babylove.se\/no\/wp-json\/wp\/v2\/product\/17871","targetHints":{"allow":["GET"]}}],"collection":[{"href":"https:\/\/babylove.se\/no\/wp-json\/wp\/v2\/product"}],"about":[{"href":"https:\/\/babylove.se\/no\/wp-json\/wp\/v2\/types\/product"}],"replies":[{"embeddable":true,"href":"https:\/\/babylove.se\/no\/wp-json\/wp\/v2\/comments?post=17871"}],"wp:featuredmedia":[{"embeddable":true,"href":"https:\/\/babylove.se\/no\/wp-json\/wp\/v2\/media\/17873"}],"wp:attachment":[{"href":"https:\/\/babylove.se\/no\/wp-json\/wp\/v2\/media?parent=17871"}],"wp:term":[{"taxonomy":"product_brand","embeddable":true,"href":"https:\/\/babylove.se\/no\/wp-json\/wp\/v2\/product_brand?post=17871"},{"taxonomy":"product_cat","embeddable":true,"href":"https:\/\/babylove.se\/no\/wp-json\/wp\/v2\/product_cat?post=17871"},{"taxonomy":"product_tag","embeddable":true,"href":"https:\/\/babylove.se\/no\/wp-json\/wp\/v2\/product_tag?post=17871"}],"curies":[{"name":"wp","href":"https:\/\/api.w.org\/{rel}","templated":true}]}}