{"id":17948,"date":"2025-07-18T22:13:44","date_gmt":"2025-07-18T21:13:44","guid":{"rendered":"https:\/\/babylove.se\/produkt\/form-living-vaggdekoration-vit-ballonghjarta\/"},"modified":"2026-04-08T09:18:33","modified_gmt":"2026-04-08T08:18:33","slug":"form-living-veggdekorasjon-hvit-ballonghjerter","status":"publish","type":"product","link":"https:\/\/babylove.se\/no\/produkt\/form-living-veggdekorasjon-hvit-ballonghjerter\/","title":{"rendered":"Form Living, veggdekorasjon hvit ballonghjerter"},"content":{"rendered":"<p>Fin veggdekorasjon til barnerommet i form av et hvitt ballonhjerte fra FORM Living. Enkel \u00e5 henge opp p\u00e5 veggen og passer alle typer stiler. Ballongen gir en sjarm og &nbsp;karakter til barnerommet.<\/p>\n<p>Blir perfekt som en d\u00e5psgave eller som en liten gave til de som elsker barneroms\u00adinnredning.<\/p>\n<p>M\u00e5l: 12,5x7x13,7 cm&nbsp;<\/p>\n<p>Materiale: keramikk&nbsp;<\/p>\n<p>Designer: <a href=\"https:\/\/babylove.se\/varumarken\/form-living\"><u>Form Living<\/u><\/a><\/p>\n","protected":false},"excerpt":{"rendered":"<p>Fin veggdekorasjon til barnerommet i form av et hvitt ballonhjerte fra FORM Living. Enkel \u00e5 henge opp p\u00e5 veggen og passer alle typer stiler. Ballongen gir en sjarm og &nbsp;karakter til barnerommet. Blir perfekt som en d\u00e5psgave eller som en liten gave til de som elsker barneroms\u00adinnredning. M\u00e5l: 12,5x7x13,7 cm&nbsp; Materiale: keramikk&nbsp; Designer: Form Living<\/p>\n","protected":false},"featured_media":17950,"comment_status":"closed","ping_status":"open","template":"","meta":{"_acf_changed":false},"product_brand":[251],"product_cat":[252,29],"product_tag":[],"class_list":{"0":"post-17948","1":"product","2":"type-product","3":"status-publish","4":"has-post-thumbnail","6":"product_brand-form-living","7":"product_cat-form-living","8":"product_cat-veggdekorasjoner","10":"first","11":"outofstock","12":"taxable","13":"shipping-taxable","14":"purchasable","15":"product-type-simple"},"acf":[],"yoast_head":"<!-- This site is optimized with the Yoast SEO Premium plugin v25.8 (Yoast SEO v27.2) - https:\/\/yoast.com\/product\/yoast-seo-premium-wordpress\/ -->\n<title>Form Living, veggdekorasjon hvit ballonghjerter - Babylove Norska<\/title>\n<meta name=\"robots\" content=\"noindex, follow, max-snippet:-1, max-image-preview:large, max-video-preview:-1\" \/>\n<meta property=\"og:locale\" content=\"nb_NO\" \/>\n<meta property=\"og:type\" content=\"article\" \/>\n<meta property=\"og:title\" content=\"Form Living, veggdekorasjon hvit ballonghjerter\" \/>\n<meta property=\"og:description\" content=\"Fin veggdekorasjon til barnerommet i form av et hvitt ballonhjerte fra FORM Living. Enkel \u00e5 henge opp p\u00e5 veggen og passer alle typer stiler. Ballongen gir en sjarm og &nbsp;karakter til barnerommet. Blir perfekt som en d\u00e5psgave eller som en liten gave til de som elsker barneroms\u00adinnredning. M\u00e5l: 12,5x7x13,7 cm&nbsp; Materiale: keramikk&nbsp; Designer: Form Living\" \/>\n<meta property=\"og:url\" content=\"https:\/\/babylove.se\/no\/produkt\/form-living-veggdekorasjon-hvit-ballonghjerter\/\" \/>\n<meta property=\"og:site_name\" content=\"Babylove Norska\" \/>\n<meta property=\"article:modified_time\" content=\"2026-04-08T08:18:33+00:00\" \/>\n<meta property=\"og:image\" content=\"https:\/\/babylove.se\/no\/wp-content\/uploads\/sites\/3\/2025\/07\/5ea1511d24638.jpeg\" \/>\n\t<meta property=\"og:image:width\" content=\"598\" \/>\n\t<meta property=\"og:image:height\" content=\"598\" \/>\n\t<meta property=\"og:image:type\" content=\"image\/jpeg\" \/>\n<meta name=\"twitter:card\" content=\"summary_large_image\" \/>\n<meta name=\"twitter:label1\" content=\"Price\" \/>\n\t<meta name=\"twitter:data1\" content=\"119,00&nbsp;&#107;&#114;\" \/>\n\t<meta name=\"twitter:label2\" content=\"Availability\" \/>\n\t<meta name=\"twitter:data2\" content=\"Out of stock\" \/>\n<script type=\"application\/ld+json\" class=\"yoast-schema-graph\">{\"@context\":\"https:\/\/schema.org\",\"@graph\":[{\"@type\":\"WebPage\",\"@id\":\"https:\/\/babylove.se\/no\/produkt\/form-living-veggdekorasjon-hvit-ballonghjerter\/\",\"url\":\"https:\/\/babylove.se\/no\/produkt\/form-living-veggdekorasjon-hvit-ballonghjerter\/\",\"name\":\"Form Living, veggdekorasjon hvit ballonghjerter - Babylove Norska\",\"isPartOf\":{\"@id\":\"https:\/\/babylove.se\/no\/#website\"},\"primaryImageOfPage\":{\"@id\":\"https:\/\/babylove.se\/no\/produkt\/form-living-veggdekorasjon-hvit-ballonghjerter\/#primaryimage\"},\"image\":{\"@id\":\"https:\/\/babylove.se\/no\/produkt\/form-living-veggdekorasjon-hvit-ballonghjerter\/#primaryimage\"},\"thumbnailUrl\":\"https:\/\/babylove.se\/no\/wp-content\/uploads\/sites\/3\/2025\/07\/5ea1511d24638.jpeg\",\"datePublished\":\"2025-07-18T21:13:44+00:00\",\"dateModified\":\"2026-04-08T08:18:33+00:00\",\"breadcrumb\":{\"@id\":\"https:\/\/babylove.se\/no\/produkt\/form-living-veggdekorasjon-hvit-ballonghjerter\/#breadcrumb\"},\"inLanguage\":\"nb-NO\",\"potentialAction\":[{\"@type\":\"ReadAction\",\"target\":[\"https:\/\/babylove.se\/no\/produkt\/form-living-veggdekorasjon-hvit-ballonghjerter\/\"]}]},{\"@type\":\"ImageObject\",\"inLanguage\":\"nb-NO\",\"@id\":\"https:\/\/babylove.se\/no\/produkt\/form-living-veggdekorasjon-hvit-ballonghjerter\/#primaryimage\",\"url\":\"https:\/\/babylove.se\/no\/wp-content\/uploads\/sites\/3\/2025\/07\/5ea1511d24638.jpeg\",\"contentUrl\":\"https:\/\/babylove.se\/no\/wp-content\/uploads\/sites\/3\/2025\/07\/5ea1511d24638.jpeg\",\"width\":598,\"height\":598},{\"@type\":\"BreadcrumbList\",\"@id\":\"https:\/\/babylove.se\/no\/produkt\/form-living-veggdekorasjon-hvit-ballonghjerter\/#breadcrumb\",\"itemListElement\":[{\"@type\":\"ListItem\",\"position\":1,\"name\":\"Hem\",\"item\":\"https:\/\/babylove.se\/no\/\"},{\"@type\":\"ListItem\",\"position\":2,\"name\":\"Butik\",\"item\":\"https:\/\/babylove.se\/no\/butik\/\"},{\"@type\":\"ListItem\",\"position\":3,\"name\":\"Form Living, veggdekorasjon hvit ballonghjerter\"}]},{\"@type\":\"WebSite\",\"@id\":\"https:\/\/babylove.se\/no\/#website\",\"url\":\"https:\/\/babylove.se\/no\/\",\"name\":\"Babylove Norska\",\"description\":\"\",\"potentialAction\":[{\"@type\":\"SearchAction\",\"target\":{\"@type\":\"EntryPoint\",\"urlTemplate\":\"https:\/\/babylove.se\/no\/?s={search_term_string}\"},\"query-input\":{\"@type\":\"PropertyValueSpecification\",\"valueRequired\":true,\"valueName\":\"search_term_string\"}}],\"inLanguage\":\"nb-NO\"}]}<\/script>\n<meta property=\"product:brand\" content=\"Form Living\" \/>\n<meta property=\"product:price:amount\" content=\"119.00\" \/>\n<meta property=\"product:price:currency\" content=\"SEK\" \/>\n<meta property=\"og:availability\" content=\"out of stock\" \/>\n<meta property=\"product:availability\" content=\"out of stock\" \/>\n<meta property=\"product:retailer_item_id\" content=\"102013\" \/>\n<meta property=\"product:condition\" content=\"new\" \/>\n<!-- \/ Yoast SEO Premium plugin. -->","yoast_head_json":{"title":"Form Living, veggdekorasjon hvit ballonghjerter - Babylove Norska","robots":{"index":"noindex","follow":"follow","max-snippet":"max-snippet:-1","max-image-preview":"max-image-preview:large","max-video-preview":"max-video-preview:-1"},"og_locale":"nb_NO","og_type":"article","og_title":"Form Living, veggdekorasjon hvit ballonghjerter","og_description":"Fin veggdekorasjon til barnerommet i form av et hvitt ballonhjerte fra FORM Living. Enkel \u00e5 henge opp p\u00e5 veggen og passer alle typer stiler. Ballongen gir en sjarm og &nbsp;karakter til barnerommet. Blir perfekt som en d\u00e5psgave eller som en liten gave til de som elsker barneroms\u00adinnredning. M\u00e5l: 12,5x7x13,7 cm&nbsp; Materiale: keramikk&nbsp; Designer: Form Living","og_url":"https:\/\/babylove.se\/no\/produkt\/form-living-veggdekorasjon-hvit-ballonghjerter\/","og_site_name":"Babylove Norska","article_modified_time":"2026-04-08T08:18:33+00:00","og_image":[{"width":598,"height":598,"url":"https:\/\/babylove.se\/no\/wp-content\/uploads\/sites\/3\/2025\/07\/5ea1511d24638.jpeg","type":"image\/jpeg"}],"twitter_card":"summary_large_image","twitter_misc":{"Price":"119,00&nbsp;&#107;&#114;","Availability":"Out of stock"},"schema":{"@context":"https:\/\/schema.org","@graph":[{"@type":"WebPage","@id":"https:\/\/babylove.se\/no\/produkt\/form-living-veggdekorasjon-hvit-ballonghjerter\/","url":"https:\/\/babylove.se\/no\/produkt\/form-living-veggdekorasjon-hvit-ballonghjerter\/","name":"Form Living, veggdekorasjon hvit ballonghjerter - Babylove Norska","isPartOf":{"@id":"https:\/\/babylove.se\/no\/#website"},"primaryImageOfPage":{"@id":"https:\/\/babylove.se\/no\/produkt\/form-living-veggdekorasjon-hvit-ballonghjerter\/#primaryimage"},"image":{"@id":"https:\/\/babylove.se\/no\/produkt\/form-living-veggdekorasjon-hvit-ballonghjerter\/#primaryimage"},"thumbnailUrl":"https:\/\/babylove.se\/no\/wp-content\/uploads\/sites\/3\/2025\/07\/5ea1511d24638.jpeg","datePublished":"2025-07-18T21:13:44+00:00","dateModified":"2026-04-08T08:18:33+00:00","breadcrumb":{"@id":"https:\/\/babylove.se\/no\/produkt\/form-living-veggdekorasjon-hvit-ballonghjerter\/#breadcrumb"},"inLanguage":"nb-NO","potentialAction":[{"@type":"ReadAction","target":["https:\/\/babylove.se\/no\/produkt\/form-living-veggdekorasjon-hvit-ballonghjerter\/"]}]},{"@type":"ImageObject","inLanguage":"nb-NO","@id":"https:\/\/babylove.se\/no\/produkt\/form-living-veggdekorasjon-hvit-ballonghjerter\/#primaryimage","url":"https:\/\/babylove.se\/no\/wp-content\/uploads\/sites\/3\/2025\/07\/5ea1511d24638.jpeg","contentUrl":"https:\/\/babylove.se\/no\/wp-content\/uploads\/sites\/3\/2025\/07\/5ea1511d24638.jpeg","width":598,"height":598},{"@type":"BreadcrumbList","@id":"https:\/\/babylove.se\/no\/produkt\/form-living-veggdekorasjon-hvit-ballonghjerter\/#breadcrumb","itemListElement":[{"@type":"ListItem","position":1,"name":"Hem","item":"https:\/\/babylove.se\/no\/"},{"@type":"ListItem","position":2,"name":"Butik","item":"https:\/\/babylove.se\/no\/butik\/"},{"@type":"ListItem","position":3,"name":"Form Living, veggdekorasjon hvit ballonghjerter"}]},{"@type":"WebSite","@id":"https:\/\/babylove.se\/no\/#website","url":"https:\/\/babylove.se\/no\/","name":"Babylove Norska","description":"","potentialAction":[{"@type":"SearchAction","target":{"@type":"EntryPoint","urlTemplate":"https:\/\/babylove.se\/no\/?s={search_term_string}"},"query-input":{"@type":"PropertyValueSpecification","valueRequired":true,"valueName":"search_term_string"}}],"inLanguage":"nb-NO"}]},"product_brand":"Form Living","product_price_amount":"119.00","product_price_currency":"SEK","og_availability":"out of stock","product_availability":"out of stock","product_retailer_item_id":"102013","product_condition":"new"},"_links":{"self":[{"href":"https:\/\/babylove.se\/no\/wp-json\/wp\/v2\/product\/17948","targetHints":{"allow":["GET"]}}],"collection":[{"href":"https:\/\/babylove.se\/no\/wp-json\/wp\/v2\/product"}],"about":[{"href":"https:\/\/babylove.se\/no\/wp-json\/wp\/v2\/types\/product"}],"replies":[{"embeddable":true,"href":"https:\/\/babylove.se\/no\/wp-json\/wp\/v2\/comments?post=17948"}],"wp:featuredmedia":[{"embeddable":true,"href":"https:\/\/babylove.se\/no\/wp-json\/wp\/v2\/media\/17950"}],"wp:attachment":[{"href":"https:\/\/babylove.se\/no\/wp-json\/wp\/v2\/media?parent=17948"}],"wp:term":[{"taxonomy":"product_brand","embeddable":true,"href":"https:\/\/babylove.se\/no\/wp-json\/wp\/v2\/product_brand?post=17948"},{"taxonomy":"product_cat","embeddable":true,"href":"https:\/\/babylove.se\/no\/wp-json\/wp\/v2\/product_cat?post=17948"},{"taxonomy":"product_tag","embeddable":true,"href":"https:\/\/babylove.se\/no\/wp-json\/wp\/v2\/product_tag?post=17948"}],"curies":[{"name":"wp","href":"https:\/\/api.w.org\/{rel}","templated":true}]}}