{"id":17989,"date":"2025-07-18T22:14:00","date_gmt":"2025-07-18T21:14:00","guid":{"rendered":"https:\/\/babylove.se\/produkt\/thats-mine-vaggklistermarken-peony-flower\/"},"modified":"2026-04-08T09:19:05","modified_gmt":"2026-04-08T08:19:05","slug":"det-er-min-veggklistremerket-peony-blomst","status":"publish","type":"product","link":"https:\/\/babylove.se\/no\/produkt\/det-er-min-veggklistremerket-peony-blomst\/","title":{"rendered":"That`s Mine veggklistremerker Peony flower"},"content":{"rendered":"<p>Superfine rosa peoner fra danske That&#8217;s Mine. Disse veggklistremerker er laget av h\u00f8ykvalitets tekstilmateriale som gj\u00f8r at klistremerker enkelt kan festes og flyttes rundt p\u00e5 veggen.&nbsp;<\/p>\n<p>Dette er en fantastisk m\u00e5te \u00e5 innrede barnerommet ditt p\u00e5, da den passer b\u00e5de ved sengen som ved skrivebordet eller p\u00e5 en tom helvegg i stedet for tapet.<\/p>\n<p>M\u00e5l: Blomster: 40 x 43 cm, <span>28 x 30 cm,&nbsp;<\/span>38 x 39 cm, <span>20 x 20 cm,&nbsp;<\/span>15 x 15 cm <span>L\u00f8v:&nbsp;<\/span>15 x 21 , cm <span>14 x 14 cm, &nbsp;<\/span>12 x 12 cm<\/p>\n<p>Designer: <a href=\"https:\/\/babylove.se\/varumarken\/thats-mine\">That&#8217;s Mine<\/a><\/p>\n","protected":false},"excerpt":{"rendered":"<p>Superfine rosa peoner fra danske That&#8217;s Mine. Disse veggklistremerker er laget av h\u00f8ykvalitets tekstilmateriale som gj\u00f8r at klistremerker enkelt kan festes og flyttes rundt p\u00e5 veggen.&nbsp; Dette er en fantastisk m\u00e5te \u00e5 innrede barnerommet ditt p\u00e5, da den passer b\u00e5de ved sengen som ved skrivebordet eller p\u00e5 en tom helvegg i stedet for tapet. M\u00e5l: [&hellip;]<\/p>\n","protected":false},"featured_media":17991,"comment_status":"closed","ping_status":"open","template":"","meta":{"_acf_changed":false},"product_brand":[749],"product_cat":[199,750,24],"product_tag":[],"class_list":{"0":"post-17989","1":"product","2":"type-product","3":"status-publish","4":"has-post-thumbnail","6":"product_brand-thats-mine","7":"product_cat-blomstrete","8":"product_cat-thats-mine","9":"product_cat-veggklistremerker","11":"first","12":"outofstock","13":"taxable","14":"shipping-taxable","15":"purchasable","16":"product-type-simple"},"acf":[],"yoast_head":"<!-- This site is optimized with the Yoast SEO Premium plugin v25.8 (Yoast SEO v27.2) - https:\/\/yoast.com\/product\/yoast-seo-premium-wordpress\/ -->\n<title>K\u00f6p That`s Mine v\u00e4ggklisterm\u00e4rken peony flower<\/title>\n<meta name=\"robots\" content=\"noindex, follow, max-snippet:-1, max-image-preview:large, max-video-preview:-1\" \/>\n<meta property=\"og:locale\" content=\"nb_NO\" \/>\n<meta property=\"og:type\" content=\"article\" \/>\n<meta property=\"og:title\" content=\"That`s Mine veggklistremerker Peony flower\" \/>\n<meta property=\"og:description\" content=\"Superfine rosa peoner fra danske That&#8217;s Mine. Disse veggklistremerker er laget av h\u00f8ykvalitets tekstilmateriale som gj\u00f8r at klistremerker enkelt kan festes og flyttes rundt p\u00e5 veggen.&nbsp; Dette er en fantastisk m\u00e5te \u00e5 innrede barnerommet ditt p\u00e5, da den passer b\u00e5de ved sengen som ved skrivebordet eller p\u00e5 en tom helvegg i stedet for tapet. M\u00e5l: [&hellip;]\" \/>\n<meta property=\"og:url\" content=\"https:\/\/babylove.se\/no\/produkt\/det-er-min-veggklistremerket-peony-blomst\/\" \/>\n<meta property=\"og:site_name\" content=\"Babylove Norska\" \/>\n<meta property=\"article:modified_time\" content=\"2026-04-08T08:19:05+00:00\" \/>\n<meta property=\"og:image\" content=\"https:\/\/babylove.se\/no\/wp-content\/uploads\/sites\/3\/2025\/07\/5ea944e6b7015.jpeg\" \/>\n\t<meta property=\"og:image:width\" content=\"400\" \/>\n\t<meta property=\"og:image:height\" content=\"254\" \/>\n\t<meta property=\"og:image:type\" content=\"image\/jpeg\" \/>\n<meta name=\"twitter:card\" content=\"summary_large_image\" \/>\n<meta name=\"twitter:label1\" content=\"Price\" \/>\n\t<meta name=\"twitter:data1\" content=\"599,00&nbsp;&#107;&#114;\" \/>\n\t<meta name=\"twitter:label2\" content=\"Availability\" \/>\n\t<meta name=\"twitter:data2\" content=\"Out of stock\" \/>\n<script type=\"application\/ld+json\" class=\"yoast-schema-graph\">{\"@context\":\"https:\/\/schema.org\",\"@graph\":[{\"@type\":\"WebPage\",\"@id\":\"https:\/\/babylove.se\/no\/produkt\/det-er-min-veggklistremerket-peony-blomst\/\",\"url\":\"https:\/\/babylove.se\/no\/produkt\/det-er-min-veggklistremerket-peony-blomst\/\",\"name\":\"K\u00f6p That`s Mine v\u00e4ggklisterm\u00e4rken peony flower\",\"isPartOf\":{\"@id\":\"https:\/\/babylove.se\/no\/#website\"},\"primaryImageOfPage\":{\"@id\":\"https:\/\/babylove.se\/no\/produkt\/det-er-min-veggklistremerket-peony-blomst\/#primaryimage\"},\"image\":{\"@id\":\"https:\/\/babylove.se\/no\/produkt\/det-er-min-veggklistremerket-peony-blomst\/#primaryimage\"},\"thumbnailUrl\":\"https:\/\/babylove.se\/no\/wp-content\/uploads\/sites\/3\/2025\/07\/5ea944e6b7015.jpeg\",\"datePublished\":\"2025-07-18T21:14:00+00:00\",\"dateModified\":\"2026-04-08T08:19:05+00:00\",\"breadcrumb\":{\"@id\":\"https:\/\/babylove.se\/no\/produkt\/det-er-min-veggklistremerket-peony-blomst\/#breadcrumb\"},\"inLanguage\":\"nb-NO\",\"potentialAction\":[{\"@type\":\"ReadAction\",\"target\":[\"https:\/\/babylove.se\/no\/produkt\/det-er-min-veggklistremerket-peony-blomst\/\"]}]},{\"@type\":\"ImageObject\",\"inLanguage\":\"nb-NO\",\"@id\":\"https:\/\/babylove.se\/no\/produkt\/det-er-min-veggklistremerket-peony-blomst\/#primaryimage\",\"url\":\"https:\/\/babylove.se\/no\/wp-content\/uploads\/sites\/3\/2025\/07\/5ea944e6b7015.jpeg\",\"contentUrl\":\"https:\/\/babylove.se\/no\/wp-content\/uploads\/sites\/3\/2025\/07\/5ea944e6b7015.jpeg\",\"width\":400,\"height\":254},{\"@type\":\"BreadcrumbList\",\"@id\":\"https:\/\/babylove.se\/no\/produkt\/det-er-min-veggklistremerket-peony-blomst\/#breadcrumb\",\"itemListElement\":[{\"@type\":\"ListItem\",\"position\":1,\"name\":\"Hem\",\"item\":\"https:\/\/babylove.se\/no\/\"},{\"@type\":\"ListItem\",\"position\":2,\"name\":\"Butik\",\"item\":\"https:\/\/babylove.se\/no\/butik\/\"},{\"@type\":\"ListItem\",\"position\":3,\"name\":\"That`s Mine veggklistremerker Peony flower\"}]},{\"@type\":\"WebSite\",\"@id\":\"https:\/\/babylove.se\/no\/#website\",\"url\":\"https:\/\/babylove.se\/no\/\",\"name\":\"Babylove Norska\",\"description\":\"\",\"potentialAction\":[{\"@type\":\"SearchAction\",\"target\":{\"@type\":\"EntryPoint\",\"urlTemplate\":\"https:\/\/babylove.se\/no\/?s={search_term_string}\"},\"query-input\":{\"@type\":\"PropertyValueSpecification\",\"valueRequired\":true,\"valueName\":\"search_term_string\"}}],\"inLanguage\":\"nb-NO\"}]}<\/script>\n<meta property=\"product:brand\" content=\"That\u00b4s Mine\" \/>\n<meta property=\"product:price:amount\" content=\"599.00\" \/>\n<meta property=\"product:price:currency\" content=\"SEK\" \/>\n<meta property=\"og:availability\" content=\"out of stock\" \/>\n<meta property=\"product:availability\" content=\"out of stock\" \/>\n<meta property=\"product:retailer_item_id\" content=\"O8033\" \/>\n<meta property=\"product:condition\" content=\"new\" \/>\n<!-- \/ Yoast SEO Premium plugin. -->","yoast_head_json":{"title":"K\u00f6p That`s Mine v\u00e4ggklisterm\u00e4rken peony flower","robots":{"index":"noindex","follow":"follow","max-snippet":"max-snippet:-1","max-image-preview":"max-image-preview:large","max-video-preview":"max-video-preview:-1"},"og_locale":"nb_NO","og_type":"article","og_title":"That`s Mine veggklistremerker Peony flower","og_description":"Superfine rosa peoner fra danske That&#8217;s Mine. Disse veggklistremerker er laget av h\u00f8ykvalitets tekstilmateriale som gj\u00f8r at klistremerker enkelt kan festes og flyttes rundt p\u00e5 veggen.&nbsp; Dette er en fantastisk m\u00e5te \u00e5 innrede barnerommet ditt p\u00e5, da den passer b\u00e5de ved sengen som ved skrivebordet eller p\u00e5 en tom helvegg i stedet for tapet. M\u00e5l: [&hellip;]","og_url":"https:\/\/babylove.se\/no\/produkt\/det-er-min-veggklistremerket-peony-blomst\/","og_site_name":"Babylove Norska","article_modified_time":"2026-04-08T08:19:05+00:00","og_image":[{"width":400,"height":254,"url":"https:\/\/babylove.se\/no\/wp-content\/uploads\/sites\/3\/2025\/07\/5ea944e6b7015.jpeg","type":"image\/jpeg"}],"twitter_card":"summary_large_image","twitter_misc":{"Price":"599,00&nbsp;&#107;&#114;","Availability":"Out of stock"},"schema":{"@context":"https:\/\/schema.org","@graph":[{"@type":"WebPage","@id":"https:\/\/babylove.se\/no\/produkt\/det-er-min-veggklistremerket-peony-blomst\/","url":"https:\/\/babylove.se\/no\/produkt\/det-er-min-veggklistremerket-peony-blomst\/","name":"K\u00f6p That`s Mine v\u00e4ggklisterm\u00e4rken peony flower","isPartOf":{"@id":"https:\/\/babylove.se\/no\/#website"},"primaryImageOfPage":{"@id":"https:\/\/babylove.se\/no\/produkt\/det-er-min-veggklistremerket-peony-blomst\/#primaryimage"},"image":{"@id":"https:\/\/babylove.se\/no\/produkt\/det-er-min-veggklistremerket-peony-blomst\/#primaryimage"},"thumbnailUrl":"https:\/\/babylove.se\/no\/wp-content\/uploads\/sites\/3\/2025\/07\/5ea944e6b7015.jpeg","datePublished":"2025-07-18T21:14:00+00:00","dateModified":"2026-04-08T08:19:05+00:00","breadcrumb":{"@id":"https:\/\/babylove.se\/no\/produkt\/det-er-min-veggklistremerket-peony-blomst\/#breadcrumb"},"inLanguage":"nb-NO","potentialAction":[{"@type":"ReadAction","target":["https:\/\/babylove.se\/no\/produkt\/det-er-min-veggklistremerket-peony-blomst\/"]}]},{"@type":"ImageObject","inLanguage":"nb-NO","@id":"https:\/\/babylove.se\/no\/produkt\/det-er-min-veggklistremerket-peony-blomst\/#primaryimage","url":"https:\/\/babylove.se\/no\/wp-content\/uploads\/sites\/3\/2025\/07\/5ea944e6b7015.jpeg","contentUrl":"https:\/\/babylove.se\/no\/wp-content\/uploads\/sites\/3\/2025\/07\/5ea944e6b7015.jpeg","width":400,"height":254},{"@type":"BreadcrumbList","@id":"https:\/\/babylove.se\/no\/produkt\/det-er-min-veggklistremerket-peony-blomst\/#breadcrumb","itemListElement":[{"@type":"ListItem","position":1,"name":"Hem","item":"https:\/\/babylove.se\/no\/"},{"@type":"ListItem","position":2,"name":"Butik","item":"https:\/\/babylove.se\/no\/butik\/"},{"@type":"ListItem","position":3,"name":"That`s Mine veggklistremerker Peony flower"}]},{"@type":"WebSite","@id":"https:\/\/babylove.se\/no\/#website","url":"https:\/\/babylove.se\/no\/","name":"Babylove Norska","description":"","potentialAction":[{"@type":"SearchAction","target":{"@type":"EntryPoint","urlTemplate":"https:\/\/babylove.se\/no\/?s={search_term_string}"},"query-input":{"@type":"PropertyValueSpecification","valueRequired":true,"valueName":"search_term_string"}}],"inLanguage":"nb-NO"}]},"product_brand":"That\u00b4s Mine","product_price_amount":"599.00","product_price_currency":"SEK","og_availability":"out of stock","product_availability":"out of stock","product_retailer_item_id":"O8033","product_condition":"new"},"_links":{"self":[{"href":"https:\/\/babylove.se\/no\/wp-json\/wp\/v2\/product\/17989","targetHints":{"allow":["GET"]}}],"collection":[{"href":"https:\/\/babylove.se\/no\/wp-json\/wp\/v2\/product"}],"about":[{"href":"https:\/\/babylove.se\/no\/wp-json\/wp\/v2\/types\/product"}],"replies":[{"embeddable":true,"href":"https:\/\/babylove.se\/no\/wp-json\/wp\/v2\/comments?post=17989"}],"wp:featuredmedia":[{"embeddable":true,"href":"https:\/\/babylove.se\/no\/wp-json\/wp\/v2\/media\/17991"}],"wp:attachment":[{"href":"https:\/\/babylove.se\/no\/wp-json\/wp\/v2\/media?parent=17989"}],"wp:term":[{"taxonomy":"product_brand","embeddable":true,"href":"https:\/\/babylove.se\/no\/wp-json\/wp\/v2\/product_brand?post=17989"},{"taxonomy":"product_cat","embeddable":true,"href":"https:\/\/babylove.se\/no\/wp-json\/wp\/v2\/product_cat?post=17989"},{"taxonomy":"product_tag","embeddable":true,"href":"https:\/\/babylove.se\/no\/wp-json\/wp\/v2\/product_tag?post=17989"}],"curies":[{"name":"wp","href":"https:\/\/api.w.org\/{rel}","templated":true}]}}